{"id":44653,"date":"2019-01-04T15:47:45","date_gmt":"2019-01-04T13:47:45","guid":{"rendered":"https:\/\/leaddesk.com\/software\/pricing\/"},"modified":"2026-04-08T15:26:33","modified_gmt":"2026-04-08T12:26:33","slug":"pricing","status":"publish","type":"page","link":"https:\/\/leaddesk.com\/da\/software\/pricing\/","title":{"rendered":"Priser"},"content":{"rendered":"","protected":false},"excerpt":{"rendered":"","protected":false},"author":15,"featured_media":50900,"parent":44647,"menu_order":306,"comment_status":"closed","ping_status":"closed","template":"page-blocks-en.php","meta":{"content-type":"","footnotes":""},"acf":[],"yoast_head":"<!-- This site is optimized with the Yoast SEO Premium plugin v22.5 (Yoast SEO v22.5) - https:\/\/yoast.com\/wordpress\/plugins\/seo\/ -->\n<title>Priss\u00e6tning, der passer til dine forretningsbehov - LeadDesk<\/title>\n<meta name=\"description\" content=\"LeadDesk er en overkommelig l\u00f8sning, der kan skaleres til enhver virksomheds behov. S\u00e5 hvorfor ikke give det en chance og pr\u00f8ve den i 30 dage?\" \/>\n<meta name=\"robots\" content=\"index, follow, max-snippet:-1, max-image-preview:large, max-video-preview:-1\" \/>\n<link rel=\"canonical\" href=\"https:\/\/leaddesk.com\/da\/software\/pricing\/\" \/>\n<meta property=\"og:locale\" content=\"da_DK\" \/>\n<meta property=\"og:type\" content=\"article\" \/>\n<meta property=\"og:title\" content=\"Priser\" \/>\n<meta property=\"og:description\" content=\"LeadDesk er en overkommelig l\u00f8sning, der kan skaleres til enhver virksomheds behov. S\u00e5 hvorfor ikke give det en chance og pr\u00f8ve den i 30 dage?\" \/>\n<meta property=\"og:url\" content=\"https:\/\/leaddesk.com\/da\/software\/pricing\/\" \/>\n<meta property=\"og:site_name\" content=\"LeadDesk\" \/>\n<meta property=\"article:publisher\" content=\"https:\/\/www.facebook.com\/leaddesk\/\" \/>\n<meta property=\"article:modified_time\" content=\"2026-04-08T12:26:33+00:00\" \/>\n<meta property=\"og:image\" content=\"https:\/\/leaddesk.com\/wp-content\/uploads\/2023\/01\/LeadDesk-Pricing.png\" \/>\n\t<meta property=\"og:image:width\" content=\"1201\" \/>\n\t<meta property=\"og:image:height\" content=\"629\" \/>\n\t<meta property=\"og:image:type\" content=\"image\/png\" \/>\n<meta name=\"twitter:card\" content=\"summary_large_image\" \/>\n<meta name=\"twitter:site\" content=\"@leaddesk\" \/>\n<meta name=\"twitter:label1\" content=\"Estimeret l\u00e6setid\" \/>\n\t<meta name=\"twitter:data1\" content=\"1 minut\" \/>\n<script type=\"application\/ld+json\" class=\"yoast-schema-graph\">{\"@context\":\"https:\/\/schema.org\",\"@graph\":[{\"@type\":\"WebPage\",\"@id\":\"https:\/\/leaddesk.com\/da\/software\/pricing\/\",\"url\":\"https:\/\/leaddesk.com\/da\/software\/pricing\/\",\"name\":\"Priss\u00e6tning, der passer til dine forretningsbehov - LeadDesk\",\"isPartOf\":{\"@id\":\"https:\/\/leaddesk.com\/da\/#website\"},\"primaryImageOfPage\":{\"@id\":\"https:\/\/leaddesk.com\/da\/software\/pricing\/#primaryimage\"},\"image\":{\"@id\":\"https:\/\/leaddesk.com\/da\/software\/pricing\/#primaryimage\"},\"thumbnailUrl\":\"https:\/\/leaddesk.com\/wp-content\/uploads\/2023\/01\/LeadDesk-Pricing.png\",\"datePublished\":\"2019-01-04T13:47:45+00:00\",\"dateModified\":\"2026-04-08T12:26:33+00:00\",\"description\":\"LeadDesk er en overkommelig l\u00f8sning, der kan skaleres til enhver virksomheds behov. S\u00e5 hvorfor ikke give det en chance og pr\u00f8ve den i 30 dage?\",\"breadcrumb\":{\"@id\":\"https:\/\/leaddesk.com\/da\/software\/pricing\/#breadcrumb\"},\"inLanguage\":\"da-DK\",\"potentialAction\":[{\"@type\":\"ReadAction\",\"target\":[\"https:\/\/leaddesk.com\/da\/software\/pricing\/\"]}]},{\"@type\":\"ImageObject\",\"inLanguage\":\"da-DK\",\"@id\":\"https:\/\/leaddesk.com\/da\/software\/pricing\/#primaryimage\",\"url\":\"https:\/\/leaddesk.com\/wp-content\/uploads\/2023\/01\/LeadDesk-Pricing.png\",\"contentUrl\":\"https:\/\/leaddesk.com\/wp-content\/uploads\/2023\/01\/LeadDesk-Pricing.png\",\"width\":1201,\"height\":629},{\"@type\":\"BreadcrumbList\",\"@id\":\"https:\/\/leaddesk.com\/da\/software\/pricing\/#breadcrumb\",\"itemListElement\":[{\"@type\":\"ListItem\",\"position\":1,\"name\":\"Home\",\"item\":\"https:\/\/leaddesk.com\/da\/\"},{\"@type\":\"ListItem\",\"position\":2,\"name\":\"Produkter\",\"item\":\"https:\/\/leaddesk.com\/da\/software\/\"},{\"@type\":\"ListItem\",\"position\":3,\"name\":\"Priser\"}]},{\"@type\":\"WebSite\",\"@id\":\"https:\/\/leaddesk.com\/da\/#website\",\"url\":\"https:\/\/leaddesk.com\/da\/\",\"name\":\"LeadDesk\",\"description\":\"Contact Center Software for Sales and Customer Service\",\"publisher\":{\"@id\":\"https:\/\/leaddesk.com\/da\/#organization\"},\"potentialAction\":[{\"@type\":\"SearchAction\",\"target\":{\"@type\":\"EntryPoint\",\"urlTemplate\":\"https:\/\/leaddesk.com\/da\/?s={search_term_string}\"},\"query-input\":\"required name=search_term_string\"}],\"inLanguage\":\"da-DK\"},{\"@type\":\"Organization\",\"@id\":\"https:\/\/leaddesk.com\/da\/#organization\",\"name\":\"LeadDesk\",\"url\":\"https:\/\/leaddesk.com\/da\/\",\"logo\":{\"@type\":\"ImageObject\",\"inLanguage\":\"da-DK\",\"@id\":\"https:\/\/leaddesk.com\/da\/#\/schema\/logo\/image\/\",\"url\":\"https:\/\/leaddesk.com\/wp-content\/uploads\/2023\/07\/leaddesk_symbol_leaddesk_blue.png\",\"contentUrl\":\"https:\/\/leaddesk.com\/wp-content\/uploads\/2023\/07\/leaddesk_symbol_leaddesk_blue.png\",\"width\":2400,\"height\":2400,\"caption\":\"LeadDesk\"},\"image\":{\"@id\":\"https:\/\/leaddesk.com\/da\/#\/schema\/logo\/image\/\"},\"sameAs\":[\"https:\/\/www.facebook.com\/leaddesk\/\",\"https:\/\/x.com\/leaddesk\",\"https:\/\/www.instagram.com\/leaddesk\/\",\"https:\/\/linkedin.com\/company\/2365022\/\",\"https:\/\/www.youtube.com\/channel\/UCjB4SgGKs2xz80H4cQH95qw\"]}]}<\/script>\n<!-- \/ Yoast SEO Premium plugin. -->","yoast_head_json":{"title":"Priss\u00e6tning, der passer til dine forretningsbehov - LeadDesk","description":"LeadDesk er en overkommelig l\u00f8sning, der kan skaleres til enhver virksomheds behov. S\u00e5 hvorfor ikke give det en chance og pr\u00f8ve den i 30 dage?","robots":{"index":"index","follow":"follow","max-snippet":"max-snippet:-1","max-image-preview":"max-image-preview:large","max-video-preview":"max-video-preview:-1"},"canonical":"https:\/\/leaddesk.com\/da\/software\/pricing\/","og_locale":"da_DK","og_type":"article","og_title":"Priser","og_description":"LeadDesk er en overkommelig l\u00f8sning, der kan skaleres til enhver virksomheds behov. S\u00e5 hvorfor ikke give det en chance og pr\u00f8ve den i 30 dage?","og_url":"https:\/\/leaddesk.com\/da\/software\/pricing\/","og_site_name":"LeadDesk","article_publisher":"https:\/\/www.facebook.com\/leaddesk\/","article_modified_time":"2026-04-08T12:26:33+00:00","og_image":[{"width":1201,"height":629,"url":"https:\/\/leaddesk.com\/wp-content\/uploads\/2023\/01\/LeadDesk-Pricing.png","type":"image\/png"}],"twitter_card":"summary_large_image","twitter_site":"@leaddesk","twitter_misc":{"Estimeret l\u00e6setid":"1 minut"},"schema":{"@context":"https:\/\/schema.org","@graph":[{"@type":"WebPage","@id":"https:\/\/leaddesk.com\/da\/software\/pricing\/","url":"https:\/\/leaddesk.com\/da\/software\/pricing\/","name":"Priss\u00e6tning, der passer til dine forretningsbehov - LeadDesk","isPartOf":{"@id":"https:\/\/leaddesk.com\/da\/#website"},"primaryImageOfPage":{"@id":"https:\/\/leaddesk.com\/da\/software\/pricing\/#primaryimage"},"image":{"@id":"https:\/\/leaddesk.com\/da\/software\/pricing\/#primaryimage"},"thumbnailUrl":"https:\/\/leaddesk.com\/wp-content\/uploads\/2023\/01\/LeadDesk-Pricing.png","datePublished":"2019-01-04T13:47:45+00:00","dateModified":"2026-04-08T12:26:33+00:00","description":"LeadDesk er en overkommelig l\u00f8sning, der kan skaleres til enhver virksomheds behov. S\u00e5 hvorfor ikke give det en chance og pr\u00f8ve den i 30 dage?","breadcrumb":{"@id":"https:\/\/leaddesk.com\/da\/software\/pricing\/#breadcrumb"},"inLanguage":"da-DK","potentialAction":[{"@type":"ReadAction","target":["https:\/\/leaddesk.com\/da\/software\/pricing\/"]}]},{"@type":"ImageObject","inLanguage":"da-DK","@id":"https:\/\/leaddesk.com\/da\/software\/pricing\/#primaryimage","url":"https:\/\/leaddesk.com\/wp-content\/uploads\/2023\/01\/LeadDesk-Pricing.png","contentUrl":"https:\/\/leaddesk.com\/wp-content\/uploads\/2023\/01\/LeadDesk-Pricing.png","width":1201,"height":629},{"@type":"BreadcrumbList","@id":"https:\/\/leaddesk.com\/da\/software\/pricing\/#breadcrumb","itemListElement":[{"@type":"ListItem","position":1,"name":"Home","item":"https:\/\/leaddesk.com\/da\/"},{"@type":"ListItem","position":2,"name":"Produkter","item":"https:\/\/leaddesk.com\/da\/software\/"},{"@type":"ListItem","position":3,"name":"Priser"}]},{"@type":"WebSite","@id":"https:\/\/leaddesk.com\/da\/#website","url":"https:\/\/leaddesk.com\/da\/","name":"LeadDesk","description":"Contact Center Software for Sales and Customer Service","publisher":{"@id":"https:\/\/leaddesk.com\/da\/#organization"},"potentialAction":[{"@type":"SearchAction","target":{"@type":"EntryPoint","urlTemplate":"https:\/\/leaddesk.com\/da\/?s={search_term_string}"},"query-input":"required name=search_term_string"}],"inLanguage":"da-DK"},{"@type":"Organization","@id":"https:\/\/leaddesk.com\/da\/#organization","name":"LeadDesk","url":"https:\/\/leaddesk.com\/da\/","logo":{"@type":"ImageObject","inLanguage":"da-DK","@id":"https:\/\/leaddesk.com\/da\/#\/schema\/logo\/image\/","url":"https:\/\/leaddesk.com\/wp-content\/uploads\/2023\/07\/leaddesk_symbol_leaddesk_blue.png","contentUrl":"https:\/\/leaddesk.com\/wp-content\/uploads\/2023\/07\/leaddesk_symbol_leaddesk_blue.png","width":2400,"height":2400,"caption":"LeadDesk"},"image":{"@id":"https:\/\/leaddesk.com\/da\/#\/schema\/logo\/image\/"},"sameAs":["https:\/\/www.facebook.com\/leaddesk\/","https:\/\/x.com\/leaddesk","https:\/\/www.instagram.com\/leaddesk\/","https:\/\/linkedin.com\/company\/2365022\/","https:\/\/www.youtube.com\/channel\/UCjB4SgGKs2xz80H4cQH95qw"]}]}},"_links":{"self":[{"href":"https:\/\/leaddesk.com\/da\/wp-json\/wp\/v2\/pages\/44653"}],"collection":[{"href":"https:\/\/leaddesk.com\/da\/wp-json\/wp\/v2\/pages"}],"about":[{"href":"https:\/\/leaddesk.com\/da\/wp-json\/wp\/v2\/types\/page"}],"author":[{"embeddable":true,"href":"https:\/\/leaddesk.com\/da\/wp-json\/wp\/v2\/users\/15"}],"replies":[{"embeddable":true,"href":"https:\/\/leaddesk.com\/da\/wp-json\/wp\/v2\/comments?post=44653"}],"version-history":[{"count":5,"href":"https:\/\/leaddesk.com\/da\/wp-json\/wp\/v2\/pages\/44653\/revisions"}],"predecessor-version":[{"id":58109,"href":"https:\/\/leaddesk.com\/da\/wp-json\/wp\/v2\/pages\/44653\/revisions\/58109"}],"up":[{"embeddable":true,"href":"https:\/\/leaddesk.com\/da\/wp-json\/wp\/v2\/pages\/44647"}],"wp:featuredmedia":[{"embeddable":true,"href":"https:\/\/leaddesk.com\/da\/wp-json\/wp\/v2\/media\/50900"}],"wp:attachment":[{"href":"https:\/\/leaddesk.com\/da\/wp-json\/wp\/v2\/media?parent=44653"}],"curies":[{"name":"wp","href":"https:\/\/api.w.org\/{rel}","templated":true}]}}