{"id":50161,"date":"2022-03-07T11:12:50","date_gmt":"2022-03-07T10:12:50","guid":{"rendered":"https:\/\/leaddesk.com\/dialers\/"},"modified":"2023-07-12T12:12:43","modified_gmt":"2023-07-12T11:12:43","slug":"dialers","status":"publish","type":"page","link":"https:\/\/leaddesk.com\/da\/dialers\/","title":{"rendered":"LeadDesk all dialers explained"},"content":{"rendered":"","protected":false},"excerpt":{"rendered":"","protected":false},"author":32,"featured_media":51460,"parent":0,"menu_order":129,"comment_status":"closed","ping_status":"closed","template":"template-landing-page-en.php","meta":{"content-type":"","footnotes":""},"acf":[],"yoast_head":"<!-- This site is optimized with the Yoast SEO Premium plugin v22.5 (Yoast SEO v22.5) - https:\/\/yoast.com\/wordpress\/plugins\/seo\/ -->\n<title>Intelligente opkaldstilstande g\u00f8r det muligt for dine agenter at arbejde effektivt - LeadDesk<\/title>\n<meta name=\"description\" content=\"LeadDesks automatiske og pr\u00e6diktive opkaldstilstande g\u00f8r det muligt for dine agenter at g\u00e5 fra 40 opkald om dagen til 120 opkald om dagen.\" \/>\n<meta name=\"robots\" content=\"index, nofollow, max-snippet:-1, max-video-preview:-1, noimageindex, noarchive\" \/>\n<link rel=\"canonical\" href=\"https:\/\/leaddesk.com\/da\/dialers\/\" \/>\n<meta property=\"og:locale\" content=\"da_DK\" \/>\n<meta property=\"og:type\" content=\"article\" \/>\n<meta property=\"og:title\" content=\"LeadDesk all dialers explained\" \/>\n<meta property=\"og:description\" content=\"LeadDesks automatiske og pr\u00e6diktive opkaldstilstande g\u00f8r det muligt for dine agenter at g\u00e5 fra 40 opkald om dagen til 120 opkald om dagen.\" \/>\n<meta property=\"og:url\" content=\"https:\/\/leaddesk.com\/da\/dialers\/\" \/>\n<meta property=\"og:site_name\" content=\"LeadDesk\" \/>\n<meta property=\"article:publisher\" content=\"https:\/\/www.facebook.com\/leaddesk\/\" \/>\n<meta property=\"article:modified_time\" content=\"2023-07-12T11:12:43+00:00\" \/>\n<meta property=\"og:image\" content=\"https:\/\/leaddesk.com\/wp-content\/uploads\/2023\/02\/LeadDesk-dialer-modes-explained.png\" \/>\n\t<meta property=\"og:image:width\" content=\"1201\" \/>\n\t<meta property=\"og:image:height\" content=\"629\" \/>\n\t<meta property=\"og:image:type\" content=\"image\/png\" \/>\n<meta name=\"twitter:card\" content=\"summary_large_image\" \/>\n<meta name=\"twitter:site\" content=\"@leaddesk\" \/>\n<script type=\"application\/ld+json\" class=\"yoast-schema-graph\">{\"@context\":\"https:\/\/schema.org\",\"@graph\":[{\"@type\":\"WebPage\",\"@id\":\"https:\/\/leaddesk.com\/da\/dialers\/\",\"url\":\"https:\/\/leaddesk.com\/da\/dialers\/\",\"name\":\"Intelligente opkaldstilstande g\u00f8r det muligt for dine agenter at arbejde effektivt - LeadDesk\",\"isPartOf\":{\"@id\":\"https:\/\/leaddesk.com\/da\/#website\"},\"primaryImageOfPage\":{\"@id\":\"https:\/\/leaddesk.com\/da\/dialers\/#primaryimage\"},\"image\":{\"@id\":\"https:\/\/leaddesk.com\/da\/dialers\/#primaryimage\"},\"thumbnailUrl\":\"https:\/\/leaddesk.com\/wp-content\/uploads\/2023\/02\/LeadDesk-dialer-modes-explained.png\",\"datePublished\":\"2022-03-07T10:12:50+00:00\",\"dateModified\":\"2023-07-12T11:12:43+00:00\",\"description\":\"LeadDesks automatiske og pr\u00e6diktive opkaldstilstande g\u00f8r det muligt for dine agenter at g\u00e5 fra 40 opkald om dagen til 120 opkald om dagen.\",\"breadcrumb\":{\"@id\":\"https:\/\/leaddesk.com\/da\/dialers\/#breadcrumb\"},\"inLanguage\":\"da-DK\",\"potentialAction\":[{\"@type\":\"ReadAction\",\"target\":[\"https:\/\/leaddesk.com\/da\/dialers\/\"]}]},{\"@type\":\"ImageObject\",\"inLanguage\":\"da-DK\",\"@id\":\"https:\/\/leaddesk.com\/da\/dialers\/#primaryimage\",\"url\":\"https:\/\/leaddesk.com\/wp-content\/uploads\/2023\/02\/LeadDesk-dialer-modes-explained.png\",\"contentUrl\":\"https:\/\/leaddesk.com\/wp-content\/uploads\/2023\/02\/LeadDesk-dialer-modes-explained.png\",\"width\":1201,\"height\":629},{\"@type\":\"BreadcrumbList\",\"@id\":\"https:\/\/leaddesk.com\/da\/dialers\/#breadcrumb\",\"itemListElement\":[{\"@type\":\"ListItem\",\"position\":1,\"name\":\"Home\",\"item\":\"https:\/\/leaddesk.com\/da\/\"},{\"@type\":\"ListItem\",\"position\":2,\"name\":\"LeadDesk all dialers explained\"}]},{\"@type\":\"WebSite\",\"@id\":\"https:\/\/leaddesk.com\/da\/#website\",\"url\":\"https:\/\/leaddesk.com\/da\/\",\"name\":\"LeadDesk\",\"description\":\"Contact Center Software for Sales and Customer Service\",\"publisher\":{\"@id\":\"https:\/\/leaddesk.com\/da\/#organization\"},\"potentialAction\":[{\"@type\":\"SearchAction\",\"target\":{\"@type\":\"EntryPoint\",\"urlTemplate\":\"https:\/\/leaddesk.com\/da\/?s={search_term_string}\"},\"query-input\":\"required name=search_term_string\"}],\"inLanguage\":\"da-DK\"},{\"@type\":\"Organization\",\"@id\":\"https:\/\/leaddesk.com\/da\/#organization\",\"name\":\"LeadDesk\",\"url\":\"https:\/\/leaddesk.com\/da\/\",\"logo\":{\"@type\":\"ImageObject\",\"inLanguage\":\"da-DK\",\"@id\":\"https:\/\/leaddesk.com\/da\/#\/schema\/logo\/image\/\",\"url\":\"https:\/\/leaddesk.com\/wp-content\/uploads\/2023\/07\/leaddesk_symbol_leaddesk_blue.png\",\"contentUrl\":\"https:\/\/leaddesk.com\/wp-content\/uploads\/2023\/07\/leaddesk_symbol_leaddesk_blue.png\",\"width\":2400,\"height\":2400,\"caption\":\"LeadDesk\"},\"image\":{\"@id\":\"https:\/\/leaddesk.com\/da\/#\/schema\/logo\/image\/\"},\"sameAs\":[\"https:\/\/www.facebook.com\/leaddesk\/\",\"https:\/\/x.com\/leaddesk\",\"https:\/\/www.instagram.com\/leaddesk\/\",\"https:\/\/linkedin.com\/company\/2365022\/\",\"https:\/\/www.youtube.com\/channel\/UCjB4SgGKs2xz80H4cQH95qw\"]}]}<\/script>\n<!-- \/ Yoast SEO Premium plugin. -->","yoast_head_json":{"title":"Intelligente opkaldstilstande g\u00f8r det muligt for dine agenter at arbejde effektivt - LeadDesk","description":"LeadDesks automatiske og pr\u00e6diktive opkaldstilstande g\u00f8r det muligt for dine agenter at g\u00e5 fra 40 opkald om dagen til 120 opkald om dagen.","robots":{"index":"index","follow":"nofollow","max-snippet":"max-snippet:-1","max-video-preview":"max-video-preview:-1","imageindex":"noimageindex","archive":"noarchive"},"canonical":"https:\/\/leaddesk.com\/da\/dialers\/","og_locale":"da_DK","og_type":"article","og_title":"LeadDesk all dialers explained","og_description":"LeadDesks automatiske og pr\u00e6diktive opkaldstilstande g\u00f8r det muligt for dine agenter at g\u00e5 fra 40 opkald om dagen til 120 opkald om dagen.","og_url":"https:\/\/leaddesk.com\/da\/dialers\/","og_site_name":"LeadDesk","article_publisher":"https:\/\/www.facebook.com\/leaddesk\/","article_modified_time":"2023-07-12T11:12:43+00:00","og_image":[{"width":1201,"height":629,"url":"https:\/\/leaddesk.com\/wp-content\/uploads\/2023\/02\/LeadDesk-dialer-modes-explained.png","type":"image\/png"}],"twitter_card":"summary_large_image","twitter_site":"@leaddesk","schema":{"@context":"https:\/\/schema.org","@graph":[{"@type":"WebPage","@id":"https:\/\/leaddesk.com\/da\/dialers\/","url":"https:\/\/leaddesk.com\/da\/dialers\/","name":"Intelligente opkaldstilstande g\u00f8r det muligt for dine agenter at arbejde effektivt - LeadDesk","isPartOf":{"@id":"https:\/\/leaddesk.com\/da\/#website"},"primaryImageOfPage":{"@id":"https:\/\/leaddesk.com\/da\/dialers\/#primaryimage"},"image":{"@id":"https:\/\/leaddesk.com\/da\/dialers\/#primaryimage"},"thumbnailUrl":"https:\/\/leaddesk.com\/wp-content\/uploads\/2023\/02\/LeadDesk-dialer-modes-explained.png","datePublished":"2022-03-07T10:12:50+00:00","dateModified":"2023-07-12T11:12:43+00:00","description":"LeadDesks automatiske og pr\u00e6diktive opkaldstilstande g\u00f8r det muligt for dine agenter at g\u00e5 fra 40 opkald om dagen til 120 opkald om dagen.","breadcrumb":{"@id":"https:\/\/leaddesk.com\/da\/dialers\/#breadcrumb"},"inLanguage":"da-DK","potentialAction":[{"@type":"ReadAction","target":["https:\/\/leaddesk.com\/da\/dialers\/"]}]},{"@type":"ImageObject","inLanguage":"da-DK","@id":"https:\/\/leaddesk.com\/da\/dialers\/#primaryimage","url":"https:\/\/leaddesk.com\/wp-content\/uploads\/2023\/02\/LeadDesk-dialer-modes-explained.png","contentUrl":"https:\/\/leaddesk.com\/wp-content\/uploads\/2023\/02\/LeadDesk-dialer-modes-explained.png","width":1201,"height":629},{"@type":"BreadcrumbList","@id":"https:\/\/leaddesk.com\/da\/dialers\/#breadcrumb","itemListElement":[{"@type":"ListItem","position":1,"name":"Home","item":"https:\/\/leaddesk.com\/da\/"},{"@type":"ListItem","position":2,"name":"LeadDesk all dialers explained"}]},{"@type":"WebSite","@id":"https:\/\/leaddesk.com\/da\/#website","url":"https:\/\/leaddesk.com\/da\/","name":"LeadDesk","description":"Contact Center Software for Sales and Customer Service","publisher":{"@id":"https:\/\/leaddesk.com\/da\/#organization"},"potentialAction":[{"@type":"SearchAction","target":{"@type":"EntryPoint","urlTemplate":"https:\/\/leaddesk.com\/da\/?s={search_term_string}"},"query-input":"required name=search_term_string"}],"inLanguage":"da-DK"},{"@type":"Organization","@id":"https:\/\/leaddesk.com\/da\/#organization","name":"LeadDesk","url":"https:\/\/leaddesk.com\/da\/","logo":{"@type":"ImageObject","inLanguage":"da-DK","@id":"https:\/\/leaddesk.com\/da\/#\/schema\/logo\/image\/","url":"https:\/\/leaddesk.com\/wp-content\/uploads\/2023\/07\/leaddesk_symbol_leaddesk_blue.png","contentUrl":"https:\/\/leaddesk.com\/wp-content\/uploads\/2023\/07\/leaddesk_symbol_leaddesk_blue.png","width":2400,"height":2400,"caption":"LeadDesk"},"image":{"@id":"https:\/\/leaddesk.com\/da\/#\/schema\/logo\/image\/"},"sameAs":["https:\/\/www.facebook.com\/leaddesk\/","https:\/\/x.com\/leaddesk","https:\/\/www.instagram.com\/leaddesk\/","https:\/\/linkedin.com\/company\/2365022\/","https:\/\/www.youtube.com\/channel\/UCjB4SgGKs2xz80H4cQH95qw"]}]}},"_links":{"self":[{"href":"https:\/\/leaddesk.com\/da\/wp-json\/wp\/v2\/pages\/50161"}],"collection":[{"href":"https:\/\/leaddesk.com\/da\/wp-json\/wp\/v2\/pages"}],"about":[{"href":"https:\/\/leaddesk.com\/da\/wp-json\/wp\/v2\/types\/page"}],"author":[{"embeddable":true,"href":"https:\/\/leaddesk.com\/da\/wp-json\/wp\/v2\/users\/32"}],"replies":[{"embeddable":true,"href":"https:\/\/leaddesk.com\/da\/wp-json\/wp\/v2\/comments?post=50161"}],"version-history":[{"count":0,"href":"https:\/\/leaddesk.com\/da\/wp-json\/wp\/v2\/pages\/50161\/revisions"}],"wp:featuredmedia":[{"embeddable":true,"href":"https:\/\/leaddesk.com\/da\/wp-json\/wp\/v2\/media\/51460"}],"wp:attachment":[{"href":"https:\/\/leaddesk.com\/da\/wp-json\/wp\/v2\/media?parent=50161"}],"curies":[{"name":"wp","href":"https:\/\/api.w.org\/{rel}","templated":true}]}}