{"id":52613,"date":"2022-11-28T10:51:16","date_gmt":"2022-11-28T09:51:16","guid":{"rendered":"https:\/\/leaddesk.com\/software\/customer-service\/omnichannel\/"},"modified":"2023-04-27T12:34:55","modified_gmt":"2023-04-27T11:34:55","slug":"omnichannel","status":"publish","type":"page","link":"https:\/\/leaddesk.com\/da\/software\/customer-service\/omnichannel\/","title":{"rendered":"Omnichannel"},"content":{"rendered":"","protected":false},"excerpt":{"rendered":"","protected":false},"author":28,"featured_media":50616,"parent":44719,"menu_order":0,"comment_status":"closed","ping_status":"closed","template":"page-blocks-en.php","meta":{"content-type":"","footnotes":""},"acf":[],"yoast_head":"<!-- This site is optimized with the Yoast SEO Premium plugin v22.5 (Yoast SEO v22.5) - https:\/\/yoast.com\/wordpress\/plugins\/seo\/ -->\n<title>Omnichannel - LeadDesk<\/title>\n<meta name=\"description\" content=\"Tal til kunder p\u00e5 en hvilken som helst kanal fra et enkelt agentvindue. Samtaler betyder, at du kan tilbyde skr\u00e6ddersyet service p\u00e5 alle kanaler.\" \/>\n<meta name=\"robots\" content=\"index, follow, max-snippet:-1, max-image-preview:large, max-video-preview:-1\" \/>\n<link rel=\"canonical\" href=\"https:\/\/leaddesk.com\/da\/software\/customer-service\/omnichannel\/\" \/>\n<meta property=\"og:locale\" content=\"da_DK\" \/>\n<meta property=\"og:type\" content=\"article\" \/>\n<meta property=\"og:title\" content=\"Omnichannel - Omnichannel-l\u00f8sning til kundeservice\" \/>\n<meta property=\"og:description\" content=\"H\u00e5ndt\u00e9r kundesamtaler fra alle indg\u00e5ende kanaler ukompliceret i samme visning.\" \/>\n<meta property=\"og:url\" content=\"https:\/\/leaddesk.com\/da\/software\/customer-service\/omnichannel\/\" \/>\n<meta property=\"og:site_name\" content=\"LeadDesk\" \/>\n<meta property=\"article:publisher\" content=\"https:\/\/www.facebook.com\/leaddesk\/\" \/>\n<meta property=\"article:modified_time\" content=\"2023-04-27T11:34:55+00:00\" \/>\n<meta property=\"og:image\" content=\"https:\/\/leaddesk.com\/wp-content\/uploads\/2023\/01\/Omnichannel-customer-service-tool-LeadDesk2.png\" \/>\n\t<meta property=\"og:image:width\" content=\"1200\" \/>\n\t<meta property=\"og:image:height\" content=\"628\" \/>\n\t<meta property=\"og:image:type\" content=\"image\/png\" \/>\n<meta name=\"twitter:card\" content=\"summary_large_image\" \/>\n<meta name=\"twitter:title\" content=\"Omnichannel - Omnichannel kundeservice\" \/>\n<meta name=\"twitter:site\" content=\"@leaddesk\" \/>\n<script type=\"application\/ld+json\" class=\"yoast-schema-graph\">{\"@context\":\"https:\/\/schema.org\",\"@graph\":[{\"@type\":\"WebPage\",\"@id\":\"https:\/\/leaddesk.com\/da\/software\/customer-service\/omnichannel\/\",\"url\":\"https:\/\/leaddesk.com\/da\/software\/customer-service\/omnichannel\/\",\"name\":\"Omnichannel - LeadDesk\",\"isPartOf\":{\"@id\":\"https:\/\/leaddesk.com\/da\/#website\"},\"primaryImageOfPage\":{\"@id\":\"https:\/\/leaddesk.com\/da\/software\/customer-service\/omnichannel\/#primaryimage\"},\"image\":{\"@id\":\"https:\/\/leaddesk.com\/da\/software\/customer-service\/omnichannel\/#primaryimage\"},\"thumbnailUrl\":\"https:\/\/leaddesk.com\/wp-content\/uploads\/2023\/01\/Omnichannel-customer-service-tool-LeadDesk2.png\",\"datePublished\":\"2022-11-28T09:51:16+00:00\",\"dateModified\":\"2023-04-27T11:34:55+00:00\",\"description\":\"Tal til kunder p\u00e5 en hvilken som helst kanal fra et enkelt agentvindue. Samtaler betyder, at du kan tilbyde skr\u00e6ddersyet service p\u00e5 alle kanaler.\",\"breadcrumb\":{\"@id\":\"https:\/\/leaddesk.com\/da\/software\/customer-service\/omnichannel\/#breadcrumb\"},\"inLanguage\":\"da-DK\",\"potentialAction\":[{\"@type\":\"ReadAction\",\"target\":[\"https:\/\/leaddesk.com\/da\/software\/customer-service\/omnichannel\/\"]}]},{\"@type\":\"ImageObject\",\"inLanguage\":\"da-DK\",\"@id\":\"https:\/\/leaddesk.com\/da\/software\/customer-service\/omnichannel\/#primaryimage\",\"url\":\"https:\/\/leaddesk.com\/wp-content\/uploads\/2023\/01\/Omnichannel-customer-service-tool-LeadDesk2.png\",\"contentUrl\":\"https:\/\/leaddesk.com\/wp-content\/uploads\/2023\/01\/Omnichannel-customer-service-tool-LeadDesk2.png\",\"width\":1200,\"height\":628},{\"@type\":\"BreadcrumbList\",\"@id\":\"https:\/\/leaddesk.com\/da\/software\/customer-service\/omnichannel\/#breadcrumb\",\"itemListElement\":[{\"@type\":\"ListItem\",\"position\":1,\"name\":\"Home\",\"item\":\"https:\/\/leaddesk.com\/da\/\"},{\"@type\":\"ListItem\",\"position\":2,\"name\":\"Produkter\",\"item\":\"https:\/\/leaddesk.com\/da\/software\/\"},{\"@type\":\"ListItem\",\"position\":3,\"name\":\"LeadDesk til kundeservice\",\"item\":\"https:\/\/leaddesk.com\/da\/software\/customer-service\/\"},{\"@type\":\"ListItem\",\"position\":4,\"name\":\"Omnichannel\"}]},{\"@type\":\"WebSite\",\"@id\":\"https:\/\/leaddesk.com\/da\/#website\",\"url\":\"https:\/\/leaddesk.com\/da\/\",\"name\":\"LeadDesk\",\"description\":\"Contact Center Software for Sales and Customer Service\",\"publisher\":{\"@id\":\"https:\/\/leaddesk.com\/da\/#organization\"},\"potentialAction\":[{\"@type\":\"SearchAction\",\"target\":{\"@type\":\"EntryPoint\",\"urlTemplate\":\"https:\/\/leaddesk.com\/da\/?s={search_term_string}\"},\"query-input\":\"required name=search_term_string\"}],\"inLanguage\":\"da-DK\"},{\"@type\":\"Organization\",\"@id\":\"https:\/\/leaddesk.com\/da\/#organization\",\"name\":\"LeadDesk\",\"url\":\"https:\/\/leaddesk.com\/da\/\",\"logo\":{\"@type\":\"ImageObject\",\"inLanguage\":\"da-DK\",\"@id\":\"https:\/\/leaddesk.com\/da\/#\/schema\/logo\/image\/\",\"url\":\"https:\/\/leaddesk.com\/wp-content\/uploads\/2023\/07\/leaddesk_symbol_leaddesk_blue.png\",\"contentUrl\":\"https:\/\/leaddesk.com\/wp-content\/uploads\/2023\/07\/leaddesk_symbol_leaddesk_blue.png\",\"width\":2400,\"height\":2400,\"caption\":\"LeadDesk\"},\"image\":{\"@id\":\"https:\/\/leaddesk.com\/da\/#\/schema\/logo\/image\/\"},\"sameAs\":[\"https:\/\/www.facebook.com\/leaddesk\/\",\"https:\/\/x.com\/leaddesk\",\"https:\/\/www.instagram.com\/leaddesk\/\",\"https:\/\/linkedin.com\/company\/2365022\/\",\"https:\/\/www.youtube.com\/channel\/UCjB4SgGKs2xz80H4cQH95qw\"]}]}<\/script>\n<!-- \/ Yoast SEO Premium plugin. -->","yoast_head_json":{"title":"Omnichannel - LeadDesk","description":"Tal til kunder p\u00e5 en hvilken som helst kanal fra et enkelt agentvindue. Samtaler betyder, at du kan tilbyde skr\u00e6ddersyet service p\u00e5 alle kanaler.","robots":{"index":"index","follow":"follow","max-snippet":"max-snippet:-1","max-image-preview":"max-image-preview:large","max-video-preview":"max-video-preview:-1"},"canonical":"https:\/\/leaddesk.com\/da\/software\/customer-service\/omnichannel\/","og_locale":"da_DK","og_type":"article","og_title":"Omnichannel - Omnichannel-l\u00f8sning til kundeservice","og_description":"H\u00e5ndt\u00e9r kundesamtaler fra alle indg\u00e5ende kanaler ukompliceret i samme visning.","og_url":"https:\/\/leaddesk.com\/da\/software\/customer-service\/omnichannel\/","og_site_name":"LeadDesk","article_publisher":"https:\/\/www.facebook.com\/leaddesk\/","article_modified_time":"2023-04-27T11:34:55+00:00","og_image":[{"width":1200,"height":628,"url":"https:\/\/leaddesk.com\/wp-content\/uploads\/2023\/01\/Omnichannel-customer-service-tool-LeadDesk2.png","type":"image\/png"}],"twitter_card":"summary_large_image","twitter_title":"Omnichannel - Omnichannel kundeservice","twitter_site":"@leaddesk","schema":{"@context":"https:\/\/schema.org","@graph":[{"@type":"WebPage","@id":"https:\/\/leaddesk.com\/da\/software\/customer-service\/omnichannel\/","url":"https:\/\/leaddesk.com\/da\/software\/customer-service\/omnichannel\/","name":"Omnichannel - LeadDesk","isPartOf":{"@id":"https:\/\/leaddesk.com\/da\/#website"},"primaryImageOfPage":{"@id":"https:\/\/leaddesk.com\/da\/software\/customer-service\/omnichannel\/#primaryimage"},"image":{"@id":"https:\/\/leaddesk.com\/da\/software\/customer-service\/omnichannel\/#primaryimage"},"thumbnailUrl":"https:\/\/leaddesk.com\/wp-content\/uploads\/2023\/01\/Omnichannel-customer-service-tool-LeadDesk2.png","datePublished":"2022-11-28T09:51:16+00:00","dateModified":"2023-04-27T11:34:55+00:00","description":"Tal til kunder p\u00e5 en hvilken som helst kanal fra et enkelt agentvindue. Samtaler betyder, at du kan tilbyde skr\u00e6ddersyet service p\u00e5 alle kanaler.","breadcrumb":{"@id":"https:\/\/leaddesk.com\/da\/software\/customer-service\/omnichannel\/#breadcrumb"},"inLanguage":"da-DK","potentialAction":[{"@type":"ReadAction","target":["https:\/\/leaddesk.com\/da\/software\/customer-service\/omnichannel\/"]}]},{"@type":"ImageObject","inLanguage":"da-DK","@id":"https:\/\/leaddesk.com\/da\/software\/customer-service\/omnichannel\/#primaryimage","url":"https:\/\/leaddesk.com\/wp-content\/uploads\/2023\/01\/Omnichannel-customer-service-tool-LeadDesk2.png","contentUrl":"https:\/\/leaddesk.com\/wp-content\/uploads\/2023\/01\/Omnichannel-customer-service-tool-LeadDesk2.png","width":1200,"height":628},{"@type":"BreadcrumbList","@id":"https:\/\/leaddesk.com\/da\/software\/customer-service\/omnichannel\/#breadcrumb","itemListElement":[{"@type":"ListItem","position":1,"name":"Home","item":"https:\/\/leaddesk.com\/da\/"},{"@type":"ListItem","position":2,"name":"Produkter","item":"https:\/\/leaddesk.com\/da\/software\/"},{"@type":"ListItem","position":3,"name":"LeadDesk til kundeservice","item":"https:\/\/leaddesk.com\/da\/software\/customer-service\/"},{"@type":"ListItem","position":4,"name":"Omnichannel"}]},{"@type":"WebSite","@id":"https:\/\/leaddesk.com\/da\/#website","url":"https:\/\/leaddesk.com\/da\/","name":"LeadDesk","description":"Contact Center Software for Sales and Customer Service","publisher":{"@id":"https:\/\/leaddesk.com\/da\/#organization"},"potentialAction":[{"@type":"SearchAction","target":{"@type":"EntryPoint","urlTemplate":"https:\/\/leaddesk.com\/da\/?s={search_term_string}"},"query-input":"required name=search_term_string"}],"inLanguage":"da-DK"},{"@type":"Organization","@id":"https:\/\/leaddesk.com\/da\/#organization","name":"LeadDesk","url":"https:\/\/leaddesk.com\/da\/","logo":{"@type":"ImageObject","inLanguage":"da-DK","@id":"https:\/\/leaddesk.com\/da\/#\/schema\/logo\/image\/","url":"https:\/\/leaddesk.com\/wp-content\/uploads\/2023\/07\/leaddesk_symbol_leaddesk_blue.png","contentUrl":"https:\/\/leaddesk.com\/wp-content\/uploads\/2023\/07\/leaddesk_symbol_leaddesk_blue.png","width":2400,"height":2400,"caption":"LeadDesk"},"image":{"@id":"https:\/\/leaddesk.com\/da\/#\/schema\/logo\/image\/"},"sameAs":["https:\/\/www.facebook.com\/leaddesk\/","https:\/\/x.com\/leaddesk","https:\/\/www.instagram.com\/leaddesk\/","https:\/\/linkedin.com\/company\/2365022\/","https:\/\/www.youtube.com\/channel\/UCjB4SgGKs2xz80H4cQH95qw"]}]}},"_links":{"self":[{"href":"https:\/\/leaddesk.com\/da\/wp-json\/wp\/v2\/pages\/52613"}],"collection":[{"href":"https:\/\/leaddesk.com\/da\/wp-json\/wp\/v2\/pages"}],"about":[{"href":"https:\/\/leaddesk.com\/da\/wp-json\/wp\/v2\/types\/page"}],"author":[{"embeddable":true,"href":"https:\/\/leaddesk.com\/da\/wp-json\/wp\/v2\/users\/28"}],"replies":[{"embeddable":true,"href":"https:\/\/leaddesk.com\/da\/wp-json\/wp\/v2\/comments?post=52613"}],"version-history":[{"count":0,"href":"https:\/\/leaddesk.com\/da\/wp-json\/wp\/v2\/pages\/52613\/revisions"}],"up":[{"embeddable":true,"href":"https:\/\/leaddesk.com\/da\/wp-json\/wp\/v2\/pages\/44719"}],"wp:featuredmedia":[{"embeddable":true,"href":"https:\/\/leaddesk.com\/da\/wp-json\/wp\/v2\/media\/50616"}],"wp:attachment":[{"href":"https:\/\/leaddesk.com\/da\/wp-json\/wp\/v2\/media?parent=52613"}],"curies":[{"name":"wp","href":"https:\/\/api.w.org\/{rel}","templated":true}]}}