{"id":44768,"date":"2019-01-04T15:47:45","date_gmt":"2019-01-04T13:47:45","guid":{"rendered":"https:\/\/leaddesk.com\/pricing\/"},"modified":"2026-04-08T15:28:08","modified_gmt":"2026-04-08T12:28:08","slug":"pricing","status":"publish","type":"page","link":"https:\/\/leaddesk.com\/de\/software\/pricing\/","title":{"rendered":"Preise"},"content":{"rendered":"","protected":false},"excerpt":{"rendered":"","protected":false},"author":15,"featured_media":50904,"parent":44816,"menu_order":306,"comment_status":"closed","ping_status":"closed","template":"page-blocks-en.php","meta":{"content-type":"","footnotes":""},"acf":[],"yoast_head":"<!-- This site is optimized with the Yoast SEO Premium plugin v22.5 (Yoast SEO v22.5) - https:\/\/yoast.com\/wordpress\/plugins\/seo\/ -->\n<title>Preise \u2013 LeadDesk<\/title>\n<meta name=\"description\" content=\"LeadDesk ist eine kosteng\u00fcnstige Option, die sich auf gesch\u00e4ftliche Anforderungen aller Art skalieren l\u00e4sst.\" \/>\n<meta name=\"robots\" content=\"index, follow, max-snippet:-1, max-image-preview:large, max-video-preview:-1\" \/>\n<link rel=\"canonical\" href=\"https:\/\/leaddesk.com\/de\/software\/pricing\/\" \/>\n<meta property=\"og:locale\" content=\"de_DE\" \/>\n<meta property=\"og:type\" content=\"article\" \/>\n<meta property=\"og:title\" content=\"Preise\" \/>\n<meta property=\"og:description\" content=\"LeadDesk ist eine kosteng\u00fcnstige Option, die sich auf gesch\u00e4ftliche Anforderungen aller Art skalieren l\u00e4sst.\" \/>\n<meta property=\"og:url\" content=\"https:\/\/leaddesk.com\/de\/software\/pricing\/\" \/>\n<meta property=\"og:site_name\" content=\"LeadDesk\" \/>\n<meta property=\"article:publisher\" content=\"https:\/\/www.facebook.com\/leaddesk\/\" \/>\n<meta property=\"article:modified_time\" content=\"2026-04-08T12:28:08+00:00\" \/>\n<meta property=\"og:image\" content=\"https:\/\/leaddesk.com\/wp-content\/uploads\/2023\/01\/LeadDesk-Pricing.png\" \/>\n\t<meta property=\"og:image:width\" content=\"1201\" \/>\n\t<meta property=\"og:image:height\" content=\"629\" \/>\n\t<meta property=\"og:image:type\" content=\"image\/png\" \/>\n<meta name=\"twitter:card\" content=\"summary_large_image\" \/>\n<meta name=\"twitter:site\" content=\"@leaddesk\" \/>\n<meta name=\"twitter:label1\" content=\"Gesch\u00e4tzte Lesezeit\" \/>\n\t<meta name=\"twitter:data1\" content=\"1\u00a0Minute\" \/>\n<script type=\"application\/ld+json\" class=\"yoast-schema-graph\">{\"@context\":\"https:\/\/schema.org\",\"@graph\":[{\"@type\":\"WebPage\",\"@id\":\"https:\/\/leaddesk.com\/de\/software\/pricing\/\",\"url\":\"https:\/\/leaddesk.com\/de\/software\/pricing\/\",\"name\":\"Preise \u2013 LeadDesk\",\"isPartOf\":{\"@id\":\"https:\/\/leaddesk.com\/de\/#website\"},\"primaryImageOfPage\":{\"@id\":\"https:\/\/leaddesk.com\/de\/software\/pricing\/#primaryimage\"},\"image\":{\"@id\":\"https:\/\/leaddesk.com\/de\/software\/pricing\/#primaryimage\"},\"thumbnailUrl\":\"https:\/\/leaddesk.com\/wp-content\/uploads\/2023\/01\/LeadDesk-Pricing.png\",\"datePublished\":\"2019-01-04T13:47:45+00:00\",\"dateModified\":\"2026-04-08T12:28:08+00:00\",\"description\":\"LeadDesk ist eine kosteng\u00fcnstige Option, die sich auf gesch\u00e4ftliche Anforderungen aller Art skalieren l\u00e4sst.\",\"breadcrumb\":{\"@id\":\"https:\/\/leaddesk.com\/de\/software\/pricing\/#breadcrumb\"},\"inLanguage\":\"de\",\"potentialAction\":[{\"@type\":\"ReadAction\",\"target\":[\"https:\/\/leaddesk.com\/de\/software\/pricing\/\"]}]},{\"@type\":\"ImageObject\",\"inLanguage\":\"de\",\"@id\":\"https:\/\/leaddesk.com\/de\/software\/pricing\/#primaryimage\",\"url\":\"https:\/\/leaddesk.com\/wp-content\/uploads\/2023\/01\/LeadDesk-Pricing.png\",\"contentUrl\":\"https:\/\/leaddesk.com\/wp-content\/uploads\/2023\/01\/LeadDesk-Pricing.png\",\"width\":1201,\"height\":629},{\"@type\":\"BreadcrumbList\",\"@id\":\"https:\/\/leaddesk.com\/de\/software\/pricing\/#breadcrumb\",\"itemListElement\":[{\"@type\":\"ListItem\",\"position\":1,\"name\":\"Home\",\"item\":\"https:\/\/leaddesk.com\/de\/\"},{\"@type\":\"ListItem\",\"position\":2,\"name\":\"Produkt\",\"item\":\"https:\/\/leaddesk.com\/de\/software\/\"},{\"@type\":\"ListItem\",\"position\":3,\"name\":\"Preise\"}]},{\"@type\":\"WebSite\",\"@id\":\"https:\/\/leaddesk.com\/de\/#website\",\"url\":\"https:\/\/leaddesk.com\/de\/\",\"name\":\"LeadDesk\",\"description\":\"Contact Center Software for Sales and Customer Service\",\"publisher\":{\"@id\":\"https:\/\/leaddesk.com\/de\/#organization\"},\"potentialAction\":[{\"@type\":\"SearchAction\",\"target\":{\"@type\":\"EntryPoint\",\"urlTemplate\":\"https:\/\/leaddesk.com\/de\/?s={search_term_string}\"},\"query-input\":\"required name=search_term_string\"}],\"inLanguage\":\"de\"},{\"@type\":\"Organization\",\"@id\":\"https:\/\/leaddesk.com\/de\/#organization\",\"name\":\"LeadDesk\",\"url\":\"https:\/\/leaddesk.com\/de\/\",\"logo\":{\"@type\":\"ImageObject\",\"inLanguage\":\"de\",\"@id\":\"https:\/\/leaddesk.com\/de\/#\/schema\/logo\/image\/\",\"url\":\"https:\/\/leaddesk.com\/wp-content\/uploads\/2023\/07\/leaddesk_symbol_leaddesk_blue.png\",\"contentUrl\":\"https:\/\/leaddesk.com\/wp-content\/uploads\/2023\/07\/leaddesk_symbol_leaddesk_blue.png\",\"width\":2400,\"height\":2400,\"caption\":\"LeadDesk\"},\"image\":{\"@id\":\"https:\/\/leaddesk.com\/de\/#\/schema\/logo\/image\/\"},\"sameAs\":[\"https:\/\/www.facebook.com\/leaddesk\/\",\"https:\/\/x.com\/leaddesk\",\"https:\/\/www.instagram.com\/leaddesk\/\",\"https:\/\/linkedin.com\/company\/2365022\/\",\"https:\/\/www.youtube.com\/channel\/UCjB4SgGKs2xz80H4cQH95qw\"]}]}<\/script>\n<!-- \/ Yoast SEO Premium plugin. -->","yoast_head_json":{"title":"Preise \u2013 LeadDesk","description":"LeadDesk ist eine kosteng\u00fcnstige Option, die sich auf gesch\u00e4ftliche Anforderungen aller Art skalieren l\u00e4sst.","robots":{"index":"index","follow":"follow","max-snippet":"max-snippet:-1","max-image-preview":"max-image-preview:large","max-video-preview":"max-video-preview:-1"},"canonical":"https:\/\/leaddesk.com\/de\/software\/pricing\/","og_locale":"de_DE","og_type":"article","og_title":"Preise","og_description":"LeadDesk ist eine kosteng\u00fcnstige Option, die sich auf gesch\u00e4ftliche Anforderungen aller Art skalieren l\u00e4sst.","og_url":"https:\/\/leaddesk.com\/de\/software\/pricing\/","og_site_name":"LeadDesk","article_publisher":"https:\/\/www.facebook.com\/leaddesk\/","article_modified_time":"2026-04-08T12:28:08+00:00","og_image":[{"width":1201,"height":629,"url":"https:\/\/leaddesk.com\/wp-content\/uploads\/2023\/01\/LeadDesk-Pricing.png","type":"image\/png"}],"twitter_card":"summary_large_image","twitter_site":"@leaddesk","twitter_misc":{"Gesch\u00e4tzte Lesezeit":"1\u00a0Minute"},"schema":{"@context":"https:\/\/schema.org","@graph":[{"@type":"WebPage","@id":"https:\/\/leaddesk.com\/de\/software\/pricing\/","url":"https:\/\/leaddesk.com\/de\/software\/pricing\/","name":"Preise \u2013 LeadDesk","isPartOf":{"@id":"https:\/\/leaddesk.com\/de\/#website"},"primaryImageOfPage":{"@id":"https:\/\/leaddesk.com\/de\/software\/pricing\/#primaryimage"},"image":{"@id":"https:\/\/leaddesk.com\/de\/software\/pricing\/#primaryimage"},"thumbnailUrl":"https:\/\/leaddesk.com\/wp-content\/uploads\/2023\/01\/LeadDesk-Pricing.png","datePublished":"2019-01-04T13:47:45+00:00","dateModified":"2026-04-08T12:28:08+00:00","description":"LeadDesk ist eine kosteng\u00fcnstige Option, die sich auf gesch\u00e4ftliche Anforderungen aller Art skalieren l\u00e4sst.","breadcrumb":{"@id":"https:\/\/leaddesk.com\/de\/software\/pricing\/#breadcrumb"},"inLanguage":"de","potentialAction":[{"@type":"ReadAction","target":["https:\/\/leaddesk.com\/de\/software\/pricing\/"]}]},{"@type":"ImageObject","inLanguage":"de","@id":"https:\/\/leaddesk.com\/de\/software\/pricing\/#primaryimage","url":"https:\/\/leaddesk.com\/wp-content\/uploads\/2023\/01\/LeadDesk-Pricing.png","contentUrl":"https:\/\/leaddesk.com\/wp-content\/uploads\/2023\/01\/LeadDesk-Pricing.png","width":1201,"height":629},{"@type":"BreadcrumbList","@id":"https:\/\/leaddesk.com\/de\/software\/pricing\/#breadcrumb","itemListElement":[{"@type":"ListItem","position":1,"name":"Home","item":"https:\/\/leaddesk.com\/de\/"},{"@type":"ListItem","position":2,"name":"Produkt","item":"https:\/\/leaddesk.com\/de\/software\/"},{"@type":"ListItem","position":3,"name":"Preise"}]},{"@type":"WebSite","@id":"https:\/\/leaddesk.com\/de\/#website","url":"https:\/\/leaddesk.com\/de\/","name":"LeadDesk","description":"Contact Center Software for Sales and Customer Service","publisher":{"@id":"https:\/\/leaddesk.com\/de\/#organization"},"potentialAction":[{"@type":"SearchAction","target":{"@type":"EntryPoint","urlTemplate":"https:\/\/leaddesk.com\/de\/?s={search_term_string}"},"query-input":"required name=search_term_string"}],"inLanguage":"de"},{"@type":"Organization","@id":"https:\/\/leaddesk.com\/de\/#organization","name":"LeadDesk","url":"https:\/\/leaddesk.com\/de\/","logo":{"@type":"ImageObject","inLanguage":"de","@id":"https:\/\/leaddesk.com\/de\/#\/schema\/logo\/image\/","url":"https:\/\/leaddesk.com\/wp-content\/uploads\/2023\/07\/leaddesk_symbol_leaddesk_blue.png","contentUrl":"https:\/\/leaddesk.com\/wp-content\/uploads\/2023\/07\/leaddesk_symbol_leaddesk_blue.png","width":2400,"height":2400,"caption":"LeadDesk"},"image":{"@id":"https:\/\/leaddesk.com\/de\/#\/schema\/logo\/image\/"},"sameAs":["https:\/\/www.facebook.com\/leaddesk\/","https:\/\/x.com\/leaddesk","https:\/\/www.instagram.com\/leaddesk\/","https:\/\/linkedin.com\/company\/2365022\/","https:\/\/www.youtube.com\/channel\/UCjB4SgGKs2xz80H4cQH95qw"]}]}},"_links":{"self":[{"href":"https:\/\/leaddesk.com\/de\/wp-json\/wp\/v2\/pages\/44768"}],"collection":[{"href":"https:\/\/leaddesk.com\/de\/wp-json\/wp\/v2\/pages"}],"about":[{"href":"https:\/\/leaddesk.com\/de\/wp-json\/wp\/v2\/types\/page"}],"author":[{"embeddable":true,"href":"https:\/\/leaddesk.com\/de\/wp-json\/wp\/v2\/users\/15"}],"replies":[{"embeddable":true,"href":"https:\/\/leaddesk.com\/de\/wp-json\/wp\/v2\/comments?post=44768"}],"version-history":[{"count":4,"href":"https:\/\/leaddesk.com\/de\/wp-json\/wp\/v2\/pages\/44768\/revisions"}],"predecessor-version":[{"id":58111,"href":"https:\/\/leaddesk.com\/de\/wp-json\/wp\/v2\/pages\/44768\/revisions\/58111"}],"up":[{"embeddable":true,"href":"https:\/\/leaddesk.com\/de\/wp-json\/wp\/v2\/pages\/44816"}],"wp:featuredmedia":[{"embeddable":true,"href":"https:\/\/leaddesk.com\/de\/wp-json\/wp\/v2\/media\/50904"}],"wp:attachment":[{"href":"https:\/\/leaddesk.com\/de\/wp-json\/wp\/v2\/media?parent=44768"}],"curies":[{"name":"wp","href":"https:\/\/api.w.org\/{rel}","templated":true}]}}