{"id":47042,"date":"2022-10-12T10:24:56","date_gmt":"2022-10-12T07:24:56","guid":{"rendered":"https:\/\/leaddesk.com\/home-page-2022\/"},"modified":"2023-11-13T15:25:06","modified_gmt":"2023-11-13T14:25:06","slug":"home-page-2022","status":"publish","type":"page","link":"https:\/\/leaddesk.com\/de\/","title":{"rendered":"Home page 2022"},"content":{"rendered":"","protected":false},"excerpt":{"rendered":"","protected":false},"author":15,"featured_media":0,"parent":0,"menu_order":66,"comment_status":"closed","ping_status":"closed","template":"page-home-2022.php","meta":{"content-type":"","footnotes":""},"acf":[],"yoast_head":"<!-- This site is optimized with the Yoast SEO Premium plugin v22.5 (Yoast SEO v22.5) - https:\/\/yoast.com\/wordpress\/plugins\/seo\/ -->\n<title>Die Software f\u00fcr Superstars in Vertrieb und Kundenservice - LeadDesk<\/title>\n<meta name=\"description\" content=\"Intelligente Contact Center Software f\u00fcr einen leistungsstarken Vertrieb und Kundenservice mit bis zu 150 Kunden t\u00e4glich pro Agent.\" \/>\n<meta name=\"robots\" content=\"index, follow, max-snippet:-1, max-image-preview:large, max-video-preview:-1\" \/>\n<link rel=\"canonical\" href=\"https:\/\/leaddesk.com\/de\/\" \/>\n<meta property=\"og:locale\" content=\"de_DE\" \/>\n<meta property=\"og:type\" content=\"article\" \/>\n<meta property=\"og:title\" content=\"Home page 2022\" \/>\n<meta property=\"og:description\" content=\"Intelligente Contact Center Software f\u00fcr einen leistungsstarken Vertrieb und Kundenservice mit bis zu 150 Kunden t\u00e4glich pro Agent.\" \/>\n<meta property=\"og:url\" content=\"https:\/\/leaddesk.com\/de\/\" \/>\n<meta property=\"og:site_name\" content=\"LeadDesk\" \/>\n<meta property=\"article:publisher\" content=\"https:\/\/www.facebook.com\/leaddesk\/\" \/>\n<meta property=\"article:modified_time\" content=\"2023-11-13T14:25:06+00:00\" \/>\n<meta property=\"og:image\" content=\"https:\/\/leaddesk.com\/wp-content\/uploads\/2022\/10\/featured-image-logo.jpg\" \/>\n\t<meta property=\"og:image:width\" content=\"1200\" \/>\n\t<meta property=\"og:image:height\" content=\"630\" \/>\n\t<meta property=\"og:image:type\" content=\"image\/jpeg\" \/>\n<meta name=\"twitter:card\" content=\"summary_large_image\" \/>\n<meta name=\"twitter:site\" content=\"@leaddesk\" \/>\n<script type=\"application\/ld+json\" class=\"yoast-schema-graph\">{\"@context\":\"https:\/\/schema.org\",\"@graph\":[{\"@type\":\"WebPage\",\"@id\":\"https:\/\/leaddesk.com\/de\/\",\"url\":\"https:\/\/leaddesk.com\/de\/\",\"name\":\"Die Software f\u00fcr Superstars in Vertrieb und Kundenservice - LeadDesk\",\"isPartOf\":{\"@id\":\"https:\/\/leaddesk.com\/de\/#website\"},\"datePublished\":\"2022-10-12T07:24:56+00:00\",\"dateModified\":\"2023-11-13T14:25:06+00:00\",\"description\":\"Intelligente Contact Center Software f\u00fcr einen leistungsstarken Vertrieb und Kundenservice mit bis zu 150 Kunden t\u00e4glich pro Agent.\",\"breadcrumb\":{\"@id\":\"https:\/\/leaddesk.com\/de\/#breadcrumb\"},\"inLanguage\":\"de\",\"potentialAction\":[{\"@type\":\"ReadAction\",\"target\":[\"https:\/\/leaddesk.com\/de\/\"]}]},{\"@type\":\"BreadcrumbList\",\"@id\":\"https:\/\/leaddesk.com\/de\/#breadcrumb\",\"itemListElement\":[{\"@type\":\"ListItem\",\"position\":1,\"name\":\"Home\",\"item\":\"https:\/\/leaddesk.com\/de\/\"},{\"@type\":\"ListItem\",\"position\":2,\"name\":\"Home page 2022\"}]},{\"@type\":\"WebSite\",\"@id\":\"https:\/\/leaddesk.com\/de\/#website\",\"url\":\"https:\/\/leaddesk.com\/de\/\",\"name\":\"LeadDesk\",\"description\":\"Contact Center Software for Sales and Customer Service\",\"publisher\":{\"@id\":\"https:\/\/leaddesk.com\/de\/#organization\"},\"potentialAction\":[{\"@type\":\"SearchAction\",\"target\":{\"@type\":\"EntryPoint\",\"urlTemplate\":\"https:\/\/leaddesk.com\/de\/?s={search_term_string}\"},\"query-input\":\"required name=search_term_string\"}],\"inLanguage\":\"de\"},{\"@type\":\"Organization\",\"@id\":\"https:\/\/leaddesk.com\/de\/#organization\",\"name\":\"LeadDesk\",\"url\":\"https:\/\/leaddesk.com\/de\/\",\"logo\":{\"@type\":\"ImageObject\",\"inLanguage\":\"de\",\"@id\":\"https:\/\/leaddesk.com\/de\/#\/schema\/logo\/image\/\",\"url\":\"https:\/\/leaddesk.com\/wp-content\/uploads\/2023\/07\/leaddesk_symbol_leaddesk_blue.png\",\"contentUrl\":\"https:\/\/leaddesk.com\/wp-content\/uploads\/2023\/07\/leaddesk_symbol_leaddesk_blue.png\",\"width\":2400,\"height\":2400,\"caption\":\"LeadDesk\"},\"image\":{\"@id\":\"https:\/\/leaddesk.com\/de\/#\/schema\/logo\/image\/\"},\"sameAs\":[\"https:\/\/www.facebook.com\/leaddesk\/\",\"https:\/\/x.com\/leaddesk\",\"https:\/\/www.instagram.com\/leaddesk\/\",\"https:\/\/linkedin.com\/company\/2365022\/\",\"https:\/\/www.youtube.com\/channel\/UCjB4SgGKs2xz80H4cQH95qw\"]}]}<\/script>\n<!-- \/ Yoast SEO Premium plugin. -->","yoast_head_json":{"title":"Die Software f\u00fcr Superstars in Vertrieb und Kundenservice - LeadDesk","description":"Intelligente Contact Center Software f\u00fcr einen leistungsstarken Vertrieb und Kundenservice mit bis zu 150 Kunden t\u00e4glich pro Agent.","robots":{"index":"index","follow":"follow","max-snippet":"max-snippet:-1","max-image-preview":"max-image-preview:large","max-video-preview":"max-video-preview:-1"},"canonical":"https:\/\/leaddesk.com\/de\/","og_locale":"de_DE","og_type":"article","og_title":"Home page 2022","og_description":"Intelligente Contact Center Software f\u00fcr einen leistungsstarken Vertrieb und Kundenservice mit bis zu 150 Kunden t\u00e4glich pro Agent.","og_url":"https:\/\/leaddesk.com\/de\/","og_site_name":"LeadDesk","article_publisher":"https:\/\/www.facebook.com\/leaddesk\/","article_modified_time":"2023-11-13T14:25:06+00:00","og_image":[{"width":1200,"height":630,"url":"https:\/\/leaddesk.com\/wp-content\/uploads\/2022\/10\/featured-image-logo.jpg","type":"image\/jpeg"}],"twitter_card":"summary_large_image","twitter_site":"@leaddesk","schema":{"@context":"https:\/\/schema.org","@graph":[{"@type":"WebPage","@id":"https:\/\/leaddesk.com\/de\/","url":"https:\/\/leaddesk.com\/de\/","name":"Die Software f\u00fcr Superstars in Vertrieb und Kundenservice - LeadDesk","isPartOf":{"@id":"https:\/\/leaddesk.com\/de\/#website"},"datePublished":"2022-10-12T07:24:56+00:00","dateModified":"2023-11-13T14:25:06+00:00","description":"Intelligente Contact Center Software f\u00fcr einen leistungsstarken Vertrieb und Kundenservice mit bis zu 150 Kunden t\u00e4glich pro Agent.","breadcrumb":{"@id":"https:\/\/leaddesk.com\/de\/#breadcrumb"},"inLanguage":"de","potentialAction":[{"@type":"ReadAction","target":["https:\/\/leaddesk.com\/de\/"]}]},{"@type":"BreadcrumbList","@id":"https:\/\/leaddesk.com\/de\/#breadcrumb","itemListElement":[{"@type":"ListItem","position":1,"name":"Home","item":"https:\/\/leaddesk.com\/de\/"},{"@type":"ListItem","position":2,"name":"Home page 2022"}]},{"@type":"WebSite","@id":"https:\/\/leaddesk.com\/de\/#website","url":"https:\/\/leaddesk.com\/de\/","name":"LeadDesk","description":"Contact Center Software for Sales and Customer Service","publisher":{"@id":"https:\/\/leaddesk.com\/de\/#organization"},"potentialAction":[{"@type":"SearchAction","target":{"@type":"EntryPoint","urlTemplate":"https:\/\/leaddesk.com\/de\/?s={search_term_string}"},"query-input":"required name=search_term_string"}],"inLanguage":"de"},{"@type":"Organization","@id":"https:\/\/leaddesk.com\/de\/#organization","name":"LeadDesk","url":"https:\/\/leaddesk.com\/de\/","logo":{"@type":"ImageObject","inLanguage":"de","@id":"https:\/\/leaddesk.com\/de\/#\/schema\/logo\/image\/","url":"https:\/\/leaddesk.com\/wp-content\/uploads\/2023\/07\/leaddesk_symbol_leaddesk_blue.png","contentUrl":"https:\/\/leaddesk.com\/wp-content\/uploads\/2023\/07\/leaddesk_symbol_leaddesk_blue.png","width":2400,"height":2400,"caption":"LeadDesk"},"image":{"@id":"https:\/\/leaddesk.com\/de\/#\/schema\/logo\/image\/"},"sameAs":["https:\/\/www.facebook.com\/leaddesk\/","https:\/\/x.com\/leaddesk","https:\/\/www.instagram.com\/leaddesk\/","https:\/\/linkedin.com\/company\/2365022\/","https:\/\/www.youtube.com\/channel\/UCjB4SgGKs2xz80H4cQH95qw"]}]}},"_links":{"self":[{"href":"https:\/\/leaddesk.com\/de\/wp-json\/wp\/v2\/pages\/47042"}],"collection":[{"href":"https:\/\/leaddesk.com\/de\/wp-json\/wp\/v2\/pages"}],"about":[{"href":"https:\/\/leaddesk.com\/de\/wp-json\/wp\/v2\/types\/page"}],"author":[{"embeddable":true,"href":"https:\/\/leaddesk.com\/de\/wp-json\/wp\/v2\/users\/15"}],"replies":[{"embeddable":true,"href":"https:\/\/leaddesk.com\/de\/wp-json\/wp\/v2\/comments?post=47042"}],"version-history":[{"count":1,"href":"https:\/\/leaddesk.com\/de\/wp-json\/wp\/v2\/pages\/47042\/revisions"}],"predecessor-version":[{"id":54155,"href":"https:\/\/leaddesk.com\/de\/wp-json\/wp\/v2\/pages\/47042\/revisions\/54155"}],"wp:attachment":[{"href":"https:\/\/leaddesk.com\/de\/wp-json\/wp\/v2\/media?parent=47042"}],"curies":[{"name":"wp","href":"https:\/\/api.w.org\/{rel}","templated":true}]}}