{"id":52308,"date":"2023-01-30T12:00:52","date_gmt":"2023-01-30T11:00:52","guid":{"rendered":"https:\/\/leaddesk.com\/predictive-dialer\/"},"modified":"2023-04-27T14:01:10","modified_gmt":"2023-04-27T13:01:10","slug":"predictive-dialer","status":"publish","type":"page","link":"https:\/\/leaddesk.com\/de\/predictive-dialer\/","title":{"rendered":"Predictive dialer"},"content":{"rendered":"","protected":false},"excerpt":{"rendered":"","protected":false},"author":32,"featured_media":0,"parent":0,"menu_order":169,"comment_status":"closed","ping_status":"closed","template":"page-blocks-en.php","meta":{"content-type":"","footnotes":""},"acf":[],"yoast_head":"<!-- This site is optimized with the Yoast SEO Premium plugin v22.5 (Yoast SEO v22.5) - https:\/\/yoast.com\/wordpress\/plugins\/seo\/ -->\n<title>Predictive Dialer: Was ist das und wann sollte er eingesetzt werden?<\/title>\n<meta name=\"description\" content=\"Predictive Dialer nutzen KI, um das Verh\u00e4ltnis von Anrufen zu Mitarbeitern zu optimieren. So wird sichergestellt, dass Ihre Mitarbeiter immer im Gespr\u00e4ch sind. Das klingt zu sch\u00f6n, um wahr zu sein?\" \/>\n<meta name=\"robots\" content=\"index, follow, max-snippet:-1, max-image-preview:large, max-video-preview:-1\" \/>\n<link rel=\"canonical\" href=\"https:\/\/leaddesk.com\/de\/predictive-dialer\/\" \/>\n<meta property=\"og:locale\" content=\"de_DE\" \/>\n<meta property=\"og:type\" content=\"article\" \/>\n<meta property=\"og:title\" content=\"Predictive dialer\" \/>\n<meta property=\"og:description\" content=\"Predictive Dialer nutzen KI, um das Verh\u00e4ltnis von Anrufen zu Mitarbeitern zu optimieren. So wird sichergestellt, dass Ihre Mitarbeiter immer im Gespr\u00e4ch sind. Das klingt zu sch\u00f6n, um wahr zu sein?\" \/>\n<meta property=\"og:url\" content=\"https:\/\/leaddesk.com\/de\/predictive-dialer\/\" \/>\n<meta property=\"og:site_name\" content=\"LeadDesk\" \/>\n<meta property=\"article:publisher\" content=\"https:\/\/www.facebook.com\/leaddesk\/\" \/>\n<meta property=\"article:modified_time\" content=\"2023-04-27T13:01:10+00:00\" \/>\n<meta property=\"og:image\" content=\"https:\/\/leaddesk.com\/wp-content\/uploads\/2022\/10\/featured-image-logo.jpg\" \/>\n\t<meta property=\"og:image:width\" content=\"1200\" \/>\n\t<meta property=\"og:image:height\" content=\"630\" \/>\n\t<meta property=\"og:image:type\" content=\"image\/jpeg\" \/>\n<meta name=\"twitter:card\" content=\"summary_large_image\" \/>\n<meta name=\"twitter:site\" content=\"@leaddesk\" \/>\n<script type=\"application\/ld+json\" class=\"yoast-schema-graph\">{\"@context\":\"https:\/\/schema.org\",\"@graph\":[{\"@type\":\"WebPage\",\"@id\":\"https:\/\/leaddesk.com\/de\/predictive-dialer\/\",\"url\":\"https:\/\/leaddesk.com\/de\/predictive-dialer\/\",\"name\":\"Predictive Dialer: Was ist das und wann sollte er eingesetzt werden?\",\"isPartOf\":{\"@id\":\"https:\/\/leaddesk.com\/de\/#website\"},\"datePublished\":\"2023-01-30T11:00:52+00:00\",\"dateModified\":\"2023-04-27T13:01:10+00:00\",\"description\":\"Predictive Dialer nutzen KI, um das Verh\u00e4ltnis von Anrufen zu Mitarbeitern zu optimieren. So wird sichergestellt, dass Ihre Mitarbeiter immer im Gespr\u00e4ch sind. Das klingt zu sch\u00f6n, um wahr zu sein?\",\"breadcrumb\":{\"@id\":\"https:\/\/leaddesk.com\/de\/predictive-dialer\/#breadcrumb\"},\"inLanguage\":\"de\",\"potentialAction\":[{\"@type\":\"ReadAction\",\"target\":[\"https:\/\/leaddesk.com\/de\/predictive-dialer\/\"]}]},{\"@type\":\"BreadcrumbList\",\"@id\":\"https:\/\/leaddesk.com\/de\/predictive-dialer\/#breadcrumb\",\"itemListElement\":[{\"@type\":\"ListItem\",\"position\":1,\"name\":\"Home\",\"item\":\"https:\/\/leaddesk.com\/de\/\"},{\"@type\":\"ListItem\",\"position\":2,\"name\":\"Predictive dialer\"}]},{\"@type\":\"WebSite\",\"@id\":\"https:\/\/leaddesk.com\/de\/#website\",\"url\":\"https:\/\/leaddesk.com\/de\/\",\"name\":\"LeadDesk\",\"description\":\"Contact Center Software for Sales and Customer Service\",\"publisher\":{\"@id\":\"https:\/\/leaddesk.com\/de\/#organization\"},\"potentialAction\":[{\"@type\":\"SearchAction\",\"target\":{\"@type\":\"EntryPoint\",\"urlTemplate\":\"https:\/\/leaddesk.com\/de\/?s={search_term_string}\"},\"query-input\":\"required name=search_term_string\"}],\"inLanguage\":\"de\"},{\"@type\":\"Organization\",\"@id\":\"https:\/\/leaddesk.com\/de\/#organization\",\"name\":\"LeadDesk\",\"url\":\"https:\/\/leaddesk.com\/de\/\",\"logo\":{\"@type\":\"ImageObject\",\"inLanguage\":\"de\",\"@id\":\"https:\/\/leaddesk.com\/de\/#\/schema\/logo\/image\/\",\"url\":\"https:\/\/leaddesk.com\/wp-content\/uploads\/2023\/07\/leaddesk_symbol_leaddesk_blue.png\",\"contentUrl\":\"https:\/\/leaddesk.com\/wp-content\/uploads\/2023\/07\/leaddesk_symbol_leaddesk_blue.png\",\"width\":2400,\"height\":2400,\"caption\":\"LeadDesk\"},\"image\":{\"@id\":\"https:\/\/leaddesk.com\/de\/#\/schema\/logo\/image\/\"},\"sameAs\":[\"https:\/\/www.facebook.com\/leaddesk\/\",\"https:\/\/x.com\/leaddesk\",\"https:\/\/www.instagram.com\/leaddesk\/\",\"https:\/\/linkedin.com\/company\/2365022\/\",\"https:\/\/www.youtube.com\/channel\/UCjB4SgGKs2xz80H4cQH95qw\"]}]}<\/script>\n<!-- \/ Yoast SEO Premium plugin. -->","yoast_head_json":{"title":"Predictive Dialer: Was ist das und wann sollte er eingesetzt werden?","description":"Predictive Dialer nutzen KI, um das Verh\u00e4ltnis von Anrufen zu Mitarbeitern zu optimieren. So wird sichergestellt, dass Ihre Mitarbeiter immer im Gespr\u00e4ch sind. Das klingt zu sch\u00f6n, um wahr zu sein?","robots":{"index":"index","follow":"follow","max-snippet":"max-snippet:-1","max-image-preview":"max-image-preview:large","max-video-preview":"max-video-preview:-1"},"canonical":"https:\/\/leaddesk.com\/de\/predictive-dialer\/","og_locale":"de_DE","og_type":"article","og_title":"Predictive dialer","og_description":"Predictive Dialer nutzen KI, um das Verh\u00e4ltnis von Anrufen zu Mitarbeitern zu optimieren. So wird sichergestellt, dass Ihre Mitarbeiter immer im Gespr\u00e4ch sind. Das klingt zu sch\u00f6n, um wahr zu sein?","og_url":"https:\/\/leaddesk.com\/de\/predictive-dialer\/","og_site_name":"LeadDesk","article_publisher":"https:\/\/www.facebook.com\/leaddesk\/","article_modified_time":"2023-04-27T13:01:10+00:00","og_image":[{"width":1200,"height":630,"url":"https:\/\/leaddesk.com\/wp-content\/uploads\/2022\/10\/featured-image-logo.jpg","type":"image\/jpeg"}],"twitter_card":"summary_large_image","twitter_site":"@leaddesk","schema":{"@context":"https:\/\/schema.org","@graph":[{"@type":"WebPage","@id":"https:\/\/leaddesk.com\/de\/predictive-dialer\/","url":"https:\/\/leaddesk.com\/de\/predictive-dialer\/","name":"Predictive Dialer: Was ist das und wann sollte er eingesetzt werden?","isPartOf":{"@id":"https:\/\/leaddesk.com\/de\/#website"},"datePublished":"2023-01-30T11:00:52+00:00","dateModified":"2023-04-27T13:01:10+00:00","description":"Predictive Dialer nutzen KI, um das Verh\u00e4ltnis von Anrufen zu Mitarbeitern zu optimieren. So wird sichergestellt, dass Ihre Mitarbeiter immer im Gespr\u00e4ch sind. Das klingt zu sch\u00f6n, um wahr zu sein?","breadcrumb":{"@id":"https:\/\/leaddesk.com\/de\/predictive-dialer\/#breadcrumb"},"inLanguage":"de","potentialAction":[{"@type":"ReadAction","target":["https:\/\/leaddesk.com\/de\/predictive-dialer\/"]}]},{"@type":"BreadcrumbList","@id":"https:\/\/leaddesk.com\/de\/predictive-dialer\/#breadcrumb","itemListElement":[{"@type":"ListItem","position":1,"name":"Home","item":"https:\/\/leaddesk.com\/de\/"},{"@type":"ListItem","position":2,"name":"Predictive dialer"}]},{"@type":"WebSite","@id":"https:\/\/leaddesk.com\/de\/#website","url":"https:\/\/leaddesk.com\/de\/","name":"LeadDesk","description":"Contact Center Software for Sales and Customer Service","publisher":{"@id":"https:\/\/leaddesk.com\/de\/#organization"},"potentialAction":[{"@type":"SearchAction","target":{"@type":"EntryPoint","urlTemplate":"https:\/\/leaddesk.com\/de\/?s={search_term_string}"},"query-input":"required name=search_term_string"}],"inLanguage":"de"},{"@type":"Organization","@id":"https:\/\/leaddesk.com\/de\/#organization","name":"LeadDesk","url":"https:\/\/leaddesk.com\/de\/","logo":{"@type":"ImageObject","inLanguage":"de","@id":"https:\/\/leaddesk.com\/de\/#\/schema\/logo\/image\/","url":"https:\/\/leaddesk.com\/wp-content\/uploads\/2023\/07\/leaddesk_symbol_leaddesk_blue.png","contentUrl":"https:\/\/leaddesk.com\/wp-content\/uploads\/2023\/07\/leaddesk_symbol_leaddesk_blue.png","width":2400,"height":2400,"caption":"LeadDesk"},"image":{"@id":"https:\/\/leaddesk.com\/de\/#\/schema\/logo\/image\/"},"sameAs":["https:\/\/www.facebook.com\/leaddesk\/","https:\/\/x.com\/leaddesk","https:\/\/www.instagram.com\/leaddesk\/","https:\/\/linkedin.com\/company\/2365022\/","https:\/\/www.youtube.com\/channel\/UCjB4SgGKs2xz80H4cQH95qw"]}]}},"_links":{"self":[{"href":"https:\/\/leaddesk.com\/de\/wp-json\/wp\/v2\/pages\/52308"}],"collection":[{"href":"https:\/\/leaddesk.com\/de\/wp-json\/wp\/v2\/pages"}],"about":[{"href":"https:\/\/leaddesk.com\/de\/wp-json\/wp\/v2\/types\/page"}],"author":[{"embeddable":true,"href":"https:\/\/leaddesk.com\/de\/wp-json\/wp\/v2\/users\/32"}],"replies":[{"embeddable":true,"href":"https:\/\/leaddesk.com\/de\/wp-json\/wp\/v2\/comments?post=52308"}],"version-history":[{"count":0,"href":"https:\/\/leaddesk.com\/de\/wp-json\/wp\/v2\/pages\/52308\/revisions"}],"wp:attachment":[{"href":"https:\/\/leaddesk.com\/de\/wp-json\/wp\/v2\/media?parent=52308"}],"curies":[{"name":"wp","href":"https:\/\/api.w.org\/{rel}","templated":true}]}}