{"id":43775,"date":"2022-11-14T09:36:38","date_gmt":"2022-11-14T07:36:38","guid":{"rendered":"https:\/\/leaddesk.com\/customer-service\/"},"modified":"2023-04-27T10:17:52","modified_gmt":"2023-04-27T09:17:52","slug":"customer-service","status":"publish","type":"page","link":"https:\/\/leaddesk.com\/es\/software\/customer-service\/","title":{"rendered":"LeadDesk para atenci\u00f3n al cliente"},"content":{"rendered":"","protected":false},"excerpt":{"rendered":"","protected":false},"author":15,"featured_media":50603,"parent":43912,"menu_order":0,"comment_status":"closed","ping_status":"closed","template":"page-blocks-en.php","meta":{"content-type":"","footnotes":""},"acf":[],"yoast_head":"<!-- This site is optimized with the Yoast SEO Premium plugin v22.5 (Yoast SEO v22.5) - https:\/\/yoast.com\/wordpress\/plugins\/seo\/ -->\n<title>Software de atenci\u00f3n al cliente omnicanal \u2013 LeadDesk<\/title>\n<meta name=\"description\" content=\"Atiende a tus clientes en todos los canales con una soluci\u00f3n flexible de centro de contacto en la nube. Reduce la duraci\u00f3n de las colas mediante la IA y la automatizaci\u00f3n.\" \/>\n<meta name=\"robots\" content=\"index, follow, max-snippet:-1, max-image-preview:large, max-video-preview:-1\" \/>\n<link rel=\"canonical\" href=\"https:\/\/leaddesk.com\/es\/software\/customer-service\/\" \/>\n<meta property=\"og:locale\" content=\"es_ES\" \/>\n<meta property=\"og:type\" content=\"article\" \/>\n<meta property=\"og:title\" content=\"Software de atenci\u00f3n al cliente omnicanal \u2013 LeadDesk\" \/>\n<meta property=\"og:description\" content=\"Permite a los agentes gestionar todos los canales de atenci\u00f3n al cliente con un \u00fanico software omnicanal basado en las conversaciones.\" \/>\n<meta property=\"og:url\" content=\"https:\/\/leaddesk.com\/es\/software\/customer-service\/\" \/>\n<meta property=\"og:site_name\" content=\"LeadDesk\" \/>\n<meta property=\"article:publisher\" content=\"https:\/\/www.facebook.com\/leaddesk\/\" \/>\n<meta property=\"article:modified_time\" content=\"2023-04-27T09:17:52+00:00\" \/>\n<meta property=\"og:image\" content=\"https:\/\/leaddesk.com\/wp-content\/uploads\/2023\/01\/LeadDesk-for-Customer-Service.png\" \/>\n\t<meta property=\"og:image:width\" content=\"1200\" \/>\n\t<meta property=\"og:image:height\" content=\"628\" \/>\n\t<meta property=\"og:image:type\" content=\"image\/png\" \/>\n<meta name=\"twitter:card\" content=\"summary_large_image\" \/>\n<meta name=\"twitter:title\" content=\"Software de atenci\u00f3n al cliente omnicanal \u2013 LeadDesk\" \/>\n<meta name=\"twitter:description\" content=\"Permite a los agentes gestionar todos los canales de atenci\u00f3n al cliente con un \u00fanico software omnicanal basado en las conversaciones.\" \/>\n<meta name=\"twitter:site\" content=\"@leaddesk\" \/>\n<script type=\"application\/ld+json\" class=\"yoast-schema-graph\">{\"@context\":\"https:\/\/schema.org\",\"@graph\":[{\"@type\":\"WebPage\",\"@id\":\"https:\/\/leaddesk.com\/es\/software\/customer-service\/\",\"url\":\"https:\/\/leaddesk.com\/es\/software\/customer-service\/\",\"name\":\"Software de atenci\u00f3n al cliente omnicanal \u2013 LeadDesk\",\"isPartOf\":{\"@id\":\"https:\/\/leaddesk.com\/es\/#website\"},\"primaryImageOfPage\":{\"@id\":\"https:\/\/leaddesk.com\/es\/software\/customer-service\/#primaryimage\"},\"image\":{\"@id\":\"https:\/\/leaddesk.com\/es\/software\/customer-service\/#primaryimage\"},\"thumbnailUrl\":\"https:\/\/leaddesk.com\/wp-content\/uploads\/2023\/01\/LeadDesk-for-Customer-Service.png\",\"datePublished\":\"2022-11-14T07:36:38+00:00\",\"dateModified\":\"2023-04-27T09:17:52+00:00\",\"description\":\"Atiende a tus clientes en todos los canales con una soluci\u00f3n flexible de centro de contacto en la nube. Reduce la duraci\u00f3n de las colas mediante la IA y la automatizaci\u00f3n.\",\"breadcrumb\":{\"@id\":\"https:\/\/leaddesk.com\/es\/software\/customer-service\/#breadcrumb\"},\"inLanguage\":\"es\",\"potentialAction\":[{\"@type\":\"ReadAction\",\"target\":[\"https:\/\/leaddesk.com\/es\/software\/customer-service\/\"]}]},{\"@type\":\"ImageObject\",\"inLanguage\":\"es\",\"@id\":\"https:\/\/leaddesk.com\/es\/software\/customer-service\/#primaryimage\",\"url\":\"https:\/\/leaddesk.com\/wp-content\/uploads\/2023\/01\/LeadDesk-for-Customer-Service.png\",\"contentUrl\":\"https:\/\/leaddesk.com\/wp-content\/uploads\/2023\/01\/LeadDesk-for-Customer-Service.png\",\"width\":1200,\"height\":628},{\"@type\":\"BreadcrumbList\",\"@id\":\"https:\/\/leaddesk.com\/es\/software\/customer-service\/#breadcrumb\",\"itemListElement\":[{\"@type\":\"ListItem\",\"position\":1,\"name\":\"Home\",\"item\":\"https:\/\/leaddesk.com\/es\/\"},{\"@type\":\"ListItem\",\"position\":2,\"name\":\"Productos\",\"item\":\"https:\/\/leaddesk.com\/es\/software\/\"},{\"@type\":\"ListItem\",\"position\":3,\"name\":\"LeadDesk para atenci\u00f3n al cliente\"}]},{\"@type\":\"WebSite\",\"@id\":\"https:\/\/leaddesk.com\/es\/#website\",\"url\":\"https:\/\/leaddesk.com\/es\/\",\"name\":\"LeadDesk\",\"description\":\"Contact Center Software for Sales and Customer Service\",\"publisher\":{\"@id\":\"https:\/\/leaddesk.com\/es\/#organization\"},\"potentialAction\":[{\"@type\":\"SearchAction\",\"target\":{\"@type\":\"EntryPoint\",\"urlTemplate\":\"https:\/\/leaddesk.com\/es\/?s={search_term_string}\"},\"query-input\":\"required name=search_term_string\"}],\"inLanguage\":\"es\"},{\"@type\":\"Organization\",\"@id\":\"https:\/\/leaddesk.com\/es\/#organization\",\"name\":\"LeadDesk\",\"url\":\"https:\/\/leaddesk.com\/es\/\",\"logo\":{\"@type\":\"ImageObject\",\"inLanguage\":\"es\",\"@id\":\"https:\/\/leaddesk.com\/es\/#\/schema\/logo\/image\/\",\"url\":\"https:\/\/leaddesk.com\/wp-content\/uploads\/2023\/07\/leaddesk_symbol_leaddesk_blue.png\",\"contentUrl\":\"https:\/\/leaddesk.com\/wp-content\/uploads\/2023\/07\/leaddesk_symbol_leaddesk_blue.png\",\"width\":2400,\"height\":2400,\"caption\":\"LeadDesk\"},\"image\":{\"@id\":\"https:\/\/leaddesk.com\/es\/#\/schema\/logo\/image\/\"},\"sameAs\":[\"https:\/\/www.facebook.com\/leaddesk\/\",\"https:\/\/x.com\/leaddesk\",\"https:\/\/www.instagram.com\/leaddesk\/\",\"https:\/\/linkedin.com\/company\/2365022\/\",\"https:\/\/www.youtube.com\/channel\/UCjB4SgGKs2xz80H4cQH95qw\"]}]}<\/script>\n<!-- \/ Yoast SEO Premium plugin. -->","yoast_head_json":{"title":"Software de atenci\u00f3n al cliente omnicanal \u2013 LeadDesk","description":"Atiende a tus clientes en todos los canales con una soluci\u00f3n flexible de centro de contacto en la nube. Reduce la duraci\u00f3n de las colas mediante la IA y la automatizaci\u00f3n.","robots":{"index":"index","follow":"follow","max-snippet":"max-snippet:-1","max-image-preview":"max-image-preview:large","max-video-preview":"max-video-preview:-1"},"canonical":"https:\/\/leaddesk.com\/es\/software\/customer-service\/","og_locale":"es_ES","og_type":"article","og_title":"Software de atenci\u00f3n al cliente omnicanal \u2013 LeadDesk","og_description":"Permite a los agentes gestionar todos los canales de atenci\u00f3n al cliente con un \u00fanico software omnicanal basado en las conversaciones.","og_url":"https:\/\/leaddesk.com\/es\/software\/customer-service\/","og_site_name":"LeadDesk","article_publisher":"https:\/\/www.facebook.com\/leaddesk\/","article_modified_time":"2023-04-27T09:17:52+00:00","og_image":[{"width":1200,"height":628,"url":"https:\/\/leaddesk.com\/wp-content\/uploads\/2023\/01\/LeadDesk-for-Customer-Service.png","type":"image\/png"}],"twitter_card":"summary_large_image","twitter_title":"Software de atenci\u00f3n al cliente omnicanal \u2013 LeadDesk","twitter_description":"Permite a los agentes gestionar todos los canales de atenci\u00f3n al cliente con un \u00fanico software omnicanal basado en las conversaciones.","twitter_site":"@leaddesk","schema":{"@context":"https:\/\/schema.org","@graph":[{"@type":"WebPage","@id":"https:\/\/leaddesk.com\/es\/software\/customer-service\/","url":"https:\/\/leaddesk.com\/es\/software\/customer-service\/","name":"Software de atenci\u00f3n al cliente omnicanal \u2013 LeadDesk","isPartOf":{"@id":"https:\/\/leaddesk.com\/es\/#website"},"primaryImageOfPage":{"@id":"https:\/\/leaddesk.com\/es\/software\/customer-service\/#primaryimage"},"image":{"@id":"https:\/\/leaddesk.com\/es\/software\/customer-service\/#primaryimage"},"thumbnailUrl":"https:\/\/leaddesk.com\/wp-content\/uploads\/2023\/01\/LeadDesk-for-Customer-Service.png","datePublished":"2022-11-14T07:36:38+00:00","dateModified":"2023-04-27T09:17:52+00:00","description":"Atiende a tus clientes en todos los canales con una soluci\u00f3n flexible de centro de contacto en la nube. Reduce la duraci\u00f3n de las colas mediante la IA y la automatizaci\u00f3n.","breadcrumb":{"@id":"https:\/\/leaddesk.com\/es\/software\/customer-service\/#breadcrumb"},"inLanguage":"es","potentialAction":[{"@type":"ReadAction","target":["https:\/\/leaddesk.com\/es\/software\/customer-service\/"]}]},{"@type":"ImageObject","inLanguage":"es","@id":"https:\/\/leaddesk.com\/es\/software\/customer-service\/#primaryimage","url":"https:\/\/leaddesk.com\/wp-content\/uploads\/2023\/01\/LeadDesk-for-Customer-Service.png","contentUrl":"https:\/\/leaddesk.com\/wp-content\/uploads\/2023\/01\/LeadDesk-for-Customer-Service.png","width":1200,"height":628},{"@type":"BreadcrumbList","@id":"https:\/\/leaddesk.com\/es\/software\/customer-service\/#breadcrumb","itemListElement":[{"@type":"ListItem","position":1,"name":"Home","item":"https:\/\/leaddesk.com\/es\/"},{"@type":"ListItem","position":2,"name":"Productos","item":"https:\/\/leaddesk.com\/es\/software\/"},{"@type":"ListItem","position":3,"name":"LeadDesk para atenci\u00f3n al cliente"}]},{"@type":"WebSite","@id":"https:\/\/leaddesk.com\/es\/#website","url":"https:\/\/leaddesk.com\/es\/","name":"LeadDesk","description":"Contact Center Software for Sales and Customer Service","publisher":{"@id":"https:\/\/leaddesk.com\/es\/#organization"},"potentialAction":[{"@type":"SearchAction","target":{"@type":"EntryPoint","urlTemplate":"https:\/\/leaddesk.com\/es\/?s={search_term_string}"},"query-input":"required name=search_term_string"}],"inLanguage":"es"},{"@type":"Organization","@id":"https:\/\/leaddesk.com\/es\/#organization","name":"LeadDesk","url":"https:\/\/leaddesk.com\/es\/","logo":{"@type":"ImageObject","inLanguage":"es","@id":"https:\/\/leaddesk.com\/es\/#\/schema\/logo\/image\/","url":"https:\/\/leaddesk.com\/wp-content\/uploads\/2023\/07\/leaddesk_symbol_leaddesk_blue.png","contentUrl":"https:\/\/leaddesk.com\/wp-content\/uploads\/2023\/07\/leaddesk_symbol_leaddesk_blue.png","width":2400,"height":2400,"caption":"LeadDesk"},"image":{"@id":"https:\/\/leaddesk.com\/es\/#\/schema\/logo\/image\/"},"sameAs":["https:\/\/www.facebook.com\/leaddesk\/","https:\/\/x.com\/leaddesk","https:\/\/www.instagram.com\/leaddesk\/","https:\/\/linkedin.com\/company\/2365022\/","https:\/\/www.youtube.com\/channel\/UCjB4SgGKs2xz80H4cQH95qw"]}]}},"_links":{"self":[{"href":"https:\/\/leaddesk.com\/es\/wp-json\/wp\/v2\/pages\/43775"}],"collection":[{"href":"https:\/\/leaddesk.com\/es\/wp-json\/wp\/v2\/pages"}],"about":[{"href":"https:\/\/leaddesk.com\/es\/wp-json\/wp\/v2\/types\/page"}],"author":[{"embeddable":true,"href":"https:\/\/leaddesk.com\/es\/wp-json\/wp\/v2\/users\/15"}],"replies":[{"embeddable":true,"href":"https:\/\/leaddesk.com\/es\/wp-json\/wp\/v2\/comments?post=43775"}],"version-history":[{"count":0,"href":"https:\/\/leaddesk.com\/es\/wp-json\/wp\/v2\/pages\/43775\/revisions"}],"up":[{"embeddable":true,"href":"https:\/\/leaddesk.com\/es\/wp-json\/wp\/v2\/pages\/43912"}],"wp:featuredmedia":[{"embeddable":true,"href":"https:\/\/leaddesk.com\/es\/wp-json\/wp\/v2\/media\/50603"}],"wp:attachment":[{"href":"https:\/\/leaddesk.com\/es\/wp-json\/wp\/v2\/media?parent=43775"}],"curies":[{"name":"wp","href":"https:\/\/api.w.org\/{rel}","templated":true}]}}