{"id":52334,"date":"2023-01-30T12:00:52","date_gmt":"2023-01-30T11:00:52","guid":{"rendered":"https:\/\/leaddesk.com\/marcacion-predictiva\/"},"modified":"2023-01-30T12:00:52","modified_gmt":"2023-01-30T11:00:52","slug":"marcacion-predictiva","status":"publish","type":"page","link":"https:\/\/leaddesk.com\/es\/marcacion-predictiva\/","title":{"rendered":"Marcaci\u00f3n predictiva"},"content":{"rendered":"","protected":false},"excerpt":{"rendered":"","protected":false},"author":32,"featured_media":0,"parent":0,"menu_order":169,"comment_status":"closed","ping_status":"closed","template":"page-blocks-en.php","meta":{"content-type":"","footnotes":""},"acf":[],"yoast_head":"<!-- This site is optimized with the Yoast SEO Premium plugin v22.5 (Yoast SEO v22.5) - https:\/\/yoast.com\/wordpress\/plugins\/seo\/ -->\n<title>Marcaci\u00f3n predictiva: qu\u00e9 es y cu\u00e1ndo usarla (o no).<\/title>\n<meta name=\"description\" content=\"Los marcadores predictivos utilizan la inteligencia artificial para eliminar la incertidumbre en las llamadas y garantizar que tus agentes de ventas est\u00e9n hablando constantemente con clientes. \u00bfSuena demasiado bien para ser verdad?\" \/>\n<meta name=\"robots\" content=\"index, follow, max-snippet:-1, max-image-preview:large, max-video-preview:-1\" \/>\n<link rel=\"canonical\" href=\"https:\/\/leaddesk.com\/es\/marcacion-predictiva\/\" \/>\n<meta property=\"og:locale\" content=\"es_ES\" \/>\n<meta property=\"og:type\" content=\"article\" \/>\n<meta property=\"og:title\" content=\"Marcaci\u00f3n predictiva\" \/>\n<meta property=\"og:description\" content=\"Los marcadores predictivos utilizan la inteligencia artificial para eliminar la incertidumbre en las llamadas y garantizar que tus agentes de ventas est\u00e9n hablando constantemente con clientes. \u00bfSuena demasiado bien para ser verdad?\" \/>\n<meta property=\"og:url\" content=\"https:\/\/leaddesk.com\/es\/marcacion-predictiva\/\" \/>\n<meta property=\"og:site_name\" content=\"LeadDesk\" \/>\n<meta property=\"article:publisher\" content=\"https:\/\/www.facebook.com\/leaddesk\/\" \/>\n<meta property=\"og:image\" content=\"https:\/\/leaddesk.com\/wp-content\/uploads\/2022\/10\/featured-image-logo.jpg\" \/>\n\t<meta property=\"og:image:width\" content=\"1200\" \/>\n\t<meta property=\"og:image:height\" content=\"630\" \/>\n\t<meta property=\"og:image:type\" content=\"image\/jpeg\" \/>\n<meta name=\"twitter:card\" content=\"summary_large_image\" \/>\n<meta name=\"twitter:site\" content=\"@leaddesk\" \/>\n<script type=\"application\/ld+json\" class=\"yoast-schema-graph\">{\"@context\":\"https:\/\/schema.org\",\"@graph\":[{\"@type\":\"WebPage\",\"@id\":\"https:\/\/leaddesk.com\/es\/marcacion-predictiva\/\",\"url\":\"https:\/\/leaddesk.com\/es\/marcacion-predictiva\/\",\"name\":\"Marcaci\u00f3n predictiva: qu\u00e9 es y cu\u00e1ndo usarla (o no).\",\"isPartOf\":{\"@id\":\"https:\/\/leaddesk.com\/es\/#website\"},\"datePublished\":\"2023-01-30T11:00:52+00:00\",\"dateModified\":\"2023-01-30T11:00:52+00:00\",\"description\":\"Los marcadores predictivos utilizan la inteligencia artificial para eliminar la incertidumbre en las llamadas y garantizar que tus agentes de ventas est\u00e9n hablando constantemente con clientes. \u00bfSuena demasiado bien para ser verdad?\",\"breadcrumb\":{\"@id\":\"https:\/\/leaddesk.com\/es\/marcacion-predictiva\/#breadcrumb\"},\"inLanguage\":\"es\",\"potentialAction\":[{\"@type\":\"ReadAction\",\"target\":[\"https:\/\/leaddesk.com\/es\/marcacion-predictiva\/\"]}]},{\"@type\":\"BreadcrumbList\",\"@id\":\"https:\/\/leaddesk.com\/es\/marcacion-predictiva\/#breadcrumb\",\"itemListElement\":[{\"@type\":\"ListItem\",\"position\":1,\"name\":\"Home\",\"item\":\"https:\/\/leaddesk.com\/es\/\"},{\"@type\":\"ListItem\",\"position\":2,\"name\":\"Marcaci\u00f3n predictiva\"}]},{\"@type\":\"WebSite\",\"@id\":\"https:\/\/leaddesk.com\/es\/#website\",\"url\":\"https:\/\/leaddesk.com\/es\/\",\"name\":\"LeadDesk\",\"description\":\"Contact Center Software for Sales and Customer Service\",\"publisher\":{\"@id\":\"https:\/\/leaddesk.com\/es\/#organization\"},\"potentialAction\":[{\"@type\":\"SearchAction\",\"target\":{\"@type\":\"EntryPoint\",\"urlTemplate\":\"https:\/\/leaddesk.com\/es\/?s={search_term_string}\"},\"query-input\":\"required name=search_term_string\"}],\"inLanguage\":\"es\"},{\"@type\":\"Organization\",\"@id\":\"https:\/\/leaddesk.com\/es\/#organization\",\"name\":\"LeadDesk\",\"url\":\"https:\/\/leaddesk.com\/es\/\",\"logo\":{\"@type\":\"ImageObject\",\"inLanguage\":\"es\",\"@id\":\"https:\/\/leaddesk.com\/es\/#\/schema\/logo\/image\/\",\"url\":\"https:\/\/leaddesk.com\/wp-content\/uploads\/2023\/07\/leaddesk_symbol_leaddesk_blue.png\",\"contentUrl\":\"https:\/\/leaddesk.com\/wp-content\/uploads\/2023\/07\/leaddesk_symbol_leaddesk_blue.png\",\"width\":2400,\"height\":2400,\"caption\":\"LeadDesk\"},\"image\":{\"@id\":\"https:\/\/leaddesk.com\/es\/#\/schema\/logo\/image\/\"},\"sameAs\":[\"https:\/\/www.facebook.com\/leaddesk\/\",\"https:\/\/x.com\/leaddesk\",\"https:\/\/www.instagram.com\/leaddesk\/\",\"https:\/\/linkedin.com\/company\/2365022\/\",\"https:\/\/www.youtube.com\/channel\/UCjB4SgGKs2xz80H4cQH95qw\"]}]}<\/script>\n<!-- \/ Yoast SEO Premium plugin. -->","yoast_head_json":{"title":"Marcaci\u00f3n predictiva: qu\u00e9 es y cu\u00e1ndo usarla (o no).","description":"Los marcadores predictivos utilizan la inteligencia artificial para eliminar la incertidumbre en las llamadas y garantizar que tus agentes de ventas est\u00e9n hablando constantemente con clientes. \u00bfSuena demasiado bien para ser verdad?","robots":{"index":"index","follow":"follow","max-snippet":"max-snippet:-1","max-image-preview":"max-image-preview:large","max-video-preview":"max-video-preview:-1"},"canonical":"https:\/\/leaddesk.com\/es\/marcacion-predictiva\/","og_locale":"es_ES","og_type":"article","og_title":"Marcaci\u00f3n predictiva","og_description":"Los marcadores predictivos utilizan la inteligencia artificial para eliminar la incertidumbre en las llamadas y garantizar que tus agentes de ventas est\u00e9n hablando constantemente con clientes. \u00bfSuena demasiado bien para ser verdad?","og_url":"https:\/\/leaddesk.com\/es\/marcacion-predictiva\/","og_site_name":"LeadDesk","article_publisher":"https:\/\/www.facebook.com\/leaddesk\/","og_image":[{"width":1200,"height":630,"url":"https:\/\/leaddesk.com\/wp-content\/uploads\/2022\/10\/featured-image-logo.jpg","type":"image\/jpeg"}],"twitter_card":"summary_large_image","twitter_site":"@leaddesk","schema":{"@context":"https:\/\/schema.org","@graph":[{"@type":"WebPage","@id":"https:\/\/leaddesk.com\/es\/marcacion-predictiva\/","url":"https:\/\/leaddesk.com\/es\/marcacion-predictiva\/","name":"Marcaci\u00f3n predictiva: qu\u00e9 es y cu\u00e1ndo usarla (o no).","isPartOf":{"@id":"https:\/\/leaddesk.com\/es\/#website"},"datePublished":"2023-01-30T11:00:52+00:00","dateModified":"2023-01-30T11:00:52+00:00","description":"Los marcadores predictivos utilizan la inteligencia artificial para eliminar la incertidumbre en las llamadas y garantizar que tus agentes de ventas est\u00e9n hablando constantemente con clientes. \u00bfSuena demasiado bien para ser verdad?","breadcrumb":{"@id":"https:\/\/leaddesk.com\/es\/marcacion-predictiva\/#breadcrumb"},"inLanguage":"es","potentialAction":[{"@type":"ReadAction","target":["https:\/\/leaddesk.com\/es\/marcacion-predictiva\/"]}]},{"@type":"BreadcrumbList","@id":"https:\/\/leaddesk.com\/es\/marcacion-predictiva\/#breadcrumb","itemListElement":[{"@type":"ListItem","position":1,"name":"Home","item":"https:\/\/leaddesk.com\/es\/"},{"@type":"ListItem","position":2,"name":"Marcaci\u00f3n predictiva"}]},{"@type":"WebSite","@id":"https:\/\/leaddesk.com\/es\/#website","url":"https:\/\/leaddesk.com\/es\/","name":"LeadDesk","description":"Contact Center Software for Sales and Customer Service","publisher":{"@id":"https:\/\/leaddesk.com\/es\/#organization"},"potentialAction":[{"@type":"SearchAction","target":{"@type":"EntryPoint","urlTemplate":"https:\/\/leaddesk.com\/es\/?s={search_term_string}"},"query-input":"required name=search_term_string"}],"inLanguage":"es"},{"@type":"Organization","@id":"https:\/\/leaddesk.com\/es\/#organization","name":"LeadDesk","url":"https:\/\/leaddesk.com\/es\/","logo":{"@type":"ImageObject","inLanguage":"es","@id":"https:\/\/leaddesk.com\/es\/#\/schema\/logo\/image\/","url":"https:\/\/leaddesk.com\/wp-content\/uploads\/2023\/07\/leaddesk_symbol_leaddesk_blue.png","contentUrl":"https:\/\/leaddesk.com\/wp-content\/uploads\/2023\/07\/leaddesk_symbol_leaddesk_blue.png","width":2400,"height":2400,"caption":"LeadDesk"},"image":{"@id":"https:\/\/leaddesk.com\/es\/#\/schema\/logo\/image\/"},"sameAs":["https:\/\/www.facebook.com\/leaddesk\/","https:\/\/x.com\/leaddesk","https:\/\/www.instagram.com\/leaddesk\/","https:\/\/linkedin.com\/company\/2365022\/","https:\/\/www.youtube.com\/channel\/UCjB4SgGKs2xz80H4cQH95qw"]}]}},"_links":{"self":[{"href":"https:\/\/leaddesk.com\/es\/wp-json\/wp\/v2\/pages\/52334"}],"collection":[{"href":"https:\/\/leaddesk.com\/es\/wp-json\/wp\/v2\/pages"}],"about":[{"href":"https:\/\/leaddesk.com\/es\/wp-json\/wp\/v2\/types\/page"}],"author":[{"embeddable":true,"href":"https:\/\/leaddesk.com\/es\/wp-json\/wp\/v2\/users\/32"}],"replies":[{"embeddable":true,"href":"https:\/\/leaddesk.com\/es\/wp-json\/wp\/v2\/comments?post=52334"}],"version-history":[{"count":0,"href":"https:\/\/leaddesk.com\/es\/wp-json\/wp\/v2\/pages\/52334\/revisions"}],"wp:attachment":[{"href":"https:\/\/leaddesk.com\/es\/wp-json\/wp\/v2\/media?parent=52334"}],"curies":[{"name":"wp","href":"https:\/\/api.w.org\/{rel}","templated":true}]}}