{"id":52347,"date":"2022-07-06T08:12:54","date_gmt":"2022-07-06T05:12:54","guid":{"rendered":"https:\/\/leaddesk.com\/seguridad\/"},"modified":"2023-07-12T13:31:11","modified_gmt":"2023-07-12T12:31:11","slug":"seguridad","status":"publish","type":"page","link":"https:\/\/leaddesk.com\/es\/seguridad\/","title":{"rendered":"Seguridad"},"content":{"rendered":"","protected":false},"excerpt":{"rendered":"","protected":false},"author":32,"featured_media":50797,"parent":0,"menu_order":97,"comment_status":"closed","ping_status":"closed","template":"template-landing-page-en.php","meta":{"content-type":"","footnotes":""},"acf":[],"yoast_head":"<!-- This site is optimized with the Yoast SEO Premium plugin v22.5 (Yoast SEO v22.5) - https:\/\/yoast.com\/wordpress\/plugins\/seo\/ -->\n<title>C\u00f3mo es la seguridad del centro de contacto de LeadDesk<\/title>\n<meta name=\"description\" content=\"Elige un software de centro de contacto realmente seguro para tu empresa: puedes obtener m\u00e1s informaci\u00f3n en esta gu\u00eda.\" \/>\n<meta name=\"robots\" content=\"index, follow, max-snippet:-1, max-image-preview:large, max-video-preview:-1\" \/>\n<link rel=\"canonical\" href=\"https:\/\/leaddesk.com\/es\/seguridad\/\" \/>\n<meta property=\"og:locale\" content=\"es_ES\" \/>\n<meta property=\"og:type\" content=\"article\" \/>\n<meta property=\"og:title\" content=\"Seguridad\" \/>\n<meta property=\"og:description\" content=\"Elige un software de centro de contacto realmente seguro para tu empresa: puedes obtener m\u00e1s informaci\u00f3n en esta gu\u00eda.\" \/>\n<meta property=\"og:url\" content=\"https:\/\/leaddesk.com\/es\/seguridad\/\" \/>\n<meta property=\"og:site_name\" content=\"LeadDesk\" \/>\n<meta property=\"article:publisher\" content=\"https:\/\/www.facebook.com\/leaddesk\/\" \/>\n<meta property=\"article:modified_time\" content=\"2023-07-12T12:31:11+00:00\" \/>\n<meta property=\"og:image\" content=\"https:\/\/leaddesk.com\/wp-content\/uploads\/2023\/01\/LeadDesk-Security.png\" \/>\n\t<meta property=\"og:image:width\" content=\"1201\" \/>\n\t<meta property=\"og:image:height\" content=\"629\" \/>\n\t<meta property=\"og:image:type\" content=\"image\/png\" \/>\n<meta name=\"twitter:card\" content=\"summary_large_image\" \/>\n<meta name=\"twitter:site\" content=\"@leaddesk\" \/>\n<script type=\"application\/ld+json\" class=\"yoast-schema-graph\">{\"@context\":\"https:\/\/schema.org\",\"@graph\":[{\"@type\":\"WebPage\",\"@id\":\"https:\/\/leaddesk.com\/es\/seguridad\/\",\"url\":\"https:\/\/leaddesk.com\/es\/seguridad\/\",\"name\":\"C\u00f3mo es la seguridad del centro de contacto de LeadDesk\",\"isPartOf\":{\"@id\":\"https:\/\/leaddesk.com\/es\/#website\"},\"primaryImageOfPage\":{\"@id\":\"https:\/\/leaddesk.com\/es\/seguridad\/#primaryimage\"},\"image\":{\"@id\":\"https:\/\/leaddesk.com\/es\/seguridad\/#primaryimage\"},\"thumbnailUrl\":\"https:\/\/leaddesk.com\/wp-content\/uploads\/2023\/01\/LeadDesk-Security.png\",\"datePublished\":\"2022-07-06T05:12:54+00:00\",\"dateModified\":\"2023-07-12T12:31:11+00:00\",\"description\":\"Elige un software de centro de contacto realmente seguro para tu empresa: puedes obtener m\u00e1s informaci\u00f3n en esta gu\u00eda.\",\"breadcrumb\":{\"@id\":\"https:\/\/leaddesk.com\/es\/seguridad\/#breadcrumb\"},\"inLanguage\":\"es\",\"potentialAction\":[{\"@type\":\"ReadAction\",\"target\":[\"https:\/\/leaddesk.com\/es\/seguridad\/\"]}]},{\"@type\":\"ImageObject\",\"inLanguage\":\"es\",\"@id\":\"https:\/\/leaddesk.com\/es\/seguridad\/#primaryimage\",\"url\":\"https:\/\/leaddesk.com\/wp-content\/uploads\/2023\/01\/LeadDesk-Security.png\",\"contentUrl\":\"https:\/\/leaddesk.com\/wp-content\/uploads\/2023\/01\/LeadDesk-Security.png\",\"width\":1201,\"height\":629},{\"@type\":\"BreadcrumbList\",\"@id\":\"https:\/\/leaddesk.com\/es\/seguridad\/#breadcrumb\",\"itemListElement\":[{\"@type\":\"ListItem\",\"position\":1,\"name\":\"Home\",\"item\":\"https:\/\/leaddesk.com\/es\/\"},{\"@type\":\"ListItem\",\"position\":2,\"name\":\"Seguridad\"}]},{\"@type\":\"WebSite\",\"@id\":\"https:\/\/leaddesk.com\/es\/#website\",\"url\":\"https:\/\/leaddesk.com\/es\/\",\"name\":\"LeadDesk\",\"description\":\"Contact Center Software for Sales and Customer Service\",\"publisher\":{\"@id\":\"https:\/\/leaddesk.com\/es\/#organization\"},\"potentialAction\":[{\"@type\":\"SearchAction\",\"target\":{\"@type\":\"EntryPoint\",\"urlTemplate\":\"https:\/\/leaddesk.com\/es\/?s={search_term_string}\"},\"query-input\":\"required name=search_term_string\"}],\"inLanguage\":\"es\"},{\"@type\":\"Organization\",\"@id\":\"https:\/\/leaddesk.com\/es\/#organization\",\"name\":\"LeadDesk\",\"url\":\"https:\/\/leaddesk.com\/es\/\",\"logo\":{\"@type\":\"ImageObject\",\"inLanguage\":\"es\",\"@id\":\"https:\/\/leaddesk.com\/es\/#\/schema\/logo\/image\/\",\"url\":\"https:\/\/leaddesk.com\/wp-content\/uploads\/2023\/07\/leaddesk_symbol_leaddesk_blue.png\",\"contentUrl\":\"https:\/\/leaddesk.com\/wp-content\/uploads\/2023\/07\/leaddesk_symbol_leaddesk_blue.png\",\"width\":2400,\"height\":2400,\"caption\":\"LeadDesk\"},\"image\":{\"@id\":\"https:\/\/leaddesk.com\/es\/#\/schema\/logo\/image\/\"},\"sameAs\":[\"https:\/\/www.facebook.com\/leaddesk\/\",\"https:\/\/x.com\/leaddesk\",\"https:\/\/www.instagram.com\/leaddesk\/\",\"https:\/\/linkedin.com\/company\/2365022\/\",\"https:\/\/www.youtube.com\/channel\/UCjB4SgGKs2xz80H4cQH95qw\"]}]}<\/script>\n<!-- \/ Yoast SEO Premium plugin. -->","yoast_head_json":{"title":"C\u00f3mo es la seguridad del centro de contacto de LeadDesk","description":"Elige un software de centro de contacto realmente seguro para tu empresa: puedes obtener m\u00e1s informaci\u00f3n en esta gu\u00eda.","robots":{"index":"index","follow":"follow","max-snippet":"max-snippet:-1","max-image-preview":"max-image-preview:large","max-video-preview":"max-video-preview:-1"},"canonical":"https:\/\/leaddesk.com\/es\/seguridad\/","og_locale":"es_ES","og_type":"article","og_title":"Seguridad","og_description":"Elige un software de centro de contacto realmente seguro para tu empresa: puedes obtener m\u00e1s informaci\u00f3n en esta gu\u00eda.","og_url":"https:\/\/leaddesk.com\/es\/seguridad\/","og_site_name":"LeadDesk","article_publisher":"https:\/\/www.facebook.com\/leaddesk\/","article_modified_time":"2023-07-12T12:31:11+00:00","og_image":[{"width":1201,"height":629,"url":"https:\/\/leaddesk.com\/wp-content\/uploads\/2023\/01\/LeadDesk-Security.png","type":"image\/png"}],"twitter_card":"summary_large_image","twitter_site":"@leaddesk","schema":{"@context":"https:\/\/schema.org","@graph":[{"@type":"WebPage","@id":"https:\/\/leaddesk.com\/es\/seguridad\/","url":"https:\/\/leaddesk.com\/es\/seguridad\/","name":"C\u00f3mo es la seguridad del centro de contacto de LeadDesk","isPartOf":{"@id":"https:\/\/leaddesk.com\/es\/#website"},"primaryImageOfPage":{"@id":"https:\/\/leaddesk.com\/es\/seguridad\/#primaryimage"},"image":{"@id":"https:\/\/leaddesk.com\/es\/seguridad\/#primaryimage"},"thumbnailUrl":"https:\/\/leaddesk.com\/wp-content\/uploads\/2023\/01\/LeadDesk-Security.png","datePublished":"2022-07-06T05:12:54+00:00","dateModified":"2023-07-12T12:31:11+00:00","description":"Elige un software de centro de contacto realmente seguro para tu empresa: puedes obtener m\u00e1s informaci\u00f3n en esta gu\u00eda.","breadcrumb":{"@id":"https:\/\/leaddesk.com\/es\/seguridad\/#breadcrumb"},"inLanguage":"es","potentialAction":[{"@type":"ReadAction","target":["https:\/\/leaddesk.com\/es\/seguridad\/"]}]},{"@type":"ImageObject","inLanguage":"es","@id":"https:\/\/leaddesk.com\/es\/seguridad\/#primaryimage","url":"https:\/\/leaddesk.com\/wp-content\/uploads\/2023\/01\/LeadDesk-Security.png","contentUrl":"https:\/\/leaddesk.com\/wp-content\/uploads\/2023\/01\/LeadDesk-Security.png","width":1201,"height":629},{"@type":"BreadcrumbList","@id":"https:\/\/leaddesk.com\/es\/seguridad\/#breadcrumb","itemListElement":[{"@type":"ListItem","position":1,"name":"Home","item":"https:\/\/leaddesk.com\/es\/"},{"@type":"ListItem","position":2,"name":"Seguridad"}]},{"@type":"WebSite","@id":"https:\/\/leaddesk.com\/es\/#website","url":"https:\/\/leaddesk.com\/es\/","name":"LeadDesk","description":"Contact Center Software for Sales and Customer Service","publisher":{"@id":"https:\/\/leaddesk.com\/es\/#organization"},"potentialAction":[{"@type":"SearchAction","target":{"@type":"EntryPoint","urlTemplate":"https:\/\/leaddesk.com\/es\/?s={search_term_string}"},"query-input":"required name=search_term_string"}],"inLanguage":"es"},{"@type":"Organization","@id":"https:\/\/leaddesk.com\/es\/#organization","name":"LeadDesk","url":"https:\/\/leaddesk.com\/es\/","logo":{"@type":"ImageObject","inLanguage":"es","@id":"https:\/\/leaddesk.com\/es\/#\/schema\/logo\/image\/","url":"https:\/\/leaddesk.com\/wp-content\/uploads\/2023\/07\/leaddesk_symbol_leaddesk_blue.png","contentUrl":"https:\/\/leaddesk.com\/wp-content\/uploads\/2023\/07\/leaddesk_symbol_leaddesk_blue.png","width":2400,"height":2400,"caption":"LeadDesk"},"image":{"@id":"https:\/\/leaddesk.com\/es\/#\/schema\/logo\/image\/"},"sameAs":["https:\/\/www.facebook.com\/leaddesk\/","https:\/\/x.com\/leaddesk","https:\/\/www.instagram.com\/leaddesk\/","https:\/\/linkedin.com\/company\/2365022\/","https:\/\/www.youtube.com\/channel\/UCjB4SgGKs2xz80H4cQH95qw"]}]}},"_links":{"self":[{"href":"https:\/\/leaddesk.com\/es\/wp-json\/wp\/v2\/pages\/52347"}],"collection":[{"href":"https:\/\/leaddesk.com\/es\/wp-json\/wp\/v2\/pages"}],"about":[{"href":"https:\/\/leaddesk.com\/es\/wp-json\/wp\/v2\/types\/page"}],"author":[{"embeddable":true,"href":"https:\/\/leaddesk.com\/es\/wp-json\/wp\/v2\/users\/32"}],"replies":[{"embeddable":true,"href":"https:\/\/leaddesk.com\/es\/wp-json\/wp\/v2\/comments?post=52347"}],"version-history":[{"count":0,"href":"https:\/\/leaddesk.com\/es\/wp-json\/wp\/v2\/pages\/52347\/revisions"}],"wp:featuredmedia":[{"embeddable":true,"href":"https:\/\/leaddesk.com\/es\/wp-json\/wp\/v2\/media\/50797"}],"wp:attachment":[{"href":"https:\/\/leaddesk.com\/es\/wp-json\/wp\/v2\/media?parent=52347"}],"curies":[{"name":"wp","href":"https:\/\/api.w.org\/{rel}","templated":true}]}}