{"id":57634,"date":"2025-06-24T10:00:37","date_gmt":"2025-06-24T07:00:37","guid":{"rendered":"https:\/\/leaddesk.com\/sanidad\/"},"modified":"2025-06-24T13:12:44","modified_gmt":"2025-06-24T10:12:44","slug":"sanidad","status":"publish","type":"page","link":"https:\/\/leaddesk.com\/es\/sanidad\/","title":{"rendered":"Sanidad"},"content":{"rendered":"","protected":false},"excerpt":{"rendered":"","protected":false},"author":32,"featured_media":50726,"parent":0,"menu_order":166,"comment_status":"closed","ping_status":"closed","template":"page-blocks-en.php","meta":{"content-type":"","footnotes":""},"acf":[],"yoast_head":"<!-- This site is optimized with the Yoast SEO Premium plugin v22.5 (Yoast SEO v22.5) - https:\/\/yoast.com\/wordpress\/plugins\/seo\/ -->\n<title>Software de devoluci\u00f3n de llamadas para centros de contacto sanitarios - LeadDesk<\/title>\n<meta name=\"description\" content=\"El software de devoluci\u00f3n de llamadas para centros de contacto sanitarios de LeadDesk garantiza la devoluci\u00f3n puntual de las llamadas a los pacientes y proporciona comunicaciones seguras y conformes con la GDPR.\" \/>\n<meta name=\"robots\" content=\"index, follow, max-snippet:-1, max-image-preview:large, max-video-preview:-1\" \/>\n<link rel=\"canonical\" href=\"https:\/\/leaddesk.com\/es\/sanidad\/\" \/>\n<meta property=\"og:locale\" content=\"es_ES\" \/>\n<meta property=\"og:type\" content=\"article\" \/>\n<meta property=\"og:title\" content=\"Software de rellamada para centros de contacto sanitarios - LeadDesk\" \/>\n<meta property=\"og:description\" content=\"\u00bfCansado de perder llamadas de pacientes? El software de devoluci\u00f3n de llamadas de LeadDesk ayuda a tu centro de contacto sanitario a devolver a tiempo las llamadas a los pacientes y a mantener comunicaciones seguras, cumpliendo plenamente la normativa GDPR.\" \/>\n<meta property=\"og:url\" content=\"https:\/\/leaddesk.com\/es\/sanidad\/\" \/>\n<meta property=\"og:site_name\" content=\"LeadDesk\" \/>\n<meta property=\"article:publisher\" content=\"https:\/\/www.facebook.com\/leaddesk\/\" \/>\n<meta property=\"article:modified_time\" content=\"2025-06-24T10:12:44+00:00\" \/>\n<meta property=\"og:image\" content=\"https:\/\/leaddesk.com\/wp-content\/uploads\/2023\/01\/LeadDesk-for-Healthcare-sector.png\" \/>\n\t<meta property=\"og:image:width\" content=\"1200\" \/>\n\t<meta property=\"og:image:height\" content=\"628\" \/>\n\t<meta property=\"og:image:type\" content=\"image\/png\" \/>\n<meta name=\"twitter:card\" content=\"summary_large_image\" \/>\n<meta name=\"twitter:title\" content=\"Sanidad\" \/>\n<meta name=\"twitter:site\" content=\"@leaddesk\" \/>\n<script type=\"application\/ld+json\" class=\"yoast-schema-graph\">{\"@context\":\"https:\/\/schema.org\",\"@graph\":[{\"@type\":\"WebPage\",\"@id\":\"https:\/\/leaddesk.com\/es\/sanidad\/\",\"url\":\"https:\/\/leaddesk.com\/es\/sanidad\/\",\"name\":\"Software de devoluci\u00f3n de llamadas para centros de contacto sanitarios - LeadDesk\",\"isPartOf\":{\"@id\":\"https:\/\/leaddesk.com\/es\/#website\"},\"primaryImageOfPage\":{\"@id\":\"https:\/\/leaddesk.com\/es\/sanidad\/#primaryimage\"},\"image\":{\"@id\":\"https:\/\/leaddesk.com\/es\/sanidad\/#primaryimage\"},\"thumbnailUrl\":\"https:\/\/leaddesk.com\/wp-content\/uploads\/2023\/01\/LeadDesk-for-Healthcare-sector.png\",\"datePublished\":\"2025-06-24T07:00:37+00:00\",\"dateModified\":\"2025-06-24T10:12:44+00:00\",\"description\":\"El software de devoluci\u00f3n de llamadas para centros de contacto sanitarios de LeadDesk garantiza la devoluci\u00f3n puntual de las llamadas a los pacientes y proporciona comunicaciones seguras y conformes con la GDPR.\",\"breadcrumb\":{\"@id\":\"https:\/\/leaddesk.com\/es\/sanidad\/#breadcrumb\"},\"inLanguage\":\"es\",\"potentialAction\":[{\"@type\":\"ReadAction\",\"target\":[\"https:\/\/leaddesk.com\/es\/sanidad\/\"]}]},{\"@type\":\"ImageObject\",\"inLanguage\":\"es\",\"@id\":\"https:\/\/leaddesk.com\/es\/sanidad\/#primaryimage\",\"url\":\"https:\/\/leaddesk.com\/wp-content\/uploads\/2023\/01\/LeadDesk-for-Healthcare-sector.png\",\"contentUrl\":\"https:\/\/leaddesk.com\/wp-content\/uploads\/2023\/01\/LeadDesk-for-Healthcare-sector.png\",\"width\":1200,\"height\":628},{\"@type\":\"BreadcrumbList\",\"@id\":\"https:\/\/leaddesk.com\/es\/sanidad\/#breadcrumb\",\"itemListElement\":[{\"@type\":\"ListItem\",\"position\":1,\"name\":\"Home\",\"item\":\"https:\/\/leaddesk.com\/es\/\"},{\"@type\":\"ListItem\",\"position\":2,\"name\":\"Sanidad\"}]},{\"@type\":\"WebSite\",\"@id\":\"https:\/\/leaddesk.com\/es\/#website\",\"url\":\"https:\/\/leaddesk.com\/es\/\",\"name\":\"LeadDesk\",\"description\":\"Contact Center Software for Sales and Customer Service\",\"publisher\":{\"@id\":\"https:\/\/leaddesk.com\/es\/#organization\"},\"potentialAction\":[{\"@type\":\"SearchAction\",\"target\":{\"@type\":\"EntryPoint\",\"urlTemplate\":\"https:\/\/leaddesk.com\/es\/?s={search_term_string}\"},\"query-input\":\"required name=search_term_string\"}],\"inLanguage\":\"es\"},{\"@type\":\"Organization\",\"@id\":\"https:\/\/leaddesk.com\/es\/#organization\",\"name\":\"LeadDesk\",\"url\":\"https:\/\/leaddesk.com\/es\/\",\"logo\":{\"@type\":\"ImageObject\",\"inLanguage\":\"es\",\"@id\":\"https:\/\/leaddesk.com\/es\/#\/schema\/logo\/image\/\",\"url\":\"https:\/\/leaddesk.com\/wp-content\/uploads\/2023\/07\/leaddesk_symbol_leaddesk_blue.png\",\"contentUrl\":\"https:\/\/leaddesk.com\/wp-content\/uploads\/2023\/07\/leaddesk_symbol_leaddesk_blue.png\",\"width\":2400,\"height\":2400,\"caption\":\"LeadDesk\"},\"image\":{\"@id\":\"https:\/\/leaddesk.com\/es\/#\/schema\/logo\/image\/\"},\"sameAs\":[\"https:\/\/www.facebook.com\/leaddesk\/\",\"https:\/\/x.com\/leaddesk\",\"https:\/\/www.instagram.com\/leaddesk\/\",\"https:\/\/linkedin.com\/company\/2365022\/\",\"https:\/\/www.youtube.com\/channel\/UCjB4SgGKs2xz80H4cQH95qw\"]}]}<\/script>\n<!-- \/ Yoast SEO Premium plugin. -->","yoast_head_json":{"title":"Software de devoluci\u00f3n de llamadas para centros de contacto sanitarios - LeadDesk","description":"El software de devoluci\u00f3n de llamadas para centros de contacto sanitarios de LeadDesk garantiza la devoluci\u00f3n puntual de las llamadas a los pacientes y proporciona comunicaciones seguras y conformes con la GDPR.","robots":{"index":"index","follow":"follow","max-snippet":"max-snippet:-1","max-image-preview":"max-image-preview:large","max-video-preview":"max-video-preview:-1"},"canonical":"https:\/\/leaddesk.com\/es\/sanidad\/","og_locale":"es_ES","og_type":"article","og_title":"Software de rellamada para centros de contacto sanitarios - LeadDesk","og_description":"\u00bfCansado de perder llamadas de pacientes? El software de devoluci\u00f3n de llamadas de LeadDesk ayuda a tu centro de contacto sanitario a devolver a tiempo las llamadas a los pacientes y a mantener comunicaciones seguras, cumpliendo plenamente la normativa GDPR.","og_url":"https:\/\/leaddesk.com\/es\/sanidad\/","og_site_name":"LeadDesk","article_publisher":"https:\/\/www.facebook.com\/leaddesk\/","article_modified_time":"2025-06-24T10:12:44+00:00","og_image":[{"width":1200,"height":628,"url":"https:\/\/leaddesk.com\/wp-content\/uploads\/2023\/01\/LeadDesk-for-Healthcare-sector.png","type":"image\/png"}],"twitter_card":"summary_large_image","twitter_title":"Sanidad","twitter_site":"@leaddesk","schema":{"@context":"https:\/\/schema.org","@graph":[{"@type":"WebPage","@id":"https:\/\/leaddesk.com\/es\/sanidad\/","url":"https:\/\/leaddesk.com\/es\/sanidad\/","name":"Software de devoluci\u00f3n de llamadas para centros de contacto sanitarios - LeadDesk","isPartOf":{"@id":"https:\/\/leaddesk.com\/es\/#website"},"primaryImageOfPage":{"@id":"https:\/\/leaddesk.com\/es\/sanidad\/#primaryimage"},"image":{"@id":"https:\/\/leaddesk.com\/es\/sanidad\/#primaryimage"},"thumbnailUrl":"https:\/\/leaddesk.com\/wp-content\/uploads\/2023\/01\/LeadDesk-for-Healthcare-sector.png","datePublished":"2025-06-24T07:00:37+00:00","dateModified":"2025-06-24T10:12:44+00:00","description":"El software de devoluci\u00f3n de llamadas para centros de contacto sanitarios de LeadDesk garantiza la devoluci\u00f3n puntual de las llamadas a los pacientes y proporciona comunicaciones seguras y conformes con la GDPR.","breadcrumb":{"@id":"https:\/\/leaddesk.com\/es\/sanidad\/#breadcrumb"},"inLanguage":"es","potentialAction":[{"@type":"ReadAction","target":["https:\/\/leaddesk.com\/es\/sanidad\/"]}]},{"@type":"ImageObject","inLanguage":"es","@id":"https:\/\/leaddesk.com\/es\/sanidad\/#primaryimage","url":"https:\/\/leaddesk.com\/wp-content\/uploads\/2023\/01\/LeadDesk-for-Healthcare-sector.png","contentUrl":"https:\/\/leaddesk.com\/wp-content\/uploads\/2023\/01\/LeadDesk-for-Healthcare-sector.png","width":1200,"height":628},{"@type":"BreadcrumbList","@id":"https:\/\/leaddesk.com\/es\/sanidad\/#breadcrumb","itemListElement":[{"@type":"ListItem","position":1,"name":"Home","item":"https:\/\/leaddesk.com\/es\/"},{"@type":"ListItem","position":2,"name":"Sanidad"}]},{"@type":"WebSite","@id":"https:\/\/leaddesk.com\/es\/#website","url":"https:\/\/leaddesk.com\/es\/","name":"LeadDesk","description":"Contact Center Software for Sales and Customer Service","publisher":{"@id":"https:\/\/leaddesk.com\/es\/#organization"},"potentialAction":[{"@type":"SearchAction","target":{"@type":"EntryPoint","urlTemplate":"https:\/\/leaddesk.com\/es\/?s={search_term_string}"},"query-input":"required name=search_term_string"}],"inLanguage":"es"},{"@type":"Organization","@id":"https:\/\/leaddesk.com\/es\/#organization","name":"LeadDesk","url":"https:\/\/leaddesk.com\/es\/","logo":{"@type":"ImageObject","inLanguage":"es","@id":"https:\/\/leaddesk.com\/es\/#\/schema\/logo\/image\/","url":"https:\/\/leaddesk.com\/wp-content\/uploads\/2023\/07\/leaddesk_symbol_leaddesk_blue.png","contentUrl":"https:\/\/leaddesk.com\/wp-content\/uploads\/2023\/07\/leaddesk_symbol_leaddesk_blue.png","width":2400,"height":2400,"caption":"LeadDesk"},"image":{"@id":"https:\/\/leaddesk.com\/es\/#\/schema\/logo\/image\/"},"sameAs":["https:\/\/www.facebook.com\/leaddesk\/","https:\/\/x.com\/leaddesk","https:\/\/www.instagram.com\/leaddesk\/","https:\/\/linkedin.com\/company\/2365022\/","https:\/\/www.youtube.com\/channel\/UCjB4SgGKs2xz80H4cQH95qw"]}]}},"_links":{"self":[{"href":"https:\/\/leaddesk.com\/es\/wp-json\/wp\/v2\/pages\/57634"}],"collection":[{"href":"https:\/\/leaddesk.com\/es\/wp-json\/wp\/v2\/pages"}],"about":[{"href":"https:\/\/leaddesk.com\/es\/wp-json\/wp\/v2\/types\/page"}],"author":[{"embeddable":true,"href":"https:\/\/leaddesk.com\/es\/wp-json\/wp\/v2\/users\/32"}],"replies":[{"embeddable":true,"href":"https:\/\/leaddesk.com\/es\/wp-json\/wp\/v2\/comments?post=57634"}],"version-history":[{"count":1,"href":"https:\/\/leaddesk.com\/es\/wp-json\/wp\/v2\/pages\/57634\/revisions"}],"predecessor-version":[{"id":57635,"href":"https:\/\/leaddesk.com\/es\/wp-json\/wp\/v2\/pages\/57634\/revisions\/57635"}],"wp:featuredmedia":[{"embeddable":true,"href":"https:\/\/leaddesk.com\/es\/wp-json\/wp\/v2\/media\/50726"}],"wp:attachment":[{"href":"https:\/\/leaddesk.com\/es\/wp-json\/wp\/v2\/media?parent=57634"}],"curies":[{"name":"wp","href":"https:\/\/api.w.org\/{rel}","templated":true}]}}