{"id":57785,"date":"2025-06-24T16:03:18","date_gmt":"2025-06-24T13:03:18","guid":{"rendered":"https:\/\/leaddesk.com\/solucion-de-telemarketing-para-medios-de-comunicacion\/"},"modified":"2025-06-26T18:00:11","modified_gmt":"2025-06-26T15:00:11","slug":"solucion-de-telemarketing-para-medios-de-comunicacion","status":"publish","type":"page","link":"https:\/\/leaddesk.com\/es\/solucion-de-telemarketing-para-medios-de-comunicacion\/","title":{"rendered":"Soluci\u00f3n de telemarketing para medios de comunicaci\u00f3n"},"content":{"rendered":"","protected":false},"excerpt":{"rendered":"","protected":false},"author":32,"featured_media":0,"parent":0,"menu_order":0,"comment_status":"closed","ping_status":"closed","template":"page-blocks-en.php","meta":{"content-type":"","footnotes":""},"acf":[],"yoast_head":"<!-- This site is optimized with the Yoast SEO Premium plugin v22.5 (Yoast SEO v22.5) - https:\/\/yoast.com\/wordpress\/plugins\/seo\/ -->\n<title>Soluci\u00f3n de telemarketing para medios de comunicaci\u00f3n - LeadDesk<\/title>\n<meta name=\"description\" content=\"Potencia tus operaciones de ventas en medios de comunicaci\u00f3n y telecomunicaciones con una tecnolog\u00eda de centro de contacto flexible y de alto rendimiento en la que conf\u00edan los l\u00edderes del sector de toda Europa.\" \/>\n<meta name=\"robots\" content=\"index, follow, max-snippet:-1, max-image-preview:large, max-video-preview:-1\" \/>\n<link rel=\"canonical\" href=\"https:\/\/leaddesk.com\/es\/solucion-de-telemarketing-para-medios-de-comunicacion\/\" \/>\n<meta property=\"og:locale\" content=\"es_ES\" \/>\n<meta property=\"og:type\" content=\"article\" \/>\n<meta property=\"og:title\" content=\"Soluci\u00f3n de telemarketing para medios de comunicaci\u00f3n\" \/>\n<meta property=\"og:description\" content=\"Potencia tus operaciones de ventas en medios de comunicaci\u00f3n y telecomunicaciones con una tecnolog\u00eda de centro de contacto flexible y de alto rendimiento en la que conf\u00edan los l\u00edderes del sector de toda Europa.\" \/>\n<meta property=\"og:url\" content=\"https:\/\/leaddesk.com\/es\/solucion-de-telemarketing-para-medios-de-comunicacion\/\" \/>\n<meta property=\"og:site_name\" content=\"LeadDesk\" \/>\n<meta property=\"article:publisher\" content=\"https:\/\/www.facebook.com\/leaddesk\/\" \/>\n<meta property=\"article:modified_time\" content=\"2025-06-26T15:00:11+00:00\" \/>\n<meta property=\"og:image\" content=\"https:\/\/leaddesk.com\/wp-content\/uploads\/2022\/10\/featured-image-logo.jpg\" \/>\n\t<meta property=\"og:image:width\" content=\"1200\" \/>\n\t<meta property=\"og:image:height\" content=\"630\" \/>\n\t<meta property=\"og:image:type\" content=\"image\/jpeg\" \/>\n<meta name=\"twitter:card\" content=\"summary_large_image\" \/>\n<meta name=\"twitter:site\" content=\"@leaddesk\" \/>\n<script type=\"application\/ld+json\" class=\"yoast-schema-graph\">{\"@context\":\"https:\/\/schema.org\",\"@graph\":[{\"@type\":\"WebPage\",\"@id\":\"https:\/\/leaddesk.com\/es\/solucion-de-telemarketing-para-medios-de-comunicacion\/\",\"url\":\"https:\/\/leaddesk.com\/es\/solucion-de-telemarketing-para-medios-de-comunicacion\/\",\"name\":\"Soluci\u00f3n de telemarketing para medios de comunicaci\u00f3n - LeadDesk\",\"isPartOf\":{\"@id\":\"https:\/\/leaddesk.com\/es\/#website\"},\"datePublished\":\"2025-06-24T13:03:18+00:00\",\"dateModified\":\"2025-06-26T15:00:11+00:00\",\"description\":\"Potencia tus operaciones de ventas en medios de comunicaci\u00f3n y telecomunicaciones con una tecnolog\u00eda de centro de contacto flexible y de alto rendimiento en la que conf\u00edan los l\u00edderes del sector de toda Europa.\",\"breadcrumb\":{\"@id\":\"https:\/\/leaddesk.com\/es\/solucion-de-telemarketing-para-medios-de-comunicacion\/#breadcrumb\"},\"inLanguage\":\"es\",\"potentialAction\":[{\"@type\":\"ReadAction\",\"target\":[\"https:\/\/leaddesk.com\/es\/solucion-de-telemarketing-para-medios-de-comunicacion\/\"]}]},{\"@type\":\"BreadcrumbList\",\"@id\":\"https:\/\/leaddesk.com\/es\/solucion-de-telemarketing-para-medios-de-comunicacion\/#breadcrumb\",\"itemListElement\":[{\"@type\":\"ListItem\",\"position\":1,\"name\":\"Home\",\"item\":\"https:\/\/leaddesk.com\/es\/\"},{\"@type\":\"ListItem\",\"position\":2,\"name\":\"Soluci\u00f3n de telemarketing para medios de comunicaci\u00f3n\"}]},{\"@type\":\"WebSite\",\"@id\":\"https:\/\/leaddesk.com\/es\/#website\",\"url\":\"https:\/\/leaddesk.com\/es\/\",\"name\":\"LeadDesk\",\"description\":\"Contact Center Software for Sales and Customer Service\",\"publisher\":{\"@id\":\"https:\/\/leaddesk.com\/es\/#organization\"},\"potentialAction\":[{\"@type\":\"SearchAction\",\"target\":{\"@type\":\"EntryPoint\",\"urlTemplate\":\"https:\/\/leaddesk.com\/es\/?s={search_term_string}\"},\"query-input\":\"required name=search_term_string\"}],\"inLanguage\":\"es\"},{\"@type\":\"Organization\",\"@id\":\"https:\/\/leaddesk.com\/es\/#organization\",\"name\":\"LeadDesk\",\"url\":\"https:\/\/leaddesk.com\/es\/\",\"logo\":{\"@type\":\"ImageObject\",\"inLanguage\":\"es\",\"@id\":\"https:\/\/leaddesk.com\/es\/#\/schema\/logo\/image\/\",\"url\":\"https:\/\/leaddesk.com\/wp-content\/uploads\/2023\/07\/leaddesk_symbol_leaddesk_blue.png\",\"contentUrl\":\"https:\/\/leaddesk.com\/wp-content\/uploads\/2023\/07\/leaddesk_symbol_leaddesk_blue.png\",\"width\":2400,\"height\":2400,\"caption\":\"LeadDesk\"},\"image\":{\"@id\":\"https:\/\/leaddesk.com\/es\/#\/schema\/logo\/image\/\"},\"sameAs\":[\"https:\/\/www.facebook.com\/leaddesk\/\",\"https:\/\/x.com\/leaddesk\",\"https:\/\/www.instagram.com\/leaddesk\/\",\"https:\/\/linkedin.com\/company\/2365022\/\",\"https:\/\/www.youtube.com\/channel\/UCjB4SgGKs2xz80H4cQH95qw\"]}]}<\/script>\n<!-- \/ Yoast SEO Premium plugin. -->","yoast_head_json":{"title":"Soluci\u00f3n de telemarketing para medios de comunicaci\u00f3n - LeadDesk","description":"Potencia tus operaciones de ventas en medios de comunicaci\u00f3n y telecomunicaciones con una tecnolog\u00eda de centro de contacto flexible y de alto rendimiento en la que conf\u00edan los l\u00edderes del sector de toda Europa.","robots":{"index":"index","follow":"follow","max-snippet":"max-snippet:-1","max-image-preview":"max-image-preview:large","max-video-preview":"max-video-preview:-1"},"canonical":"https:\/\/leaddesk.com\/es\/solucion-de-telemarketing-para-medios-de-comunicacion\/","og_locale":"es_ES","og_type":"article","og_title":"Soluci\u00f3n de telemarketing para medios de comunicaci\u00f3n","og_description":"Potencia tus operaciones de ventas en medios de comunicaci\u00f3n y telecomunicaciones con una tecnolog\u00eda de centro de contacto flexible y de alto rendimiento en la que conf\u00edan los l\u00edderes del sector de toda Europa.","og_url":"https:\/\/leaddesk.com\/es\/solucion-de-telemarketing-para-medios-de-comunicacion\/","og_site_name":"LeadDesk","article_publisher":"https:\/\/www.facebook.com\/leaddesk\/","article_modified_time":"2025-06-26T15:00:11+00:00","og_image":[{"width":1200,"height":630,"url":"https:\/\/leaddesk.com\/wp-content\/uploads\/2022\/10\/featured-image-logo.jpg","type":"image\/jpeg"}],"twitter_card":"summary_large_image","twitter_site":"@leaddesk","schema":{"@context":"https:\/\/schema.org","@graph":[{"@type":"WebPage","@id":"https:\/\/leaddesk.com\/es\/solucion-de-telemarketing-para-medios-de-comunicacion\/","url":"https:\/\/leaddesk.com\/es\/solucion-de-telemarketing-para-medios-de-comunicacion\/","name":"Soluci\u00f3n de telemarketing para medios de comunicaci\u00f3n - LeadDesk","isPartOf":{"@id":"https:\/\/leaddesk.com\/es\/#website"},"datePublished":"2025-06-24T13:03:18+00:00","dateModified":"2025-06-26T15:00:11+00:00","description":"Potencia tus operaciones de ventas en medios de comunicaci\u00f3n y telecomunicaciones con una tecnolog\u00eda de centro de contacto flexible y de alto rendimiento en la que conf\u00edan los l\u00edderes del sector de toda Europa.","breadcrumb":{"@id":"https:\/\/leaddesk.com\/es\/solucion-de-telemarketing-para-medios-de-comunicacion\/#breadcrumb"},"inLanguage":"es","potentialAction":[{"@type":"ReadAction","target":["https:\/\/leaddesk.com\/es\/solucion-de-telemarketing-para-medios-de-comunicacion\/"]}]},{"@type":"BreadcrumbList","@id":"https:\/\/leaddesk.com\/es\/solucion-de-telemarketing-para-medios-de-comunicacion\/#breadcrumb","itemListElement":[{"@type":"ListItem","position":1,"name":"Home","item":"https:\/\/leaddesk.com\/es\/"},{"@type":"ListItem","position":2,"name":"Soluci\u00f3n de telemarketing para medios de comunicaci\u00f3n"}]},{"@type":"WebSite","@id":"https:\/\/leaddesk.com\/es\/#website","url":"https:\/\/leaddesk.com\/es\/","name":"LeadDesk","description":"Contact Center Software for Sales and Customer Service","publisher":{"@id":"https:\/\/leaddesk.com\/es\/#organization"},"potentialAction":[{"@type":"SearchAction","target":{"@type":"EntryPoint","urlTemplate":"https:\/\/leaddesk.com\/es\/?s={search_term_string}"},"query-input":"required name=search_term_string"}],"inLanguage":"es"},{"@type":"Organization","@id":"https:\/\/leaddesk.com\/es\/#organization","name":"LeadDesk","url":"https:\/\/leaddesk.com\/es\/","logo":{"@type":"ImageObject","inLanguage":"es","@id":"https:\/\/leaddesk.com\/es\/#\/schema\/logo\/image\/","url":"https:\/\/leaddesk.com\/wp-content\/uploads\/2023\/07\/leaddesk_symbol_leaddesk_blue.png","contentUrl":"https:\/\/leaddesk.com\/wp-content\/uploads\/2023\/07\/leaddesk_symbol_leaddesk_blue.png","width":2400,"height":2400,"caption":"LeadDesk"},"image":{"@id":"https:\/\/leaddesk.com\/es\/#\/schema\/logo\/image\/"},"sameAs":["https:\/\/www.facebook.com\/leaddesk\/","https:\/\/x.com\/leaddesk","https:\/\/www.instagram.com\/leaddesk\/","https:\/\/linkedin.com\/company\/2365022\/","https:\/\/www.youtube.com\/channel\/UCjB4SgGKs2xz80H4cQH95qw"]}]}},"_links":{"self":[{"href":"https:\/\/leaddesk.com\/es\/wp-json\/wp\/v2\/pages\/57785"}],"collection":[{"href":"https:\/\/leaddesk.com\/es\/wp-json\/wp\/v2\/pages"}],"about":[{"href":"https:\/\/leaddesk.com\/es\/wp-json\/wp\/v2\/types\/page"}],"author":[{"embeddable":true,"href":"https:\/\/leaddesk.com\/es\/wp-json\/wp\/v2\/users\/32"}],"replies":[{"embeddable":true,"href":"https:\/\/leaddesk.com\/es\/wp-json\/wp\/v2\/comments?post=57785"}],"version-history":[{"count":1,"href":"https:\/\/leaddesk.com\/es\/wp-json\/wp\/v2\/pages\/57785\/revisions"}],"predecessor-version":[{"id":57786,"href":"https:\/\/leaddesk.com\/es\/wp-json\/wp\/v2\/pages\/57785\/revisions\/57786"}],"wp:attachment":[{"href":"https:\/\/leaddesk.com\/es\/wp-json\/wp\/v2\/media?parent=57785"}],"curies":[{"name":"wp","href":"https:\/\/api.w.org\/{rel}","templated":true}]}}