{"id":43689,"date":"2019-08-08T12:54:39","date_gmt":"2019-08-08T09:54:39","guid":{"rendered":"https:\/\/leaddesk.com\/blog\/"},"modified":"2022-09-26T14:13:40","modified_gmt":"2022-09-26T13:13:40","slug":"blog","status":"publish","type":"page","link":"https:\/\/leaddesk.com\/fi\/blog\/","title":{"rendered":"Blogi"},"content":{"rendered":"","protected":false},"excerpt":{"rendered":"","protected":false},"author":15,"featured_media":50862,"parent":0,"menu_order":210,"comment_status":"closed","ping_status":"closed","template":"page-blocks-en.php","meta":{"content-type":"","footnotes":""},"acf":[],"yoast_head":"<!-- This site is optimized with the Yoast SEO Premium plugin v22.5 (Yoast SEO v22.5) - https:\/\/yoast.com\/wordpress\/plugins\/seo\/ -->\n<title>Myynnin ja asiakaspalvelun blogi - LeadDesk<\/title>\n<meta name=\"description\" content=\"Blogimme k\u00e4sittelee kaikkea mik\u00e4 auttaa sinua viem\u00e4\u00e4n myynti\u00e4, asiakaspalvelua, tehokkuutta ja agenttikokemusta seuraavalle tasolle.\" \/>\n<meta name=\"robots\" content=\"index, follow, max-snippet:-1, max-image-preview:large, max-video-preview:-1\" \/>\n<link rel=\"canonical\" href=\"https:\/\/leaddesk.com\/fi\/blog\/\" \/>\n<meta property=\"og:locale\" content=\"fi_FI\" \/>\n<meta property=\"og:type\" content=\"article\" \/>\n<meta property=\"og:title\" content=\"Blogi\" \/>\n<meta property=\"og:description\" content=\"Blogimme k\u00e4sittelee kaikkea mik\u00e4 auttaa sinua viem\u00e4\u00e4n myynti\u00e4, asiakaspalvelua, tehokkuutta ja agenttikokemusta seuraavalle tasolle.\" \/>\n<meta property=\"og:url\" content=\"https:\/\/leaddesk.com\/fi\/blog\/\" \/>\n<meta property=\"og:site_name\" content=\"LeadDesk\" \/>\n<meta property=\"article:publisher\" content=\"https:\/\/www.facebook.com\/leaddesk\/\" \/>\n<meta property=\"article:modified_time\" content=\"2022-09-26T13:13:40+00:00\" \/>\n<meta property=\"og:image\" content=\"https:\/\/leaddesk.com\/wp-content\/uploads\/2023\/01\/LeadDesk-Blog-Articles.png\" \/>\n\t<meta property=\"og:image:width\" content=\"1201\" \/>\n\t<meta property=\"og:image:height\" content=\"629\" \/>\n\t<meta property=\"og:image:type\" content=\"image\/png\" \/>\n<meta name=\"twitter:card\" content=\"summary_large_image\" \/>\n<meta name=\"twitter:site\" content=\"@leaddesk\" \/>\n<script type=\"application\/ld+json\" class=\"yoast-schema-graph\">{\"@context\":\"https:\/\/schema.org\",\"@graph\":[{\"@type\":\"WebPage\",\"@id\":\"https:\/\/leaddesk.com\/fi\/blog\/\",\"url\":\"https:\/\/leaddesk.com\/fi\/blog\/\",\"name\":\"Myynnin ja asiakaspalvelun blogi - LeadDesk\",\"isPartOf\":{\"@id\":\"https:\/\/leaddesk.com\/fi\/#website\"},\"primaryImageOfPage\":{\"@id\":\"https:\/\/leaddesk.com\/fi\/blog\/#primaryimage\"},\"image\":{\"@id\":\"https:\/\/leaddesk.com\/fi\/blog\/#primaryimage\"},\"thumbnailUrl\":\"https:\/\/leaddesk.com\/wp-content\/uploads\/2023\/01\/LeadDesk-Blog-Articles.png\",\"datePublished\":\"2019-08-08T09:54:39+00:00\",\"dateModified\":\"2022-09-26T13:13:40+00:00\",\"description\":\"Blogimme k\u00e4sittelee kaikkea mik\u00e4 auttaa sinua viem\u00e4\u00e4n myynti\u00e4, asiakaspalvelua, tehokkuutta ja agenttikokemusta seuraavalle tasolle.\",\"breadcrumb\":{\"@id\":\"https:\/\/leaddesk.com\/fi\/blog\/#breadcrumb\"},\"inLanguage\":\"fi\",\"potentialAction\":[{\"@type\":\"ReadAction\",\"target\":[\"https:\/\/leaddesk.com\/fi\/blog\/\"]}]},{\"@type\":\"ImageObject\",\"inLanguage\":\"fi\",\"@id\":\"https:\/\/leaddesk.com\/fi\/blog\/#primaryimage\",\"url\":\"https:\/\/leaddesk.com\/wp-content\/uploads\/2023\/01\/LeadDesk-Blog-Articles.png\",\"contentUrl\":\"https:\/\/leaddesk.com\/wp-content\/uploads\/2023\/01\/LeadDesk-Blog-Articles.png\",\"width\":1201,\"height\":629},{\"@type\":\"BreadcrumbList\",\"@id\":\"https:\/\/leaddesk.com\/fi\/blog\/#breadcrumb\",\"itemListElement\":[{\"@type\":\"ListItem\",\"position\":1,\"name\":\"Home\",\"item\":\"https:\/\/leaddesk.com\/fi\/\"},{\"@type\":\"ListItem\",\"position\":2,\"name\":\"Blogi\"}]},{\"@type\":\"WebSite\",\"@id\":\"https:\/\/leaddesk.com\/fi\/#website\",\"url\":\"https:\/\/leaddesk.com\/fi\/\",\"name\":\"LeadDesk\",\"description\":\"Contact Center Software for Sales and Customer Service\",\"publisher\":{\"@id\":\"https:\/\/leaddesk.com\/fi\/#organization\"},\"potentialAction\":[{\"@type\":\"SearchAction\",\"target\":{\"@type\":\"EntryPoint\",\"urlTemplate\":\"https:\/\/leaddesk.com\/fi\/?s={search_term_string}\"},\"query-input\":\"required name=search_term_string\"}],\"inLanguage\":\"fi\"},{\"@type\":\"Organization\",\"@id\":\"https:\/\/leaddesk.com\/fi\/#organization\",\"name\":\"LeadDesk\",\"url\":\"https:\/\/leaddesk.com\/fi\/\",\"logo\":{\"@type\":\"ImageObject\",\"inLanguage\":\"fi\",\"@id\":\"https:\/\/leaddesk.com\/fi\/#\/schema\/logo\/image\/\",\"url\":\"https:\/\/leaddesk.com\/wp-content\/uploads\/2023\/07\/leaddesk_symbol_leaddesk_blue.png\",\"contentUrl\":\"https:\/\/leaddesk.com\/wp-content\/uploads\/2023\/07\/leaddesk_symbol_leaddesk_blue.png\",\"width\":2400,\"height\":2400,\"caption\":\"LeadDesk\"},\"image\":{\"@id\":\"https:\/\/leaddesk.com\/fi\/#\/schema\/logo\/image\/\"},\"sameAs\":[\"https:\/\/www.facebook.com\/leaddesk\/\",\"https:\/\/x.com\/leaddesk\",\"https:\/\/www.instagram.com\/leaddesk\/\",\"https:\/\/linkedin.com\/company\/2365022\/\",\"https:\/\/www.youtube.com\/channel\/UCjB4SgGKs2xz80H4cQH95qw\"]}]}<\/script>\n<!-- \/ Yoast SEO Premium plugin. -->","yoast_head_json":{"title":"Myynnin ja asiakaspalvelun blogi - LeadDesk","description":"Blogimme k\u00e4sittelee kaikkea mik\u00e4 auttaa sinua viem\u00e4\u00e4n myynti\u00e4, asiakaspalvelua, tehokkuutta ja agenttikokemusta seuraavalle tasolle.","robots":{"index":"index","follow":"follow","max-snippet":"max-snippet:-1","max-image-preview":"max-image-preview:large","max-video-preview":"max-video-preview:-1"},"canonical":"https:\/\/leaddesk.com\/fi\/blog\/","og_locale":"fi_FI","og_type":"article","og_title":"Blogi","og_description":"Blogimme k\u00e4sittelee kaikkea mik\u00e4 auttaa sinua viem\u00e4\u00e4n myynti\u00e4, asiakaspalvelua, tehokkuutta ja agenttikokemusta seuraavalle tasolle.","og_url":"https:\/\/leaddesk.com\/fi\/blog\/","og_site_name":"LeadDesk","article_publisher":"https:\/\/www.facebook.com\/leaddesk\/","article_modified_time":"2022-09-26T13:13:40+00:00","og_image":[{"width":1201,"height":629,"url":"https:\/\/leaddesk.com\/wp-content\/uploads\/2023\/01\/LeadDesk-Blog-Articles.png","type":"image\/png"}],"twitter_card":"summary_large_image","twitter_site":"@leaddesk","schema":{"@context":"https:\/\/schema.org","@graph":[{"@type":"WebPage","@id":"https:\/\/leaddesk.com\/fi\/blog\/","url":"https:\/\/leaddesk.com\/fi\/blog\/","name":"Myynnin ja asiakaspalvelun blogi - LeadDesk","isPartOf":{"@id":"https:\/\/leaddesk.com\/fi\/#website"},"primaryImageOfPage":{"@id":"https:\/\/leaddesk.com\/fi\/blog\/#primaryimage"},"image":{"@id":"https:\/\/leaddesk.com\/fi\/blog\/#primaryimage"},"thumbnailUrl":"https:\/\/leaddesk.com\/wp-content\/uploads\/2023\/01\/LeadDesk-Blog-Articles.png","datePublished":"2019-08-08T09:54:39+00:00","dateModified":"2022-09-26T13:13:40+00:00","description":"Blogimme k\u00e4sittelee kaikkea mik\u00e4 auttaa sinua viem\u00e4\u00e4n myynti\u00e4, asiakaspalvelua, tehokkuutta ja agenttikokemusta seuraavalle tasolle.","breadcrumb":{"@id":"https:\/\/leaddesk.com\/fi\/blog\/#breadcrumb"},"inLanguage":"fi","potentialAction":[{"@type":"ReadAction","target":["https:\/\/leaddesk.com\/fi\/blog\/"]}]},{"@type":"ImageObject","inLanguage":"fi","@id":"https:\/\/leaddesk.com\/fi\/blog\/#primaryimage","url":"https:\/\/leaddesk.com\/wp-content\/uploads\/2023\/01\/LeadDesk-Blog-Articles.png","contentUrl":"https:\/\/leaddesk.com\/wp-content\/uploads\/2023\/01\/LeadDesk-Blog-Articles.png","width":1201,"height":629},{"@type":"BreadcrumbList","@id":"https:\/\/leaddesk.com\/fi\/blog\/#breadcrumb","itemListElement":[{"@type":"ListItem","position":1,"name":"Home","item":"https:\/\/leaddesk.com\/fi\/"},{"@type":"ListItem","position":2,"name":"Blogi"}]},{"@type":"WebSite","@id":"https:\/\/leaddesk.com\/fi\/#website","url":"https:\/\/leaddesk.com\/fi\/","name":"LeadDesk","description":"Contact Center Software for Sales and Customer Service","publisher":{"@id":"https:\/\/leaddesk.com\/fi\/#organization"},"potentialAction":[{"@type":"SearchAction","target":{"@type":"EntryPoint","urlTemplate":"https:\/\/leaddesk.com\/fi\/?s={search_term_string}"},"query-input":"required name=search_term_string"}],"inLanguage":"fi"},{"@type":"Organization","@id":"https:\/\/leaddesk.com\/fi\/#organization","name":"LeadDesk","url":"https:\/\/leaddesk.com\/fi\/","logo":{"@type":"ImageObject","inLanguage":"fi","@id":"https:\/\/leaddesk.com\/fi\/#\/schema\/logo\/image\/","url":"https:\/\/leaddesk.com\/wp-content\/uploads\/2023\/07\/leaddesk_symbol_leaddesk_blue.png","contentUrl":"https:\/\/leaddesk.com\/wp-content\/uploads\/2023\/07\/leaddesk_symbol_leaddesk_blue.png","width":2400,"height":2400,"caption":"LeadDesk"},"image":{"@id":"https:\/\/leaddesk.com\/fi\/#\/schema\/logo\/image\/"},"sameAs":["https:\/\/www.facebook.com\/leaddesk\/","https:\/\/x.com\/leaddesk","https:\/\/www.instagram.com\/leaddesk\/","https:\/\/linkedin.com\/company\/2365022\/","https:\/\/www.youtube.com\/channel\/UCjB4SgGKs2xz80H4cQH95qw"]}]}},"_links":{"self":[{"href":"https:\/\/leaddesk.com\/fi\/wp-json\/wp\/v2\/pages\/43689"}],"collection":[{"href":"https:\/\/leaddesk.com\/fi\/wp-json\/wp\/v2\/pages"}],"about":[{"href":"https:\/\/leaddesk.com\/fi\/wp-json\/wp\/v2\/types\/page"}],"author":[{"embeddable":true,"href":"https:\/\/leaddesk.com\/fi\/wp-json\/wp\/v2\/users\/15"}],"replies":[{"embeddable":true,"href":"https:\/\/leaddesk.com\/fi\/wp-json\/wp\/v2\/comments?post=43689"}],"version-history":[{"count":0,"href":"https:\/\/leaddesk.com\/fi\/wp-json\/wp\/v2\/pages\/43689\/revisions"}],"wp:featuredmedia":[{"embeddable":true,"href":"https:\/\/leaddesk.com\/fi\/wp-json\/wp\/v2\/media\/50862"}],"wp:attachment":[{"href":"https:\/\/leaddesk.com\/fi\/wp-json\/wp\/v2\/media?parent=43689"}],"curies":[{"name":"wp","href":"https:\/\/api.w.org\/{rel}","templated":true}]}}