{"id":43730,"date":"2022-11-14T09:36:38","date_gmt":"2022-11-14T07:36:38","guid":{"rendered":"https:\/\/leaddesk.com\/customer-service\/"},"modified":"2025-02-13T14:26:03","modified_gmt":"2025-02-13T12:26:03","slug":"asiakaspalvelu","status":"publish","type":"page","link":"https:\/\/leaddesk.com\/fi\/software\/asiakaspalvelu\/","title":{"rendered":"Asiakaspalveluun tarkoitettu LeadDesk-ohjelmisto"},"content":{"rendered":"","protected":false},"excerpt":{"rendered":"","protected":false},"author":15,"featured_media":50598,"parent":43781,"menu_order":0,"comment_status":"closed","ping_status":"closed","template":"page-blocks-en.php","meta":{"content-type":"","footnotes":""},"acf":[],"yoast_head":"<!-- This site is optimized with the Yoast SEO Premium plugin v22.5 (Yoast SEO v22.5) - https:\/\/yoast.com\/wordpress\/plugins\/seo\/ -->\n<title>Monikanavainen asiakaspalveluohjelmisto \u2013 LeadDesk<\/title>\n<meta name=\"description\" content=\"Pilvipohjaisen asiakaspalveluratkaisun avulla palvelet asiakkaitasi kaikilla kanavilla. Teko\u00e4ly ja automaatio lyhent\u00e4v\u00e4t jonoja.\" \/>\n<meta name=\"robots\" content=\"index, follow, max-snippet:-1, max-image-preview:large, max-video-preview:-1\" \/>\n<link rel=\"canonical\" href=\"https:\/\/leaddesk.com\/fi\/software\/asiakaspalvelu\/\" \/>\n<meta property=\"og:locale\" content=\"fi_FI\" \/>\n<meta property=\"og:type\" content=\"article\" \/>\n<meta property=\"og:title\" content=\"Monikanavainen asiakaspalveluohjelmisto \u2013 LeadDesk\" \/>\n<meta property=\"og:description\" content=\"Anna ty\u00f6ntekij\u00f6idesi k\u00e4ytt\u00f6\u00f6n keskustelupohjainen ohjelmisto, jonka avulla he voivat palvella asiakkaita kaikilla kanavilla samasta paikasta.\" \/>\n<meta property=\"og:url\" content=\"https:\/\/leaddesk.com\/fi\/software\/asiakaspalvelu\/\" \/>\n<meta property=\"og:site_name\" content=\"LeadDesk\" \/>\n<meta property=\"article:publisher\" content=\"https:\/\/www.facebook.com\/leaddesk\/\" \/>\n<meta property=\"article:modified_time\" content=\"2025-02-13T12:26:03+00:00\" \/>\n<meta property=\"og:image\" content=\"https:\/\/leaddesk.com\/wp-content\/uploads\/2023\/01\/LeadDesk-for-Customer-Service.png\" \/>\n\t<meta property=\"og:image:width\" content=\"1200\" \/>\n\t<meta property=\"og:image:height\" content=\"628\" \/>\n\t<meta property=\"og:image:type\" content=\"image\/png\" \/>\n<meta name=\"twitter:card\" content=\"summary_large_image\" \/>\n<meta name=\"twitter:title\" content=\"Monikanavainen asiakaspalveluohjelmisto \u2013 LeadDesk\" \/>\n<meta name=\"twitter:description\" content=\"Anna ty\u00f6ntekij\u00f6idesi k\u00e4ytt\u00f6\u00f6n keskustelupohjainen ohjelmisto, jonka avulla he voivat palvella asiakkaita kaikilla kanavilla samasta paikasta.\" \/>\n<meta name=\"twitter:site\" content=\"@leaddesk\" \/>\n<meta name=\"twitter:label1\" content=\"Arvioitu lukuaika\" \/>\n\t<meta name=\"twitter:data1\" content=\"6 minuuttia\" \/>\n<script type=\"application\/ld+json\" class=\"yoast-schema-graph\">{\"@context\":\"https:\/\/schema.org\",\"@graph\":[{\"@type\":\"WebPage\",\"@id\":\"https:\/\/leaddesk.com\/fi\/software\/asiakaspalvelu\/\",\"url\":\"https:\/\/leaddesk.com\/fi\/software\/asiakaspalvelu\/\",\"name\":\"Monikanavainen asiakaspalveluohjelmisto \u2013 LeadDesk\",\"isPartOf\":{\"@id\":\"https:\/\/leaddesk.com\/fi\/#website\"},\"primaryImageOfPage\":{\"@id\":\"https:\/\/leaddesk.com\/fi\/software\/asiakaspalvelu\/#primaryimage\"},\"image\":{\"@id\":\"https:\/\/leaddesk.com\/fi\/software\/asiakaspalvelu\/#primaryimage\"},\"thumbnailUrl\":\"https:\/\/leaddesk.com\/wp-content\/uploads\/2023\/01\/LeadDesk-for-Customer-Service.png\",\"datePublished\":\"2022-11-14T07:36:38+00:00\",\"dateModified\":\"2025-02-13T12:26:03+00:00\",\"description\":\"Pilvipohjaisen asiakaspalveluratkaisun avulla palvelet asiakkaitasi kaikilla kanavilla. Teko\u00e4ly ja automaatio lyhent\u00e4v\u00e4t jonoja.\",\"breadcrumb\":{\"@id\":\"https:\/\/leaddesk.com\/fi\/software\/asiakaspalvelu\/#breadcrumb\"},\"inLanguage\":\"fi\",\"potentialAction\":[{\"@type\":\"ReadAction\",\"target\":[\"https:\/\/leaddesk.com\/fi\/software\/asiakaspalvelu\/\"]}]},{\"@type\":\"ImageObject\",\"inLanguage\":\"fi\",\"@id\":\"https:\/\/leaddesk.com\/fi\/software\/asiakaspalvelu\/#primaryimage\",\"url\":\"https:\/\/leaddesk.com\/wp-content\/uploads\/2023\/01\/LeadDesk-for-Customer-Service.png\",\"contentUrl\":\"https:\/\/leaddesk.com\/wp-content\/uploads\/2023\/01\/LeadDesk-for-Customer-Service.png\",\"width\":1200,\"height\":628},{\"@type\":\"BreadcrumbList\",\"@id\":\"https:\/\/leaddesk.com\/fi\/software\/asiakaspalvelu\/#breadcrumb\",\"itemListElement\":[{\"@type\":\"ListItem\",\"position\":1,\"name\":\"Home\",\"item\":\"https:\/\/leaddesk.com\/fi\/\"},{\"@type\":\"ListItem\",\"position\":2,\"name\":\"Ratkaisu\",\"item\":\"https:\/\/leaddesk.com\/fi\/software\/\"},{\"@type\":\"ListItem\",\"position\":3,\"name\":\"Asiakaspalveluun tarkoitettu LeadDesk-ohjelmisto\"}]},{\"@type\":\"WebSite\",\"@id\":\"https:\/\/leaddesk.com\/fi\/#website\",\"url\":\"https:\/\/leaddesk.com\/fi\/\",\"name\":\"LeadDesk\",\"description\":\"Contact Center Software for Sales and Customer Service\",\"publisher\":{\"@id\":\"https:\/\/leaddesk.com\/fi\/#organization\"},\"potentialAction\":[{\"@type\":\"SearchAction\",\"target\":{\"@type\":\"EntryPoint\",\"urlTemplate\":\"https:\/\/leaddesk.com\/fi\/?s={search_term_string}\"},\"query-input\":\"required name=search_term_string\"}],\"inLanguage\":\"fi\"},{\"@type\":\"Organization\",\"@id\":\"https:\/\/leaddesk.com\/fi\/#organization\",\"name\":\"LeadDesk\",\"url\":\"https:\/\/leaddesk.com\/fi\/\",\"logo\":{\"@type\":\"ImageObject\",\"inLanguage\":\"fi\",\"@id\":\"https:\/\/leaddesk.com\/fi\/#\/schema\/logo\/image\/\",\"url\":\"https:\/\/leaddesk.com\/wp-content\/uploads\/2023\/07\/leaddesk_symbol_leaddesk_blue.png\",\"contentUrl\":\"https:\/\/leaddesk.com\/wp-content\/uploads\/2023\/07\/leaddesk_symbol_leaddesk_blue.png\",\"width\":2400,\"height\":2400,\"caption\":\"LeadDesk\"},\"image\":{\"@id\":\"https:\/\/leaddesk.com\/fi\/#\/schema\/logo\/image\/\"},\"sameAs\":[\"https:\/\/www.facebook.com\/leaddesk\/\",\"https:\/\/x.com\/leaddesk\",\"https:\/\/www.instagram.com\/leaddesk\/\",\"https:\/\/linkedin.com\/company\/2365022\/\",\"https:\/\/www.youtube.com\/channel\/UCjB4SgGKs2xz80H4cQH95qw\"]}]}<\/script>\n<!-- \/ Yoast SEO Premium plugin. -->","yoast_head_json":{"title":"Monikanavainen asiakaspalveluohjelmisto \u2013 LeadDesk","description":"Pilvipohjaisen asiakaspalveluratkaisun avulla palvelet asiakkaitasi kaikilla kanavilla. Teko\u00e4ly ja automaatio lyhent\u00e4v\u00e4t jonoja.","robots":{"index":"index","follow":"follow","max-snippet":"max-snippet:-1","max-image-preview":"max-image-preview:large","max-video-preview":"max-video-preview:-1"},"canonical":"https:\/\/leaddesk.com\/fi\/software\/asiakaspalvelu\/","og_locale":"fi_FI","og_type":"article","og_title":"Monikanavainen asiakaspalveluohjelmisto \u2013 LeadDesk","og_description":"Anna ty\u00f6ntekij\u00f6idesi k\u00e4ytt\u00f6\u00f6n keskustelupohjainen ohjelmisto, jonka avulla he voivat palvella asiakkaita kaikilla kanavilla samasta paikasta.","og_url":"https:\/\/leaddesk.com\/fi\/software\/asiakaspalvelu\/","og_site_name":"LeadDesk","article_publisher":"https:\/\/www.facebook.com\/leaddesk\/","article_modified_time":"2025-02-13T12:26:03+00:00","og_image":[{"width":1200,"height":628,"url":"https:\/\/leaddesk.com\/wp-content\/uploads\/2023\/01\/LeadDesk-for-Customer-Service.png","type":"image\/png"}],"twitter_card":"summary_large_image","twitter_title":"Monikanavainen asiakaspalveluohjelmisto \u2013 LeadDesk","twitter_description":"Anna ty\u00f6ntekij\u00f6idesi k\u00e4ytt\u00f6\u00f6n keskustelupohjainen ohjelmisto, jonka avulla he voivat palvella asiakkaita kaikilla kanavilla samasta paikasta.","twitter_site":"@leaddesk","twitter_misc":{"Arvioitu lukuaika":"6 minuuttia"},"schema":{"@context":"https:\/\/schema.org","@graph":[{"@type":"WebPage","@id":"https:\/\/leaddesk.com\/fi\/software\/asiakaspalvelu\/","url":"https:\/\/leaddesk.com\/fi\/software\/asiakaspalvelu\/","name":"Monikanavainen asiakaspalveluohjelmisto \u2013 LeadDesk","isPartOf":{"@id":"https:\/\/leaddesk.com\/fi\/#website"},"primaryImageOfPage":{"@id":"https:\/\/leaddesk.com\/fi\/software\/asiakaspalvelu\/#primaryimage"},"image":{"@id":"https:\/\/leaddesk.com\/fi\/software\/asiakaspalvelu\/#primaryimage"},"thumbnailUrl":"https:\/\/leaddesk.com\/wp-content\/uploads\/2023\/01\/LeadDesk-for-Customer-Service.png","datePublished":"2022-11-14T07:36:38+00:00","dateModified":"2025-02-13T12:26:03+00:00","description":"Pilvipohjaisen asiakaspalveluratkaisun avulla palvelet asiakkaitasi kaikilla kanavilla. Teko\u00e4ly ja automaatio lyhent\u00e4v\u00e4t jonoja.","breadcrumb":{"@id":"https:\/\/leaddesk.com\/fi\/software\/asiakaspalvelu\/#breadcrumb"},"inLanguage":"fi","potentialAction":[{"@type":"ReadAction","target":["https:\/\/leaddesk.com\/fi\/software\/asiakaspalvelu\/"]}]},{"@type":"ImageObject","inLanguage":"fi","@id":"https:\/\/leaddesk.com\/fi\/software\/asiakaspalvelu\/#primaryimage","url":"https:\/\/leaddesk.com\/wp-content\/uploads\/2023\/01\/LeadDesk-for-Customer-Service.png","contentUrl":"https:\/\/leaddesk.com\/wp-content\/uploads\/2023\/01\/LeadDesk-for-Customer-Service.png","width":1200,"height":628},{"@type":"BreadcrumbList","@id":"https:\/\/leaddesk.com\/fi\/software\/asiakaspalvelu\/#breadcrumb","itemListElement":[{"@type":"ListItem","position":1,"name":"Home","item":"https:\/\/leaddesk.com\/fi\/"},{"@type":"ListItem","position":2,"name":"Ratkaisu","item":"https:\/\/leaddesk.com\/fi\/software\/"},{"@type":"ListItem","position":3,"name":"Asiakaspalveluun tarkoitettu LeadDesk-ohjelmisto"}]},{"@type":"WebSite","@id":"https:\/\/leaddesk.com\/fi\/#website","url":"https:\/\/leaddesk.com\/fi\/","name":"LeadDesk","description":"Contact Center Software for Sales and Customer Service","publisher":{"@id":"https:\/\/leaddesk.com\/fi\/#organization"},"potentialAction":[{"@type":"SearchAction","target":{"@type":"EntryPoint","urlTemplate":"https:\/\/leaddesk.com\/fi\/?s={search_term_string}"},"query-input":"required name=search_term_string"}],"inLanguage":"fi"},{"@type":"Organization","@id":"https:\/\/leaddesk.com\/fi\/#organization","name":"LeadDesk","url":"https:\/\/leaddesk.com\/fi\/","logo":{"@type":"ImageObject","inLanguage":"fi","@id":"https:\/\/leaddesk.com\/fi\/#\/schema\/logo\/image\/","url":"https:\/\/leaddesk.com\/wp-content\/uploads\/2023\/07\/leaddesk_symbol_leaddesk_blue.png","contentUrl":"https:\/\/leaddesk.com\/wp-content\/uploads\/2023\/07\/leaddesk_symbol_leaddesk_blue.png","width":2400,"height":2400,"caption":"LeadDesk"},"image":{"@id":"https:\/\/leaddesk.com\/fi\/#\/schema\/logo\/image\/"},"sameAs":["https:\/\/www.facebook.com\/leaddesk\/","https:\/\/x.com\/leaddesk","https:\/\/www.instagram.com\/leaddesk\/","https:\/\/linkedin.com\/company\/2365022\/","https:\/\/www.youtube.com\/channel\/UCjB4SgGKs2xz80H4cQH95qw"]}]}},"_links":{"self":[{"href":"https:\/\/leaddesk.com\/fi\/wp-json\/wp\/v2\/pages\/43730"}],"collection":[{"href":"https:\/\/leaddesk.com\/fi\/wp-json\/wp\/v2\/pages"}],"about":[{"href":"https:\/\/leaddesk.com\/fi\/wp-json\/wp\/v2\/types\/page"}],"author":[{"embeddable":true,"href":"https:\/\/leaddesk.com\/fi\/wp-json\/wp\/v2\/users\/15"}],"replies":[{"embeddable":true,"href":"https:\/\/leaddesk.com\/fi\/wp-json\/wp\/v2\/comments?post=43730"}],"version-history":[{"count":1,"href":"https:\/\/leaddesk.com\/fi\/wp-json\/wp\/v2\/pages\/43730\/revisions"}],"predecessor-version":[{"id":56949,"href":"https:\/\/leaddesk.com\/fi\/wp-json\/wp\/v2\/pages\/43730\/revisions\/56949"}],"up":[{"embeddable":true,"href":"https:\/\/leaddesk.com\/fi\/wp-json\/wp\/v2\/pages\/43781"}],"wp:featuredmedia":[{"embeddable":true,"href":"https:\/\/leaddesk.com\/fi\/wp-json\/wp\/v2\/media\/50598"}],"wp:attachment":[{"href":"https:\/\/leaddesk.com\/fi\/wp-json\/wp\/v2\/media?parent=43730"}],"curies":[{"name":"wp","href":"https:\/\/api.w.org\/{rel}","templated":true}]}}