{"id":43739,"date":"2023-01-11T13:34:04","date_gmt":"2023-01-11T12:34:04","guid":{"rendered":"https:\/\/leaddesk.com\/mobile\/"},"modified":"2023-04-28T07:58:46","modified_gmt":"2023-04-28T06:58:46","slug":"mobile","status":"publish","type":"page","link":"https:\/\/leaddesk.com\/fi\/software\/mobile\/","title":{"rendered":"Mobiililaitteet"},"content":{"rendered":"","protected":false},"excerpt":{"rendered":"","protected":false},"author":32,"featured_media":50628,"parent":43781,"menu_order":0,"comment_status":"closed","ping_status":"closed","template":"page-blocks-en.php","meta":{"content-type":"","footnotes":""},"acf":[],"yoast_head":"<!-- This site is optimized with the Yoast SEO Premium plugin v22.5 (Yoast SEO v22.5) - https:\/\/yoast.com\/wordpress\/plugins\/seo\/ -->\n<title>LeadDesk Mobile \u2013 asiakaspalvelukeskus liikkuvan henkil\u00f6st\u00f6n k\u00e4ytt\u00f6\u00f6n<\/title>\n<meta name=\"description\" content=\"Ota inbound-ominaisuudet mobiilik\u00e4ytt\u00f6\u00f6n. LeadDesk Mobile on helppok\u00e4ytt\u00f6inen ja tehokas ratkaisu liikkuvan henkil\u00f6st\u00f6n ty\u00f6ntekoon.\" \/>\n<meta name=\"robots\" content=\"index, follow, max-snippet:-1, max-image-preview:large, max-video-preview:-1\" \/>\n<link rel=\"canonical\" href=\"https:\/\/leaddesk.com\/fi\/software\/mobile\/\" \/>\n<meta property=\"og:locale\" content=\"fi_FI\" \/>\n<meta property=\"og:type\" content=\"article\" \/>\n<meta property=\"og:title\" content=\"Mobiililaitteet\" \/>\n<meta property=\"og:description\" content=\"Ota inbound-ominaisuudet mobiilik\u00e4ytt\u00f6\u00f6n. LeadDesk Mobile on helppok\u00e4ytt\u00f6inen ja tehokas ratkaisu liikkuvan henkil\u00f6st\u00f6n ty\u00f6ntekoon.\" \/>\n<meta property=\"og:url\" content=\"https:\/\/leaddesk.com\/fi\/software\/mobile\/\" \/>\n<meta property=\"og:site_name\" content=\"LeadDesk\" \/>\n<meta property=\"article:publisher\" content=\"https:\/\/www.facebook.com\/leaddesk\/\" \/>\n<meta property=\"article:modified_time\" content=\"2023-04-28T06:58:46+00:00\" \/>\n<meta property=\"og:image\" content=\"https:\/\/leaddesk.com\/wp-content\/uploads\/2020\/09\/ld_mobile.png\" \/>\n\t<meta property=\"og:image:width\" content=\"1600\" \/>\n\t<meta property=\"og:image:height\" content=\"1600\" \/>\n\t<meta property=\"og:image:type\" content=\"image\/png\" \/>\n<meta name=\"twitter:card\" content=\"summary_large_image\" \/>\n<meta name=\"twitter:description\" content=\"Ota inbound-ominaisuudet mobiilik\u00e4ytt\u00f6\u00f6n. LeadDesk Mobile on helppok\u00e4ytt\u00f6inen ja tehokas ratkaisu liikkuvan henkil\u00f6st\u00f6n ty\u00f6ntekoon.\" \/>\n<meta name=\"twitter:site\" content=\"@leaddesk\" \/>\n<script type=\"application\/ld+json\" class=\"yoast-schema-graph\">{\"@context\":\"https:\/\/schema.org\",\"@graph\":[{\"@type\":\"WebPage\",\"@id\":\"https:\/\/leaddesk.com\/fi\/software\/mobile\/\",\"url\":\"https:\/\/leaddesk.com\/fi\/software\/mobile\/\",\"name\":\"LeadDesk Mobile \u2013 asiakaspalvelukeskus liikkuvan henkil\u00f6st\u00f6n k\u00e4ytt\u00f6\u00f6n\",\"isPartOf\":{\"@id\":\"https:\/\/leaddesk.com\/fi\/#website\"},\"primaryImageOfPage\":{\"@id\":\"https:\/\/leaddesk.com\/fi\/software\/mobile\/#primaryimage\"},\"image\":{\"@id\":\"https:\/\/leaddesk.com\/fi\/software\/mobile\/#primaryimage\"},\"thumbnailUrl\":\"https:\/\/leaddesk.com\/wp-content\/uploads\/2023\/01\/LeadDesk-Mobile-flexible-contact-center-solution.png\",\"datePublished\":\"2023-01-11T12:34:04+00:00\",\"dateModified\":\"2023-04-28T06:58:46+00:00\",\"description\":\"Ota inbound-ominaisuudet mobiilik\u00e4ytt\u00f6\u00f6n. LeadDesk Mobile on helppok\u00e4ytt\u00f6inen ja tehokas ratkaisu liikkuvan henkil\u00f6st\u00f6n ty\u00f6ntekoon.\",\"breadcrumb\":{\"@id\":\"https:\/\/leaddesk.com\/fi\/software\/mobile\/#breadcrumb\"},\"inLanguage\":\"fi\",\"potentialAction\":[{\"@type\":\"ReadAction\",\"target\":[\"https:\/\/leaddesk.com\/fi\/software\/mobile\/\"]}]},{\"@type\":\"ImageObject\",\"inLanguage\":\"fi\",\"@id\":\"https:\/\/leaddesk.com\/fi\/software\/mobile\/#primaryimage\",\"url\":\"https:\/\/leaddesk.com\/wp-content\/uploads\/2023\/01\/LeadDesk-Mobile-flexible-contact-center-solution.png\",\"contentUrl\":\"https:\/\/leaddesk.com\/wp-content\/uploads\/2023\/01\/LeadDesk-Mobile-flexible-contact-center-solution.png\",\"width\":1200,\"height\":628},{\"@type\":\"BreadcrumbList\",\"@id\":\"https:\/\/leaddesk.com\/fi\/software\/mobile\/#breadcrumb\",\"itemListElement\":[{\"@type\":\"ListItem\",\"position\":1,\"name\":\"Home\",\"item\":\"https:\/\/leaddesk.com\/fi\/\"},{\"@type\":\"ListItem\",\"position\":2,\"name\":\"Ratkaisu\",\"item\":\"https:\/\/leaddesk.com\/fi\/software\/\"},{\"@type\":\"ListItem\",\"position\":3,\"name\":\"Mobiililaitteet\"}]},{\"@type\":\"WebSite\",\"@id\":\"https:\/\/leaddesk.com\/fi\/#website\",\"url\":\"https:\/\/leaddesk.com\/fi\/\",\"name\":\"LeadDesk\",\"description\":\"Contact Center Software for Sales and Customer Service\",\"publisher\":{\"@id\":\"https:\/\/leaddesk.com\/fi\/#organization\"},\"potentialAction\":[{\"@type\":\"SearchAction\",\"target\":{\"@type\":\"EntryPoint\",\"urlTemplate\":\"https:\/\/leaddesk.com\/fi\/?s={search_term_string}\"},\"query-input\":\"required name=search_term_string\"}],\"inLanguage\":\"fi\"},{\"@type\":\"Organization\",\"@id\":\"https:\/\/leaddesk.com\/fi\/#organization\",\"name\":\"LeadDesk\",\"url\":\"https:\/\/leaddesk.com\/fi\/\",\"logo\":{\"@type\":\"ImageObject\",\"inLanguage\":\"fi\",\"@id\":\"https:\/\/leaddesk.com\/fi\/#\/schema\/logo\/image\/\",\"url\":\"https:\/\/leaddesk.com\/wp-content\/uploads\/2023\/07\/leaddesk_symbol_leaddesk_blue.png\",\"contentUrl\":\"https:\/\/leaddesk.com\/wp-content\/uploads\/2023\/07\/leaddesk_symbol_leaddesk_blue.png\",\"width\":2400,\"height\":2400,\"caption\":\"LeadDesk\"},\"image\":{\"@id\":\"https:\/\/leaddesk.com\/fi\/#\/schema\/logo\/image\/\"},\"sameAs\":[\"https:\/\/www.facebook.com\/leaddesk\/\",\"https:\/\/x.com\/leaddesk\",\"https:\/\/www.instagram.com\/leaddesk\/\",\"https:\/\/linkedin.com\/company\/2365022\/\",\"https:\/\/www.youtube.com\/channel\/UCjB4SgGKs2xz80H4cQH95qw\"]}]}<\/script>\n<!-- \/ Yoast SEO Premium plugin. -->","yoast_head_json":{"title":"LeadDesk Mobile \u2013 asiakaspalvelukeskus liikkuvan henkil\u00f6st\u00f6n k\u00e4ytt\u00f6\u00f6n","description":"Ota inbound-ominaisuudet mobiilik\u00e4ytt\u00f6\u00f6n. LeadDesk Mobile on helppok\u00e4ytt\u00f6inen ja tehokas ratkaisu liikkuvan henkil\u00f6st\u00f6n ty\u00f6ntekoon.","robots":{"index":"index","follow":"follow","max-snippet":"max-snippet:-1","max-image-preview":"max-image-preview:large","max-video-preview":"max-video-preview:-1"},"canonical":"https:\/\/leaddesk.com\/fi\/software\/mobile\/","og_locale":"fi_FI","og_type":"article","og_title":"Mobiililaitteet","og_description":"Ota inbound-ominaisuudet mobiilik\u00e4ytt\u00f6\u00f6n. LeadDesk Mobile on helppok\u00e4ytt\u00f6inen ja tehokas ratkaisu liikkuvan henkil\u00f6st\u00f6n ty\u00f6ntekoon.","og_url":"https:\/\/leaddesk.com\/fi\/software\/mobile\/","og_site_name":"LeadDesk","article_publisher":"https:\/\/www.facebook.com\/leaddesk\/","article_modified_time":"2023-04-28T06:58:46+00:00","og_image":[{"width":1600,"height":1600,"url":"https:\/\/leaddesk.com\/wp-content\/uploads\/2020\/09\/ld_mobile.png","type":"image\/png"}],"twitter_card":"summary_large_image","twitter_description":"Ota inbound-ominaisuudet mobiilik\u00e4ytt\u00f6\u00f6n. LeadDesk Mobile on helppok\u00e4ytt\u00f6inen ja tehokas ratkaisu liikkuvan henkil\u00f6st\u00f6n ty\u00f6ntekoon.","twitter_site":"@leaddesk","schema":{"@context":"https:\/\/schema.org","@graph":[{"@type":"WebPage","@id":"https:\/\/leaddesk.com\/fi\/software\/mobile\/","url":"https:\/\/leaddesk.com\/fi\/software\/mobile\/","name":"LeadDesk Mobile \u2013 asiakaspalvelukeskus liikkuvan henkil\u00f6st\u00f6n k\u00e4ytt\u00f6\u00f6n","isPartOf":{"@id":"https:\/\/leaddesk.com\/fi\/#website"},"primaryImageOfPage":{"@id":"https:\/\/leaddesk.com\/fi\/software\/mobile\/#primaryimage"},"image":{"@id":"https:\/\/leaddesk.com\/fi\/software\/mobile\/#primaryimage"},"thumbnailUrl":"https:\/\/leaddesk.com\/wp-content\/uploads\/2023\/01\/LeadDesk-Mobile-flexible-contact-center-solution.png","datePublished":"2023-01-11T12:34:04+00:00","dateModified":"2023-04-28T06:58:46+00:00","description":"Ota inbound-ominaisuudet mobiilik\u00e4ytt\u00f6\u00f6n. LeadDesk Mobile on helppok\u00e4ytt\u00f6inen ja tehokas ratkaisu liikkuvan henkil\u00f6st\u00f6n ty\u00f6ntekoon.","breadcrumb":{"@id":"https:\/\/leaddesk.com\/fi\/software\/mobile\/#breadcrumb"},"inLanguage":"fi","potentialAction":[{"@type":"ReadAction","target":["https:\/\/leaddesk.com\/fi\/software\/mobile\/"]}]},{"@type":"ImageObject","inLanguage":"fi","@id":"https:\/\/leaddesk.com\/fi\/software\/mobile\/#primaryimage","url":"https:\/\/leaddesk.com\/wp-content\/uploads\/2023\/01\/LeadDesk-Mobile-flexible-contact-center-solution.png","contentUrl":"https:\/\/leaddesk.com\/wp-content\/uploads\/2023\/01\/LeadDesk-Mobile-flexible-contact-center-solution.png","width":1200,"height":628},{"@type":"BreadcrumbList","@id":"https:\/\/leaddesk.com\/fi\/software\/mobile\/#breadcrumb","itemListElement":[{"@type":"ListItem","position":1,"name":"Home","item":"https:\/\/leaddesk.com\/fi\/"},{"@type":"ListItem","position":2,"name":"Ratkaisu","item":"https:\/\/leaddesk.com\/fi\/software\/"},{"@type":"ListItem","position":3,"name":"Mobiililaitteet"}]},{"@type":"WebSite","@id":"https:\/\/leaddesk.com\/fi\/#website","url":"https:\/\/leaddesk.com\/fi\/","name":"LeadDesk","description":"Contact Center Software for Sales and Customer Service","publisher":{"@id":"https:\/\/leaddesk.com\/fi\/#organization"},"potentialAction":[{"@type":"SearchAction","target":{"@type":"EntryPoint","urlTemplate":"https:\/\/leaddesk.com\/fi\/?s={search_term_string}"},"query-input":"required name=search_term_string"}],"inLanguage":"fi"},{"@type":"Organization","@id":"https:\/\/leaddesk.com\/fi\/#organization","name":"LeadDesk","url":"https:\/\/leaddesk.com\/fi\/","logo":{"@type":"ImageObject","inLanguage":"fi","@id":"https:\/\/leaddesk.com\/fi\/#\/schema\/logo\/image\/","url":"https:\/\/leaddesk.com\/wp-content\/uploads\/2023\/07\/leaddesk_symbol_leaddesk_blue.png","contentUrl":"https:\/\/leaddesk.com\/wp-content\/uploads\/2023\/07\/leaddesk_symbol_leaddesk_blue.png","width":2400,"height":2400,"caption":"LeadDesk"},"image":{"@id":"https:\/\/leaddesk.com\/fi\/#\/schema\/logo\/image\/"},"sameAs":["https:\/\/www.facebook.com\/leaddesk\/","https:\/\/x.com\/leaddesk","https:\/\/www.instagram.com\/leaddesk\/","https:\/\/linkedin.com\/company\/2365022\/","https:\/\/www.youtube.com\/channel\/UCjB4SgGKs2xz80H4cQH95qw"]}]}},"_links":{"self":[{"href":"https:\/\/leaddesk.com\/fi\/wp-json\/wp\/v2\/pages\/43739"}],"collection":[{"href":"https:\/\/leaddesk.com\/fi\/wp-json\/wp\/v2\/pages"}],"about":[{"href":"https:\/\/leaddesk.com\/fi\/wp-json\/wp\/v2\/types\/page"}],"author":[{"embeddable":true,"href":"https:\/\/leaddesk.com\/fi\/wp-json\/wp\/v2\/users\/32"}],"replies":[{"embeddable":true,"href":"https:\/\/leaddesk.com\/fi\/wp-json\/wp\/v2\/comments?post=43739"}],"version-history":[{"count":0,"href":"https:\/\/leaddesk.com\/fi\/wp-json\/wp\/v2\/pages\/43739\/revisions"}],"up":[{"embeddable":true,"href":"https:\/\/leaddesk.com\/fi\/wp-json\/wp\/v2\/pages\/43781"}],"wp:featuredmedia":[{"embeddable":true,"href":"https:\/\/leaddesk.com\/fi\/wp-json\/wp\/v2\/media\/50628"}],"wp:attachment":[{"href":"https:\/\/leaddesk.com\/fi\/wp-json\/wp\/v2\/media?parent=43739"}],"curies":[{"name":"wp","href":"https:\/\/api.w.org\/{rel}","templated":true}]}}