{"id":43744,"date":"2021-03-17T10:35:59","date_gmt":"2021-03-17T08:35:59","guid":{"rendered":"https:\/\/leaddesk.com\/enterprise-contact-center\/"},"modified":"2023-04-27T11:11:28","modified_gmt":"2023-04-27T10:11:28","slug":"enterprise","status":"publish","type":"page","link":"https:\/\/leaddesk.com\/fi\/software\/enterprise\/","title":{"rendered":"Yritysratkaisut"},"content":{"rendered":"","protected":false},"excerpt":{"rendered":"","protected":false},"author":32,"featured_media":50701,"parent":43781,"menu_order":174,"comment_status":"closed","ping_status":"closed","template":"page-blocks-en.php","meta":{"content-type":"","footnotes":""},"acf":[],"yoast_head":"<!-- This site is optimized with the Yoast SEO Premium plugin v22.5 (Yoast SEO v22.5) - https:\/\/yoast.com\/wordpress\/plugins\/seo\/ -->\n<title>Asiakasviestint\u00e4ratkaisut yrityksille \u2013 LeadDesk<\/title>\n<meta name=\"description\" content=\"LeadDeskin yrityksille suunnatut asiakasviestint\u00e4ratkaisut ovat luotettavia, skaalattavia ja pilvipohjaisia, ja ne t\u00e4ytt\u00e4v\u00e4t kaikki puhelu- ja viestitarpeet.\" \/>\n<meta name=\"robots\" content=\"index, follow, max-snippet:-1, max-image-preview:large, max-video-preview:-1\" \/>\n<link rel=\"canonical\" href=\"https:\/\/leaddesk.com\/fi\/software\/enterprise\/\" \/>\n<meta property=\"og:locale\" content=\"fi_FI\" \/>\n<meta property=\"og:type\" content=\"article\" \/>\n<meta property=\"og:title\" content=\"Inbound- ja outbound-viestint\u00e4ratkaisuja t\u00e4m\u00e4n p\u00e4iv\u00e4n yrityksille\" \/>\n<meta property=\"og:description\" content=\"Monenlaiset puhelu- ja viestitarpeet t\u00e4ytt\u00e4vi\u00e4 ratkaisuja outbound-myyntiin ja monikanavaiseen asiakaspalveluun.\" \/>\n<meta property=\"og:url\" content=\"https:\/\/leaddesk.com\/fi\/software\/enterprise\/\" \/>\n<meta property=\"og:site_name\" content=\"LeadDesk\" \/>\n<meta property=\"article:publisher\" content=\"https:\/\/www.facebook.com\/leaddesk\/\" \/>\n<meta property=\"article:modified_time\" content=\"2023-04-27T10:11:28+00:00\" \/>\n<meta property=\"og:image\" content=\"https:\/\/leaddesk.com\/wp-content\/uploads\/2021\/06\/Kopi-av-Five-Megatrends-for-Contact-Centers-in-2020-and-Beyond.png\" \/>\n\t<meta property=\"og:image:width\" content=\"1200\" \/>\n\t<meta property=\"og:image:height\" content=\"628\" \/>\n\t<meta property=\"og:image:type\" content=\"image\/png\" \/>\n<meta name=\"twitter:card\" content=\"summary_large_image\" \/>\n<meta name=\"twitter:title\" content=\"Yritysratkaisut\" \/>\n<meta name=\"twitter:site\" content=\"@leaddesk\" \/>\n<script type=\"application\/ld+json\" class=\"yoast-schema-graph\">{\"@context\":\"https:\/\/schema.org\",\"@graph\":[{\"@type\":\"WebPage\",\"@id\":\"https:\/\/leaddesk.com\/fi\/software\/enterprise\/\",\"url\":\"https:\/\/leaddesk.com\/fi\/software\/enterprise\/\",\"name\":\"Asiakasviestint\u00e4ratkaisut yrityksille \u2013 LeadDesk\",\"isPartOf\":{\"@id\":\"https:\/\/leaddesk.com\/fi\/#website\"},\"primaryImageOfPage\":{\"@id\":\"https:\/\/leaddesk.com\/fi\/software\/enterprise\/#primaryimage\"},\"image\":{\"@id\":\"https:\/\/leaddesk.com\/fi\/software\/enterprise\/#primaryimage\"},\"thumbnailUrl\":\"https:\/\/leaddesk.com\/wp-content\/uploads\/2023\/01\/LeadDesk-contact-center-for-enterprises.png\",\"datePublished\":\"2021-03-17T08:35:59+00:00\",\"dateModified\":\"2023-04-27T10:11:28+00:00\",\"description\":\"LeadDeskin yrityksille suunnatut asiakasviestint\u00e4ratkaisut ovat luotettavia, skaalattavia ja pilvipohjaisia, ja ne t\u00e4ytt\u00e4v\u00e4t kaikki puhelu- ja viestitarpeet.\",\"breadcrumb\":{\"@id\":\"https:\/\/leaddesk.com\/fi\/software\/enterprise\/#breadcrumb\"},\"inLanguage\":\"fi\",\"potentialAction\":[{\"@type\":\"ReadAction\",\"target\":[\"https:\/\/leaddesk.com\/fi\/software\/enterprise\/\"]}]},{\"@type\":\"ImageObject\",\"inLanguage\":\"fi\",\"@id\":\"https:\/\/leaddesk.com\/fi\/software\/enterprise\/#primaryimage\",\"url\":\"https:\/\/leaddesk.com\/wp-content\/uploads\/2023\/01\/LeadDesk-contact-center-for-enterprises.png\",\"contentUrl\":\"https:\/\/leaddesk.com\/wp-content\/uploads\/2023\/01\/LeadDesk-contact-center-for-enterprises.png\",\"width\":1200,\"height\":628},{\"@type\":\"BreadcrumbList\",\"@id\":\"https:\/\/leaddesk.com\/fi\/software\/enterprise\/#breadcrumb\",\"itemListElement\":[{\"@type\":\"ListItem\",\"position\":1,\"name\":\"Home\",\"item\":\"https:\/\/leaddesk.com\/fi\/\"},{\"@type\":\"ListItem\",\"position\":2,\"name\":\"Ratkaisu\",\"item\":\"https:\/\/leaddesk.com\/fi\/software\/\"},{\"@type\":\"ListItem\",\"position\":3,\"name\":\"Yritysratkaisut\"}]},{\"@type\":\"WebSite\",\"@id\":\"https:\/\/leaddesk.com\/fi\/#website\",\"url\":\"https:\/\/leaddesk.com\/fi\/\",\"name\":\"LeadDesk\",\"description\":\"Contact Center Software for Sales and Customer Service\",\"publisher\":{\"@id\":\"https:\/\/leaddesk.com\/fi\/#organization\"},\"potentialAction\":[{\"@type\":\"SearchAction\",\"target\":{\"@type\":\"EntryPoint\",\"urlTemplate\":\"https:\/\/leaddesk.com\/fi\/?s={search_term_string}\"},\"query-input\":\"required name=search_term_string\"}],\"inLanguage\":\"fi\"},{\"@type\":\"Organization\",\"@id\":\"https:\/\/leaddesk.com\/fi\/#organization\",\"name\":\"LeadDesk\",\"url\":\"https:\/\/leaddesk.com\/fi\/\",\"logo\":{\"@type\":\"ImageObject\",\"inLanguage\":\"fi\",\"@id\":\"https:\/\/leaddesk.com\/fi\/#\/schema\/logo\/image\/\",\"url\":\"https:\/\/leaddesk.com\/wp-content\/uploads\/2023\/07\/leaddesk_symbol_leaddesk_blue.png\",\"contentUrl\":\"https:\/\/leaddesk.com\/wp-content\/uploads\/2023\/07\/leaddesk_symbol_leaddesk_blue.png\",\"width\":2400,\"height\":2400,\"caption\":\"LeadDesk\"},\"image\":{\"@id\":\"https:\/\/leaddesk.com\/fi\/#\/schema\/logo\/image\/\"},\"sameAs\":[\"https:\/\/www.facebook.com\/leaddesk\/\",\"https:\/\/x.com\/leaddesk\",\"https:\/\/www.instagram.com\/leaddesk\/\",\"https:\/\/linkedin.com\/company\/2365022\/\",\"https:\/\/www.youtube.com\/channel\/UCjB4SgGKs2xz80H4cQH95qw\"]}]}<\/script>\n<!-- \/ Yoast SEO Premium plugin. -->","yoast_head_json":{"title":"Asiakasviestint\u00e4ratkaisut yrityksille \u2013 LeadDesk","description":"LeadDeskin yrityksille suunnatut asiakasviestint\u00e4ratkaisut ovat luotettavia, skaalattavia ja pilvipohjaisia, ja ne t\u00e4ytt\u00e4v\u00e4t kaikki puhelu- ja viestitarpeet.","robots":{"index":"index","follow":"follow","max-snippet":"max-snippet:-1","max-image-preview":"max-image-preview:large","max-video-preview":"max-video-preview:-1"},"canonical":"https:\/\/leaddesk.com\/fi\/software\/enterprise\/","og_locale":"fi_FI","og_type":"article","og_title":"Inbound- ja outbound-viestint\u00e4ratkaisuja t\u00e4m\u00e4n p\u00e4iv\u00e4n yrityksille","og_description":"Monenlaiset puhelu- ja viestitarpeet t\u00e4ytt\u00e4vi\u00e4 ratkaisuja outbound-myyntiin ja monikanavaiseen asiakaspalveluun.","og_url":"https:\/\/leaddesk.com\/fi\/software\/enterprise\/","og_site_name":"LeadDesk","article_publisher":"https:\/\/www.facebook.com\/leaddesk\/","article_modified_time":"2023-04-27T10:11:28+00:00","og_image":[{"width":1200,"height":628,"url":"https:\/\/leaddesk.com\/wp-content\/uploads\/2021\/06\/Kopi-av-Five-Megatrends-for-Contact-Centers-in-2020-and-Beyond.png","type":"image\/png"}],"twitter_card":"summary_large_image","twitter_title":"Yritysratkaisut","twitter_site":"@leaddesk","schema":{"@context":"https:\/\/schema.org","@graph":[{"@type":"WebPage","@id":"https:\/\/leaddesk.com\/fi\/software\/enterprise\/","url":"https:\/\/leaddesk.com\/fi\/software\/enterprise\/","name":"Asiakasviestint\u00e4ratkaisut yrityksille \u2013 LeadDesk","isPartOf":{"@id":"https:\/\/leaddesk.com\/fi\/#website"},"primaryImageOfPage":{"@id":"https:\/\/leaddesk.com\/fi\/software\/enterprise\/#primaryimage"},"image":{"@id":"https:\/\/leaddesk.com\/fi\/software\/enterprise\/#primaryimage"},"thumbnailUrl":"https:\/\/leaddesk.com\/wp-content\/uploads\/2023\/01\/LeadDesk-contact-center-for-enterprises.png","datePublished":"2021-03-17T08:35:59+00:00","dateModified":"2023-04-27T10:11:28+00:00","description":"LeadDeskin yrityksille suunnatut asiakasviestint\u00e4ratkaisut ovat luotettavia, skaalattavia ja pilvipohjaisia, ja ne t\u00e4ytt\u00e4v\u00e4t kaikki puhelu- ja viestitarpeet.","breadcrumb":{"@id":"https:\/\/leaddesk.com\/fi\/software\/enterprise\/#breadcrumb"},"inLanguage":"fi","potentialAction":[{"@type":"ReadAction","target":["https:\/\/leaddesk.com\/fi\/software\/enterprise\/"]}]},{"@type":"ImageObject","inLanguage":"fi","@id":"https:\/\/leaddesk.com\/fi\/software\/enterprise\/#primaryimage","url":"https:\/\/leaddesk.com\/wp-content\/uploads\/2023\/01\/LeadDesk-contact-center-for-enterprises.png","contentUrl":"https:\/\/leaddesk.com\/wp-content\/uploads\/2023\/01\/LeadDesk-contact-center-for-enterprises.png","width":1200,"height":628},{"@type":"BreadcrumbList","@id":"https:\/\/leaddesk.com\/fi\/software\/enterprise\/#breadcrumb","itemListElement":[{"@type":"ListItem","position":1,"name":"Home","item":"https:\/\/leaddesk.com\/fi\/"},{"@type":"ListItem","position":2,"name":"Ratkaisu","item":"https:\/\/leaddesk.com\/fi\/software\/"},{"@type":"ListItem","position":3,"name":"Yritysratkaisut"}]},{"@type":"WebSite","@id":"https:\/\/leaddesk.com\/fi\/#website","url":"https:\/\/leaddesk.com\/fi\/","name":"LeadDesk","description":"Contact Center Software for Sales and Customer Service","publisher":{"@id":"https:\/\/leaddesk.com\/fi\/#organization"},"potentialAction":[{"@type":"SearchAction","target":{"@type":"EntryPoint","urlTemplate":"https:\/\/leaddesk.com\/fi\/?s={search_term_string}"},"query-input":"required name=search_term_string"}],"inLanguage":"fi"},{"@type":"Organization","@id":"https:\/\/leaddesk.com\/fi\/#organization","name":"LeadDesk","url":"https:\/\/leaddesk.com\/fi\/","logo":{"@type":"ImageObject","inLanguage":"fi","@id":"https:\/\/leaddesk.com\/fi\/#\/schema\/logo\/image\/","url":"https:\/\/leaddesk.com\/wp-content\/uploads\/2023\/07\/leaddesk_symbol_leaddesk_blue.png","contentUrl":"https:\/\/leaddesk.com\/wp-content\/uploads\/2023\/07\/leaddesk_symbol_leaddesk_blue.png","width":2400,"height":2400,"caption":"LeadDesk"},"image":{"@id":"https:\/\/leaddesk.com\/fi\/#\/schema\/logo\/image\/"},"sameAs":["https:\/\/www.facebook.com\/leaddesk\/","https:\/\/x.com\/leaddesk","https:\/\/www.instagram.com\/leaddesk\/","https:\/\/linkedin.com\/company\/2365022\/","https:\/\/www.youtube.com\/channel\/UCjB4SgGKs2xz80H4cQH95qw"]}]}},"_links":{"self":[{"href":"https:\/\/leaddesk.com\/fi\/wp-json\/wp\/v2\/pages\/43744"}],"collection":[{"href":"https:\/\/leaddesk.com\/fi\/wp-json\/wp\/v2\/pages"}],"about":[{"href":"https:\/\/leaddesk.com\/fi\/wp-json\/wp\/v2\/types\/page"}],"author":[{"embeddable":true,"href":"https:\/\/leaddesk.com\/fi\/wp-json\/wp\/v2\/users\/32"}],"replies":[{"embeddable":true,"href":"https:\/\/leaddesk.com\/fi\/wp-json\/wp\/v2\/comments?post=43744"}],"version-history":[{"count":0,"href":"https:\/\/leaddesk.com\/fi\/wp-json\/wp\/v2\/pages\/43744\/revisions"}],"up":[{"embeddable":true,"href":"https:\/\/leaddesk.com\/fi\/wp-json\/wp\/v2\/pages\/43781"}],"wp:featuredmedia":[{"embeddable":true,"href":"https:\/\/leaddesk.com\/fi\/wp-json\/wp\/v2\/media\/50701"}],"wp:attachment":[{"href":"https:\/\/leaddesk.com\/fi\/wp-json\/wp\/v2\/media?parent=43744"}],"curies":[{"name":"wp","href":"https:\/\/api.w.org\/{rel}","templated":true}]}}