{"id":43767,"date":"2019-01-04T15:47:45","date_gmt":"2019-01-04T13:47:45","guid":{"rendered":"https:\/\/leaddesk.com\/pricing\/"},"modified":"2026-03-06T15:27:59","modified_gmt":"2026-03-06T13:27:59","slug":"pricing","status":"publish","type":"page","link":"https:\/\/leaddesk.com\/fi\/software\/pricing\/","title":{"rendered":"Hinnasto"},"content":{"rendered":"","protected":false},"excerpt":{"rendered":"","protected":false},"author":15,"featured_media":50902,"parent":43781,"menu_order":306,"comment_status":"closed","ping_status":"closed","template":"page-blocks-en.php","meta":{"content-type":"","footnotes":""},"acf":[],"yoast_head":"<!-- This site is optimized with the Yoast SEO Premium plugin v22.5 (Yoast SEO v22.5) - https:\/\/yoast.com\/wordpress\/plugins\/seo\/ -->\n<title>Hinnasto ja palvelupaketit \u2013 LeadDesk<\/title>\n<meta name=\"description\" content=\"L\u00f6yd\u00e4 yrityksellesi sopivin LeadDesk-palvelupaketti ja aloita myyntity\u00f6 jo t\u00e4n\u00e4\u00e4n. Hinnat alkaen vain 85 \u20ac\/kk ja kokeilla voit ilmaiseksi.\" \/>\n<meta name=\"robots\" content=\"index, follow, max-snippet:-1, max-image-preview:large, max-video-preview:-1\" \/>\n<link rel=\"canonical\" href=\"https:\/\/leaddesk.com\/fi\/software\/pricing\/\" \/>\n<meta property=\"og:locale\" content=\"fi_FI\" \/>\n<meta property=\"og:type\" content=\"article\" \/>\n<meta property=\"og:title\" content=\"Hinnasto\" \/>\n<meta property=\"og:description\" content=\"L\u00f6yd\u00e4 yrityksellesi sopivin LeadDesk-palvelupaketti ja aloita myyntity\u00f6 jo t\u00e4n\u00e4\u00e4n. Hinnat alkaen vain 85 \u20ac\/kk ja kokeilla voit ilmaiseksi.\" \/>\n<meta property=\"og:url\" content=\"https:\/\/leaddesk.com\/fi\/software\/pricing\/\" \/>\n<meta property=\"og:site_name\" content=\"LeadDesk\" \/>\n<meta property=\"article:publisher\" content=\"https:\/\/www.facebook.com\/leaddesk\/\" \/>\n<meta property=\"article:modified_time\" content=\"2026-03-06T13:27:59+00:00\" \/>\n<meta property=\"og:image\" content=\"https:\/\/leaddesk.com\/wp-content\/uploads\/2023\/01\/LeadDesk-Pricing.png\" \/>\n\t<meta property=\"og:image:width\" content=\"1201\" \/>\n\t<meta property=\"og:image:height\" content=\"629\" \/>\n\t<meta property=\"og:image:type\" content=\"image\/png\" \/>\n<meta name=\"twitter:card\" content=\"summary_large_image\" \/>\n<meta name=\"twitter:site\" content=\"@leaddesk\" \/>\n<meta name=\"twitter:label1\" content=\"Arvioitu lukuaika\" \/>\n\t<meta name=\"twitter:data1\" content=\"1 minuutti\" \/>\n<script type=\"application\/ld+json\" class=\"yoast-schema-graph\">{\"@context\":\"https:\/\/schema.org\",\"@graph\":[{\"@type\":\"WebPage\",\"@id\":\"https:\/\/leaddesk.com\/fi\/software\/pricing\/\",\"url\":\"https:\/\/leaddesk.com\/fi\/software\/pricing\/\",\"name\":\"Hinnasto ja palvelupaketit \u2013 LeadDesk\",\"isPartOf\":{\"@id\":\"https:\/\/leaddesk.com\/fi\/#website\"},\"primaryImageOfPage\":{\"@id\":\"https:\/\/leaddesk.com\/fi\/software\/pricing\/#primaryimage\"},\"image\":{\"@id\":\"https:\/\/leaddesk.com\/fi\/software\/pricing\/#primaryimage\"},\"thumbnailUrl\":\"https:\/\/leaddesk.com\/wp-content\/uploads\/2023\/01\/LeadDesk-Pricing.png\",\"datePublished\":\"2019-01-04T13:47:45+00:00\",\"dateModified\":\"2026-03-06T13:27:59+00:00\",\"description\":\"L\u00f6yd\u00e4 yrityksellesi sopivin LeadDesk-palvelupaketti ja aloita myyntity\u00f6 jo t\u00e4n\u00e4\u00e4n. Hinnat alkaen vain 85 \u20ac\/kk ja kokeilla voit ilmaiseksi.\",\"breadcrumb\":{\"@id\":\"https:\/\/leaddesk.com\/fi\/software\/pricing\/#breadcrumb\"},\"inLanguage\":\"fi\",\"potentialAction\":[{\"@type\":\"ReadAction\",\"target\":[\"https:\/\/leaddesk.com\/fi\/software\/pricing\/\"]}]},{\"@type\":\"ImageObject\",\"inLanguage\":\"fi\",\"@id\":\"https:\/\/leaddesk.com\/fi\/software\/pricing\/#primaryimage\",\"url\":\"https:\/\/leaddesk.com\/wp-content\/uploads\/2023\/01\/LeadDesk-Pricing.png\",\"contentUrl\":\"https:\/\/leaddesk.com\/wp-content\/uploads\/2023\/01\/LeadDesk-Pricing.png\",\"width\":1201,\"height\":629},{\"@type\":\"BreadcrumbList\",\"@id\":\"https:\/\/leaddesk.com\/fi\/software\/pricing\/#breadcrumb\",\"itemListElement\":[{\"@type\":\"ListItem\",\"position\":1,\"name\":\"Home\",\"item\":\"https:\/\/leaddesk.com\/fi\/\"},{\"@type\":\"ListItem\",\"position\":2,\"name\":\"Ratkaisu\",\"item\":\"https:\/\/leaddesk.com\/fi\/software\/\"},{\"@type\":\"ListItem\",\"position\":3,\"name\":\"Hinnasto\"}]},{\"@type\":\"WebSite\",\"@id\":\"https:\/\/leaddesk.com\/fi\/#website\",\"url\":\"https:\/\/leaddesk.com\/fi\/\",\"name\":\"LeadDesk\",\"description\":\"Contact Center Software for Sales and Customer Service\",\"publisher\":{\"@id\":\"https:\/\/leaddesk.com\/fi\/#organization\"},\"potentialAction\":[{\"@type\":\"SearchAction\",\"target\":{\"@type\":\"EntryPoint\",\"urlTemplate\":\"https:\/\/leaddesk.com\/fi\/?s={search_term_string}\"},\"query-input\":\"required name=search_term_string\"}],\"inLanguage\":\"fi\"},{\"@type\":\"Organization\",\"@id\":\"https:\/\/leaddesk.com\/fi\/#organization\",\"name\":\"LeadDesk\",\"url\":\"https:\/\/leaddesk.com\/fi\/\",\"logo\":{\"@type\":\"ImageObject\",\"inLanguage\":\"fi\",\"@id\":\"https:\/\/leaddesk.com\/fi\/#\/schema\/logo\/image\/\",\"url\":\"https:\/\/leaddesk.com\/wp-content\/uploads\/2023\/07\/leaddesk_symbol_leaddesk_blue.png\",\"contentUrl\":\"https:\/\/leaddesk.com\/wp-content\/uploads\/2023\/07\/leaddesk_symbol_leaddesk_blue.png\",\"width\":2400,\"height\":2400,\"caption\":\"LeadDesk\"},\"image\":{\"@id\":\"https:\/\/leaddesk.com\/fi\/#\/schema\/logo\/image\/\"},\"sameAs\":[\"https:\/\/www.facebook.com\/leaddesk\/\",\"https:\/\/x.com\/leaddesk\",\"https:\/\/www.instagram.com\/leaddesk\/\",\"https:\/\/linkedin.com\/company\/2365022\/\",\"https:\/\/www.youtube.com\/channel\/UCjB4SgGKs2xz80H4cQH95qw\"]}]}<\/script>\n<!-- \/ Yoast SEO Premium plugin. -->","yoast_head_json":{"title":"Hinnasto ja palvelupaketit \u2013 LeadDesk","description":"L\u00f6yd\u00e4 yrityksellesi sopivin LeadDesk-palvelupaketti ja aloita myyntity\u00f6 jo t\u00e4n\u00e4\u00e4n. Hinnat alkaen vain 85 \u20ac\/kk ja kokeilla voit ilmaiseksi.","robots":{"index":"index","follow":"follow","max-snippet":"max-snippet:-1","max-image-preview":"max-image-preview:large","max-video-preview":"max-video-preview:-1"},"canonical":"https:\/\/leaddesk.com\/fi\/software\/pricing\/","og_locale":"fi_FI","og_type":"article","og_title":"Hinnasto","og_description":"L\u00f6yd\u00e4 yrityksellesi sopivin LeadDesk-palvelupaketti ja aloita myyntity\u00f6 jo t\u00e4n\u00e4\u00e4n. Hinnat alkaen vain 85 \u20ac\/kk ja kokeilla voit ilmaiseksi.","og_url":"https:\/\/leaddesk.com\/fi\/software\/pricing\/","og_site_name":"LeadDesk","article_publisher":"https:\/\/www.facebook.com\/leaddesk\/","article_modified_time":"2026-03-06T13:27:59+00:00","og_image":[{"width":1201,"height":629,"url":"https:\/\/leaddesk.com\/wp-content\/uploads\/2023\/01\/LeadDesk-Pricing.png","type":"image\/png"}],"twitter_card":"summary_large_image","twitter_site":"@leaddesk","twitter_misc":{"Arvioitu lukuaika":"1 minuutti"},"schema":{"@context":"https:\/\/schema.org","@graph":[{"@type":"WebPage","@id":"https:\/\/leaddesk.com\/fi\/software\/pricing\/","url":"https:\/\/leaddesk.com\/fi\/software\/pricing\/","name":"Hinnasto ja palvelupaketit \u2013 LeadDesk","isPartOf":{"@id":"https:\/\/leaddesk.com\/fi\/#website"},"primaryImageOfPage":{"@id":"https:\/\/leaddesk.com\/fi\/software\/pricing\/#primaryimage"},"image":{"@id":"https:\/\/leaddesk.com\/fi\/software\/pricing\/#primaryimage"},"thumbnailUrl":"https:\/\/leaddesk.com\/wp-content\/uploads\/2023\/01\/LeadDesk-Pricing.png","datePublished":"2019-01-04T13:47:45+00:00","dateModified":"2026-03-06T13:27:59+00:00","description":"L\u00f6yd\u00e4 yrityksellesi sopivin LeadDesk-palvelupaketti ja aloita myyntity\u00f6 jo t\u00e4n\u00e4\u00e4n. Hinnat alkaen vain 85 \u20ac\/kk ja kokeilla voit ilmaiseksi.","breadcrumb":{"@id":"https:\/\/leaddesk.com\/fi\/software\/pricing\/#breadcrumb"},"inLanguage":"fi","potentialAction":[{"@type":"ReadAction","target":["https:\/\/leaddesk.com\/fi\/software\/pricing\/"]}]},{"@type":"ImageObject","inLanguage":"fi","@id":"https:\/\/leaddesk.com\/fi\/software\/pricing\/#primaryimage","url":"https:\/\/leaddesk.com\/wp-content\/uploads\/2023\/01\/LeadDesk-Pricing.png","contentUrl":"https:\/\/leaddesk.com\/wp-content\/uploads\/2023\/01\/LeadDesk-Pricing.png","width":1201,"height":629},{"@type":"BreadcrumbList","@id":"https:\/\/leaddesk.com\/fi\/software\/pricing\/#breadcrumb","itemListElement":[{"@type":"ListItem","position":1,"name":"Home","item":"https:\/\/leaddesk.com\/fi\/"},{"@type":"ListItem","position":2,"name":"Ratkaisu","item":"https:\/\/leaddesk.com\/fi\/software\/"},{"@type":"ListItem","position":3,"name":"Hinnasto"}]},{"@type":"WebSite","@id":"https:\/\/leaddesk.com\/fi\/#website","url":"https:\/\/leaddesk.com\/fi\/","name":"LeadDesk","description":"Contact Center Software for Sales and Customer Service","publisher":{"@id":"https:\/\/leaddesk.com\/fi\/#organization"},"potentialAction":[{"@type":"SearchAction","target":{"@type":"EntryPoint","urlTemplate":"https:\/\/leaddesk.com\/fi\/?s={search_term_string}"},"query-input":"required name=search_term_string"}],"inLanguage":"fi"},{"@type":"Organization","@id":"https:\/\/leaddesk.com\/fi\/#organization","name":"LeadDesk","url":"https:\/\/leaddesk.com\/fi\/","logo":{"@type":"ImageObject","inLanguage":"fi","@id":"https:\/\/leaddesk.com\/fi\/#\/schema\/logo\/image\/","url":"https:\/\/leaddesk.com\/wp-content\/uploads\/2023\/07\/leaddesk_symbol_leaddesk_blue.png","contentUrl":"https:\/\/leaddesk.com\/wp-content\/uploads\/2023\/07\/leaddesk_symbol_leaddesk_blue.png","width":2400,"height":2400,"caption":"LeadDesk"},"image":{"@id":"https:\/\/leaddesk.com\/fi\/#\/schema\/logo\/image\/"},"sameAs":["https:\/\/www.facebook.com\/leaddesk\/","https:\/\/x.com\/leaddesk","https:\/\/www.instagram.com\/leaddesk\/","https:\/\/linkedin.com\/company\/2365022\/","https:\/\/www.youtube.com\/channel\/UCjB4SgGKs2xz80H4cQH95qw"]}]}},"_links":{"self":[{"href":"https:\/\/leaddesk.com\/fi\/wp-json\/wp\/v2\/pages\/43767"}],"collection":[{"href":"https:\/\/leaddesk.com\/fi\/wp-json\/wp\/v2\/pages"}],"about":[{"href":"https:\/\/leaddesk.com\/fi\/wp-json\/wp\/v2\/types\/page"}],"author":[{"embeddable":true,"href":"https:\/\/leaddesk.com\/fi\/wp-json\/wp\/v2\/users\/15"}],"replies":[{"embeddable":true,"href":"https:\/\/leaddesk.com\/fi\/wp-json\/wp\/v2\/comments?post=43767"}],"version-history":[{"count":3,"href":"https:\/\/leaddesk.com\/fi\/wp-json\/wp\/v2\/pages\/43767\/revisions"}],"predecessor-version":[{"id":58086,"href":"https:\/\/leaddesk.com\/fi\/wp-json\/wp\/v2\/pages\/43767\/revisions\/58086"}],"up":[{"embeddable":true,"href":"https:\/\/leaddesk.com\/fi\/wp-json\/wp\/v2\/pages\/43781"}],"wp:featuredmedia":[{"embeddable":true,"href":"https:\/\/leaddesk.com\/fi\/wp-json\/wp\/v2\/media\/50902"}],"wp:attachment":[{"href":"https:\/\/leaddesk.com\/fi\/wp-json\/wp\/v2\/media?parent=43767"}],"curies":[{"name":"wp","href":"https:\/\/api.w.org\/{rel}","templated":true}]}}