{"id":52281,"date":"2023-01-30T12:00:52","date_gmt":"2023-01-30T11:00:52","guid":{"rendered":"https:\/\/leaddesk.com\/ennakoiva-soitto\/"},"modified":"2023-04-27T13:58:30","modified_gmt":"2023-04-27T12:58:30","slug":"ennakoiva-soitto","status":"publish","type":"page","link":"https:\/\/leaddesk.com\/fi\/ennakoiva-soitto\/","title":{"rendered":"Ennakoiva soitto"},"content":{"rendered":"","protected":false},"excerpt":{"rendered":"","protected":false},"author":32,"featured_media":0,"parent":0,"menu_order":169,"comment_status":"closed","ping_status":"closed","template":"page-blocks-en.php","meta":{"content-type":"","footnotes":""},"acf":[],"yoast_head":"<!-- This site is optimized with the Yoast SEO Premium plugin v22.5 (Yoast SEO v22.5) - https:\/\/yoast.com\/wordpress\/plugins\/seo\/ -->\n<title>Mik\u00e4 ennakoiva soitto on ja milloin sit\u00e4 kannattaa (tai ei kannata) k\u00e4ytt\u00e4\u00e4?<\/title>\n<meta name=\"description\" content=\"Kun k\u00e4yt\u00f6ss\u00e4 on ennakoiva soittotoiminto, oikeaa puheluiden ja ty\u00f6ntekij\u00f6iden m\u00e4\u00e4r\u00e4n suhdetta ei tarvitse arvailla. Teko\u00e4ly varmistaa, ett\u00e4 ty\u00f6ntekij\u00e4t eiv\u00e4t j\u00e4\u00e4 joutilaiksi. Voiko t\u00e4m\u00e4 edes olla totta?\" \/>\n<meta name=\"robots\" content=\"index, follow, max-snippet:-1, max-image-preview:large, max-video-preview:-1\" \/>\n<link rel=\"canonical\" href=\"https:\/\/leaddesk.com\/fi\/ennakoiva-soitto\/\" \/>\n<meta property=\"og:locale\" content=\"fi_FI\" \/>\n<meta property=\"og:type\" content=\"article\" \/>\n<meta property=\"og:title\" content=\"Ennakoiva soitto\" \/>\n<meta property=\"og:description\" content=\"Kun k\u00e4yt\u00f6ss\u00e4 on ennakoiva soittotoiminto, oikeaa puheluiden ja ty\u00f6ntekij\u00f6iden m\u00e4\u00e4r\u00e4n suhdetta ei tarvitse arvailla. Teko\u00e4ly varmistaa, ett\u00e4 ty\u00f6ntekij\u00e4t eiv\u00e4t j\u00e4\u00e4 joutilaiksi. Voiko t\u00e4m\u00e4 edes olla totta?\" \/>\n<meta property=\"og:url\" content=\"https:\/\/leaddesk.com\/fi\/ennakoiva-soitto\/\" \/>\n<meta property=\"og:site_name\" content=\"LeadDesk\" \/>\n<meta property=\"article:publisher\" content=\"https:\/\/www.facebook.com\/leaddesk\/\" \/>\n<meta property=\"article:modified_time\" content=\"2023-04-27T12:58:30+00:00\" \/>\n<meta property=\"og:image\" content=\"https:\/\/leaddesk.com\/wp-content\/uploads\/2022\/10\/featured-image-logo.jpg\" \/>\n\t<meta property=\"og:image:width\" content=\"1200\" \/>\n\t<meta property=\"og:image:height\" content=\"630\" \/>\n\t<meta property=\"og:image:type\" content=\"image\/jpeg\" \/>\n<meta name=\"twitter:card\" content=\"summary_large_image\" \/>\n<meta name=\"twitter:site\" content=\"@leaddesk\" \/>\n<script type=\"application\/ld+json\" class=\"yoast-schema-graph\">{\"@context\":\"https:\/\/schema.org\",\"@graph\":[{\"@type\":\"WebPage\",\"@id\":\"https:\/\/leaddesk.com\/fi\/ennakoiva-soitto\/\",\"url\":\"https:\/\/leaddesk.com\/fi\/ennakoiva-soitto\/\",\"name\":\"Mik\u00e4 ennakoiva soitto on ja milloin sit\u00e4 kannattaa (tai ei kannata) k\u00e4ytt\u00e4\u00e4?\",\"isPartOf\":{\"@id\":\"https:\/\/leaddesk.com\/fi\/#website\"},\"datePublished\":\"2023-01-30T11:00:52+00:00\",\"dateModified\":\"2023-04-27T12:58:30+00:00\",\"description\":\"Kun k\u00e4yt\u00f6ss\u00e4 on ennakoiva soittotoiminto, oikeaa puheluiden ja ty\u00f6ntekij\u00f6iden m\u00e4\u00e4r\u00e4n suhdetta ei tarvitse arvailla. Teko\u00e4ly varmistaa, ett\u00e4 ty\u00f6ntekij\u00e4t eiv\u00e4t j\u00e4\u00e4 joutilaiksi. Voiko t\u00e4m\u00e4 edes olla totta?\",\"breadcrumb\":{\"@id\":\"https:\/\/leaddesk.com\/fi\/ennakoiva-soitto\/#breadcrumb\"},\"inLanguage\":\"fi\",\"potentialAction\":[{\"@type\":\"ReadAction\",\"target\":[\"https:\/\/leaddesk.com\/fi\/ennakoiva-soitto\/\"]}]},{\"@type\":\"BreadcrumbList\",\"@id\":\"https:\/\/leaddesk.com\/fi\/ennakoiva-soitto\/#breadcrumb\",\"itemListElement\":[{\"@type\":\"ListItem\",\"position\":1,\"name\":\"Home\",\"item\":\"https:\/\/leaddesk.com\/fi\/\"},{\"@type\":\"ListItem\",\"position\":2,\"name\":\"Ennakoiva soitto\"}]},{\"@type\":\"WebSite\",\"@id\":\"https:\/\/leaddesk.com\/fi\/#website\",\"url\":\"https:\/\/leaddesk.com\/fi\/\",\"name\":\"LeadDesk\",\"description\":\"Contact Center Software for Sales and Customer Service\",\"publisher\":{\"@id\":\"https:\/\/leaddesk.com\/fi\/#organization\"},\"potentialAction\":[{\"@type\":\"SearchAction\",\"target\":{\"@type\":\"EntryPoint\",\"urlTemplate\":\"https:\/\/leaddesk.com\/fi\/?s={search_term_string}\"},\"query-input\":\"required name=search_term_string\"}],\"inLanguage\":\"fi\"},{\"@type\":\"Organization\",\"@id\":\"https:\/\/leaddesk.com\/fi\/#organization\",\"name\":\"LeadDesk\",\"url\":\"https:\/\/leaddesk.com\/fi\/\",\"logo\":{\"@type\":\"ImageObject\",\"inLanguage\":\"fi\",\"@id\":\"https:\/\/leaddesk.com\/fi\/#\/schema\/logo\/image\/\",\"url\":\"https:\/\/leaddesk.com\/wp-content\/uploads\/2023\/07\/leaddesk_symbol_leaddesk_blue.png\",\"contentUrl\":\"https:\/\/leaddesk.com\/wp-content\/uploads\/2023\/07\/leaddesk_symbol_leaddesk_blue.png\",\"width\":2400,\"height\":2400,\"caption\":\"LeadDesk\"},\"image\":{\"@id\":\"https:\/\/leaddesk.com\/fi\/#\/schema\/logo\/image\/\"},\"sameAs\":[\"https:\/\/www.facebook.com\/leaddesk\/\",\"https:\/\/x.com\/leaddesk\",\"https:\/\/www.instagram.com\/leaddesk\/\",\"https:\/\/linkedin.com\/company\/2365022\/\",\"https:\/\/www.youtube.com\/channel\/UCjB4SgGKs2xz80H4cQH95qw\"]}]}<\/script>\n<!-- \/ Yoast SEO Premium plugin. -->","yoast_head_json":{"title":"Mik\u00e4 ennakoiva soitto on ja milloin sit\u00e4 kannattaa (tai ei kannata) k\u00e4ytt\u00e4\u00e4?","description":"Kun k\u00e4yt\u00f6ss\u00e4 on ennakoiva soittotoiminto, oikeaa puheluiden ja ty\u00f6ntekij\u00f6iden m\u00e4\u00e4r\u00e4n suhdetta ei tarvitse arvailla. Teko\u00e4ly varmistaa, ett\u00e4 ty\u00f6ntekij\u00e4t eiv\u00e4t j\u00e4\u00e4 joutilaiksi. Voiko t\u00e4m\u00e4 edes olla totta?","robots":{"index":"index","follow":"follow","max-snippet":"max-snippet:-1","max-image-preview":"max-image-preview:large","max-video-preview":"max-video-preview:-1"},"canonical":"https:\/\/leaddesk.com\/fi\/ennakoiva-soitto\/","og_locale":"fi_FI","og_type":"article","og_title":"Ennakoiva soitto","og_description":"Kun k\u00e4yt\u00f6ss\u00e4 on ennakoiva soittotoiminto, oikeaa puheluiden ja ty\u00f6ntekij\u00f6iden m\u00e4\u00e4r\u00e4n suhdetta ei tarvitse arvailla. Teko\u00e4ly varmistaa, ett\u00e4 ty\u00f6ntekij\u00e4t eiv\u00e4t j\u00e4\u00e4 joutilaiksi. Voiko t\u00e4m\u00e4 edes olla totta?","og_url":"https:\/\/leaddesk.com\/fi\/ennakoiva-soitto\/","og_site_name":"LeadDesk","article_publisher":"https:\/\/www.facebook.com\/leaddesk\/","article_modified_time":"2023-04-27T12:58:30+00:00","og_image":[{"width":1200,"height":630,"url":"https:\/\/leaddesk.com\/wp-content\/uploads\/2022\/10\/featured-image-logo.jpg","type":"image\/jpeg"}],"twitter_card":"summary_large_image","twitter_site":"@leaddesk","schema":{"@context":"https:\/\/schema.org","@graph":[{"@type":"WebPage","@id":"https:\/\/leaddesk.com\/fi\/ennakoiva-soitto\/","url":"https:\/\/leaddesk.com\/fi\/ennakoiva-soitto\/","name":"Mik\u00e4 ennakoiva soitto on ja milloin sit\u00e4 kannattaa (tai ei kannata) k\u00e4ytt\u00e4\u00e4?","isPartOf":{"@id":"https:\/\/leaddesk.com\/fi\/#website"},"datePublished":"2023-01-30T11:00:52+00:00","dateModified":"2023-04-27T12:58:30+00:00","description":"Kun k\u00e4yt\u00f6ss\u00e4 on ennakoiva soittotoiminto, oikeaa puheluiden ja ty\u00f6ntekij\u00f6iden m\u00e4\u00e4r\u00e4n suhdetta ei tarvitse arvailla. Teko\u00e4ly varmistaa, ett\u00e4 ty\u00f6ntekij\u00e4t eiv\u00e4t j\u00e4\u00e4 joutilaiksi. Voiko t\u00e4m\u00e4 edes olla totta?","breadcrumb":{"@id":"https:\/\/leaddesk.com\/fi\/ennakoiva-soitto\/#breadcrumb"},"inLanguage":"fi","potentialAction":[{"@type":"ReadAction","target":["https:\/\/leaddesk.com\/fi\/ennakoiva-soitto\/"]}]},{"@type":"BreadcrumbList","@id":"https:\/\/leaddesk.com\/fi\/ennakoiva-soitto\/#breadcrumb","itemListElement":[{"@type":"ListItem","position":1,"name":"Home","item":"https:\/\/leaddesk.com\/fi\/"},{"@type":"ListItem","position":2,"name":"Ennakoiva soitto"}]},{"@type":"WebSite","@id":"https:\/\/leaddesk.com\/fi\/#website","url":"https:\/\/leaddesk.com\/fi\/","name":"LeadDesk","description":"Contact Center Software for Sales and Customer Service","publisher":{"@id":"https:\/\/leaddesk.com\/fi\/#organization"},"potentialAction":[{"@type":"SearchAction","target":{"@type":"EntryPoint","urlTemplate":"https:\/\/leaddesk.com\/fi\/?s={search_term_string}"},"query-input":"required name=search_term_string"}],"inLanguage":"fi"},{"@type":"Organization","@id":"https:\/\/leaddesk.com\/fi\/#organization","name":"LeadDesk","url":"https:\/\/leaddesk.com\/fi\/","logo":{"@type":"ImageObject","inLanguage":"fi","@id":"https:\/\/leaddesk.com\/fi\/#\/schema\/logo\/image\/","url":"https:\/\/leaddesk.com\/wp-content\/uploads\/2023\/07\/leaddesk_symbol_leaddesk_blue.png","contentUrl":"https:\/\/leaddesk.com\/wp-content\/uploads\/2023\/07\/leaddesk_symbol_leaddesk_blue.png","width":2400,"height":2400,"caption":"LeadDesk"},"image":{"@id":"https:\/\/leaddesk.com\/fi\/#\/schema\/logo\/image\/"},"sameAs":["https:\/\/www.facebook.com\/leaddesk\/","https:\/\/x.com\/leaddesk","https:\/\/www.instagram.com\/leaddesk\/","https:\/\/linkedin.com\/company\/2365022\/","https:\/\/www.youtube.com\/channel\/UCjB4SgGKs2xz80H4cQH95qw"]}]}},"_links":{"self":[{"href":"https:\/\/leaddesk.com\/fi\/wp-json\/wp\/v2\/pages\/52281"}],"collection":[{"href":"https:\/\/leaddesk.com\/fi\/wp-json\/wp\/v2\/pages"}],"about":[{"href":"https:\/\/leaddesk.com\/fi\/wp-json\/wp\/v2\/types\/page"}],"author":[{"embeddable":true,"href":"https:\/\/leaddesk.com\/fi\/wp-json\/wp\/v2\/users\/32"}],"replies":[{"embeddable":true,"href":"https:\/\/leaddesk.com\/fi\/wp-json\/wp\/v2\/comments?post=52281"}],"version-history":[{"count":0,"href":"https:\/\/leaddesk.com\/fi\/wp-json\/wp\/v2\/pages\/52281\/revisions"}],"wp:attachment":[{"href":"https:\/\/leaddesk.com\/fi\/wp-json\/wp\/v2\/media?parent=52281"}],"curies":[{"name":"wp","href":"https:\/\/api.w.org\/{rel}","templated":true}]}}