{"id":52291,"date":"2022-04-26T11:45:55","date_gmt":"2022-04-26T10:45:55","guid":{"rendered":"https:\/\/leaddesk.com\/energia-alan-toimijat-ja-yleishyodylliset-organisaatiot\/"},"modified":"2023-04-27T11:09:44","modified_gmt":"2023-04-27T10:09:44","slug":"energia-alan-toimijat-ja-yleishyodylliset-organisaatiot","status":"publish","type":"page","link":"https:\/\/leaddesk.com\/fi\/energia-alan-toimijat-ja-yleishyodylliset-organisaatiot\/","title":{"rendered":"Energia-alan toimijat ja yleishy\u00f6dylliset organisaatiot"},"content":{"rendered":"","protected":false},"excerpt":{"rendered":"","protected":false},"author":32,"featured_media":50741,"parent":0,"menu_order":111,"comment_status":"closed","ping_status":"closed","template":"page-blocks-en.php","meta":{"content-type":"","footnotes":""},"acf":[],"yoast_head":"<!-- This site is optimized with the Yoast SEO Premium plugin v22.5 (Yoast SEO v22.5) - https:\/\/yoast.com\/wordpress\/plugins\/seo\/ -->\n<title>Asiakaspalvelukeskus energia-alan toimijoille ja muille yleishy\u00f6dyllisille organisaatioille \u2013 LeadDesk<\/title>\n<meta name=\"description\" content=\"Ruuhkautuuko organisaatiosi asiakaspalvelu? LeadDeskin asiakasviestint\u00e4ratkaisu parantaa niin asiakkaiden kuin ty\u00f6ntekij\u00f6idenkin tyytyv\u00e4isyytt\u00e4.\" \/>\n<meta name=\"robots\" content=\"index, follow, max-snippet:-1, max-image-preview:large, max-video-preview:-1\" \/>\n<link rel=\"canonical\" href=\"https:\/\/leaddesk.com\/fi\/energia-alan-toimijat-ja-yleishyodylliset-organisaatiot\/\" \/>\n<meta property=\"og:locale\" content=\"fi_FI\" \/>\n<meta property=\"og:type\" content=\"article\" \/>\n<meta property=\"og:title\" content=\"Energia-alan toimijat ja yleishy\u00f6dylliset organisaatiot\" \/>\n<meta property=\"og:description\" content=\"Ruuhkautuuko organisaatiosi asiakaspalvelu? LeadDeskin asiakasviestint\u00e4ratkaisu parantaa niin asiakkaiden kuin ty\u00f6ntekij\u00f6idenkin tyytyv\u00e4isyytt\u00e4.\" \/>\n<meta property=\"og:url\" content=\"https:\/\/leaddesk.com\/fi\/energia-alan-toimijat-ja-yleishyodylliset-organisaatiot\/\" \/>\n<meta property=\"og:site_name\" content=\"LeadDesk\" \/>\n<meta property=\"article:publisher\" content=\"https:\/\/www.facebook.com\/leaddesk\/\" \/>\n<meta property=\"article:modified_time\" content=\"2023-04-27T10:09:44+00:00\" \/>\n<meta property=\"og:image\" content=\"https:\/\/leaddesk.com\/wp-content\/uploads\/2023\/01\/LeadDesk-for-Energy-adn-Utilities-companies.png\" \/>\n\t<meta property=\"og:image:width\" content=\"1200\" \/>\n\t<meta property=\"og:image:height\" content=\"628\" \/>\n\t<meta property=\"og:image:type\" content=\"image\/png\" \/>\n<meta name=\"twitter:card\" content=\"summary_large_image\" \/>\n<meta name=\"twitter:site\" content=\"@leaddesk\" \/>\n<script type=\"application\/ld+json\" class=\"yoast-schema-graph\">{\"@context\":\"https:\/\/schema.org\",\"@graph\":[{\"@type\":\"WebPage\",\"@id\":\"https:\/\/leaddesk.com\/fi\/energia-alan-toimijat-ja-yleishyodylliset-organisaatiot\/\",\"url\":\"https:\/\/leaddesk.com\/fi\/energia-alan-toimijat-ja-yleishyodylliset-organisaatiot\/\",\"name\":\"Asiakaspalvelukeskus energia-alan toimijoille ja muille yleishy\u00f6dyllisille organisaatioille \u2013 LeadDesk\",\"isPartOf\":{\"@id\":\"https:\/\/leaddesk.com\/fi\/#website\"},\"primaryImageOfPage\":{\"@id\":\"https:\/\/leaddesk.com\/fi\/energia-alan-toimijat-ja-yleishyodylliset-organisaatiot\/#primaryimage\"},\"image\":{\"@id\":\"https:\/\/leaddesk.com\/fi\/energia-alan-toimijat-ja-yleishyodylliset-organisaatiot\/#primaryimage\"},\"thumbnailUrl\":\"https:\/\/leaddesk.com\/wp-content\/uploads\/2023\/01\/LeadDesk-for-Energy-adn-Utilities-companies.png\",\"datePublished\":\"2022-04-26T10:45:55+00:00\",\"dateModified\":\"2023-04-27T10:09:44+00:00\",\"description\":\"Ruuhkautuuko organisaatiosi asiakaspalvelu? LeadDeskin asiakasviestint\u00e4ratkaisu parantaa niin asiakkaiden kuin ty\u00f6ntekij\u00f6idenkin tyytyv\u00e4isyytt\u00e4.\",\"breadcrumb\":{\"@id\":\"https:\/\/leaddesk.com\/fi\/energia-alan-toimijat-ja-yleishyodylliset-organisaatiot\/#breadcrumb\"},\"inLanguage\":\"fi\",\"potentialAction\":[{\"@type\":\"ReadAction\",\"target\":[\"https:\/\/leaddesk.com\/fi\/energia-alan-toimijat-ja-yleishyodylliset-organisaatiot\/\"]}]},{\"@type\":\"ImageObject\",\"inLanguage\":\"fi\",\"@id\":\"https:\/\/leaddesk.com\/fi\/energia-alan-toimijat-ja-yleishyodylliset-organisaatiot\/#primaryimage\",\"url\":\"https:\/\/leaddesk.com\/wp-content\/uploads\/2023\/01\/LeadDesk-for-Energy-adn-Utilities-companies.png\",\"contentUrl\":\"https:\/\/leaddesk.com\/wp-content\/uploads\/2023\/01\/LeadDesk-for-Energy-adn-Utilities-companies.png\",\"width\":1200,\"height\":628},{\"@type\":\"BreadcrumbList\",\"@id\":\"https:\/\/leaddesk.com\/fi\/energia-alan-toimijat-ja-yleishyodylliset-organisaatiot\/#breadcrumb\",\"itemListElement\":[{\"@type\":\"ListItem\",\"position\":1,\"name\":\"Home\",\"item\":\"https:\/\/leaddesk.com\/fi\/\"},{\"@type\":\"ListItem\",\"position\":2,\"name\":\"Energia-alan toimijat ja yleishy\u00f6dylliset organisaatiot\"}]},{\"@type\":\"WebSite\",\"@id\":\"https:\/\/leaddesk.com\/fi\/#website\",\"url\":\"https:\/\/leaddesk.com\/fi\/\",\"name\":\"LeadDesk\",\"description\":\"Contact Center Software for Sales and Customer Service\",\"publisher\":{\"@id\":\"https:\/\/leaddesk.com\/fi\/#organization\"},\"potentialAction\":[{\"@type\":\"SearchAction\",\"target\":{\"@type\":\"EntryPoint\",\"urlTemplate\":\"https:\/\/leaddesk.com\/fi\/?s={search_term_string}\"},\"query-input\":\"required name=search_term_string\"}],\"inLanguage\":\"fi\"},{\"@type\":\"Organization\",\"@id\":\"https:\/\/leaddesk.com\/fi\/#organization\",\"name\":\"LeadDesk\",\"url\":\"https:\/\/leaddesk.com\/fi\/\",\"logo\":{\"@type\":\"ImageObject\",\"inLanguage\":\"fi\",\"@id\":\"https:\/\/leaddesk.com\/fi\/#\/schema\/logo\/image\/\",\"url\":\"https:\/\/leaddesk.com\/wp-content\/uploads\/2023\/07\/leaddesk_symbol_leaddesk_blue.png\",\"contentUrl\":\"https:\/\/leaddesk.com\/wp-content\/uploads\/2023\/07\/leaddesk_symbol_leaddesk_blue.png\",\"width\":2400,\"height\":2400,\"caption\":\"LeadDesk\"},\"image\":{\"@id\":\"https:\/\/leaddesk.com\/fi\/#\/schema\/logo\/image\/\"},\"sameAs\":[\"https:\/\/www.facebook.com\/leaddesk\/\",\"https:\/\/x.com\/leaddesk\",\"https:\/\/www.instagram.com\/leaddesk\/\",\"https:\/\/linkedin.com\/company\/2365022\/\",\"https:\/\/www.youtube.com\/channel\/UCjB4SgGKs2xz80H4cQH95qw\"]}]}<\/script>\n<!-- \/ Yoast SEO Premium plugin. -->","yoast_head_json":{"title":"Asiakaspalvelukeskus energia-alan toimijoille ja muille yleishy\u00f6dyllisille organisaatioille \u2013 LeadDesk","description":"Ruuhkautuuko organisaatiosi asiakaspalvelu? LeadDeskin asiakasviestint\u00e4ratkaisu parantaa niin asiakkaiden kuin ty\u00f6ntekij\u00f6idenkin tyytyv\u00e4isyytt\u00e4.","robots":{"index":"index","follow":"follow","max-snippet":"max-snippet:-1","max-image-preview":"max-image-preview:large","max-video-preview":"max-video-preview:-1"},"canonical":"https:\/\/leaddesk.com\/fi\/energia-alan-toimijat-ja-yleishyodylliset-organisaatiot\/","og_locale":"fi_FI","og_type":"article","og_title":"Energia-alan toimijat ja yleishy\u00f6dylliset organisaatiot","og_description":"Ruuhkautuuko organisaatiosi asiakaspalvelu? LeadDeskin asiakasviestint\u00e4ratkaisu parantaa niin asiakkaiden kuin ty\u00f6ntekij\u00f6idenkin tyytyv\u00e4isyytt\u00e4.","og_url":"https:\/\/leaddesk.com\/fi\/energia-alan-toimijat-ja-yleishyodylliset-organisaatiot\/","og_site_name":"LeadDesk","article_publisher":"https:\/\/www.facebook.com\/leaddesk\/","article_modified_time":"2023-04-27T10:09:44+00:00","og_image":[{"width":1200,"height":628,"url":"https:\/\/leaddesk.com\/wp-content\/uploads\/2023\/01\/LeadDesk-for-Energy-adn-Utilities-companies.png","type":"image\/png"}],"twitter_card":"summary_large_image","twitter_site":"@leaddesk","schema":{"@context":"https:\/\/schema.org","@graph":[{"@type":"WebPage","@id":"https:\/\/leaddesk.com\/fi\/energia-alan-toimijat-ja-yleishyodylliset-organisaatiot\/","url":"https:\/\/leaddesk.com\/fi\/energia-alan-toimijat-ja-yleishyodylliset-organisaatiot\/","name":"Asiakaspalvelukeskus energia-alan toimijoille ja muille yleishy\u00f6dyllisille organisaatioille \u2013 LeadDesk","isPartOf":{"@id":"https:\/\/leaddesk.com\/fi\/#website"},"primaryImageOfPage":{"@id":"https:\/\/leaddesk.com\/fi\/energia-alan-toimijat-ja-yleishyodylliset-organisaatiot\/#primaryimage"},"image":{"@id":"https:\/\/leaddesk.com\/fi\/energia-alan-toimijat-ja-yleishyodylliset-organisaatiot\/#primaryimage"},"thumbnailUrl":"https:\/\/leaddesk.com\/wp-content\/uploads\/2023\/01\/LeadDesk-for-Energy-adn-Utilities-companies.png","datePublished":"2022-04-26T10:45:55+00:00","dateModified":"2023-04-27T10:09:44+00:00","description":"Ruuhkautuuko organisaatiosi asiakaspalvelu? LeadDeskin asiakasviestint\u00e4ratkaisu parantaa niin asiakkaiden kuin ty\u00f6ntekij\u00f6idenkin tyytyv\u00e4isyytt\u00e4.","breadcrumb":{"@id":"https:\/\/leaddesk.com\/fi\/energia-alan-toimijat-ja-yleishyodylliset-organisaatiot\/#breadcrumb"},"inLanguage":"fi","potentialAction":[{"@type":"ReadAction","target":["https:\/\/leaddesk.com\/fi\/energia-alan-toimijat-ja-yleishyodylliset-organisaatiot\/"]}]},{"@type":"ImageObject","inLanguage":"fi","@id":"https:\/\/leaddesk.com\/fi\/energia-alan-toimijat-ja-yleishyodylliset-organisaatiot\/#primaryimage","url":"https:\/\/leaddesk.com\/wp-content\/uploads\/2023\/01\/LeadDesk-for-Energy-adn-Utilities-companies.png","contentUrl":"https:\/\/leaddesk.com\/wp-content\/uploads\/2023\/01\/LeadDesk-for-Energy-adn-Utilities-companies.png","width":1200,"height":628},{"@type":"BreadcrumbList","@id":"https:\/\/leaddesk.com\/fi\/energia-alan-toimijat-ja-yleishyodylliset-organisaatiot\/#breadcrumb","itemListElement":[{"@type":"ListItem","position":1,"name":"Home","item":"https:\/\/leaddesk.com\/fi\/"},{"@type":"ListItem","position":2,"name":"Energia-alan toimijat ja yleishy\u00f6dylliset organisaatiot"}]},{"@type":"WebSite","@id":"https:\/\/leaddesk.com\/fi\/#website","url":"https:\/\/leaddesk.com\/fi\/","name":"LeadDesk","description":"Contact Center Software for Sales and Customer Service","publisher":{"@id":"https:\/\/leaddesk.com\/fi\/#organization"},"potentialAction":[{"@type":"SearchAction","target":{"@type":"EntryPoint","urlTemplate":"https:\/\/leaddesk.com\/fi\/?s={search_term_string}"},"query-input":"required name=search_term_string"}],"inLanguage":"fi"},{"@type":"Organization","@id":"https:\/\/leaddesk.com\/fi\/#organization","name":"LeadDesk","url":"https:\/\/leaddesk.com\/fi\/","logo":{"@type":"ImageObject","inLanguage":"fi","@id":"https:\/\/leaddesk.com\/fi\/#\/schema\/logo\/image\/","url":"https:\/\/leaddesk.com\/wp-content\/uploads\/2023\/07\/leaddesk_symbol_leaddesk_blue.png","contentUrl":"https:\/\/leaddesk.com\/wp-content\/uploads\/2023\/07\/leaddesk_symbol_leaddesk_blue.png","width":2400,"height":2400,"caption":"LeadDesk"},"image":{"@id":"https:\/\/leaddesk.com\/fi\/#\/schema\/logo\/image\/"},"sameAs":["https:\/\/www.facebook.com\/leaddesk\/","https:\/\/x.com\/leaddesk","https:\/\/www.instagram.com\/leaddesk\/","https:\/\/linkedin.com\/company\/2365022\/","https:\/\/www.youtube.com\/channel\/UCjB4SgGKs2xz80H4cQH95qw"]}]}},"_links":{"self":[{"href":"https:\/\/leaddesk.com\/fi\/wp-json\/wp\/v2\/pages\/52291"}],"collection":[{"href":"https:\/\/leaddesk.com\/fi\/wp-json\/wp\/v2\/pages"}],"about":[{"href":"https:\/\/leaddesk.com\/fi\/wp-json\/wp\/v2\/types\/page"}],"author":[{"embeddable":true,"href":"https:\/\/leaddesk.com\/fi\/wp-json\/wp\/v2\/users\/32"}],"replies":[{"embeddable":true,"href":"https:\/\/leaddesk.com\/fi\/wp-json\/wp\/v2\/comments?post=52291"}],"version-history":[{"count":0,"href":"https:\/\/leaddesk.com\/fi\/wp-json\/wp\/v2\/pages\/52291\/revisions"}],"wp:featuredmedia":[{"embeddable":true,"href":"https:\/\/leaddesk.com\/fi\/wp-json\/wp\/v2\/media\/50741"}],"wp:attachment":[{"href":"https:\/\/leaddesk.com\/fi\/wp-json\/wp\/v2\/media?parent=52291"}],"curies":[{"name":"wp","href":"https:\/\/api.w.org\/{rel}","templated":true}]}}