{"id":44876,"date":"2022-11-14T09:36:38","date_gmt":"2022-11-14T07:36:38","guid":{"rendered":"https:\/\/leaddesk.com\/customer-service\/"},"modified":"2023-04-27T10:14:26","modified_gmt":"2023-04-27T09:14:26","slug":"customer-service","status":"publish","type":"page","link":"https:\/\/leaddesk.com\/fr\/software\/customer-service\/","title":{"rendered":"LeadDesk pour le service client"},"content":{"rendered":"","protected":false},"excerpt":{"rendered":"","protected":false},"author":15,"featured_media":50599,"parent":45139,"menu_order":0,"comment_status":"closed","ping_status":"closed","template":"page-blocks-en.php","meta":{"content-type":"","footnotes":""},"acf":[],"yoast_head":"<!-- This site is optimized with the Yoast SEO Premium plugin v22.5 (Yoast SEO v22.5) - https:\/\/yoast.com\/wordpress\/plugins\/seo\/ -->\n<title>Logiciel de service client omnicanal \u2013 LeadDesk<\/title>\n<meta name=\"description\" content=\"R\u00e9pondez pr\u00e9sent pour vos clients sur tous les canaux avec notre solution pour centre de contact bas\u00e9e dans le cloud et r\u00e9duisez votre file d\u2019attente gr\u00e2ce \u00e0 ses fonctions d\u2019IA et d\u2019automatisation.\" \/>\n<meta name=\"robots\" content=\"index, follow, max-snippet:-1, max-image-preview:large, max-video-preview:-1\" \/>\n<link rel=\"canonical\" href=\"https:\/\/leaddesk.com\/fr\/software\/customer-service\/\" \/>\n<meta property=\"og:locale\" content=\"fr_FR\" \/>\n<meta property=\"og:type\" content=\"article\" \/>\n<meta property=\"og:title\" content=\"Logiciel de service client omnicanal \u2013 LeadDesk\" \/>\n<meta property=\"og:description\" content=\"Traitez les requ\u00eates de vos clients sur tous les canaux depuis un seul et m\u00eame logiciel de service omnicanal ax\u00e9 sur les conversations.\" \/>\n<meta property=\"og:url\" content=\"https:\/\/leaddesk.com\/fr\/software\/customer-service\/\" \/>\n<meta property=\"og:site_name\" content=\"LeadDesk\" \/>\n<meta property=\"article:publisher\" content=\"https:\/\/www.facebook.com\/leaddesk\/\" \/>\n<meta property=\"article:modified_time\" content=\"2023-04-27T09:14:26+00:00\" \/>\n<meta property=\"og:image\" content=\"https:\/\/leaddesk.com\/wp-content\/uploads\/2023\/01\/LeadDesk-for-Customer-Service.png\" \/>\n\t<meta property=\"og:image:width\" content=\"1200\" \/>\n\t<meta property=\"og:image:height\" content=\"628\" \/>\n\t<meta property=\"og:image:type\" content=\"image\/png\" \/>\n<meta name=\"twitter:card\" content=\"summary_large_image\" \/>\n<meta name=\"twitter:title\" content=\"Logiciel de service client omnicanal \u2013 LeadDesk\" \/>\n<meta name=\"twitter:description\" content=\"Traitez les requ\u00eates de vos clients sur tous les canaux depuis un seul et m\u00eame logiciel de service omnicanal ax\u00e9 sur les conversations.\" \/>\n<meta name=\"twitter:site\" content=\"@leaddesk\" \/>\n<script type=\"application\/ld+json\" class=\"yoast-schema-graph\">{\"@context\":\"https:\/\/schema.org\",\"@graph\":[{\"@type\":\"WebPage\",\"@id\":\"https:\/\/leaddesk.com\/fr\/software\/customer-service\/\",\"url\":\"https:\/\/leaddesk.com\/fr\/software\/customer-service\/\",\"name\":\"Logiciel de service client omnicanal \u2013 LeadDesk\",\"isPartOf\":{\"@id\":\"https:\/\/leaddesk.com\/fr\/#website\"},\"primaryImageOfPage\":{\"@id\":\"https:\/\/leaddesk.com\/fr\/software\/customer-service\/#primaryimage\"},\"image\":{\"@id\":\"https:\/\/leaddesk.com\/fr\/software\/customer-service\/#primaryimage\"},\"thumbnailUrl\":\"https:\/\/leaddesk.com\/wp-content\/uploads\/2023\/01\/LeadDesk-for-Customer-Service.png\",\"datePublished\":\"2022-11-14T07:36:38+00:00\",\"dateModified\":\"2023-04-27T09:14:26+00:00\",\"description\":\"R\u00e9pondez pr\u00e9sent pour vos clients sur tous les canaux avec notre solution pour centre de contact bas\u00e9e dans le cloud et r\u00e9duisez votre file d\u2019attente gr\u00e2ce \u00e0 ses fonctions d\u2019IA et d\u2019automatisation.\",\"breadcrumb\":{\"@id\":\"https:\/\/leaddesk.com\/fr\/software\/customer-service\/#breadcrumb\"},\"inLanguage\":\"fr-FR\",\"potentialAction\":[{\"@type\":\"ReadAction\",\"target\":[\"https:\/\/leaddesk.com\/fr\/software\/customer-service\/\"]}]},{\"@type\":\"ImageObject\",\"inLanguage\":\"fr-FR\",\"@id\":\"https:\/\/leaddesk.com\/fr\/software\/customer-service\/#primaryimage\",\"url\":\"https:\/\/leaddesk.com\/wp-content\/uploads\/2023\/01\/LeadDesk-for-Customer-Service.png\",\"contentUrl\":\"https:\/\/leaddesk.com\/wp-content\/uploads\/2023\/01\/LeadDesk-for-Customer-Service.png\",\"width\":1200,\"height\":628},{\"@type\":\"BreadcrumbList\",\"@id\":\"https:\/\/leaddesk.com\/fr\/software\/customer-service\/#breadcrumb\",\"itemListElement\":[{\"@type\":\"ListItem\",\"position\":1,\"name\":\"Home\",\"item\":\"https:\/\/leaddesk.com\/fr\/\"},{\"@type\":\"ListItem\",\"position\":2,\"name\":\"Produit\",\"item\":\"https:\/\/leaddesk.com\/fr\/software\/\"},{\"@type\":\"ListItem\",\"position\":3,\"name\":\"LeadDesk pour le service client\"}]},{\"@type\":\"WebSite\",\"@id\":\"https:\/\/leaddesk.com\/fr\/#website\",\"url\":\"https:\/\/leaddesk.com\/fr\/\",\"name\":\"LeadDesk\",\"description\":\"Contact Center Software for Sales and Customer Service\",\"publisher\":{\"@id\":\"https:\/\/leaddesk.com\/fr\/#organization\"},\"potentialAction\":[{\"@type\":\"SearchAction\",\"target\":{\"@type\":\"EntryPoint\",\"urlTemplate\":\"https:\/\/leaddesk.com\/fr\/?s={search_term_string}\"},\"query-input\":\"required name=search_term_string\"}],\"inLanguage\":\"fr-FR\"},{\"@type\":\"Organization\",\"@id\":\"https:\/\/leaddesk.com\/fr\/#organization\",\"name\":\"LeadDesk\",\"url\":\"https:\/\/leaddesk.com\/fr\/\",\"logo\":{\"@type\":\"ImageObject\",\"inLanguage\":\"fr-FR\",\"@id\":\"https:\/\/leaddesk.com\/fr\/#\/schema\/logo\/image\/\",\"url\":\"https:\/\/leaddesk.com\/wp-content\/uploads\/2023\/07\/leaddesk_symbol_leaddesk_blue.png\",\"contentUrl\":\"https:\/\/leaddesk.com\/wp-content\/uploads\/2023\/07\/leaddesk_symbol_leaddesk_blue.png\",\"width\":2400,\"height\":2400,\"caption\":\"LeadDesk\"},\"image\":{\"@id\":\"https:\/\/leaddesk.com\/fr\/#\/schema\/logo\/image\/\"},\"sameAs\":[\"https:\/\/www.facebook.com\/leaddesk\/\",\"https:\/\/x.com\/leaddesk\",\"https:\/\/www.instagram.com\/leaddesk\/\",\"https:\/\/linkedin.com\/company\/2365022\/\",\"https:\/\/www.youtube.com\/channel\/UCjB4SgGKs2xz80H4cQH95qw\"]}]}<\/script>\n<!-- \/ Yoast SEO Premium plugin. -->","yoast_head_json":{"title":"Logiciel de service client omnicanal \u2013 LeadDesk","description":"R\u00e9pondez pr\u00e9sent pour vos clients sur tous les canaux avec notre solution pour centre de contact bas\u00e9e dans le cloud et r\u00e9duisez votre file d\u2019attente gr\u00e2ce \u00e0 ses fonctions d\u2019IA et d\u2019automatisation.","robots":{"index":"index","follow":"follow","max-snippet":"max-snippet:-1","max-image-preview":"max-image-preview:large","max-video-preview":"max-video-preview:-1"},"canonical":"https:\/\/leaddesk.com\/fr\/software\/customer-service\/","og_locale":"fr_FR","og_type":"article","og_title":"Logiciel de service client omnicanal \u2013 LeadDesk","og_description":"Traitez les requ\u00eates de vos clients sur tous les canaux depuis un seul et m\u00eame logiciel de service omnicanal ax\u00e9 sur les conversations.","og_url":"https:\/\/leaddesk.com\/fr\/software\/customer-service\/","og_site_name":"LeadDesk","article_publisher":"https:\/\/www.facebook.com\/leaddesk\/","article_modified_time":"2023-04-27T09:14:26+00:00","og_image":[{"width":1200,"height":628,"url":"https:\/\/leaddesk.com\/wp-content\/uploads\/2023\/01\/LeadDesk-for-Customer-Service.png","type":"image\/png"}],"twitter_card":"summary_large_image","twitter_title":"Logiciel de service client omnicanal \u2013 LeadDesk","twitter_description":"Traitez les requ\u00eates de vos clients sur tous les canaux depuis un seul et m\u00eame logiciel de service omnicanal ax\u00e9 sur les conversations.","twitter_site":"@leaddesk","schema":{"@context":"https:\/\/schema.org","@graph":[{"@type":"WebPage","@id":"https:\/\/leaddesk.com\/fr\/software\/customer-service\/","url":"https:\/\/leaddesk.com\/fr\/software\/customer-service\/","name":"Logiciel de service client omnicanal \u2013 LeadDesk","isPartOf":{"@id":"https:\/\/leaddesk.com\/fr\/#website"},"primaryImageOfPage":{"@id":"https:\/\/leaddesk.com\/fr\/software\/customer-service\/#primaryimage"},"image":{"@id":"https:\/\/leaddesk.com\/fr\/software\/customer-service\/#primaryimage"},"thumbnailUrl":"https:\/\/leaddesk.com\/wp-content\/uploads\/2023\/01\/LeadDesk-for-Customer-Service.png","datePublished":"2022-11-14T07:36:38+00:00","dateModified":"2023-04-27T09:14:26+00:00","description":"R\u00e9pondez pr\u00e9sent pour vos clients sur tous les canaux avec notre solution pour centre de contact bas\u00e9e dans le cloud et r\u00e9duisez votre file d\u2019attente gr\u00e2ce \u00e0 ses fonctions d\u2019IA et d\u2019automatisation.","breadcrumb":{"@id":"https:\/\/leaddesk.com\/fr\/software\/customer-service\/#breadcrumb"},"inLanguage":"fr-FR","potentialAction":[{"@type":"ReadAction","target":["https:\/\/leaddesk.com\/fr\/software\/customer-service\/"]}]},{"@type":"ImageObject","inLanguage":"fr-FR","@id":"https:\/\/leaddesk.com\/fr\/software\/customer-service\/#primaryimage","url":"https:\/\/leaddesk.com\/wp-content\/uploads\/2023\/01\/LeadDesk-for-Customer-Service.png","contentUrl":"https:\/\/leaddesk.com\/wp-content\/uploads\/2023\/01\/LeadDesk-for-Customer-Service.png","width":1200,"height":628},{"@type":"BreadcrumbList","@id":"https:\/\/leaddesk.com\/fr\/software\/customer-service\/#breadcrumb","itemListElement":[{"@type":"ListItem","position":1,"name":"Home","item":"https:\/\/leaddesk.com\/fr\/"},{"@type":"ListItem","position":2,"name":"Produit","item":"https:\/\/leaddesk.com\/fr\/software\/"},{"@type":"ListItem","position":3,"name":"LeadDesk pour le service client"}]},{"@type":"WebSite","@id":"https:\/\/leaddesk.com\/fr\/#website","url":"https:\/\/leaddesk.com\/fr\/","name":"LeadDesk","description":"Contact Center Software for Sales and Customer Service","publisher":{"@id":"https:\/\/leaddesk.com\/fr\/#organization"},"potentialAction":[{"@type":"SearchAction","target":{"@type":"EntryPoint","urlTemplate":"https:\/\/leaddesk.com\/fr\/?s={search_term_string}"},"query-input":"required name=search_term_string"}],"inLanguage":"fr-FR"},{"@type":"Organization","@id":"https:\/\/leaddesk.com\/fr\/#organization","name":"LeadDesk","url":"https:\/\/leaddesk.com\/fr\/","logo":{"@type":"ImageObject","inLanguage":"fr-FR","@id":"https:\/\/leaddesk.com\/fr\/#\/schema\/logo\/image\/","url":"https:\/\/leaddesk.com\/wp-content\/uploads\/2023\/07\/leaddesk_symbol_leaddesk_blue.png","contentUrl":"https:\/\/leaddesk.com\/wp-content\/uploads\/2023\/07\/leaddesk_symbol_leaddesk_blue.png","width":2400,"height":2400,"caption":"LeadDesk"},"image":{"@id":"https:\/\/leaddesk.com\/fr\/#\/schema\/logo\/image\/"},"sameAs":["https:\/\/www.facebook.com\/leaddesk\/","https:\/\/x.com\/leaddesk","https:\/\/www.instagram.com\/leaddesk\/","https:\/\/linkedin.com\/company\/2365022\/","https:\/\/www.youtube.com\/channel\/UCjB4SgGKs2xz80H4cQH95qw"]}]}},"_links":{"self":[{"href":"https:\/\/leaddesk.com\/fr\/wp-json\/wp\/v2\/pages\/44876"}],"collection":[{"href":"https:\/\/leaddesk.com\/fr\/wp-json\/wp\/v2\/pages"}],"about":[{"href":"https:\/\/leaddesk.com\/fr\/wp-json\/wp\/v2\/types\/page"}],"author":[{"embeddable":true,"href":"https:\/\/leaddesk.com\/fr\/wp-json\/wp\/v2\/users\/15"}],"replies":[{"embeddable":true,"href":"https:\/\/leaddesk.com\/fr\/wp-json\/wp\/v2\/comments?post=44876"}],"version-history":[{"count":0,"href":"https:\/\/leaddesk.com\/fr\/wp-json\/wp\/v2\/pages\/44876\/revisions"}],"up":[{"embeddable":true,"href":"https:\/\/leaddesk.com\/fr\/wp-json\/wp\/v2\/pages\/45139"}],"wp:featuredmedia":[{"embeddable":true,"href":"https:\/\/leaddesk.com\/fr\/wp-json\/wp\/v2\/media\/50599"}],"wp:attachment":[{"href":"https:\/\/leaddesk.com\/fr\/wp-json\/wp\/v2\/media?parent=44876"}],"curies":[{"name":"wp","href":"https:\/\/api.w.org\/{rel}","templated":true}]}}