{"id":44908,"date":"2019-01-08T12:37:18","date_gmt":"2019-01-08T10:37:18","guid":{"rendered":"https:\/\/leaddesk.com\/integrations\/"},"modified":"2023-04-26T14:11:28","modified_gmt":"2023-04-26T13:11:28","slug":"integrations","status":"publish","type":"page","link":"https:\/\/leaddesk.com\/fr\/integrations\/","title":{"rendered":"Int\u00e9grations"},"content":{"rendered":"","protected":false},"excerpt":{"rendered":"","protected":false},"author":15,"featured_media":0,"parent":0,"menu_order":267,"comment_status":"closed","ping_status":"closed","template":"page-blocks-en.php","meta":{"content-type":"","footnotes":""},"acf":[],"yoast_head":"<!-- This site is optimized with the Yoast SEO Premium plugin v22.5 (Yoast SEO v22.5) - https:\/\/yoast.com\/wordpress\/plugins\/seo\/ -->\n<title>Int\u00e9gration CRM et API \u2013 LeadDesk<\/title>\n<meta name=\"description\" content=\"Reliez votre CRM, votre ERP et vos autres syst\u00e8mes \u00e0 LeadDesk pour rendre vos agents encore plus efficaces.\" \/>\n<meta name=\"robots\" content=\"index, follow, max-snippet:-1, max-image-preview:large, max-video-preview:-1\" \/>\n<link rel=\"canonical\" href=\"https:\/\/leaddesk.com\/fr\/integrations\/\" \/>\n<meta property=\"og:locale\" content=\"fr_FR\" \/>\n<meta property=\"og:type\" content=\"article\" \/>\n<meta property=\"og:title\" content=\"Int\u00e9grations\" \/>\n<meta property=\"og:description\" content=\"Reliez votre CRM, votre ERP et vos autres syst\u00e8mes \u00e0 LeadDesk pour rendre vos agents encore plus efficaces.\" \/>\n<meta property=\"og:url\" content=\"https:\/\/leaddesk.com\/fr\/integrations\/\" \/>\n<meta property=\"og:site_name\" content=\"LeadDesk\" \/>\n<meta property=\"article:publisher\" content=\"https:\/\/www.facebook.com\/leaddesk\/\" \/>\n<meta property=\"article:modified_time\" content=\"2023-04-26T13:11:28+00:00\" \/>\n<meta property=\"og:image\" content=\"https:\/\/leaddesk.com\/wp-content\/uploads\/2023\/01\/LeadDesk-Integrations.png\" \/>\n\t<meta property=\"og:image:width\" content=\"1201\" \/>\n\t<meta property=\"og:image:height\" content=\"629\" \/>\n\t<meta property=\"og:image:type\" content=\"image\/png\" \/>\n<meta name=\"twitter:card\" content=\"summary_large_image\" \/>\n<meta name=\"twitter:site\" content=\"@leaddesk\" \/>\n<script type=\"application\/ld+json\" class=\"yoast-schema-graph\">{\"@context\":\"https:\/\/schema.org\",\"@graph\":[{\"@type\":\"WebPage\",\"@id\":\"https:\/\/leaddesk.com\/fr\/integrations\/\",\"url\":\"https:\/\/leaddesk.com\/fr\/integrations\/\",\"name\":\"Int\u00e9gration CRM et API \u2013 LeadDesk\",\"isPartOf\":{\"@id\":\"https:\/\/leaddesk.com\/fr\/#website\"},\"datePublished\":\"2019-01-08T10:37:18+00:00\",\"dateModified\":\"2023-04-26T13:11:28+00:00\",\"description\":\"Reliez votre CRM, votre ERP et vos autres syst\u00e8mes \u00e0 LeadDesk pour rendre vos agents encore plus efficaces.\",\"breadcrumb\":{\"@id\":\"https:\/\/leaddesk.com\/fr\/integrations\/#breadcrumb\"},\"inLanguage\":\"fr-FR\",\"potentialAction\":[{\"@type\":\"ReadAction\",\"target\":[\"https:\/\/leaddesk.com\/fr\/integrations\/\"]}]},{\"@type\":\"BreadcrumbList\",\"@id\":\"https:\/\/leaddesk.com\/fr\/integrations\/#breadcrumb\",\"itemListElement\":[{\"@type\":\"ListItem\",\"position\":1,\"name\":\"Home\",\"item\":\"https:\/\/leaddesk.com\/fr\/\"},{\"@type\":\"ListItem\",\"position\":2,\"name\":\"Int\u00e9grations\"}]},{\"@type\":\"WebSite\",\"@id\":\"https:\/\/leaddesk.com\/fr\/#website\",\"url\":\"https:\/\/leaddesk.com\/fr\/\",\"name\":\"LeadDesk\",\"description\":\"Contact Center Software for Sales and Customer Service\",\"publisher\":{\"@id\":\"https:\/\/leaddesk.com\/fr\/#organization\"},\"potentialAction\":[{\"@type\":\"SearchAction\",\"target\":{\"@type\":\"EntryPoint\",\"urlTemplate\":\"https:\/\/leaddesk.com\/fr\/?s={search_term_string}\"},\"query-input\":\"required name=search_term_string\"}],\"inLanguage\":\"fr-FR\"},{\"@type\":\"Organization\",\"@id\":\"https:\/\/leaddesk.com\/fr\/#organization\",\"name\":\"LeadDesk\",\"url\":\"https:\/\/leaddesk.com\/fr\/\",\"logo\":{\"@type\":\"ImageObject\",\"inLanguage\":\"fr-FR\",\"@id\":\"https:\/\/leaddesk.com\/fr\/#\/schema\/logo\/image\/\",\"url\":\"https:\/\/leaddesk.com\/wp-content\/uploads\/2023\/07\/leaddesk_symbol_leaddesk_blue.png\",\"contentUrl\":\"https:\/\/leaddesk.com\/wp-content\/uploads\/2023\/07\/leaddesk_symbol_leaddesk_blue.png\",\"width\":2400,\"height\":2400,\"caption\":\"LeadDesk\"},\"image\":{\"@id\":\"https:\/\/leaddesk.com\/fr\/#\/schema\/logo\/image\/\"},\"sameAs\":[\"https:\/\/www.facebook.com\/leaddesk\/\",\"https:\/\/x.com\/leaddesk\",\"https:\/\/www.instagram.com\/leaddesk\/\",\"https:\/\/linkedin.com\/company\/2365022\/\",\"https:\/\/www.youtube.com\/channel\/UCjB4SgGKs2xz80H4cQH95qw\"]}]}<\/script>\n<!-- \/ Yoast SEO Premium plugin. -->","yoast_head_json":{"title":"Int\u00e9gration CRM et API \u2013 LeadDesk","description":"Reliez votre CRM, votre ERP et vos autres syst\u00e8mes \u00e0 LeadDesk pour rendre vos agents encore plus efficaces.","robots":{"index":"index","follow":"follow","max-snippet":"max-snippet:-1","max-image-preview":"max-image-preview:large","max-video-preview":"max-video-preview:-1"},"canonical":"https:\/\/leaddesk.com\/fr\/integrations\/","og_locale":"fr_FR","og_type":"article","og_title":"Int\u00e9grations","og_description":"Reliez votre CRM, votre ERP et vos autres syst\u00e8mes \u00e0 LeadDesk pour rendre vos agents encore plus efficaces.","og_url":"https:\/\/leaddesk.com\/fr\/integrations\/","og_site_name":"LeadDesk","article_publisher":"https:\/\/www.facebook.com\/leaddesk\/","article_modified_time":"2023-04-26T13:11:28+00:00","og_image":[{"width":1201,"height":629,"url":"https:\/\/leaddesk.com\/wp-content\/uploads\/2023\/01\/LeadDesk-Integrations.png","type":"image\/png"}],"twitter_card":"summary_large_image","twitter_site":"@leaddesk","schema":{"@context":"https:\/\/schema.org","@graph":[{"@type":"WebPage","@id":"https:\/\/leaddesk.com\/fr\/integrations\/","url":"https:\/\/leaddesk.com\/fr\/integrations\/","name":"Int\u00e9gration CRM et API \u2013 LeadDesk","isPartOf":{"@id":"https:\/\/leaddesk.com\/fr\/#website"},"datePublished":"2019-01-08T10:37:18+00:00","dateModified":"2023-04-26T13:11:28+00:00","description":"Reliez votre CRM, votre ERP et vos autres syst\u00e8mes \u00e0 LeadDesk pour rendre vos agents encore plus efficaces.","breadcrumb":{"@id":"https:\/\/leaddesk.com\/fr\/integrations\/#breadcrumb"},"inLanguage":"fr-FR","potentialAction":[{"@type":"ReadAction","target":["https:\/\/leaddesk.com\/fr\/integrations\/"]}]},{"@type":"BreadcrumbList","@id":"https:\/\/leaddesk.com\/fr\/integrations\/#breadcrumb","itemListElement":[{"@type":"ListItem","position":1,"name":"Home","item":"https:\/\/leaddesk.com\/fr\/"},{"@type":"ListItem","position":2,"name":"Int\u00e9grations"}]},{"@type":"WebSite","@id":"https:\/\/leaddesk.com\/fr\/#website","url":"https:\/\/leaddesk.com\/fr\/","name":"LeadDesk","description":"Contact Center Software for Sales and Customer Service","publisher":{"@id":"https:\/\/leaddesk.com\/fr\/#organization"},"potentialAction":[{"@type":"SearchAction","target":{"@type":"EntryPoint","urlTemplate":"https:\/\/leaddesk.com\/fr\/?s={search_term_string}"},"query-input":"required name=search_term_string"}],"inLanguage":"fr-FR"},{"@type":"Organization","@id":"https:\/\/leaddesk.com\/fr\/#organization","name":"LeadDesk","url":"https:\/\/leaddesk.com\/fr\/","logo":{"@type":"ImageObject","inLanguage":"fr-FR","@id":"https:\/\/leaddesk.com\/fr\/#\/schema\/logo\/image\/","url":"https:\/\/leaddesk.com\/wp-content\/uploads\/2023\/07\/leaddesk_symbol_leaddesk_blue.png","contentUrl":"https:\/\/leaddesk.com\/wp-content\/uploads\/2023\/07\/leaddesk_symbol_leaddesk_blue.png","width":2400,"height":2400,"caption":"LeadDesk"},"image":{"@id":"https:\/\/leaddesk.com\/fr\/#\/schema\/logo\/image\/"},"sameAs":["https:\/\/www.facebook.com\/leaddesk\/","https:\/\/x.com\/leaddesk","https:\/\/www.instagram.com\/leaddesk\/","https:\/\/linkedin.com\/company\/2365022\/","https:\/\/www.youtube.com\/channel\/UCjB4SgGKs2xz80H4cQH95qw"]}]}},"_links":{"self":[{"href":"https:\/\/leaddesk.com\/fr\/wp-json\/wp\/v2\/pages\/44908"}],"collection":[{"href":"https:\/\/leaddesk.com\/fr\/wp-json\/wp\/v2\/pages"}],"about":[{"href":"https:\/\/leaddesk.com\/fr\/wp-json\/wp\/v2\/types\/page"}],"author":[{"embeddable":true,"href":"https:\/\/leaddesk.com\/fr\/wp-json\/wp\/v2\/users\/15"}],"replies":[{"embeddable":true,"href":"https:\/\/leaddesk.com\/fr\/wp-json\/wp\/v2\/comments?post=44908"}],"version-history":[{"count":0,"href":"https:\/\/leaddesk.com\/fr\/wp-json\/wp\/v2\/pages\/44908\/revisions"}],"wp:attachment":[{"href":"https:\/\/leaddesk.com\/fr\/wp-json\/wp\/v2\/media?parent=44908"}],"curies":[{"name":"wp","href":"https:\/\/api.w.org\/{rel}","templated":true}]}}