{"id":52362,"date":"2023-01-30T12:00:52","date_gmt":"2023-01-30T11:00:52","guid":{"rendered":"https:\/\/leaddesk.com\/automate-predictif\/"},"modified":"2023-04-27T13:59:19","modified_gmt":"2023-04-27T12:59:19","slug":"automate-predictif","status":"publish","type":"page","link":"https:\/\/leaddesk.com\/fr\/automate-predictif\/","title":{"rendered":"Automate pr\u00e9dictif"},"content":{"rendered":"","protected":false},"excerpt":{"rendered":"","protected":false},"author":32,"featured_media":0,"parent":0,"menu_order":169,"comment_status":"closed","ping_status":"closed","template":"page-blocks-en.php","meta":{"content-type":"","footnotes":""},"acf":[],"yoast_head":"<!-- This site is optimized with the Yoast SEO Premium plugin v22.5 (Yoast SEO v22.5) - https:\/\/yoast.com\/wordpress\/plugins\/seo\/ -->\n<title>Automate pr\u00e9dictif\u00a0: quand et comment l\u2019utiliser<\/title>\n<meta name=\"description\" content=\"Les automates d\u2019appel pr\u00e9dictif utilisent l\u2019IA pour calculer \u00e0 votre place le ratio id\u00e9al afin que chaque agent ait toujours un client au bout du fil. Trop beau pour \u00eatre vrai\u00a0? On vous dit tout\u00a0!\" \/>\n<meta name=\"robots\" content=\"index, follow, max-snippet:-1, max-image-preview:large, max-video-preview:-1\" \/>\n<link rel=\"canonical\" href=\"https:\/\/leaddesk.com\/fr\/automate-predictif\/\" \/>\n<meta property=\"og:locale\" content=\"fr_FR\" \/>\n<meta property=\"og:type\" content=\"article\" \/>\n<meta property=\"og:title\" content=\"Automate pr\u00e9dictif\" \/>\n<meta property=\"og:description\" content=\"Les automates d\u2019appel pr\u00e9dictif utilisent l\u2019IA pour calculer \u00e0 votre place le ratio id\u00e9al afin que chaque agent ait toujours un client au bout du fil. Trop beau pour \u00eatre vrai\u00a0? On vous dit tout\u00a0!\" \/>\n<meta property=\"og:url\" content=\"https:\/\/leaddesk.com\/fr\/automate-predictif\/\" \/>\n<meta property=\"og:site_name\" content=\"LeadDesk\" \/>\n<meta property=\"article:publisher\" content=\"https:\/\/www.facebook.com\/leaddesk\/\" \/>\n<meta property=\"article:modified_time\" content=\"2023-04-27T12:59:19+00:00\" \/>\n<meta property=\"og:image\" content=\"https:\/\/leaddesk.com\/wp-content\/uploads\/2022\/10\/featured-image-logo.jpg\" \/>\n\t<meta property=\"og:image:width\" content=\"1200\" \/>\n\t<meta property=\"og:image:height\" content=\"630\" \/>\n\t<meta property=\"og:image:type\" content=\"image\/jpeg\" \/>\n<meta name=\"twitter:card\" content=\"summary_large_image\" \/>\n<meta name=\"twitter:site\" content=\"@leaddesk\" \/>\n<script type=\"application\/ld+json\" class=\"yoast-schema-graph\">{\"@context\":\"https:\/\/schema.org\",\"@graph\":[{\"@type\":\"WebPage\",\"@id\":\"https:\/\/leaddesk.com\/fr\/automate-predictif\/\",\"url\":\"https:\/\/leaddesk.com\/fr\/automate-predictif\/\",\"name\":\"Automate pr\u00e9dictif\u00a0: quand et comment l\u2019utiliser\",\"isPartOf\":{\"@id\":\"https:\/\/leaddesk.com\/fr\/#website\"},\"datePublished\":\"2023-01-30T11:00:52+00:00\",\"dateModified\":\"2023-04-27T12:59:19+00:00\",\"description\":\"Les automates d\u2019appel pr\u00e9dictif utilisent l\u2019IA pour calculer \u00e0 votre place le ratio id\u00e9al afin que chaque agent ait toujours un client au bout du fil. Trop beau pour \u00eatre vrai\u00a0? On vous dit tout\u00a0!\",\"breadcrumb\":{\"@id\":\"https:\/\/leaddesk.com\/fr\/automate-predictif\/#breadcrumb\"},\"inLanguage\":\"fr-FR\",\"potentialAction\":[{\"@type\":\"ReadAction\",\"target\":[\"https:\/\/leaddesk.com\/fr\/automate-predictif\/\"]}]},{\"@type\":\"BreadcrumbList\",\"@id\":\"https:\/\/leaddesk.com\/fr\/automate-predictif\/#breadcrumb\",\"itemListElement\":[{\"@type\":\"ListItem\",\"position\":1,\"name\":\"Home\",\"item\":\"https:\/\/leaddesk.com\/fr\/\"},{\"@type\":\"ListItem\",\"position\":2,\"name\":\"Automate pr\u00e9dictif\"}]},{\"@type\":\"WebSite\",\"@id\":\"https:\/\/leaddesk.com\/fr\/#website\",\"url\":\"https:\/\/leaddesk.com\/fr\/\",\"name\":\"LeadDesk\",\"description\":\"Contact Center Software for Sales and Customer Service\",\"publisher\":{\"@id\":\"https:\/\/leaddesk.com\/fr\/#organization\"},\"potentialAction\":[{\"@type\":\"SearchAction\",\"target\":{\"@type\":\"EntryPoint\",\"urlTemplate\":\"https:\/\/leaddesk.com\/fr\/?s={search_term_string}\"},\"query-input\":\"required name=search_term_string\"}],\"inLanguage\":\"fr-FR\"},{\"@type\":\"Organization\",\"@id\":\"https:\/\/leaddesk.com\/fr\/#organization\",\"name\":\"LeadDesk\",\"url\":\"https:\/\/leaddesk.com\/fr\/\",\"logo\":{\"@type\":\"ImageObject\",\"inLanguage\":\"fr-FR\",\"@id\":\"https:\/\/leaddesk.com\/fr\/#\/schema\/logo\/image\/\",\"url\":\"https:\/\/leaddesk.com\/wp-content\/uploads\/2023\/07\/leaddesk_symbol_leaddesk_blue.png\",\"contentUrl\":\"https:\/\/leaddesk.com\/wp-content\/uploads\/2023\/07\/leaddesk_symbol_leaddesk_blue.png\",\"width\":2400,\"height\":2400,\"caption\":\"LeadDesk\"},\"image\":{\"@id\":\"https:\/\/leaddesk.com\/fr\/#\/schema\/logo\/image\/\"},\"sameAs\":[\"https:\/\/www.facebook.com\/leaddesk\/\",\"https:\/\/x.com\/leaddesk\",\"https:\/\/www.instagram.com\/leaddesk\/\",\"https:\/\/linkedin.com\/company\/2365022\/\",\"https:\/\/www.youtube.com\/channel\/UCjB4SgGKs2xz80H4cQH95qw\"]}]}<\/script>\n<!-- \/ Yoast SEO Premium plugin. -->","yoast_head_json":{"title":"Automate pr\u00e9dictif\u00a0: quand et comment l\u2019utiliser","description":"Les automates d\u2019appel pr\u00e9dictif utilisent l\u2019IA pour calculer \u00e0 votre place le ratio id\u00e9al afin que chaque agent ait toujours un client au bout du fil. Trop beau pour \u00eatre vrai\u00a0? On vous dit tout\u00a0!","robots":{"index":"index","follow":"follow","max-snippet":"max-snippet:-1","max-image-preview":"max-image-preview:large","max-video-preview":"max-video-preview:-1"},"canonical":"https:\/\/leaddesk.com\/fr\/automate-predictif\/","og_locale":"fr_FR","og_type":"article","og_title":"Automate pr\u00e9dictif","og_description":"Les automates d\u2019appel pr\u00e9dictif utilisent l\u2019IA pour calculer \u00e0 votre place le ratio id\u00e9al afin que chaque agent ait toujours un client au bout du fil. Trop beau pour \u00eatre vrai\u00a0? On vous dit tout\u00a0!","og_url":"https:\/\/leaddesk.com\/fr\/automate-predictif\/","og_site_name":"LeadDesk","article_publisher":"https:\/\/www.facebook.com\/leaddesk\/","article_modified_time":"2023-04-27T12:59:19+00:00","og_image":[{"width":1200,"height":630,"url":"https:\/\/leaddesk.com\/wp-content\/uploads\/2022\/10\/featured-image-logo.jpg","type":"image\/jpeg"}],"twitter_card":"summary_large_image","twitter_site":"@leaddesk","schema":{"@context":"https:\/\/schema.org","@graph":[{"@type":"WebPage","@id":"https:\/\/leaddesk.com\/fr\/automate-predictif\/","url":"https:\/\/leaddesk.com\/fr\/automate-predictif\/","name":"Automate pr\u00e9dictif\u00a0: quand et comment l\u2019utiliser","isPartOf":{"@id":"https:\/\/leaddesk.com\/fr\/#website"},"datePublished":"2023-01-30T11:00:52+00:00","dateModified":"2023-04-27T12:59:19+00:00","description":"Les automates d\u2019appel pr\u00e9dictif utilisent l\u2019IA pour calculer \u00e0 votre place le ratio id\u00e9al afin que chaque agent ait toujours un client au bout du fil. Trop beau pour \u00eatre vrai\u00a0? On vous dit tout\u00a0!","breadcrumb":{"@id":"https:\/\/leaddesk.com\/fr\/automate-predictif\/#breadcrumb"},"inLanguage":"fr-FR","potentialAction":[{"@type":"ReadAction","target":["https:\/\/leaddesk.com\/fr\/automate-predictif\/"]}]},{"@type":"BreadcrumbList","@id":"https:\/\/leaddesk.com\/fr\/automate-predictif\/#breadcrumb","itemListElement":[{"@type":"ListItem","position":1,"name":"Home","item":"https:\/\/leaddesk.com\/fr\/"},{"@type":"ListItem","position":2,"name":"Automate pr\u00e9dictif"}]},{"@type":"WebSite","@id":"https:\/\/leaddesk.com\/fr\/#website","url":"https:\/\/leaddesk.com\/fr\/","name":"LeadDesk","description":"Contact Center Software for Sales and Customer Service","publisher":{"@id":"https:\/\/leaddesk.com\/fr\/#organization"},"potentialAction":[{"@type":"SearchAction","target":{"@type":"EntryPoint","urlTemplate":"https:\/\/leaddesk.com\/fr\/?s={search_term_string}"},"query-input":"required name=search_term_string"}],"inLanguage":"fr-FR"},{"@type":"Organization","@id":"https:\/\/leaddesk.com\/fr\/#organization","name":"LeadDesk","url":"https:\/\/leaddesk.com\/fr\/","logo":{"@type":"ImageObject","inLanguage":"fr-FR","@id":"https:\/\/leaddesk.com\/fr\/#\/schema\/logo\/image\/","url":"https:\/\/leaddesk.com\/wp-content\/uploads\/2023\/07\/leaddesk_symbol_leaddesk_blue.png","contentUrl":"https:\/\/leaddesk.com\/wp-content\/uploads\/2023\/07\/leaddesk_symbol_leaddesk_blue.png","width":2400,"height":2400,"caption":"LeadDesk"},"image":{"@id":"https:\/\/leaddesk.com\/fr\/#\/schema\/logo\/image\/"},"sameAs":["https:\/\/www.facebook.com\/leaddesk\/","https:\/\/x.com\/leaddesk","https:\/\/www.instagram.com\/leaddesk\/","https:\/\/linkedin.com\/company\/2365022\/","https:\/\/www.youtube.com\/channel\/UCjB4SgGKs2xz80H4cQH95qw"]}]}},"_links":{"self":[{"href":"https:\/\/leaddesk.com\/fr\/wp-json\/wp\/v2\/pages\/52362"}],"collection":[{"href":"https:\/\/leaddesk.com\/fr\/wp-json\/wp\/v2\/pages"}],"about":[{"href":"https:\/\/leaddesk.com\/fr\/wp-json\/wp\/v2\/types\/page"}],"author":[{"embeddable":true,"href":"https:\/\/leaddesk.com\/fr\/wp-json\/wp\/v2\/users\/32"}],"replies":[{"embeddable":true,"href":"https:\/\/leaddesk.com\/fr\/wp-json\/wp\/v2\/comments?post=52362"}],"version-history":[{"count":0,"href":"https:\/\/leaddesk.com\/fr\/wp-json\/wp\/v2\/pages\/52362\/revisions"}],"wp:attachment":[{"href":"https:\/\/leaddesk.com\/fr\/wp-json\/wp\/v2\/media?parent=52362"}],"curies":[{"name":"wp","href":"https:\/\/api.w.org\/{rel}","templated":true}]}}