{"id":52363,"date":"2022-11-21T13:04:22","date_gmt":"2022-11-21T12:04:22","guid":{"rendered":"https:\/\/leaddesk.com\/software\/superstars\/"},"modified":"2023-04-28T07:51:46","modified_gmt":"2023-04-28T06:51:46","slug":"superstars","status":"publish","type":"page","link":"https:\/\/leaddesk.com\/fr\/software\/superstars\/","title":{"rendered":"Superstars"},"content":{"rendered":"","protected":false},"excerpt":{"rendered":"","protected":false},"author":28,"featured_media":50641,"parent":45139,"menu_order":0,"comment_status":"closed","ping_status":"closed","template":"page-blocks-en.php","meta":{"content-type":"","footnotes":""},"acf":[],"yoast_head":"<!-- This site is optimized with the Yoast SEO Premium plugin v22.5 (Yoast SEO v22.5) - https:\/\/yoast.com\/wordpress\/plugins\/seo\/ -->\n<title>Rendez le d\u00e9marchage plus ludique - LeadDesk<\/title>\n<meta name=\"description\" content=\"Motivez vos agents avec la gamification. Affichez les chiffres de vente et les indicateurs cl\u00e9s de votre centre d\u2019appel dans un tableau des scores pour inciter vos \u00e9quipes \u00e0 se d\u00e9passer.\" \/>\n<meta name=\"robots\" content=\"index, follow, max-snippet:-1, max-image-preview:large, max-video-preview:-1\" \/>\n<link rel=\"canonical\" href=\"https:\/\/leaddesk.com\/fr\/software\/superstars\/\" \/>\n<meta property=\"og:locale\" content=\"fr_FR\" \/>\n<meta property=\"og:type\" content=\"article\" \/>\n<meta property=\"og:title\" content=\"Superstars\" \/>\n<meta property=\"og:description\" content=\"Motivez vos agents avec la gamification. Affichez les chiffres de vente et les indicateurs cl\u00e9s de votre centre d\u2019appel dans un tableau des scores pour inciter vos \u00e9quipes \u00e0 se d\u00e9passer.\" \/>\n<meta property=\"og:url\" content=\"https:\/\/leaddesk.com\/fr\/software\/superstars\/\" \/>\n<meta property=\"og:site_name\" content=\"LeadDesk\" \/>\n<meta property=\"article:publisher\" content=\"https:\/\/www.facebook.com\/leaddesk\/\" \/>\n<meta property=\"article:modified_time\" content=\"2023-04-28T06:51:46+00:00\" \/>\n<meta property=\"og:image\" content=\"https:\/\/leaddesk.com\/wp-content\/uploads\/2023\/01\/LeadDesk-Sales-Gamification-Tool.png\" \/>\n\t<meta property=\"og:image:width\" content=\"1201\" \/>\n\t<meta property=\"og:image:height\" content=\"629\" \/>\n\t<meta property=\"og:image:type\" content=\"image\/png\" \/>\n<meta name=\"twitter:card\" content=\"summary_large_image\" \/>\n<meta name=\"twitter:site\" content=\"@leaddesk\" \/>\n<script type=\"application\/ld+json\" class=\"yoast-schema-graph\">{\"@context\":\"https:\/\/schema.org\",\"@graph\":[{\"@type\":\"WebPage\",\"@id\":\"https:\/\/leaddesk.com\/fr\/software\/superstars\/\",\"url\":\"https:\/\/leaddesk.com\/fr\/software\/superstars\/\",\"name\":\"Rendez le d\u00e9marchage plus ludique - LeadDesk\",\"isPartOf\":{\"@id\":\"https:\/\/leaddesk.com\/fr\/#website\"},\"primaryImageOfPage\":{\"@id\":\"https:\/\/leaddesk.com\/fr\/software\/superstars\/#primaryimage\"},\"image\":{\"@id\":\"https:\/\/leaddesk.com\/fr\/software\/superstars\/#primaryimage\"},\"thumbnailUrl\":\"https:\/\/leaddesk.com\/wp-content\/uploads\/2023\/01\/LeadDesk-Sales-Gamification-Tool.png\",\"datePublished\":\"2022-11-21T12:04:22+00:00\",\"dateModified\":\"2023-04-28T06:51:46+00:00\",\"description\":\"Motivez vos agents avec la gamification. Affichez les chiffres de vente et les indicateurs cl\u00e9s de votre centre d\u2019appel dans un tableau des scores pour inciter vos \u00e9quipes \u00e0 se d\u00e9passer.\",\"breadcrumb\":{\"@id\":\"https:\/\/leaddesk.com\/fr\/software\/superstars\/#breadcrumb\"},\"inLanguage\":\"fr-FR\",\"potentialAction\":[{\"@type\":\"ReadAction\",\"target\":[\"https:\/\/leaddesk.com\/fr\/software\/superstars\/\"]}]},{\"@type\":\"ImageObject\",\"inLanguage\":\"fr-FR\",\"@id\":\"https:\/\/leaddesk.com\/fr\/software\/superstars\/#primaryimage\",\"url\":\"https:\/\/leaddesk.com\/wp-content\/uploads\/2023\/01\/LeadDesk-Sales-Gamification-Tool.png\",\"contentUrl\":\"https:\/\/leaddesk.com\/wp-content\/uploads\/2023\/01\/LeadDesk-Sales-Gamification-Tool.png\",\"width\":1201,\"height\":629},{\"@type\":\"BreadcrumbList\",\"@id\":\"https:\/\/leaddesk.com\/fr\/software\/superstars\/#breadcrumb\",\"itemListElement\":[{\"@type\":\"ListItem\",\"position\":1,\"name\":\"Home\",\"item\":\"https:\/\/leaddesk.com\/fr\/\"},{\"@type\":\"ListItem\",\"position\":2,\"name\":\"Produit\",\"item\":\"https:\/\/leaddesk.com\/fr\/software\/\"},{\"@type\":\"ListItem\",\"position\":3,\"name\":\"Superstars\"}]},{\"@type\":\"WebSite\",\"@id\":\"https:\/\/leaddesk.com\/fr\/#website\",\"url\":\"https:\/\/leaddesk.com\/fr\/\",\"name\":\"LeadDesk\",\"description\":\"Contact Center Software for Sales and Customer Service\",\"publisher\":{\"@id\":\"https:\/\/leaddesk.com\/fr\/#organization\"},\"potentialAction\":[{\"@type\":\"SearchAction\",\"target\":{\"@type\":\"EntryPoint\",\"urlTemplate\":\"https:\/\/leaddesk.com\/fr\/?s={search_term_string}\"},\"query-input\":\"required name=search_term_string\"}],\"inLanguage\":\"fr-FR\"},{\"@type\":\"Organization\",\"@id\":\"https:\/\/leaddesk.com\/fr\/#organization\",\"name\":\"LeadDesk\",\"url\":\"https:\/\/leaddesk.com\/fr\/\",\"logo\":{\"@type\":\"ImageObject\",\"inLanguage\":\"fr-FR\",\"@id\":\"https:\/\/leaddesk.com\/fr\/#\/schema\/logo\/image\/\",\"url\":\"https:\/\/leaddesk.com\/wp-content\/uploads\/2023\/07\/leaddesk_symbol_leaddesk_blue.png\",\"contentUrl\":\"https:\/\/leaddesk.com\/wp-content\/uploads\/2023\/07\/leaddesk_symbol_leaddesk_blue.png\",\"width\":2400,\"height\":2400,\"caption\":\"LeadDesk\"},\"image\":{\"@id\":\"https:\/\/leaddesk.com\/fr\/#\/schema\/logo\/image\/\"},\"sameAs\":[\"https:\/\/www.facebook.com\/leaddesk\/\",\"https:\/\/x.com\/leaddesk\",\"https:\/\/www.instagram.com\/leaddesk\/\",\"https:\/\/linkedin.com\/company\/2365022\/\",\"https:\/\/www.youtube.com\/channel\/UCjB4SgGKs2xz80H4cQH95qw\"]}]}<\/script>\n<!-- \/ Yoast SEO Premium plugin. -->","yoast_head_json":{"title":"Rendez le d\u00e9marchage plus ludique - LeadDesk","description":"Motivez vos agents avec la gamification. Affichez les chiffres de vente et les indicateurs cl\u00e9s de votre centre d\u2019appel dans un tableau des scores pour inciter vos \u00e9quipes \u00e0 se d\u00e9passer.","robots":{"index":"index","follow":"follow","max-snippet":"max-snippet:-1","max-image-preview":"max-image-preview:large","max-video-preview":"max-video-preview:-1"},"canonical":"https:\/\/leaddesk.com\/fr\/software\/superstars\/","og_locale":"fr_FR","og_type":"article","og_title":"Superstars","og_description":"Motivez vos agents avec la gamification. Affichez les chiffres de vente et les indicateurs cl\u00e9s de votre centre d\u2019appel dans un tableau des scores pour inciter vos \u00e9quipes \u00e0 se d\u00e9passer.","og_url":"https:\/\/leaddesk.com\/fr\/software\/superstars\/","og_site_name":"LeadDesk","article_publisher":"https:\/\/www.facebook.com\/leaddesk\/","article_modified_time":"2023-04-28T06:51:46+00:00","og_image":[{"width":1201,"height":629,"url":"https:\/\/leaddesk.com\/wp-content\/uploads\/2023\/01\/LeadDesk-Sales-Gamification-Tool.png","type":"image\/png"}],"twitter_card":"summary_large_image","twitter_site":"@leaddesk","schema":{"@context":"https:\/\/schema.org","@graph":[{"@type":"WebPage","@id":"https:\/\/leaddesk.com\/fr\/software\/superstars\/","url":"https:\/\/leaddesk.com\/fr\/software\/superstars\/","name":"Rendez le d\u00e9marchage plus ludique - LeadDesk","isPartOf":{"@id":"https:\/\/leaddesk.com\/fr\/#website"},"primaryImageOfPage":{"@id":"https:\/\/leaddesk.com\/fr\/software\/superstars\/#primaryimage"},"image":{"@id":"https:\/\/leaddesk.com\/fr\/software\/superstars\/#primaryimage"},"thumbnailUrl":"https:\/\/leaddesk.com\/wp-content\/uploads\/2023\/01\/LeadDesk-Sales-Gamification-Tool.png","datePublished":"2022-11-21T12:04:22+00:00","dateModified":"2023-04-28T06:51:46+00:00","description":"Motivez vos agents avec la gamification. Affichez les chiffres de vente et les indicateurs cl\u00e9s de votre centre d\u2019appel dans un tableau des scores pour inciter vos \u00e9quipes \u00e0 se d\u00e9passer.","breadcrumb":{"@id":"https:\/\/leaddesk.com\/fr\/software\/superstars\/#breadcrumb"},"inLanguage":"fr-FR","potentialAction":[{"@type":"ReadAction","target":["https:\/\/leaddesk.com\/fr\/software\/superstars\/"]}]},{"@type":"ImageObject","inLanguage":"fr-FR","@id":"https:\/\/leaddesk.com\/fr\/software\/superstars\/#primaryimage","url":"https:\/\/leaddesk.com\/wp-content\/uploads\/2023\/01\/LeadDesk-Sales-Gamification-Tool.png","contentUrl":"https:\/\/leaddesk.com\/wp-content\/uploads\/2023\/01\/LeadDesk-Sales-Gamification-Tool.png","width":1201,"height":629},{"@type":"BreadcrumbList","@id":"https:\/\/leaddesk.com\/fr\/software\/superstars\/#breadcrumb","itemListElement":[{"@type":"ListItem","position":1,"name":"Home","item":"https:\/\/leaddesk.com\/fr\/"},{"@type":"ListItem","position":2,"name":"Produit","item":"https:\/\/leaddesk.com\/fr\/software\/"},{"@type":"ListItem","position":3,"name":"Superstars"}]},{"@type":"WebSite","@id":"https:\/\/leaddesk.com\/fr\/#website","url":"https:\/\/leaddesk.com\/fr\/","name":"LeadDesk","description":"Contact Center Software for Sales and Customer Service","publisher":{"@id":"https:\/\/leaddesk.com\/fr\/#organization"},"potentialAction":[{"@type":"SearchAction","target":{"@type":"EntryPoint","urlTemplate":"https:\/\/leaddesk.com\/fr\/?s={search_term_string}"},"query-input":"required name=search_term_string"}],"inLanguage":"fr-FR"},{"@type":"Organization","@id":"https:\/\/leaddesk.com\/fr\/#organization","name":"LeadDesk","url":"https:\/\/leaddesk.com\/fr\/","logo":{"@type":"ImageObject","inLanguage":"fr-FR","@id":"https:\/\/leaddesk.com\/fr\/#\/schema\/logo\/image\/","url":"https:\/\/leaddesk.com\/wp-content\/uploads\/2023\/07\/leaddesk_symbol_leaddesk_blue.png","contentUrl":"https:\/\/leaddesk.com\/wp-content\/uploads\/2023\/07\/leaddesk_symbol_leaddesk_blue.png","width":2400,"height":2400,"caption":"LeadDesk"},"image":{"@id":"https:\/\/leaddesk.com\/fr\/#\/schema\/logo\/image\/"},"sameAs":["https:\/\/www.facebook.com\/leaddesk\/","https:\/\/x.com\/leaddesk","https:\/\/www.instagram.com\/leaddesk\/","https:\/\/linkedin.com\/company\/2365022\/","https:\/\/www.youtube.com\/channel\/UCjB4SgGKs2xz80H4cQH95qw"]}]}},"_links":{"self":[{"href":"https:\/\/leaddesk.com\/fr\/wp-json\/wp\/v2\/pages\/52363"}],"collection":[{"href":"https:\/\/leaddesk.com\/fr\/wp-json\/wp\/v2\/pages"}],"about":[{"href":"https:\/\/leaddesk.com\/fr\/wp-json\/wp\/v2\/types\/page"}],"author":[{"embeddable":true,"href":"https:\/\/leaddesk.com\/fr\/wp-json\/wp\/v2\/users\/28"}],"replies":[{"embeddable":true,"href":"https:\/\/leaddesk.com\/fr\/wp-json\/wp\/v2\/comments?post=52363"}],"version-history":[{"count":0,"href":"https:\/\/leaddesk.com\/fr\/wp-json\/wp\/v2\/pages\/52363\/revisions"}],"up":[{"embeddable":true,"href":"https:\/\/leaddesk.com\/fr\/wp-json\/wp\/v2\/pages\/45139"}],"wp:featuredmedia":[{"embeddable":true,"href":"https:\/\/leaddesk.com\/fr\/wp-json\/wp\/v2\/media\/50641"}],"wp:attachment":[{"href":"https:\/\/leaddesk.com\/fr\/wp-json\/wp\/v2\/media?parent=52363"}],"curies":[{"name":"wp","href":"https:\/\/api.w.org\/{rel}","templated":true}]}}