{"id":52365,"date":"2021-07-15T07:59:18","date_gmt":"2021-07-15T06:59:18","guid":{"rendered":"https:\/\/leaddesk.com\/software\/gestion-des-effectifs\/"},"modified":"2023-04-28T07:28:23","modified_gmt":"2023-04-28T06:28:23","slug":"gestion-des-effectifs","status":"publish","type":"page","link":"https:\/\/leaddesk.com\/fr\/software\/gestion-des-effectifs\/","title":{"rendered":"Gestion des effectifs"},"content":{"rendered":"","protected":false},"excerpt":{"rendered":"","protected":false},"author":32,"featured_media":50661,"parent":45139,"menu_order":165,"comment_status":"closed","ping_status":"closed","template":"page-blocks-en.php","meta":{"content-type":"","footnotes":""},"acf":[],"yoast_head":"<!-- This site is optimized with the Yoast SEO Premium plugin v22.5 (Yoast SEO v22.5) - https:\/\/yoast.com\/wordpress\/plugins\/seo\/ -->\n<title>Logiciel de gestion des effectifs pour centre de contact - LeadDesk<\/title>\n<meta name=\"description\" content=\"Bas\u00e9 dans le cloud et facile \u00e0 utiliser, notre logiciel de gestion des effectifs vous aidera \u00e0 d\u00e9cupler l\u2019efficacit\u00e9 et les performances de votre \u00e9quipe de service client.\" \/>\n<meta name=\"robots\" content=\"index, follow, max-snippet:-1, max-image-preview:large, max-video-preview:-1\" \/>\n<link rel=\"canonical\" href=\"https:\/\/leaddesk.com\/fr\/software\/gestion-des-effectifs\/\" \/>\n<meta property=\"og:locale\" content=\"fr_FR\" \/>\n<meta property=\"og:type\" content=\"article\" \/>\n<meta property=\"og:title\" content=\"Logiciel de gestion des effectifs pour centre de contact - LeadDesk\" \/>\n<meta property=\"og:description\" content=\"Bas\u00e9 dans le cloud et facile \u00e0 utiliser, notre logiciel de gestion des effectifs vous aidera \u00e0 d\u00e9cupler l\u2019efficacit\u00e9 et les performances de votre \u00e9quipe de service client.\" \/>\n<meta property=\"og:url\" content=\"https:\/\/leaddesk.com\/fr\/software\/gestion-des-effectifs\/\" \/>\n<meta property=\"og:site_name\" content=\"LeadDesk\" \/>\n<meta property=\"article:publisher\" content=\"https:\/\/www.facebook.com\/leaddesk\/\" \/>\n<meta property=\"article:modified_time\" content=\"2023-04-28T06:28:23+00:00\" \/>\n<meta property=\"og:image\" content=\"https:\/\/leaddesk.com\/wp-content\/uploads\/2023\/01\/LeadDesk-Workforce-Management.png\" \/>\n\t<meta property=\"og:image:width\" content=\"1201\" \/>\n\t<meta property=\"og:image:height\" content=\"629\" \/>\n\t<meta property=\"og:image:type\" content=\"image\/png\" \/>\n<meta name=\"twitter:card\" content=\"summary_large_image\" \/>\n<meta name=\"twitter:title\" content=\"Logiciel de gestion des effectifs pour centre de contact - LeadDesk\" \/>\n<meta name=\"twitter:description\" content=\"Bas\u00e9 dans le cloud et facile \u00e0 utiliser, notre logiciel de gestion des effectifs vous aidera \u00e0 d\u00e9cupler l\u2019efficacit\u00e9 et les performances de votre \u00e9quipe de service client.\" \/>\n<meta name=\"twitter:site\" content=\"@leaddesk\" \/>\n<script type=\"application\/ld+json\" class=\"yoast-schema-graph\">{\"@context\":\"https:\/\/schema.org\",\"@graph\":[{\"@type\":\"WebPage\",\"@id\":\"https:\/\/leaddesk.com\/fr\/software\/gestion-des-effectifs\/\",\"url\":\"https:\/\/leaddesk.com\/fr\/software\/gestion-des-effectifs\/\",\"name\":\"Logiciel de gestion des effectifs pour centre de contact - LeadDesk\",\"isPartOf\":{\"@id\":\"https:\/\/leaddesk.com\/fr\/#website\"},\"primaryImageOfPage\":{\"@id\":\"https:\/\/leaddesk.com\/fr\/software\/gestion-des-effectifs\/#primaryimage\"},\"image\":{\"@id\":\"https:\/\/leaddesk.com\/fr\/software\/gestion-des-effectifs\/#primaryimage\"},\"thumbnailUrl\":\"https:\/\/leaddesk.com\/wp-content\/uploads\/2023\/01\/LeadDesk-Workforce-Management.png\",\"datePublished\":\"2021-07-15T06:59:18+00:00\",\"dateModified\":\"2023-04-28T06:28:23+00:00\",\"description\":\"Bas\u00e9 dans le cloud et facile \u00e0 utiliser, notre logiciel de gestion des effectifs vous aidera \u00e0 d\u00e9cupler l\u2019efficacit\u00e9 et les performances de votre \u00e9quipe de service client.\",\"breadcrumb\":{\"@id\":\"https:\/\/leaddesk.com\/fr\/software\/gestion-des-effectifs\/#breadcrumb\"},\"inLanguage\":\"fr-FR\",\"potentialAction\":[{\"@type\":\"ReadAction\",\"target\":[\"https:\/\/leaddesk.com\/fr\/software\/gestion-des-effectifs\/\"]}]},{\"@type\":\"ImageObject\",\"inLanguage\":\"fr-FR\",\"@id\":\"https:\/\/leaddesk.com\/fr\/software\/gestion-des-effectifs\/#primaryimage\",\"url\":\"https:\/\/leaddesk.com\/wp-content\/uploads\/2023\/01\/LeadDesk-Workforce-Management.png\",\"contentUrl\":\"https:\/\/leaddesk.com\/wp-content\/uploads\/2023\/01\/LeadDesk-Workforce-Management.png\",\"width\":1201,\"height\":629},{\"@type\":\"BreadcrumbList\",\"@id\":\"https:\/\/leaddesk.com\/fr\/software\/gestion-des-effectifs\/#breadcrumb\",\"itemListElement\":[{\"@type\":\"ListItem\",\"position\":1,\"name\":\"Home\",\"item\":\"https:\/\/leaddesk.com\/fr\/\"},{\"@type\":\"ListItem\",\"position\":2,\"name\":\"Produit\",\"item\":\"https:\/\/leaddesk.com\/fr\/software\/\"},{\"@type\":\"ListItem\",\"position\":3,\"name\":\"Gestion des effectifs\"}]},{\"@type\":\"WebSite\",\"@id\":\"https:\/\/leaddesk.com\/fr\/#website\",\"url\":\"https:\/\/leaddesk.com\/fr\/\",\"name\":\"LeadDesk\",\"description\":\"Contact Center Software for Sales and Customer Service\",\"publisher\":{\"@id\":\"https:\/\/leaddesk.com\/fr\/#organization\"},\"potentialAction\":[{\"@type\":\"SearchAction\",\"target\":{\"@type\":\"EntryPoint\",\"urlTemplate\":\"https:\/\/leaddesk.com\/fr\/?s={search_term_string}\"},\"query-input\":\"required name=search_term_string\"}],\"inLanguage\":\"fr-FR\"},{\"@type\":\"Organization\",\"@id\":\"https:\/\/leaddesk.com\/fr\/#organization\",\"name\":\"LeadDesk\",\"url\":\"https:\/\/leaddesk.com\/fr\/\",\"logo\":{\"@type\":\"ImageObject\",\"inLanguage\":\"fr-FR\",\"@id\":\"https:\/\/leaddesk.com\/fr\/#\/schema\/logo\/image\/\",\"url\":\"https:\/\/leaddesk.com\/wp-content\/uploads\/2023\/07\/leaddesk_symbol_leaddesk_blue.png\",\"contentUrl\":\"https:\/\/leaddesk.com\/wp-content\/uploads\/2023\/07\/leaddesk_symbol_leaddesk_blue.png\",\"width\":2400,\"height\":2400,\"caption\":\"LeadDesk\"},\"image\":{\"@id\":\"https:\/\/leaddesk.com\/fr\/#\/schema\/logo\/image\/\"},\"sameAs\":[\"https:\/\/www.facebook.com\/leaddesk\/\",\"https:\/\/x.com\/leaddesk\",\"https:\/\/www.instagram.com\/leaddesk\/\",\"https:\/\/linkedin.com\/company\/2365022\/\",\"https:\/\/www.youtube.com\/channel\/UCjB4SgGKs2xz80H4cQH95qw\"]}]}<\/script>\n<!-- \/ Yoast SEO Premium plugin. -->","yoast_head_json":{"title":"Logiciel de gestion des effectifs pour centre de contact - LeadDesk","description":"Bas\u00e9 dans le cloud et facile \u00e0 utiliser, notre logiciel de gestion des effectifs vous aidera \u00e0 d\u00e9cupler l\u2019efficacit\u00e9 et les performances de votre \u00e9quipe de service client.","robots":{"index":"index","follow":"follow","max-snippet":"max-snippet:-1","max-image-preview":"max-image-preview:large","max-video-preview":"max-video-preview:-1"},"canonical":"https:\/\/leaddesk.com\/fr\/software\/gestion-des-effectifs\/","og_locale":"fr_FR","og_type":"article","og_title":"Logiciel de gestion des effectifs pour centre de contact - LeadDesk","og_description":"Bas\u00e9 dans le cloud et facile \u00e0 utiliser, notre logiciel de gestion des effectifs vous aidera \u00e0 d\u00e9cupler l\u2019efficacit\u00e9 et les performances de votre \u00e9quipe de service client.","og_url":"https:\/\/leaddesk.com\/fr\/software\/gestion-des-effectifs\/","og_site_name":"LeadDesk","article_publisher":"https:\/\/www.facebook.com\/leaddesk\/","article_modified_time":"2023-04-28T06:28:23+00:00","og_image":[{"width":1201,"height":629,"url":"https:\/\/leaddesk.com\/wp-content\/uploads\/2023\/01\/LeadDesk-Workforce-Management.png","type":"image\/png"}],"twitter_card":"summary_large_image","twitter_title":"Logiciel de gestion des effectifs pour centre de contact - LeadDesk","twitter_description":"Bas\u00e9 dans le cloud et facile \u00e0 utiliser, notre logiciel de gestion des effectifs vous aidera \u00e0 d\u00e9cupler l\u2019efficacit\u00e9 et les performances de votre \u00e9quipe de service client.","twitter_site":"@leaddesk","schema":{"@context":"https:\/\/schema.org","@graph":[{"@type":"WebPage","@id":"https:\/\/leaddesk.com\/fr\/software\/gestion-des-effectifs\/","url":"https:\/\/leaddesk.com\/fr\/software\/gestion-des-effectifs\/","name":"Logiciel de gestion des effectifs pour centre de contact - LeadDesk","isPartOf":{"@id":"https:\/\/leaddesk.com\/fr\/#website"},"primaryImageOfPage":{"@id":"https:\/\/leaddesk.com\/fr\/software\/gestion-des-effectifs\/#primaryimage"},"image":{"@id":"https:\/\/leaddesk.com\/fr\/software\/gestion-des-effectifs\/#primaryimage"},"thumbnailUrl":"https:\/\/leaddesk.com\/wp-content\/uploads\/2023\/01\/LeadDesk-Workforce-Management.png","datePublished":"2021-07-15T06:59:18+00:00","dateModified":"2023-04-28T06:28:23+00:00","description":"Bas\u00e9 dans le cloud et facile \u00e0 utiliser, notre logiciel de gestion des effectifs vous aidera \u00e0 d\u00e9cupler l\u2019efficacit\u00e9 et les performances de votre \u00e9quipe de service client.","breadcrumb":{"@id":"https:\/\/leaddesk.com\/fr\/software\/gestion-des-effectifs\/#breadcrumb"},"inLanguage":"fr-FR","potentialAction":[{"@type":"ReadAction","target":["https:\/\/leaddesk.com\/fr\/software\/gestion-des-effectifs\/"]}]},{"@type":"ImageObject","inLanguage":"fr-FR","@id":"https:\/\/leaddesk.com\/fr\/software\/gestion-des-effectifs\/#primaryimage","url":"https:\/\/leaddesk.com\/wp-content\/uploads\/2023\/01\/LeadDesk-Workforce-Management.png","contentUrl":"https:\/\/leaddesk.com\/wp-content\/uploads\/2023\/01\/LeadDesk-Workforce-Management.png","width":1201,"height":629},{"@type":"BreadcrumbList","@id":"https:\/\/leaddesk.com\/fr\/software\/gestion-des-effectifs\/#breadcrumb","itemListElement":[{"@type":"ListItem","position":1,"name":"Home","item":"https:\/\/leaddesk.com\/fr\/"},{"@type":"ListItem","position":2,"name":"Produit","item":"https:\/\/leaddesk.com\/fr\/software\/"},{"@type":"ListItem","position":3,"name":"Gestion des effectifs"}]},{"@type":"WebSite","@id":"https:\/\/leaddesk.com\/fr\/#website","url":"https:\/\/leaddesk.com\/fr\/","name":"LeadDesk","description":"Contact Center Software for Sales and Customer Service","publisher":{"@id":"https:\/\/leaddesk.com\/fr\/#organization"},"potentialAction":[{"@type":"SearchAction","target":{"@type":"EntryPoint","urlTemplate":"https:\/\/leaddesk.com\/fr\/?s={search_term_string}"},"query-input":"required name=search_term_string"}],"inLanguage":"fr-FR"},{"@type":"Organization","@id":"https:\/\/leaddesk.com\/fr\/#organization","name":"LeadDesk","url":"https:\/\/leaddesk.com\/fr\/","logo":{"@type":"ImageObject","inLanguage":"fr-FR","@id":"https:\/\/leaddesk.com\/fr\/#\/schema\/logo\/image\/","url":"https:\/\/leaddesk.com\/wp-content\/uploads\/2023\/07\/leaddesk_symbol_leaddesk_blue.png","contentUrl":"https:\/\/leaddesk.com\/wp-content\/uploads\/2023\/07\/leaddesk_symbol_leaddesk_blue.png","width":2400,"height":2400,"caption":"LeadDesk"},"image":{"@id":"https:\/\/leaddesk.com\/fr\/#\/schema\/logo\/image\/"},"sameAs":["https:\/\/www.facebook.com\/leaddesk\/","https:\/\/x.com\/leaddesk","https:\/\/www.instagram.com\/leaddesk\/","https:\/\/linkedin.com\/company\/2365022\/","https:\/\/www.youtube.com\/channel\/UCjB4SgGKs2xz80H4cQH95qw"]}]}},"_links":{"self":[{"href":"https:\/\/leaddesk.com\/fr\/wp-json\/wp\/v2\/pages\/52365"}],"collection":[{"href":"https:\/\/leaddesk.com\/fr\/wp-json\/wp\/v2\/pages"}],"about":[{"href":"https:\/\/leaddesk.com\/fr\/wp-json\/wp\/v2\/types\/page"}],"author":[{"embeddable":true,"href":"https:\/\/leaddesk.com\/fr\/wp-json\/wp\/v2\/users\/32"}],"replies":[{"embeddable":true,"href":"https:\/\/leaddesk.com\/fr\/wp-json\/wp\/v2\/comments?post=52365"}],"version-history":[{"count":0,"href":"https:\/\/leaddesk.com\/fr\/wp-json\/wp\/v2\/pages\/52365\/revisions"}],"up":[{"embeddable":true,"href":"https:\/\/leaddesk.com\/fr\/wp-json\/wp\/v2\/pages\/45139"}],"wp:featuredmedia":[{"embeddable":true,"href":"https:\/\/leaddesk.com\/fr\/wp-json\/wp\/v2\/media\/50661"}],"wp:attachment":[{"href":"https:\/\/leaddesk.com\/fr\/wp-json\/wp\/v2\/media?parent=52365"}],"curies":[{"name":"wp","href":"https:\/\/api.w.org\/{rel}","templated":true}]}}