{"id":44796,"date":"2019-01-08T13:48:10","date_gmt":"2019-01-08T11:48:10","guid":{"rendered":"https:\/\/leaddesk.com\/about-us\/"},"modified":"2023-11-27T13:54:14","modified_gmt":"2023-11-27T12:54:14","slug":"about-us","status":"publish","type":"page","link":"https:\/\/leaddesk.com\/no\/about-us\/","title":{"rendered":"Om oss"},"content":{"rendered":"","protected":false},"excerpt":{"rendered":"","protected":false},"author":15,"featured_media":50895,"parent":0,"menu_order":249,"comment_status":"closed","ping_status":"closed","template":"page-blocks-en.php","meta":{"content-type":"","footnotes":""},"acf":[],"yoast_head":"<!-- This site is optimized with the Yoast SEO Premium plugin v22.5 (Yoast SEO v22.5) - https:\/\/yoast.com\/wordpress\/plugins\/seo\/ -->\n<title>Om oss \u2013 LeadDesk Norge<\/title>\n<meta name=\"description\" content=\"Hvem er vi og hva tror vi p\u00e5? Bes\u00f8k LeadDesk&#039;s Om oss-siden for \u00e5 finne ut av det.\" \/>\n<meta name=\"robots\" content=\"index, follow, max-snippet:-1, max-image-preview:large, max-video-preview:-1\" \/>\n<link rel=\"canonical\" href=\"https:\/\/leaddesk.com\/no\/about-us\/\" \/>\n<meta property=\"og:locale\" content=\"nb_NO\" \/>\n<meta property=\"og:type\" content=\"article\" \/>\n<meta property=\"og:title\" content=\"Om oss\" \/>\n<meta property=\"og:description\" content=\"Hvem er vi og hva tror vi p\u00e5? Bes\u00f8k LeadDesk&#039;s Om oss-siden for \u00e5 finne ut av det.\" \/>\n<meta property=\"og:url\" content=\"https:\/\/leaddesk.com\/no\/about-us\/\" \/>\n<meta property=\"og:site_name\" content=\"LeadDesk\" \/>\n<meta property=\"article:publisher\" content=\"https:\/\/www.facebook.com\/leaddesk\/\" \/>\n<meta property=\"article:modified_time\" content=\"2023-11-27T12:54:14+00:00\" \/>\n<meta property=\"og:image\" content=\"https:\/\/leaddesk.com\/wp-content\/uploads\/2023\/01\/LeadDesk-About-us.png\" \/>\n\t<meta property=\"og:image:width\" content=\"1201\" \/>\n\t<meta property=\"og:image:height\" content=\"629\" \/>\n\t<meta property=\"og:image:type\" content=\"image\/png\" \/>\n<meta name=\"twitter:card\" content=\"summary_large_image\" \/>\n<meta name=\"twitter:site\" content=\"@leaddesk\" \/>\n<script type=\"application\/ld+json\" class=\"yoast-schema-graph\">{\"@context\":\"https:\/\/schema.org\",\"@graph\":[{\"@type\":\"WebPage\",\"@id\":\"https:\/\/leaddesk.com\/no\/about-us\/\",\"url\":\"https:\/\/leaddesk.com\/no\/about-us\/\",\"name\":\"Om oss \u2013 LeadDesk Norge\",\"isPartOf\":{\"@id\":\"https:\/\/leaddesk.com\/no\/#website\"},\"primaryImageOfPage\":{\"@id\":\"https:\/\/leaddesk.com\/no\/about-us\/#primaryimage\"},\"image\":{\"@id\":\"https:\/\/leaddesk.com\/no\/about-us\/#primaryimage\"},\"thumbnailUrl\":\"https:\/\/leaddesk.com\/wp-content\/uploads\/2023\/01\/LeadDesk-About-us.png\",\"datePublished\":\"2019-01-08T11:48:10+00:00\",\"dateModified\":\"2023-11-27T12:54:14+00:00\",\"description\":\"Hvem er vi og hva tror vi p\u00e5? Bes\u00f8k LeadDesk's Om oss-siden for \u00e5 finne ut av det.\",\"breadcrumb\":{\"@id\":\"https:\/\/leaddesk.com\/no\/about-us\/#breadcrumb\"},\"inLanguage\":\"nb-NO\",\"potentialAction\":[{\"@type\":\"ReadAction\",\"target\":[\"https:\/\/leaddesk.com\/no\/about-us\/\"]}]},{\"@type\":\"ImageObject\",\"inLanguage\":\"nb-NO\",\"@id\":\"https:\/\/leaddesk.com\/no\/about-us\/#primaryimage\",\"url\":\"https:\/\/leaddesk.com\/wp-content\/uploads\/2023\/01\/LeadDesk-About-us.png\",\"contentUrl\":\"https:\/\/leaddesk.com\/wp-content\/uploads\/2023\/01\/LeadDesk-About-us.png\",\"width\":1201,\"height\":629},{\"@type\":\"BreadcrumbList\",\"@id\":\"https:\/\/leaddesk.com\/no\/about-us\/#breadcrumb\",\"itemListElement\":[{\"@type\":\"ListItem\",\"position\":1,\"name\":\"Home\",\"item\":\"https:\/\/leaddesk.com\/no\/\"},{\"@type\":\"ListItem\",\"position\":2,\"name\":\"Om oss\"}]},{\"@type\":\"WebSite\",\"@id\":\"https:\/\/leaddesk.com\/no\/#website\",\"url\":\"https:\/\/leaddesk.com\/no\/\",\"name\":\"LeadDesk\",\"description\":\"Contact Center Software for Sales and Customer Service\",\"publisher\":{\"@id\":\"https:\/\/leaddesk.com\/no\/#organization\"},\"potentialAction\":[{\"@type\":\"SearchAction\",\"target\":{\"@type\":\"EntryPoint\",\"urlTemplate\":\"https:\/\/leaddesk.com\/no\/?s={search_term_string}\"},\"query-input\":\"required name=search_term_string\"}],\"inLanguage\":\"nb-NO\"},{\"@type\":\"Organization\",\"@id\":\"https:\/\/leaddesk.com\/no\/#organization\",\"name\":\"LeadDesk\",\"url\":\"https:\/\/leaddesk.com\/no\/\",\"logo\":{\"@type\":\"ImageObject\",\"inLanguage\":\"nb-NO\",\"@id\":\"https:\/\/leaddesk.com\/no\/#\/schema\/logo\/image\/\",\"url\":\"https:\/\/leaddesk.com\/wp-content\/uploads\/2023\/07\/leaddesk_symbol_leaddesk_blue.png\",\"contentUrl\":\"https:\/\/leaddesk.com\/wp-content\/uploads\/2023\/07\/leaddesk_symbol_leaddesk_blue.png\",\"width\":2400,\"height\":2400,\"caption\":\"LeadDesk\"},\"image\":{\"@id\":\"https:\/\/leaddesk.com\/no\/#\/schema\/logo\/image\/\"},\"sameAs\":[\"https:\/\/www.facebook.com\/leaddesk\/\",\"https:\/\/x.com\/leaddesk\",\"https:\/\/www.instagram.com\/leaddesk\/\",\"https:\/\/linkedin.com\/company\/2365022\/\",\"https:\/\/www.youtube.com\/channel\/UCjB4SgGKs2xz80H4cQH95qw\"]}]}<\/script>\n<!-- \/ Yoast SEO Premium plugin. -->","yoast_head_json":{"title":"Om oss \u2013 LeadDesk Norge","description":"Hvem er vi og hva tror vi p\u00e5? Bes\u00f8k LeadDesk's Om oss-siden for \u00e5 finne ut av det.","robots":{"index":"index","follow":"follow","max-snippet":"max-snippet:-1","max-image-preview":"max-image-preview:large","max-video-preview":"max-video-preview:-1"},"canonical":"https:\/\/leaddesk.com\/no\/about-us\/","og_locale":"nb_NO","og_type":"article","og_title":"Om oss","og_description":"Hvem er vi og hva tror vi p\u00e5? Bes\u00f8k LeadDesk's Om oss-siden for \u00e5 finne ut av det.","og_url":"https:\/\/leaddesk.com\/no\/about-us\/","og_site_name":"LeadDesk","article_publisher":"https:\/\/www.facebook.com\/leaddesk\/","article_modified_time":"2023-11-27T12:54:14+00:00","og_image":[{"width":1201,"height":629,"url":"https:\/\/leaddesk.com\/wp-content\/uploads\/2023\/01\/LeadDesk-About-us.png","type":"image\/png"}],"twitter_card":"summary_large_image","twitter_site":"@leaddesk","schema":{"@context":"https:\/\/schema.org","@graph":[{"@type":"WebPage","@id":"https:\/\/leaddesk.com\/no\/about-us\/","url":"https:\/\/leaddesk.com\/no\/about-us\/","name":"Om oss \u2013 LeadDesk Norge","isPartOf":{"@id":"https:\/\/leaddesk.com\/no\/#website"},"primaryImageOfPage":{"@id":"https:\/\/leaddesk.com\/no\/about-us\/#primaryimage"},"image":{"@id":"https:\/\/leaddesk.com\/no\/about-us\/#primaryimage"},"thumbnailUrl":"https:\/\/leaddesk.com\/wp-content\/uploads\/2023\/01\/LeadDesk-About-us.png","datePublished":"2019-01-08T11:48:10+00:00","dateModified":"2023-11-27T12:54:14+00:00","description":"Hvem er vi og hva tror vi p\u00e5? Bes\u00f8k LeadDesk's Om oss-siden for \u00e5 finne ut av det.","breadcrumb":{"@id":"https:\/\/leaddesk.com\/no\/about-us\/#breadcrumb"},"inLanguage":"nb-NO","potentialAction":[{"@type":"ReadAction","target":["https:\/\/leaddesk.com\/no\/about-us\/"]}]},{"@type":"ImageObject","inLanguage":"nb-NO","@id":"https:\/\/leaddesk.com\/no\/about-us\/#primaryimage","url":"https:\/\/leaddesk.com\/wp-content\/uploads\/2023\/01\/LeadDesk-About-us.png","contentUrl":"https:\/\/leaddesk.com\/wp-content\/uploads\/2023\/01\/LeadDesk-About-us.png","width":1201,"height":629},{"@type":"BreadcrumbList","@id":"https:\/\/leaddesk.com\/no\/about-us\/#breadcrumb","itemListElement":[{"@type":"ListItem","position":1,"name":"Home","item":"https:\/\/leaddesk.com\/no\/"},{"@type":"ListItem","position":2,"name":"Om oss"}]},{"@type":"WebSite","@id":"https:\/\/leaddesk.com\/no\/#website","url":"https:\/\/leaddesk.com\/no\/","name":"LeadDesk","description":"Contact Center Software for Sales and Customer Service","publisher":{"@id":"https:\/\/leaddesk.com\/no\/#organization"},"potentialAction":[{"@type":"SearchAction","target":{"@type":"EntryPoint","urlTemplate":"https:\/\/leaddesk.com\/no\/?s={search_term_string}"},"query-input":"required name=search_term_string"}],"inLanguage":"nb-NO"},{"@type":"Organization","@id":"https:\/\/leaddesk.com\/no\/#organization","name":"LeadDesk","url":"https:\/\/leaddesk.com\/no\/","logo":{"@type":"ImageObject","inLanguage":"nb-NO","@id":"https:\/\/leaddesk.com\/no\/#\/schema\/logo\/image\/","url":"https:\/\/leaddesk.com\/wp-content\/uploads\/2023\/07\/leaddesk_symbol_leaddesk_blue.png","contentUrl":"https:\/\/leaddesk.com\/wp-content\/uploads\/2023\/07\/leaddesk_symbol_leaddesk_blue.png","width":2400,"height":2400,"caption":"LeadDesk"},"image":{"@id":"https:\/\/leaddesk.com\/no\/#\/schema\/logo\/image\/"},"sameAs":["https:\/\/www.facebook.com\/leaddesk\/","https:\/\/x.com\/leaddesk","https:\/\/www.instagram.com\/leaddesk\/","https:\/\/linkedin.com\/company\/2365022\/","https:\/\/www.youtube.com\/channel\/UCjB4SgGKs2xz80H4cQH95qw"]}]}},"_links":{"self":[{"href":"https:\/\/leaddesk.com\/no\/wp-json\/wp\/v2\/pages\/44796"}],"collection":[{"href":"https:\/\/leaddesk.com\/no\/wp-json\/wp\/v2\/pages"}],"about":[{"href":"https:\/\/leaddesk.com\/no\/wp-json\/wp\/v2\/types\/page"}],"author":[{"embeddable":true,"href":"https:\/\/leaddesk.com\/no\/wp-json\/wp\/v2\/users\/15"}],"replies":[{"embeddable":true,"href":"https:\/\/leaddesk.com\/no\/wp-json\/wp\/v2\/comments?post=44796"}],"version-history":[{"count":1,"href":"https:\/\/leaddesk.com\/no\/wp-json\/wp\/v2\/pages\/44796\/revisions"}],"predecessor-version":[{"id":54213,"href":"https:\/\/leaddesk.com\/no\/wp-json\/wp\/v2\/pages\/44796\/revisions\/54213"}],"wp:featuredmedia":[{"embeddable":true,"href":"https:\/\/leaddesk.com\/no\/wp-json\/wp\/v2\/media\/50895"}],"wp:attachment":[{"href":"https:\/\/leaddesk.com\/no\/wp-json\/wp\/v2\/media?parent=44796"}],"curies":[{"name":"wp","href":"https:\/\/api.w.org\/{rel}","templated":true}]}}