{"id":45115,"date":"2021-03-17T10:35:59","date_gmt":"2021-03-17T08:35:59","guid":{"rendered":"https:\/\/leaddesk.com\/enterprise-contact-center\/"},"modified":"2023-04-27T12:22:47","modified_gmt":"2023-04-27T11:22:47","slug":"enterprise-contact-center","status":"publish","type":"page","link":"https:\/\/leaddesk.com\/no\/software\/enterprise-contact-center\/","title":{"rendered":"Offentlig foretak"},"content":{"rendered":"","protected":false},"excerpt":{"rendered":"","protected":false},"author":32,"featured_media":50704,"parent":44925,"menu_order":174,"comment_status":"closed","ping_status":"closed","template":"page-blocks-en.php","meta":{"content-type":"","footnotes":""},"acf":[],"yoast_head":"<!-- This site is optimized with the Yoast SEO Premium plugin v22.5 (Yoast SEO v22.5) - https:\/\/yoast.com\/wordpress\/plugins\/seo\/ -->\n<title>Kontaktsenterl\u00f8sninger for offentlige foretak \u2013 LeadDesk<\/title>\n<meta name=\"description\" content=\"Kontaktsenterl\u00f8sninger for offentlige foretak fra LeadDesk. Skalerbare, p\u00e5litelige og skybaserte l\u00f8sninger for alle ringe- og meldingsbehov.\" \/>\n<meta name=\"robots\" content=\"index, follow, max-snippet:-1, max-image-preview:large, max-video-preview:-1\" \/>\n<link rel=\"canonical\" href=\"https:\/\/leaddesk.com\/no\/software\/enterprise-contact-center\/\" \/>\n<meta property=\"og:locale\" content=\"nb_NO\" \/>\n<meta property=\"og:type\" content=\"article\" \/>\n<meta property=\"og:title\" content=\"Inng\u00e5ende og utg\u00e5ende kommunikasjonsl\u00f8sninger for moderne foretak\" \/>\n<meta property=\"og:description\" content=\"L\u00f8sninger for utg\u00e5ende salg og omnikanal-kundeservice for krevende ringe- og meldingsbehov.\" \/>\n<meta property=\"og:url\" content=\"https:\/\/leaddesk.com\/no\/software\/enterprise-contact-center\/\" \/>\n<meta property=\"og:site_name\" content=\"LeadDesk\" \/>\n<meta property=\"article:publisher\" content=\"https:\/\/www.facebook.com\/leaddesk\/\" \/>\n<meta property=\"article:modified_time\" content=\"2023-04-27T11:22:47+00:00\" \/>\n<meta property=\"og:image\" content=\"https:\/\/leaddesk.com\/wp-content\/uploads\/2021\/06\/Kopi-av-Five-Megatrends-for-Contact-Centers-in-2020-and-Beyond.png\" \/>\n\t<meta property=\"og:image:width\" content=\"1200\" \/>\n\t<meta property=\"og:image:height\" content=\"628\" \/>\n\t<meta property=\"og:image:type\" content=\"image\/png\" \/>\n<meta name=\"twitter:card\" content=\"summary_large_image\" \/>\n<meta name=\"twitter:title\" content=\"Offentlig foretak\" \/>\n<meta name=\"twitter:site\" content=\"@leaddesk\" \/>\n<script type=\"application\/ld+json\" class=\"yoast-schema-graph\">{\"@context\":\"https:\/\/schema.org\",\"@graph\":[{\"@type\":\"WebPage\",\"@id\":\"https:\/\/leaddesk.com\/no\/software\/enterprise-contact-center\/\",\"url\":\"https:\/\/leaddesk.com\/no\/software\/enterprise-contact-center\/\",\"name\":\"Kontaktsenterl\u00f8sninger for offentlige foretak \u2013 LeadDesk\",\"isPartOf\":{\"@id\":\"https:\/\/leaddesk.com\/no\/#website\"},\"primaryImageOfPage\":{\"@id\":\"https:\/\/leaddesk.com\/no\/software\/enterprise-contact-center\/#primaryimage\"},\"image\":{\"@id\":\"https:\/\/leaddesk.com\/no\/software\/enterprise-contact-center\/#primaryimage\"},\"thumbnailUrl\":\"https:\/\/leaddesk.com\/wp-content\/uploads\/2023\/01\/LeadDesk-contact-center-for-enterprises.png\",\"datePublished\":\"2021-03-17T08:35:59+00:00\",\"dateModified\":\"2023-04-27T11:22:47+00:00\",\"description\":\"Kontaktsenterl\u00f8sninger for offentlige foretak fra LeadDesk. Skalerbare, p\u00e5litelige og skybaserte l\u00f8sninger for alle ringe- og meldingsbehov.\",\"breadcrumb\":{\"@id\":\"https:\/\/leaddesk.com\/no\/software\/enterprise-contact-center\/#breadcrumb\"},\"inLanguage\":\"nb-NO\",\"potentialAction\":[{\"@type\":\"ReadAction\",\"target\":[\"https:\/\/leaddesk.com\/no\/software\/enterprise-contact-center\/\"]}]},{\"@type\":\"ImageObject\",\"inLanguage\":\"nb-NO\",\"@id\":\"https:\/\/leaddesk.com\/no\/software\/enterprise-contact-center\/#primaryimage\",\"url\":\"https:\/\/leaddesk.com\/wp-content\/uploads\/2023\/01\/LeadDesk-contact-center-for-enterprises.png\",\"contentUrl\":\"https:\/\/leaddesk.com\/wp-content\/uploads\/2023\/01\/LeadDesk-contact-center-for-enterprises.png\",\"width\":1200,\"height\":628},{\"@type\":\"BreadcrumbList\",\"@id\":\"https:\/\/leaddesk.com\/no\/software\/enterprise-contact-center\/#breadcrumb\",\"itemListElement\":[{\"@type\":\"ListItem\",\"position\":1,\"name\":\"Home\",\"item\":\"https:\/\/leaddesk.com\/no\/\"},{\"@type\":\"ListItem\",\"position\":2,\"name\":\"Produkt\",\"item\":\"https:\/\/leaddesk.com\/no\/software\/\"},{\"@type\":\"ListItem\",\"position\":3,\"name\":\"Offentlig foretak\"}]},{\"@type\":\"WebSite\",\"@id\":\"https:\/\/leaddesk.com\/no\/#website\",\"url\":\"https:\/\/leaddesk.com\/no\/\",\"name\":\"LeadDesk\",\"description\":\"Contact Center Software for Sales and Customer Service\",\"publisher\":{\"@id\":\"https:\/\/leaddesk.com\/no\/#organization\"},\"potentialAction\":[{\"@type\":\"SearchAction\",\"target\":{\"@type\":\"EntryPoint\",\"urlTemplate\":\"https:\/\/leaddesk.com\/no\/?s={search_term_string}\"},\"query-input\":\"required name=search_term_string\"}],\"inLanguage\":\"nb-NO\"},{\"@type\":\"Organization\",\"@id\":\"https:\/\/leaddesk.com\/no\/#organization\",\"name\":\"LeadDesk\",\"url\":\"https:\/\/leaddesk.com\/no\/\",\"logo\":{\"@type\":\"ImageObject\",\"inLanguage\":\"nb-NO\",\"@id\":\"https:\/\/leaddesk.com\/no\/#\/schema\/logo\/image\/\",\"url\":\"https:\/\/leaddesk.com\/wp-content\/uploads\/2023\/07\/leaddesk_symbol_leaddesk_blue.png\",\"contentUrl\":\"https:\/\/leaddesk.com\/wp-content\/uploads\/2023\/07\/leaddesk_symbol_leaddesk_blue.png\",\"width\":2400,\"height\":2400,\"caption\":\"LeadDesk\"},\"image\":{\"@id\":\"https:\/\/leaddesk.com\/no\/#\/schema\/logo\/image\/\"},\"sameAs\":[\"https:\/\/www.facebook.com\/leaddesk\/\",\"https:\/\/x.com\/leaddesk\",\"https:\/\/www.instagram.com\/leaddesk\/\",\"https:\/\/linkedin.com\/company\/2365022\/\",\"https:\/\/www.youtube.com\/channel\/UCjB4SgGKs2xz80H4cQH95qw\"]}]}<\/script>\n<!-- \/ Yoast SEO Premium plugin. -->","yoast_head_json":{"title":"Kontaktsenterl\u00f8sninger for offentlige foretak \u2013 LeadDesk","description":"Kontaktsenterl\u00f8sninger for offentlige foretak fra LeadDesk. Skalerbare, p\u00e5litelige og skybaserte l\u00f8sninger for alle ringe- og meldingsbehov.","robots":{"index":"index","follow":"follow","max-snippet":"max-snippet:-1","max-image-preview":"max-image-preview:large","max-video-preview":"max-video-preview:-1"},"canonical":"https:\/\/leaddesk.com\/no\/software\/enterprise-contact-center\/","og_locale":"nb_NO","og_type":"article","og_title":"Inng\u00e5ende og utg\u00e5ende kommunikasjonsl\u00f8sninger for moderne foretak","og_description":"L\u00f8sninger for utg\u00e5ende salg og omnikanal-kundeservice for krevende ringe- og meldingsbehov.","og_url":"https:\/\/leaddesk.com\/no\/software\/enterprise-contact-center\/","og_site_name":"LeadDesk","article_publisher":"https:\/\/www.facebook.com\/leaddesk\/","article_modified_time":"2023-04-27T11:22:47+00:00","og_image":[{"width":1200,"height":628,"url":"https:\/\/leaddesk.com\/wp-content\/uploads\/2021\/06\/Kopi-av-Five-Megatrends-for-Contact-Centers-in-2020-and-Beyond.png","type":"image\/png"}],"twitter_card":"summary_large_image","twitter_title":"Offentlig foretak","twitter_site":"@leaddesk","schema":{"@context":"https:\/\/schema.org","@graph":[{"@type":"WebPage","@id":"https:\/\/leaddesk.com\/no\/software\/enterprise-contact-center\/","url":"https:\/\/leaddesk.com\/no\/software\/enterprise-contact-center\/","name":"Kontaktsenterl\u00f8sninger for offentlige foretak \u2013 LeadDesk","isPartOf":{"@id":"https:\/\/leaddesk.com\/no\/#website"},"primaryImageOfPage":{"@id":"https:\/\/leaddesk.com\/no\/software\/enterprise-contact-center\/#primaryimage"},"image":{"@id":"https:\/\/leaddesk.com\/no\/software\/enterprise-contact-center\/#primaryimage"},"thumbnailUrl":"https:\/\/leaddesk.com\/wp-content\/uploads\/2023\/01\/LeadDesk-contact-center-for-enterprises.png","datePublished":"2021-03-17T08:35:59+00:00","dateModified":"2023-04-27T11:22:47+00:00","description":"Kontaktsenterl\u00f8sninger for offentlige foretak fra LeadDesk. Skalerbare, p\u00e5litelige og skybaserte l\u00f8sninger for alle ringe- og meldingsbehov.","breadcrumb":{"@id":"https:\/\/leaddesk.com\/no\/software\/enterprise-contact-center\/#breadcrumb"},"inLanguage":"nb-NO","potentialAction":[{"@type":"ReadAction","target":["https:\/\/leaddesk.com\/no\/software\/enterprise-contact-center\/"]}]},{"@type":"ImageObject","inLanguage":"nb-NO","@id":"https:\/\/leaddesk.com\/no\/software\/enterprise-contact-center\/#primaryimage","url":"https:\/\/leaddesk.com\/wp-content\/uploads\/2023\/01\/LeadDesk-contact-center-for-enterprises.png","contentUrl":"https:\/\/leaddesk.com\/wp-content\/uploads\/2023\/01\/LeadDesk-contact-center-for-enterprises.png","width":1200,"height":628},{"@type":"BreadcrumbList","@id":"https:\/\/leaddesk.com\/no\/software\/enterprise-contact-center\/#breadcrumb","itemListElement":[{"@type":"ListItem","position":1,"name":"Home","item":"https:\/\/leaddesk.com\/no\/"},{"@type":"ListItem","position":2,"name":"Produkt","item":"https:\/\/leaddesk.com\/no\/software\/"},{"@type":"ListItem","position":3,"name":"Offentlig foretak"}]},{"@type":"WebSite","@id":"https:\/\/leaddesk.com\/no\/#website","url":"https:\/\/leaddesk.com\/no\/","name":"LeadDesk","description":"Contact Center Software for Sales and Customer Service","publisher":{"@id":"https:\/\/leaddesk.com\/no\/#organization"},"potentialAction":[{"@type":"SearchAction","target":{"@type":"EntryPoint","urlTemplate":"https:\/\/leaddesk.com\/no\/?s={search_term_string}"},"query-input":"required name=search_term_string"}],"inLanguage":"nb-NO"},{"@type":"Organization","@id":"https:\/\/leaddesk.com\/no\/#organization","name":"LeadDesk","url":"https:\/\/leaddesk.com\/no\/","logo":{"@type":"ImageObject","inLanguage":"nb-NO","@id":"https:\/\/leaddesk.com\/no\/#\/schema\/logo\/image\/","url":"https:\/\/leaddesk.com\/wp-content\/uploads\/2023\/07\/leaddesk_symbol_leaddesk_blue.png","contentUrl":"https:\/\/leaddesk.com\/wp-content\/uploads\/2023\/07\/leaddesk_symbol_leaddesk_blue.png","width":2400,"height":2400,"caption":"LeadDesk"},"image":{"@id":"https:\/\/leaddesk.com\/no\/#\/schema\/logo\/image\/"},"sameAs":["https:\/\/www.facebook.com\/leaddesk\/","https:\/\/x.com\/leaddesk","https:\/\/www.instagram.com\/leaddesk\/","https:\/\/linkedin.com\/company\/2365022\/","https:\/\/www.youtube.com\/channel\/UCjB4SgGKs2xz80H4cQH95qw"]}]}},"_links":{"self":[{"href":"https:\/\/leaddesk.com\/no\/wp-json\/wp\/v2\/pages\/45115"}],"collection":[{"href":"https:\/\/leaddesk.com\/no\/wp-json\/wp\/v2\/pages"}],"about":[{"href":"https:\/\/leaddesk.com\/no\/wp-json\/wp\/v2\/types\/page"}],"author":[{"embeddable":true,"href":"https:\/\/leaddesk.com\/no\/wp-json\/wp\/v2\/users\/32"}],"replies":[{"embeddable":true,"href":"https:\/\/leaddesk.com\/no\/wp-json\/wp\/v2\/comments?post=45115"}],"version-history":[{"count":0,"href":"https:\/\/leaddesk.com\/no\/wp-json\/wp\/v2\/pages\/45115\/revisions"}],"up":[{"embeddable":true,"href":"https:\/\/leaddesk.com\/no\/wp-json\/wp\/v2\/pages\/44925"}],"wp:featuredmedia":[{"embeddable":true,"href":"https:\/\/leaddesk.com\/no\/wp-json\/wp\/v2\/media\/50704"}],"wp:attachment":[{"href":"https:\/\/leaddesk.com\/no\/wp-json\/wp\/v2\/media?parent=45115"}],"curies":[{"name":"wp","href":"https:\/\/api.w.org\/{rel}","templated":true}]}}