{"id":52429,"date":"2022-11-14T09:35:28","date_gmt":"2022-11-14T07:35:28","guid":{"rendered":"https:\/\/leaddesk.com\/o-leaddesk-para-vendas-outbound\/"},"modified":"2023-04-26T15:31:53","modified_gmt":"2023-04-26T14:31:53","slug":"o-leaddesk-para-vendas-outbound","status":"publish","type":"page","link":"https:\/\/leaddesk.com\/pt-pt\/o-leaddesk-para-vendas-outbound\/","title":{"rendered":"O LeadDesk para vendas outbound"},"content":{"rendered":"","protected":false},"excerpt":{"rendered":"","protected":false},"author":15,"featured_media":50592,"parent":0,"menu_order":26,"comment_status":"closed","ping_status":"closed","template":"page-blocks-en.php","meta":{"content-type":"","footnotes":""},"acf":[],"yoast_head":"<!-- This site is optimized with the Yoast SEO Premium plugin v22.5 (Yoast SEO v22.5) - https:\/\/yoast.com\/wordpress\/plugins\/seo\/ -->\n<title>Software de call center para vendas outbound - LeadDesk<\/title>\n<meta name=\"description\" content=\"Triplique a efic\u00e1cia das suas vendas outbound com um software para call center r\u00e1pido, potente e baseado na cloud. Escolha entre 8 modos de marca\u00e7\u00e3o diferentes.\" \/>\n<meta name=\"robots\" content=\"index, follow, max-snippet:-1, max-image-preview:large, max-video-preview:-1\" \/>\n<link rel=\"canonical\" href=\"https:\/\/leaddesk.com\/pt-pt\/o-leaddesk-para-vendas-outbound\/\" \/>\n<meta property=\"og:locale\" content=\"pt_PT\" \/>\n<meta property=\"og:type\" content=\"article\" \/>\n<meta property=\"og:title\" content=\"O LeadDesk para vendas outbound\" \/>\n<meta property=\"og:description\" content=\"Triplique a efic\u00e1cia das suas vendas outbound com um software para call center r\u00e1pido, potente e baseado na cloud. Escolha entre 8 modos de marca\u00e7\u00e3o diferentes.\" \/>\n<meta property=\"og:url\" content=\"https:\/\/leaddesk.com\/pt-pt\/o-leaddesk-para-vendas-outbound\/\" \/>\n<meta property=\"og:site_name\" content=\"LeadDesk\" \/>\n<meta property=\"article:publisher\" content=\"https:\/\/www.facebook.com\/leaddesk\/\" \/>\n<meta property=\"article:modified_time\" content=\"2023-04-26T14:31:53+00:00\" \/>\n<meta property=\"og:image\" content=\"https:\/\/leaddesk.com\/wp-content\/uploads\/2023\/01\/LeadDesk-for-Outbound-Sales.png\" \/>\n\t<meta property=\"og:image:width\" content=\"1200\" \/>\n\t<meta property=\"og:image:height\" content=\"628\" \/>\n\t<meta property=\"og:image:type\" content=\"image\/png\" \/>\n<meta name=\"twitter:card\" content=\"summary_large_image\" \/>\n<meta name=\"twitter:site\" content=\"@leaddesk\" \/>\n<script type=\"application\/ld+json\" class=\"yoast-schema-graph\">{\"@context\":\"https:\/\/schema.org\",\"@graph\":[{\"@type\":\"WebPage\",\"@id\":\"https:\/\/leaddesk.com\/pt-pt\/o-leaddesk-para-vendas-outbound\/\",\"url\":\"https:\/\/leaddesk.com\/pt-pt\/o-leaddesk-para-vendas-outbound\/\",\"name\":\"Software de call center para vendas outbound - LeadDesk\",\"isPartOf\":{\"@id\":\"https:\/\/leaddesk.com\/pt-pt\/#website\"},\"primaryImageOfPage\":{\"@id\":\"https:\/\/leaddesk.com\/pt-pt\/o-leaddesk-para-vendas-outbound\/#primaryimage\"},\"image\":{\"@id\":\"https:\/\/leaddesk.com\/pt-pt\/o-leaddesk-para-vendas-outbound\/#primaryimage\"},\"thumbnailUrl\":\"https:\/\/leaddesk.com\/wp-content\/uploads\/2023\/01\/LeadDesk-for-Outbound-Sales.png\",\"datePublished\":\"2022-11-14T07:35:28+00:00\",\"dateModified\":\"2023-04-26T14:31:53+00:00\",\"description\":\"Triplique a efic\u00e1cia das suas vendas outbound com um software para call center r\u00e1pido, potente e baseado na cloud. Escolha entre 8 modos de marca\u00e7\u00e3o diferentes.\",\"breadcrumb\":{\"@id\":\"https:\/\/leaddesk.com\/pt-pt\/o-leaddesk-para-vendas-outbound\/#breadcrumb\"},\"inLanguage\":\"pt-PT\",\"potentialAction\":[{\"@type\":\"ReadAction\",\"target\":[\"https:\/\/leaddesk.com\/pt-pt\/o-leaddesk-para-vendas-outbound\/\"]}]},{\"@type\":\"ImageObject\",\"inLanguage\":\"pt-PT\",\"@id\":\"https:\/\/leaddesk.com\/pt-pt\/o-leaddesk-para-vendas-outbound\/#primaryimage\",\"url\":\"https:\/\/leaddesk.com\/wp-content\/uploads\/2023\/01\/LeadDesk-for-Outbound-Sales.png\",\"contentUrl\":\"https:\/\/leaddesk.com\/wp-content\/uploads\/2023\/01\/LeadDesk-for-Outbound-Sales.png\",\"width\":1200,\"height\":628},{\"@type\":\"BreadcrumbList\",\"@id\":\"https:\/\/leaddesk.com\/pt-pt\/o-leaddesk-para-vendas-outbound\/#breadcrumb\",\"itemListElement\":[{\"@type\":\"ListItem\",\"position\":1,\"name\":\"Home\",\"item\":\"https:\/\/leaddesk.com\/pt-pt\/\"},{\"@type\":\"ListItem\",\"position\":2,\"name\":\"O LeadDesk para vendas outbound\"}]},{\"@type\":\"WebSite\",\"@id\":\"https:\/\/leaddesk.com\/pt-pt\/#website\",\"url\":\"https:\/\/leaddesk.com\/pt-pt\/\",\"name\":\"LeadDesk\",\"description\":\"Contact Center Software for Sales and Customer Service\",\"publisher\":{\"@id\":\"https:\/\/leaddesk.com\/pt-pt\/#organization\"},\"potentialAction\":[{\"@type\":\"SearchAction\",\"target\":{\"@type\":\"EntryPoint\",\"urlTemplate\":\"https:\/\/leaddesk.com\/pt-pt\/?s={search_term_string}\"},\"query-input\":\"required name=search_term_string\"}],\"inLanguage\":\"pt-PT\"},{\"@type\":\"Organization\",\"@id\":\"https:\/\/leaddesk.com\/pt-pt\/#organization\",\"name\":\"LeadDesk\",\"url\":\"https:\/\/leaddesk.com\/pt-pt\/\",\"logo\":{\"@type\":\"ImageObject\",\"inLanguage\":\"pt-PT\",\"@id\":\"https:\/\/leaddesk.com\/pt-pt\/#\/schema\/logo\/image\/\",\"url\":\"https:\/\/leaddesk.com\/wp-content\/uploads\/2023\/07\/leaddesk_symbol_leaddesk_blue.png\",\"contentUrl\":\"https:\/\/leaddesk.com\/wp-content\/uploads\/2023\/07\/leaddesk_symbol_leaddesk_blue.png\",\"width\":2400,\"height\":2400,\"caption\":\"LeadDesk\"},\"image\":{\"@id\":\"https:\/\/leaddesk.com\/pt-pt\/#\/schema\/logo\/image\/\"},\"sameAs\":[\"https:\/\/www.facebook.com\/leaddesk\/\",\"https:\/\/x.com\/leaddesk\",\"https:\/\/www.instagram.com\/leaddesk\/\",\"https:\/\/linkedin.com\/company\/2365022\/\",\"https:\/\/www.youtube.com\/channel\/UCjB4SgGKs2xz80H4cQH95qw\"]}]}<\/script>\n<!-- \/ Yoast SEO Premium plugin. -->","yoast_head_json":{"title":"Software de call center para vendas outbound - LeadDesk","description":"Triplique a efic\u00e1cia das suas vendas outbound com um software para call center r\u00e1pido, potente e baseado na cloud. Escolha entre 8 modos de marca\u00e7\u00e3o diferentes.","robots":{"index":"index","follow":"follow","max-snippet":"max-snippet:-1","max-image-preview":"max-image-preview:large","max-video-preview":"max-video-preview:-1"},"canonical":"https:\/\/leaddesk.com\/pt-pt\/o-leaddesk-para-vendas-outbound\/","og_locale":"pt_PT","og_type":"article","og_title":"O LeadDesk para vendas outbound","og_description":"Triplique a efic\u00e1cia das suas vendas outbound com um software para call center r\u00e1pido, potente e baseado na cloud. Escolha entre 8 modos de marca\u00e7\u00e3o diferentes.","og_url":"https:\/\/leaddesk.com\/pt-pt\/o-leaddesk-para-vendas-outbound\/","og_site_name":"LeadDesk","article_publisher":"https:\/\/www.facebook.com\/leaddesk\/","article_modified_time":"2023-04-26T14:31:53+00:00","og_image":[{"width":1200,"height":628,"url":"https:\/\/leaddesk.com\/wp-content\/uploads\/2023\/01\/LeadDesk-for-Outbound-Sales.png","type":"image\/png"}],"twitter_card":"summary_large_image","twitter_site":"@leaddesk","schema":{"@context":"https:\/\/schema.org","@graph":[{"@type":"WebPage","@id":"https:\/\/leaddesk.com\/pt-pt\/o-leaddesk-para-vendas-outbound\/","url":"https:\/\/leaddesk.com\/pt-pt\/o-leaddesk-para-vendas-outbound\/","name":"Software de call center para vendas outbound - LeadDesk","isPartOf":{"@id":"https:\/\/leaddesk.com\/pt-pt\/#website"},"primaryImageOfPage":{"@id":"https:\/\/leaddesk.com\/pt-pt\/o-leaddesk-para-vendas-outbound\/#primaryimage"},"image":{"@id":"https:\/\/leaddesk.com\/pt-pt\/o-leaddesk-para-vendas-outbound\/#primaryimage"},"thumbnailUrl":"https:\/\/leaddesk.com\/wp-content\/uploads\/2023\/01\/LeadDesk-for-Outbound-Sales.png","datePublished":"2022-11-14T07:35:28+00:00","dateModified":"2023-04-26T14:31:53+00:00","description":"Triplique a efic\u00e1cia das suas vendas outbound com um software para call center r\u00e1pido, potente e baseado na cloud. Escolha entre 8 modos de marca\u00e7\u00e3o diferentes.","breadcrumb":{"@id":"https:\/\/leaddesk.com\/pt-pt\/o-leaddesk-para-vendas-outbound\/#breadcrumb"},"inLanguage":"pt-PT","potentialAction":[{"@type":"ReadAction","target":["https:\/\/leaddesk.com\/pt-pt\/o-leaddesk-para-vendas-outbound\/"]}]},{"@type":"ImageObject","inLanguage":"pt-PT","@id":"https:\/\/leaddesk.com\/pt-pt\/o-leaddesk-para-vendas-outbound\/#primaryimage","url":"https:\/\/leaddesk.com\/wp-content\/uploads\/2023\/01\/LeadDesk-for-Outbound-Sales.png","contentUrl":"https:\/\/leaddesk.com\/wp-content\/uploads\/2023\/01\/LeadDesk-for-Outbound-Sales.png","width":1200,"height":628},{"@type":"BreadcrumbList","@id":"https:\/\/leaddesk.com\/pt-pt\/o-leaddesk-para-vendas-outbound\/#breadcrumb","itemListElement":[{"@type":"ListItem","position":1,"name":"Home","item":"https:\/\/leaddesk.com\/pt-pt\/"},{"@type":"ListItem","position":2,"name":"O LeadDesk para vendas outbound"}]},{"@type":"WebSite","@id":"https:\/\/leaddesk.com\/pt-pt\/#website","url":"https:\/\/leaddesk.com\/pt-pt\/","name":"LeadDesk","description":"Contact Center Software for Sales and Customer Service","publisher":{"@id":"https:\/\/leaddesk.com\/pt-pt\/#organization"},"potentialAction":[{"@type":"SearchAction","target":{"@type":"EntryPoint","urlTemplate":"https:\/\/leaddesk.com\/pt-pt\/?s={search_term_string}"},"query-input":"required name=search_term_string"}],"inLanguage":"pt-PT"},{"@type":"Organization","@id":"https:\/\/leaddesk.com\/pt-pt\/#organization","name":"LeadDesk","url":"https:\/\/leaddesk.com\/pt-pt\/","logo":{"@type":"ImageObject","inLanguage":"pt-PT","@id":"https:\/\/leaddesk.com\/pt-pt\/#\/schema\/logo\/image\/","url":"https:\/\/leaddesk.com\/wp-content\/uploads\/2023\/07\/leaddesk_symbol_leaddesk_blue.png","contentUrl":"https:\/\/leaddesk.com\/wp-content\/uploads\/2023\/07\/leaddesk_symbol_leaddesk_blue.png","width":2400,"height":2400,"caption":"LeadDesk"},"image":{"@id":"https:\/\/leaddesk.com\/pt-pt\/#\/schema\/logo\/image\/"},"sameAs":["https:\/\/www.facebook.com\/leaddesk\/","https:\/\/x.com\/leaddesk","https:\/\/www.instagram.com\/leaddesk\/","https:\/\/linkedin.com\/company\/2365022\/","https:\/\/www.youtube.com\/channel\/UCjB4SgGKs2xz80H4cQH95qw"]}]}},"_links":{"self":[{"href":"https:\/\/leaddesk.com\/pt-pt\/wp-json\/wp\/v2\/pages\/52429"}],"collection":[{"href":"https:\/\/leaddesk.com\/pt-pt\/wp-json\/wp\/v2\/pages"}],"about":[{"href":"https:\/\/leaddesk.com\/pt-pt\/wp-json\/wp\/v2\/types\/page"}],"author":[{"embeddable":true,"href":"https:\/\/leaddesk.com\/pt-pt\/wp-json\/wp\/v2\/users\/15"}],"replies":[{"embeddable":true,"href":"https:\/\/leaddesk.com\/pt-pt\/wp-json\/wp\/v2\/comments?post=52429"}],"version-history":[{"count":0,"href":"https:\/\/leaddesk.com\/pt-pt\/wp-json\/wp\/v2\/pages\/52429\/revisions"}],"wp:featuredmedia":[{"embeddable":true,"href":"https:\/\/leaddesk.com\/pt-pt\/wp-json\/wp\/v2\/media\/50592"}],"wp:attachment":[{"href":"https:\/\/leaddesk.com\/pt-pt\/wp-json\/wp\/v2\/media?parent=52429"}],"curies":[{"name":"wp","href":"https:\/\/api.w.org\/{rel}","templated":true}]}}