{"id":52432,"date":"2023-01-11T13:34:04","date_gmt":"2023-01-11T12:34:04","guid":{"rendered":"https:\/\/leaddesk.com\/mobilidade\/"},"modified":"2023-01-11T13:34:04","modified_gmt":"2023-01-11T12:34:04","slug":"mobilidade","status":"publish","type":"page","link":"https:\/\/leaddesk.com\/pt-pt\/mobilidade\/","title":{"rendered":"Mobilidade"},"content":{"rendered":"","protected":false},"excerpt":{"rendered":"","protected":false},"author":32,"featured_media":50632,"parent":0,"menu_order":0,"comment_status":"closed","ping_status":"closed","template":"page-blocks-en.php","meta":{"content-type":"","footnotes":""},"acf":[],"yoast_head":"<!-- This site is optimized with the Yoast SEO Premium plugin v22.5 (Yoast SEO v22.5) - https:\/\/yoast.com\/wordpress\/plugins\/seo\/ -->\n<title>LeadDesk Mobile: o contact center para trabalhadores em movimento<\/title>\n<meta name=\"description\" content=\"Transfira as chamadas diretamente para o telem\u00f3vel. O LeadDesk Mobile \u00e9 uma solu\u00e7\u00e3o intuitiva e eficaz para os trabalhadores m\u00f3veis.\" \/>\n<meta name=\"robots\" content=\"index, follow, max-snippet:-1, max-image-preview:large, max-video-preview:-1\" \/>\n<link rel=\"canonical\" href=\"https:\/\/leaddesk.com\/pt-pt\/mobilidade\/\" \/>\n<meta property=\"og:locale\" content=\"pt_PT\" \/>\n<meta property=\"og:type\" content=\"article\" \/>\n<meta property=\"og:title\" content=\"Mobilidade\" \/>\n<meta property=\"og:description\" content=\"Transfira as chamadas diretamente para o telem\u00f3vel. O LeadDesk Mobile \u00e9 uma solu\u00e7\u00e3o intuitiva e eficaz para os trabalhadores m\u00f3veis.\" \/>\n<meta property=\"og:url\" content=\"https:\/\/leaddesk.com\/pt-pt\/mobilidade\/\" \/>\n<meta property=\"og:site_name\" content=\"LeadDesk\" \/>\n<meta property=\"article:publisher\" content=\"https:\/\/www.facebook.com\/leaddesk\/\" \/>\n<meta property=\"og:image\" content=\"https:\/\/leaddesk.com\/wp-content\/uploads\/2023\/01\/LeadDesk-Mobile-flexible-contact-center-solution.png\" \/>\n\t<meta property=\"og:image:width\" content=\"1200\" \/>\n\t<meta property=\"og:image:height\" content=\"628\" \/>\n\t<meta property=\"og:image:type\" content=\"image\/png\" \/>\n<meta name=\"twitter:card\" content=\"summary_large_image\" \/>\n<meta name=\"twitter:description\" content=\"Transfira as chamadas diretamente para o telem\u00f3vel. O LeadDesk Mobile \u00e9 uma solu\u00e7\u00e3o intuitiva e eficaz para os trabalhadores m\u00f3veis.\" \/>\n<meta name=\"twitter:site\" content=\"@leaddesk\" \/>\n<script type=\"application\/ld+json\" class=\"yoast-schema-graph\">{\"@context\":\"https:\/\/schema.org\",\"@graph\":[{\"@type\":\"WebPage\",\"@id\":\"https:\/\/leaddesk.com\/pt-pt\/mobilidade\/\",\"url\":\"https:\/\/leaddesk.com\/pt-pt\/mobilidade\/\",\"name\":\"LeadDesk Mobile: o contact center para trabalhadores em movimento\",\"isPartOf\":{\"@id\":\"https:\/\/leaddesk.com\/pt-pt\/#website\"},\"primaryImageOfPage\":{\"@id\":\"https:\/\/leaddesk.com\/pt-pt\/mobilidade\/#primaryimage\"},\"image\":{\"@id\":\"https:\/\/leaddesk.com\/pt-pt\/mobilidade\/#primaryimage\"},\"thumbnailUrl\":\"https:\/\/leaddesk.com\/wp-content\/uploads\/2023\/01\/LeadDesk-Mobile-flexible-contact-center-solution.png\",\"datePublished\":\"2023-01-11T12:34:04+00:00\",\"dateModified\":\"2023-01-11T12:34:04+00:00\",\"description\":\"Transfira as chamadas diretamente para o telem\u00f3vel. O LeadDesk Mobile \u00e9 uma solu\u00e7\u00e3o intuitiva e eficaz para os trabalhadores m\u00f3veis.\",\"breadcrumb\":{\"@id\":\"https:\/\/leaddesk.com\/pt-pt\/mobilidade\/#breadcrumb\"},\"inLanguage\":\"pt-PT\",\"potentialAction\":[{\"@type\":\"ReadAction\",\"target\":[\"https:\/\/leaddesk.com\/pt-pt\/mobilidade\/\"]}]},{\"@type\":\"ImageObject\",\"inLanguage\":\"pt-PT\",\"@id\":\"https:\/\/leaddesk.com\/pt-pt\/mobilidade\/#primaryimage\",\"url\":\"https:\/\/leaddesk.com\/wp-content\/uploads\/2023\/01\/LeadDesk-Mobile-flexible-contact-center-solution.png\",\"contentUrl\":\"https:\/\/leaddesk.com\/wp-content\/uploads\/2023\/01\/LeadDesk-Mobile-flexible-contact-center-solution.png\",\"width\":1200,\"height\":628},{\"@type\":\"BreadcrumbList\",\"@id\":\"https:\/\/leaddesk.com\/pt-pt\/mobilidade\/#breadcrumb\",\"itemListElement\":[{\"@type\":\"ListItem\",\"position\":1,\"name\":\"Home\",\"item\":\"https:\/\/leaddesk.com\/pt-pt\/\"},{\"@type\":\"ListItem\",\"position\":2,\"name\":\"Mobilidade\"}]},{\"@type\":\"WebSite\",\"@id\":\"https:\/\/leaddesk.com\/pt-pt\/#website\",\"url\":\"https:\/\/leaddesk.com\/pt-pt\/\",\"name\":\"LeadDesk\",\"description\":\"Contact Center Software for Sales and Customer Service\",\"publisher\":{\"@id\":\"https:\/\/leaddesk.com\/pt-pt\/#organization\"},\"potentialAction\":[{\"@type\":\"SearchAction\",\"target\":{\"@type\":\"EntryPoint\",\"urlTemplate\":\"https:\/\/leaddesk.com\/pt-pt\/?s={search_term_string}\"},\"query-input\":\"required name=search_term_string\"}],\"inLanguage\":\"pt-PT\"},{\"@type\":\"Organization\",\"@id\":\"https:\/\/leaddesk.com\/pt-pt\/#organization\",\"name\":\"LeadDesk\",\"url\":\"https:\/\/leaddesk.com\/pt-pt\/\",\"logo\":{\"@type\":\"ImageObject\",\"inLanguage\":\"pt-PT\",\"@id\":\"https:\/\/leaddesk.com\/pt-pt\/#\/schema\/logo\/image\/\",\"url\":\"https:\/\/leaddesk.com\/wp-content\/uploads\/2023\/07\/leaddesk_symbol_leaddesk_blue.png\",\"contentUrl\":\"https:\/\/leaddesk.com\/wp-content\/uploads\/2023\/07\/leaddesk_symbol_leaddesk_blue.png\",\"width\":2400,\"height\":2400,\"caption\":\"LeadDesk\"},\"image\":{\"@id\":\"https:\/\/leaddesk.com\/pt-pt\/#\/schema\/logo\/image\/\"},\"sameAs\":[\"https:\/\/www.facebook.com\/leaddesk\/\",\"https:\/\/x.com\/leaddesk\",\"https:\/\/www.instagram.com\/leaddesk\/\",\"https:\/\/linkedin.com\/company\/2365022\/\",\"https:\/\/www.youtube.com\/channel\/UCjB4SgGKs2xz80H4cQH95qw\"]}]}<\/script>\n<!-- \/ Yoast SEO Premium plugin. -->","yoast_head_json":{"title":"LeadDesk Mobile: o contact center para trabalhadores em movimento","description":"Transfira as chamadas diretamente para o telem\u00f3vel. O LeadDesk Mobile \u00e9 uma solu\u00e7\u00e3o intuitiva e eficaz para os trabalhadores m\u00f3veis.","robots":{"index":"index","follow":"follow","max-snippet":"max-snippet:-1","max-image-preview":"max-image-preview:large","max-video-preview":"max-video-preview:-1"},"canonical":"https:\/\/leaddesk.com\/pt-pt\/mobilidade\/","og_locale":"pt_PT","og_type":"article","og_title":"Mobilidade","og_description":"Transfira as chamadas diretamente para o telem\u00f3vel. O LeadDesk Mobile \u00e9 uma solu\u00e7\u00e3o intuitiva e eficaz para os trabalhadores m\u00f3veis.","og_url":"https:\/\/leaddesk.com\/pt-pt\/mobilidade\/","og_site_name":"LeadDesk","article_publisher":"https:\/\/www.facebook.com\/leaddesk\/","og_image":[{"width":1200,"height":628,"url":"https:\/\/leaddesk.com\/wp-content\/uploads\/2023\/01\/LeadDesk-Mobile-flexible-contact-center-solution.png","type":"image\/png"}],"twitter_card":"summary_large_image","twitter_description":"Transfira as chamadas diretamente para o telem\u00f3vel. O LeadDesk Mobile \u00e9 uma solu\u00e7\u00e3o intuitiva e eficaz para os trabalhadores m\u00f3veis.","twitter_site":"@leaddesk","schema":{"@context":"https:\/\/schema.org","@graph":[{"@type":"WebPage","@id":"https:\/\/leaddesk.com\/pt-pt\/mobilidade\/","url":"https:\/\/leaddesk.com\/pt-pt\/mobilidade\/","name":"LeadDesk Mobile: o contact center para trabalhadores em movimento","isPartOf":{"@id":"https:\/\/leaddesk.com\/pt-pt\/#website"},"primaryImageOfPage":{"@id":"https:\/\/leaddesk.com\/pt-pt\/mobilidade\/#primaryimage"},"image":{"@id":"https:\/\/leaddesk.com\/pt-pt\/mobilidade\/#primaryimage"},"thumbnailUrl":"https:\/\/leaddesk.com\/wp-content\/uploads\/2023\/01\/LeadDesk-Mobile-flexible-contact-center-solution.png","datePublished":"2023-01-11T12:34:04+00:00","dateModified":"2023-01-11T12:34:04+00:00","description":"Transfira as chamadas diretamente para o telem\u00f3vel. O LeadDesk Mobile \u00e9 uma solu\u00e7\u00e3o intuitiva e eficaz para os trabalhadores m\u00f3veis.","breadcrumb":{"@id":"https:\/\/leaddesk.com\/pt-pt\/mobilidade\/#breadcrumb"},"inLanguage":"pt-PT","potentialAction":[{"@type":"ReadAction","target":["https:\/\/leaddesk.com\/pt-pt\/mobilidade\/"]}]},{"@type":"ImageObject","inLanguage":"pt-PT","@id":"https:\/\/leaddesk.com\/pt-pt\/mobilidade\/#primaryimage","url":"https:\/\/leaddesk.com\/wp-content\/uploads\/2023\/01\/LeadDesk-Mobile-flexible-contact-center-solution.png","contentUrl":"https:\/\/leaddesk.com\/wp-content\/uploads\/2023\/01\/LeadDesk-Mobile-flexible-contact-center-solution.png","width":1200,"height":628},{"@type":"BreadcrumbList","@id":"https:\/\/leaddesk.com\/pt-pt\/mobilidade\/#breadcrumb","itemListElement":[{"@type":"ListItem","position":1,"name":"Home","item":"https:\/\/leaddesk.com\/pt-pt\/"},{"@type":"ListItem","position":2,"name":"Mobilidade"}]},{"@type":"WebSite","@id":"https:\/\/leaddesk.com\/pt-pt\/#website","url":"https:\/\/leaddesk.com\/pt-pt\/","name":"LeadDesk","description":"Contact Center Software for Sales and Customer Service","publisher":{"@id":"https:\/\/leaddesk.com\/pt-pt\/#organization"},"potentialAction":[{"@type":"SearchAction","target":{"@type":"EntryPoint","urlTemplate":"https:\/\/leaddesk.com\/pt-pt\/?s={search_term_string}"},"query-input":"required name=search_term_string"}],"inLanguage":"pt-PT"},{"@type":"Organization","@id":"https:\/\/leaddesk.com\/pt-pt\/#organization","name":"LeadDesk","url":"https:\/\/leaddesk.com\/pt-pt\/","logo":{"@type":"ImageObject","inLanguage":"pt-PT","@id":"https:\/\/leaddesk.com\/pt-pt\/#\/schema\/logo\/image\/","url":"https:\/\/leaddesk.com\/wp-content\/uploads\/2023\/07\/leaddesk_symbol_leaddesk_blue.png","contentUrl":"https:\/\/leaddesk.com\/wp-content\/uploads\/2023\/07\/leaddesk_symbol_leaddesk_blue.png","width":2400,"height":2400,"caption":"LeadDesk"},"image":{"@id":"https:\/\/leaddesk.com\/pt-pt\/#\/schema\/logo\/image\/"},"sameAs":["https:\/\/www.facebook.com\/leaddesk\/","https:\/\/x.com\/leaddesk","https:\/\/www.instagram.com\/leaddesk\/","https:\/\/linkedin.com\/company\/2365022\/","https:\/\/www.youtube.com\/channel\/UCjB4SgGKs2xz80H4cQH95qw"]}]}},"_links":{"self":[{"href":"https:\/\/leaddesk.com\/pt-pt\/wp-json\/wp\/v2\/pages\/52432"}],"collection":[{"href":"https:\/\/leaddesk.com\/pt-pt\/wp-json\/wp\/v2\/pages"}],"about":[{"href":"https:\/\/leaddesk.com\/pt-pt\/wp-json\/wp\/v2\/types\/page"}],"author":[{"embeddable":true,"href":"https:\/\/leaddesk.com\/pt-pt\/wp-json\/wp\/v2\/users\/32"}],"replies":[{"embeddable":true,"href":"https:\/\/leaddesk.com\/pt-pt\/wp-json\/wp\/v2\/comments?post=52432"}],"version-history":[{"count":0,"href":"https:\/\/leaddesk.com\/pt-pt\/wp-json\/wp\/v2\/pages\/52432\/revisions"}],"wp:featuredmedia":[{"embeddable":true,"href":"https:\/\/leaddesk.com\/pt-pt\/wp-json\/wp\/v2\/media\/50632"}],"wp:attachment":[{"href":"https:\/\/leaddesk.com\/pt-pt\/wp-json\/wp\/v2\/media?parent=52432"}],"curies":[{"name":"wp","href":"https:\/\/api.w.org\/{rel}","templated":true}]}}