{"id":52444,"date":"2022-11-28T10:51:16","date_gmt":"2022-11-28T09:51:16","guid":{"rendered":"https:\/\/leaddesk.com\/leaddesk-para-o-apoio-ao-cliente\/solucao-omnicanal\/"},"modified":"2023-04-27T13:42:50","modified_gmt":"2023-04-27T12:42:50","slug":"solucao-omnicanal","status":"publish","type":"page","link":"https:\/\/leaddesk.com\/pt-pt\/leaddesk-para-o-apoio-ao-cliente\/solucao-omnicanal\/","title":{"rendered":"Solu\u00e7\u00e3o omnicanal"},"content":{"rendered":"","protected":false},"excerpt":{"rendered":"","protected":false},"author":28,"featured_media":50622,"parent":52430,"menu_order":0,"comment_status":"closed","ping_status":"closed","template":"page-blocks-en.php","meta":{"content-type":"","footnotes":""},"acf":[],"yoast_head":"<!-- This site is optimized with the Yoast SEO Premium plugin v22.5 (Yoast SEO v22.5) - https:\/\/yoast.com\/wordpress\/plugins\/seo\/ -->\n<title>Solu\u00e7\u00e3o omnicanal - LeadDesk<\/title>\n<meta name=\"description\" content=\"Fale com os clientes a partir de qualquer canal e atrav\u00e9s de uma \u00fanica janela. Esta gest\u00e3o de conversas permite ao agente oferecer ao cliente um servi\u00e7o omnicanal personalizado.\" \/>\n<meta name=\"robots\" content=\"index, follow, max-snippet:-1, max-image-preview:large, max-video-preview:-1\" \/>\n<link rel=\"canonical\" href=\"https:\/\/leaddesk.com\/pt-pt\/leaddesk-para-o-apoio-ao-cliente\/solucao-omnicanal\/\" \/>\n<meta property=\"og:locale\" content=\"pt_PT\" \/>\n<meta property=\"og:type\" content=\"article\" \/>\n<meta property=\"og:title\" content=\"Solu\u00e7\u00e3o omnicanal - Solu\u00e7\u00e3o omnicanal para o apoio ao cliente\" \/>\n<meta property=\"og:description\" content=\"Fa\u00e7a a gest\u00e3o f\u00e1cil das conversas com os seus clientes a partir de todos os canais inbound e com uma visualiza\u00e7\u00e3o centralizada.\" \/>\n<meta property=\"og:url\" content=\"https:\/\/leaddesk.com\/pt-pt\/leaddesk-para-o-apoio-ao-cliente\/solucao-omnicanal\/\" \/>\n<meta property=\"og:site_name\" content=\"LeadDesk\" \/>\n<meta property=\"article:publisher\" content=\"https:\/\/www.facebook.com\/leaddesk\/\" \/>\n<meta property=\"article:modified_time\" content=\"2023-04-27T12:42:50+00:00\" \/>\n<meta property=\"og:image\" content=\"https:\/\/leaddesk.com\/wp-content\/uploads\/2023\/01\/Omnichannel-customer-service-tool-LeadDesk2.png\" \/>\n\t<meta property=\"og:image:width\" content=\"1200\" \/>\n\t<meta property=\"og:image:height\" content=\"628\" \/>\n\t<meta property=\"og:image:type\" content=\"image\/png\" \/>\n<meta name=\"twitter:card\" content=\"summary_large_image\" \/>\n<meta name=\"twitter:title\" content=\"Solu\u00e7\u00e3o omnicanal - Apoio ao cliente omnicanal\" \/>\n<meta name=\"twitter:site\" content=\"@leaddesk\" \/>\n<script type=\"application\/ld+json\" class=\"yoast-schema-graph\">{\"@context\":\"https:\/\/schema.org\",\"@graph\":[{\"@type\":\"WebPage\",\"@id\":\"https:\/\/leaddesk.com\/pt-pt\/leaddesk-para-o-apoio-ao-cliente\/solucao-omnicanal\/\",\"url\":\"https:\/\/leaddesk.com\/pt-pt\/leaddesk-para-o-apoio-ao-cliente\/solucao-omnicanal\/\",\"name\":\"Solu\u00e7\u00e3o omnicanal - LeadDesk\",\"isPartOf\":{\"@id\":\"https:\/\/leaddesk.com\/pt-pt\/#website\"},\"primaryImageOfPage\":{\"@id\":\"https:\/\/leaddesk.com\/pt-pt\/leaddesk-para-o-apoio-ao-cliente\/solucao-omnicanal\/#primaryimage\"},\"image\":{\"@id\":\"https:\/\/leaddesk.com\/pt-pt\/leaddesk-para-o-apoio-ao-cliente\/solucao-omnicanal\/#primaryimage\"},\"thumbnailUrl\":\"https:\/\/leaddesk.com\/wp-content\/uploads\/2023\/01\/Omnichannel-customer-service-tool-LeadDesk2.png\",\"datePublished\":\"2022-11-28T09:51:16+00:00\",\"dateModified\":\"2023-04-27T12:42:50+00:00\",\"description\":\"Fale com os clientes a partir de qualquer canal e atrav\u00e9s de uma \u00fanica janela. Esta gest\u00e3o de conversas permite ao agente oferecer ao cliente um servi\u00e7o omnicanal personalizado.\",\"breadcrumb\":{\"@id\":\"https:\/\/leaddesk.com\/pt-pt\/leaddesk-para-o-apoio-ao-cliente\/solucao-omnicanal\/#breadcrumb\"},\"inLanguage\":\"pt-PT\",\"potentialAction\":[{\"@type\":\"ReadAction\",\"target\":[\"https:\/\/leaddesk.com\/pt-pt\/leaddesk-para-o-apoio-ao-cliente\/solucao-omnicanal\/\"]}]},{\"@type\":\"ImageObject\",\"inLanguage\":\"pt-PT\",\"@id\":\"https:\/\/leaddesk.com\/pt-pt\/leaddesk-para-o-apoio-ao-cliente\/solucao-omnicanal\/#primaryimage\",\"url\":\"https:\/\/leaddesk.com\/wp-content\/uploads\/2023\/01\/Omnichannel-customer-service-tool-LeadDesk2.png\",\"contentUrl\":\"https:\/\/leaddesk.com\/wp-content\/uploads\/2023\/01\/Omnichannel-customer-service-tool-LeadDesk2.png\",\"width\":1200,\"height\":628},{\"@type\":\"BreadcrumbList\",\"@id\":\"https:\/\/leaddesk.com\/pt-pt\/leaddesk-para-o-apoio-ao-cliente\/solucao-omnicanal\/#breadcrumb\",\"itemListElement\":[{\"@type\":\"ListItem\",\"position\":1,\"name\":\"Home\",\"item\":\"https:\/\/leaddesk.com\/pt-pt\/\"},{\"@type\":\"ListItem\",\"position\":2,\"name\":\"LeadDesk para o apoio ao cliente\",\"item\":\"https:\/\/leaddesk.com\/pt-pt\/software\/customer-service\/\"},{\"@type\":\"ListItem\",\"position\":3,\"name\":\"Solu\u00e7\u00e3o omnicanal\"}]},{\"@type\":\"WebSite\",\"@id\":\"https:\/\/leaddesk.com\/pt-pt\/#website\",\"url\":\"https:\/\/leaddesk.com\/pt-pt\/\",\"name\":\"LeadDesk\",\"description\":\"Contact Center Software for Sales and Customer Service\",\"publisher\":{\"@id\":\"https:\/\/leaddesk.com\/pt-pt\/#organization\"},\"potentialAction\":[{\"@type\":\"SearchAction\",\"target\":{\"@type\":\"EntryPoint\",\"urlTemplate\":\"https:\/\/leaddesk.com\/pt-pt\/?s={search_term_string}\"},\"query-input\":\"required name=search_term_string\"}],\"inLanguage\":\"pt-PT\"},{\"@type\":\"Organization\",\"@id\":\"https:\/\/leaddesk.com\/pt-pt\/#organization\",\"name\":\"LeadDesk\",\"url\":\"https:\/\/leaddesk.com\/pt-pt\/\",\"logo\":{\"@type\":\"ImageObject\",\"inLanguage\":\"pt-PT\",\"@id\":\"https:\/\/leaddesk.com\/pt-pt\/#\/schema\/logo\/image\/\",\"url\":\"https:\/\/leaddesk.com\/wp-content\/uploads\/2023\/07\/leaddesk_symbol_leaddesk_blue.png\",\"contentUrl\":\"https:\/\/leaddesk.com\/wp-content\/uploads\/2023\/07\/leaddesk_symbol_leaddesk_blue.png\",\"width\":2400,\"height\":2400,\"caption\":\"LeadDesk\"},\"image\":{\"@id\":\"https:\/\/leaddesk.com\/pt-pt\/#\/schema\/logo\/image\/\"},\"sameAs\":[\"https:\/\/www.facebook.com\/leaddesk\/\",\"https:\/\/x.com\/leaddesk\",\"https:\/\/www.instagram.com\/leaddesk\/\",\"https:\/\/linkedin.com\/company\/2365022\/\",\"https:\/\/www.youtube.com\/channel\/UCjB4SgGKs2xz80H4cQH95qw\"]}]}<\/script>\n<!-- \/ Yoast SEO Premium plugin. -->","yoast_head_json":{"title":"Solu\u00e7\u00e3o omnicanal - LeadDesk","description":"Fale com os clientes a partir de qualquer canal e atrav\u00e9s de uma \u00fanica janela. Esta gest\u00e3o de conversas permite ao agente oferecer ao cliente um servi\u00e7o omnicanal personalizado.","robots":{"index":"index","follow":"follow","max-snippet":"max-snippet:-1","max-image-preview":"max-image-preview:large","max-video-preview":"max-video-preview:-1"},"canonical":"https:\/\/leaddesk.com\/pt-pt\/leaddesk-para-o-apoio-ao-cliente\/solucao-omnicanal\/","og_locale":"pt_PT","og_type":"article","og_title":"Solu\u00e7\u00e3o omnicanal - Solu\u00e7\u00e3o omnicanal para o apoio ao cliente","og_description":"Fa\u00e7a a gest\u00e3o f\u00e1cil das conversas com os seus clientes a partir de todos os canais inbound e com uma visualiza\u00e7\u00e3o centralizada.","og_url":"https:\/\/leaddesk.com\/pt-pt\/leaddesk-para-o-apoio-ao-cliente\/solucao-omnicanal\/","og_site_name":"LeadDesk","article_publisher":"https:\/\/www.facebook.com\/leaddesk\/","article_modified_time":"2023-04-27T12:42:50+00:00","og_image":[{"width":1200,"height":628,"url":"https:\/\/leaddesk.com\/wp-content\/uploads\/2023\/01\/Omnichannel-customer-service-tool-LeadDesk2.png","type":"image\/png"}],"twitter_card":"summary_large_image","twitter_title":"Solu\u00e7\u00e3o omnicanal - Apoio ao cliente omnicanal","twitter_site":"@leaddesk","schema":{"@context":"https:\/\/schema.org","@graph":[{"@type":"WebPage","@id":"https:\/\/leaddesk.com\/pt-pt\/leaddesk-para-o-apoio-ao-cliente\/solucao-omnicanal\/","url":"https:\/\/leaddesk.com\/pt-pt\/leaddesk-para-o-apoio-ao-cliente\/solucao-omnicanal\/","name":"Solu\u00e7\u00e3o omnicanal - LeadDesk","isPartOf":{"@id":"https:\/\/leaddesk.com\/pt-pt\/#website"},"primaryImageOfPage":{"@id":"https:\/\/leaddesk.com\/pt-pt\/leaddesk-para-o-apoio-ao-cliente\/solucao-omnicanal\/#primaryimage"},"image":{"@id":"https:\/\/leaddesk.com\/pt-pt\/leaddesk-para-o-apoio-ao-cliente\/solucao-omnicanal\/#primaryimage"},"thumbnailUrl":"https:\/\/leaddesk.com\/wp-content\/uploads\/2023\/01\/Omnichannel-customer-service-tool-LeadDesk2.png","datePublished":"2022-11-28T09:51:16+00:00","dateModified":"2023-04-27T12:42:50+00:00","description":"Fale com os clientes a partir de qualquer canal e atrav\u00e9s de uma \u00fanica janela. Esta gest\u00e3o de conversas permite ao agente oferecer ao cliente um servi\u00e7o omnicanal personalizado.","breadcrumb":{"@id":"https:\/\/leaddesk.com\/pt-pt\/leaddesk-para-o-apoio-ao-cliente\/solucao-omnicanal\/#breadcrumb"},"inLanguage":"pt-PT","potentialAction":[{"@type":"ReadAction","target":["https:\/\/leaddesk.com\/pt-pt\/leaddesk-para-o-apoio-ao-cliente\/solucao-omnicanal\/"]}]},{"@type":"ImageObject","inLanguage":"pt-PT","@id":"https:\/\/leaddesk.com\/pt-pt\/leaddesk-para-o-apoio-ao-cliente\/solucao-omnicanal\/#primaryimage","url":"https:\/\/leaddesk.com\/wp-content\/uploads\/2023\/01\/Omnichannel-customer-service-tool-LeadDesk2.png","contentUrl":"https:\/\/leaddesk.com\/wp-content\/uploads\/2023\/01\/Omnichannel-customer-service-tool-LeadDesk2.png","width":1200,"height":628},{"@type":"BreadcrumbList","@id":"https:\/\/leaddesk.com\/pt-pt\/leaddesk-para-o-apoio-ao-cliente\/solucao-omnicanal\/#breadcrumb","itemListElement":[{"@type":"ListItem","position":1,"name":"Home","item":"https:\/\/leaddesk.com\/pt-pt\/"},{"@type":"ListItem","position":2,"name":"LeadDesk para o apoio ao cliente","item":"https:\/\/leaddesk.com\/pt-pt\/software\/customer-service\/"},{"@type":"ListItem","position":3,"name":"Solu\u00e7\u00e3o omnicanal"}]},{"@type":"WebSite","@id":"https:\/\/leaddesk.com\/pt-pt\/#website","url":"https:\/\/leaddesk.com\/pt-pt\/","name":"LeadDesk","description":"Contact Center Software for Sales and Customer Service","publisher":{"@id":"https:\/\/leaddesk.com\/pt-pt\/#organization"},"potentialAction":[{"@type":"SearchAction","target":{"@type":"EntryPoint","urlTemplate":"https:\/\/leaddesk.com\/pt-pt\/?s={search_term_string}"},"query-input":"required name=search_term_string"}],"inLanguage":"pt-PT"},{"@type":"Organization","@id":"https:\/\/leaddesk.com\/pt-pt\/#organization","name":"LeadDesk","url":"https:\/\/leaddesk.com\/pt-pt\/","logo":{"@type":"ImageObject","inLanguage":"pt-PT","@id":"https:\/\/leaddesk.com\/pt-pt\/#\/schema\/logo\/image\/","url":"https:\/\/leaddesk.com\/wp-content\/uploads\/2023\/07\/leaddesk_symbol_leaddesk_blue.png","contentUrl":"https:\/\/leaddesk.com\/wp-content\/uploads\/2023\/07\/leaddesk_symbol_leaddesk_blue.png","width":2400,"height":2400,"caption":"LeadDesk"},"image":{"@id":"https:\/\/leaddesk.com\/pt-pt\/#\/schema\/logo\/image\/"},"sameAs":["https:\/\/www.facebook.com\/leaddesk\/","https:\/\/x.com\/leaddesk","https:\/\/www.instagram.com\/leaddesk\/","https:\/\/linkedin.com\/company\/2365022\/","https:\/\/www.youtube.com\/channel\/UCjB4SgGKs2xz80H4cQH95qw"]}]}},"_links":{"self":[{"href":"https:\/\/leaddesk.com\/pt-pt\/wp-json\/wp\/v2\/pages\/52444"}],"collection":[{"href":"https:\/\/leaddesk.com\/pt-pt\/wp-json\/wp\/v2\/pages"}],"about":[{"href":"https:\/\/leaddesk.com\/pt-pt\/wp-json\/wp\/v2\/types\/page"}],"author":[{"embeddable":true,"href":"https:\/\/leaddesk.com\/pt-pt\/wp-json\/wp\/v2\/users\/28"}],"replies":[{"embeddable":true,"href":"https:\/\/leaddesk.com\/pt-pt\/wp-json\/wp\/v2\/comments?post=52444"}],"version-history":[{"count":0,"href":"https:\/\/leaddesk.com\/pt-pt\/wp-json\/wp\/v2\/pages\/52444\/revisions"}],"up":[{"embeddable":true,"href":"https:\/\/leaddesk.com\/pt-pt\/wp-json\/wp\/v2\/pages\/52430"}],"wp:featuredmedia":[{"embeddable":true,"href":"https:\/\/leaddesk.com\/pt-pt\/wp-json\/wp\/v2\/media\/50622"}],"wp:attachment":[{"href":"https:\/\/leaddesk.com\/pt-pt\/wp-json\/wp\/v2\/media?parent=52444"}],"curies":[{"name":"wp","href":"https:\/\/api.w.org\/{rel}","templated":true}]}}