{"id":52448,"date":"2022-04-26T11:44:37","date_gmt":"2022-04-26T08:44:37","guid":{"rendered":"https:\/\/leaddesk.com\/setor-publico\/"},"modified":"2023-04-27T11:39:16","modified_gmt":"2023-04-27T10:39:16","slug":"setor-publico","status":"publish","type":"page","link":"https:\/\/leaddesk.com\/pt-pt\/setor-publico\/","title":{"rendered":"Setor p\u00fablico"},"content":{"rendered":"","protected":false},"excerpt":{"rendered":"","protected":false},"author":32,"featured_media":0,"parent":0,"menu_order":112,"comment_status":"closed","ping_status":"closed","template":"page-blocks-en.php","meta":{"content-type":"","footnotes":""},"acf":[],"yoast_head":"<!-- This site is optimized with the Yoast SEO Premium plugin v22.5 (Yoast SEO v22.5) - https:\/\/yoast.com\/wordpress\/plugins\/seo\/ -->\n<title>Contact center para organiza\u00e7\u00f5es do setor p\u00fablico \u2013 LeadDesk<\/title>\n<meta name=\"description\" content=\"Problemas com chamadas em fila de espera e servi\u00e7os de atendimento sobrelotados? Apresentamos-lhe a ferramenta para vendas outbound e servi\u00e7o de apoio ao cliente para o setor p\u00fablico da LeadDesk.\" \/>\n<meta name=\"robots\" content=\"index, follow, max-snippet:-1, max-image-preview:large, max-video-preview:-1\" \/>\n<link rel=\"canonical\" href=\"https:\/\/leaddesk.com\/pt-pt\/setor-publico\/\" \/>\n<meta property=\"og:locale\" content=\"pt_PT\" \/>\n<meta property=\"og:type\" content=\"article\" \/>\n<meta property=\"og:title\" content=\"Setor p\u00fablico\" \/>\n<meta property=\"og:description\" content=\"Problemas com chamadas em fila de espera e servi\u00e7os de atendimento sobrelotados? Apresentamos-lhe a ferramenta para vendas outbound e servi\u00e7o de apoio ao cliente para o setor p\u00fablico da LeadDesk.\" \/>\n<meta property=\"og:url\" content=\"https:\/\/leaddesk.com\/pt-pt\/setor-publico\/\" \/>\n<meta property=\"og:site_name\" content=\"LeadDesk\" \/>\n<meta property=\"article:publisher\" content=\"https:\/\/www.facebook.com\/leaddesk\/\" \/>\n<meta property=\"article:modified_time\" content=\"2023-04-27T10:39:16+00:00\" \/>\n<meta property=\"og:image\" content=\"https:\/\/leaddesk.com\/wp-content\/uploads\/2023\/01\/LeadDesk-for-Public-sector.png\" \/>\n\t<meta property=\"og:image:width\" content=\"1200\" \/>\n\t<meta property=\"og:image:height\" content=\"628\" \/>\n\t<meta property=\"og:image:type\" content=\"image\/png\" \/>\n<meta name=\"twitter:card\" content=\"summary_large_image\" \/>\n<meta name=\"twitter:site\" content=\"@leaddesk\" \/>\n<script type=\"application\/ld+json\" class=\"yoast-schema-graph\">{\"@context\":\"https:\/\/schema.org\",\"@graph\":[{\"@type\":\"WebPage\",\"@id\":\"https:\/\/leaddesk.com\/pt-pt\/setor-publico\/\",\"url\":\"https:\/\/leaddesk.com\/pt-pt\/setor-publico\/\",\"name\":\"Contact center para organiza\u00e7\u00f5es do setor p\u00fablico \u2013 LeadDesk\",\"isPartOf\":{\"@id\":\"https:\/\/leaddesk.com\/pt-pt\/#website\"},\"datePublished\":\"2022-04-26T08:44:37+00:00\",\"dateModified\":\"2023-04-27T10:39:16+00:00\",\"description\":\"Problemas com chamadas em fila de espera e servi\u00e7os de atendimento sobrelotados? Apresentamos-lhe a ferramenta para vendas outbound e servi\u00e7o de apoio ao cliente para o setor p\u00fablico da LeadDesk.\",\"breadcrumb\":{\"@id\":\"https:\/\/leaddesk.com\/pt-pt\/setor-publico\/#breadcrumb\"},\"inLanguage\":\"pt-PT\",\"potentialAction\":[{\"@type\":\"ReadAction\",\"target\":[\"https:\/\/leaddesk.com\/pt-pt\/setor-publico\/\"]}]},{\"@type\":\"BreadcrumbList\",\"@id\":\"https:\/\/leaddesk.com\/pt-pt\/setor-publico\/#breadcrumb\",\"itemListElement\":[{\"@type\":\"ListItem\",\"position\":1,\"name\":\"Home\",\"item\":\"https:\/\/leaddesk.com\/pt-pt\/\"},{\"@type\":\"ListItem\",\"position\":2,\"name\":\"Setor p\u00fablico\"}]},{\"@type\":\"WebSite\",\"@id\":\"https:\/\/leaddesk.com\/pt-pt\/#website\",\"url\":\"https:\/\/leaddesk.com\/pt-pt\/\",\"name\":\"LeadDesk\",\"description\":\"Contact Center Software for Sales and Customer Service\",\"publisher\":{\"@id\":\"https:\/\/leaddesk.com\/pt-pt\/#organization\"},\"potentialAction\":[{\"@type\":\"SearchAction\",\"target\":{\"@type\":\"EntryPoint\",\"urlTemplate\":\"https:\/\/leaddesk.com\/pt-pt\/?s={search_term_string}\"},\"query-input\":\"required name=search_term_string\"}],\"inLanguage\":\"pt-PT\"},{\"@type\":\"Organization\",\"@id\":\"https:\/\/leaddesk.com\/pt-pt\/#organization\",\"name\":\"LeadDesk\",\"url\":\"https:\/\/leaddesk.com\/pt-pt\/\",\"logo\":{\"@type\":\"ImageObject\",\"inLanguage\":\"pt-PT\",\"@id\":\"https:\/\/leaddesk.com\/pt-pt\/#\/schema\/logo\/image\/\",\"url\":\"https:\/\/leaddesk.com\/wp-content\/uploads\/2023\/07\/leaddesk_symbol_leaddesk_blue.png\",\"contentUrl\":\"https:\/\/leaddesk.com\/wp-content\/uploads\/2023\/07\/leaddesk_symbol_leaddesk_blue.png\",\"width\":2400,\"height\":2400,\"caption\":\"LeadDesk\"},\"image\":{\"@id\":\"https:\/\/leaddesk.com\/pt-pt\/#\/schema\/logo\/image\/\"},\"sameAs\":[\"https:\/\/www.facebook.com\/leaddesk\/\",\"https:\/\/x.com\/leaddesk\",\"https:\/\/www.instagram.com\/leaddesk\/\",\"https:\/\/linkedin.com\/company\/2365022\/\",\"https:\/\/www.youtube.com\/channel\/UCjB4SgGKs2xz80H4cQH95qw\"]}]}<\/script>\n<!-- \/ Yoast SEO Premium plugin. -->","yoast_head_json":{"title":"Contact center para organiza\u00e7\u00f5es do setor p\u00fablico \u2013 LeadDesk","description":"Problemas com chamadas em fila de espera e servi\u00e7os de atendimento sobrelotados? Apresentamos-lhe a ferramenta para vendas outbound e servi\u00e7o de apoio ao cliente para o setor p\u00fablico da LeadDesk.","robots":{"index":"index","follow":"follow","max-snippet":"max-snippet:-1","max-image-preview":"max-image-preview:large","max-video-preview":"max-video-preview:-1"},"canonical":"https:\/\/leaddesk.com\/pt-pt\/setor-publico\/","og_locale":"pt_PT","og_type":"article","og_title":"Setor p\u00fablico","og_description":"Problemas com chamadas em fila de espera e servi\u00e7os de atendimento sobrelotados? Apresentamos-lhe a ferramenta para vendas outbound e servi\u00e7o de apoio ao cliente para o setor p\u00fablico da LeadDesk.","og_url":"https:\/\/leaddesk.com\/pt-pt\/setor-publico\/","og_site_name":"LeadDesk","article_publisher":"https:\/\/www.facebook.com\/leaddesk\/","article_modified_time":"2023-04-27T10:39:16+00:00","og_image":[{"width":1200,"height":628,"url":"https:\/\/leaddesk.com\/wp-content\/uploads\/2023\/01\/LeadDesk-for-Public-sector.png","type":"image\/png"}],"twitter_card":"summary_large_image","twitter_site":"@leaddesk","schema":{"@context":"https:\/\/schema.org","@graph":[{"@type":"WebPage","@id":"https:\/\/leaddesk.com\/pt-pt\/setor-publico\/","url":"https:\/\/leaddesk.com\/pt-pt\/setor-publico\/","name":"Contact center para organiza\u00e7\u00f5es do setor p\u00fablico \u2013 LeadDesk","isPartOf":{"@id":"https:\/\/leaddesk.com\/pt-pt\/#website"},"datePublished":"2022-04-26T08:44:37+00:00","dateModified":"2023-04-27T10:39:16+00:00","description":"Problemas com chamadas em fila de espera e servi\u00e7os de atendimento sobrelotados? Apresentamos-lhe a ferramenta para vendas outbound e servi\u00e7o de apoio ao cliente para o setor p\u00fablico da LeadDesk.","breadcrumb":{"@id":"https:\/\/leaddesk.com\/pt-pt\/setor-publico\/#breadcrumb"},"inLanguage":"pt-PT","potentialAction":[{"@type":"ReadAction","target":["https:\/\/leaddesk.com\/pt-pt\/setor-publico\/"]}]},{"@type":"BreadcrumbList","@id":"https:\/\/leaddesk.com\/pt-pt\/setor-publico\/#breadcrumb","itemListElement":[{"@type":"ListItem","position":1,"name":"Home","item":"https:\/\/leaddesk.com\/pt-pt\/"},{"@type":"ListItem","position":2,"name":"Setor p\u00fablico"}]},{"@type":"WebSite","@id":"https:\/\/leaddesk.com\/pt-pt\/#website","url":"https:\/\/leaddesk.com\/pt-pt\/","name":"LeadDesk","description":"Contact Center Software for Sales and Customer Service","publisher":{"@id":"https:\/\/leaddesk.com\/pt-pt\/#organization"},"potentialAction":[{"@type":"SearchAction","target":{"@type":"EntryPoint","urlTemplate":"https:\/\/leaddesk.com\/pt-pt\/?s={search_term_string}"},"query-input":"required name=search_term_string"}],"inLanguage":"pt-PT"},{"@type":"Organization","@id":"https:\/\/leaddesk.com\/pt-pt\/#organization","name":"LeadDesk","url":"https:\/\/leaddesk.com\/pt-pt\/","logo":{"@type":"ImageObject","inLanguage":"pt-PT","@id":"https:\/\/leaddesk.com\/pt-pt\/#\/schema\/logo\/image\/","url":"https:\/\/leaddesk.com\/wp-content\/uploads\/2023\/07\/leaddesk_symbol_leaddesk_blue.png","contentUrl":"https:\/\/leaddesk.com\/wp-content\/uploads\/2023\/07\/leaddesk_symbol_leaddesk_blue.png","width":2400,"height":2400,"caption":"LeadDesk"},"image":{"@id":"https:\/\/leaddesk.com\/pt-pt\/#\/schema\/logo\/image\/"},"sameAs":["https:\/\/www.facebook.com\/leaddesk\/","https:\/\/x.com\/leaddesk","https:\/\/www.instagram.com\/leaddesk\/","https:\/\/linkedin.com\/company\/2365022\/","https:\/\/www.youtube.com\/channel\/UCjB4SgGKs2xz80H4cQH95qw"]}]}},"_links":{"self":[{"href":"https:\/\/leaddesk.com\/pt-pt\/wp-json\/wp\/v2\/pages\/52448"}],"collection":[{"href":"https:\/\/leaddesk.com\/pt-pt\/wp-json\/wp\/v2\/pages"}],"about":[{"href":"https:\/\/leaddesk.com\/pt-pt\/wp-json\/wp\/v2\/types\/page"}],"author":[{"embeddable":true,"href":"https:\/\/leaddesk.com\/pt-pt\/wp-json\/wp\/v2\/users\/32"}],"replies":[{"embeddable":true,"href":"https:\/\/leaddesk.com\/pt-pt\/wp-json\/wp\/v2\/comments?post=52448"}],"version-history":[{"count":0,"href":"https:\/\/leaddesk.com\/pt-pt\/wp-json\/wp\/v2\/pages\/52448\/revisions"}],"wp:attachment":[{"href":"https:\/\/leaddesk.com\/pt-pt\/wp-json\/wp\/v2\/media?parent=52448"}],"curies":[{"name":"wp","href":"https:\/\/api.w.org\/{rel}","templated":true}]}}