{"id":44944,"date":"2019-01-04T15:47:45","date_gmt":"2019-01-04T13:47:45","guid":{"rendered":"https:\/\/leaddesk.com\/software\/pricing\/"},"modified":"2026-03-06T15:26:10","modified_gmt":"2026-03-06T13:26:10","slug":"pricing-2","status":"publish","type":"page","link":"https:\/\/leaddesk.com\/sv\/software\/pricing-2\/","title":{"rendered":"Priser"},"content":{"rendered":"","protected":false},"excerpt":{"rendered":"","protected":false},"author":15,"featured_media":50908,"parent":44636,"menu_order":306,"comment_status":"closed","ping_status":"closed","template":"page-blocks-en.php","meta":{"content-type":"","footnotes":""},"acf":[],"yoast_head":"<!-- This site is optimized with the Yoast SEO Premium plugin v22.5 (Yoast SEO v22.5) - https:\/\/yoast.com\/wordpress\/plugins\/seo\/ -->\n<title>Priser \u2013 LeadDesk<\/title>\n<meta name=\"description\" content=\"LeadDesk \u00e4r ett prisv\u00e4rt alternativ som passar sig efter alla f\u00f6retagsbehov. S\u00e5 varf\u00f6r inte ge det ett f\u00f6rs\u00f6k och testa gratisversionen i 30 dagar.\" \/>\n<meta name=\"robots\" content=\"index, follow, max-snippet:-1, max-image-preview:large, max-video-preview:-1\" \/>\n<link rel=\"canonical\" href=\"https:\/\/leaddesk.com\/sv\/software\/pricing-2\/\" \/>\n<meta property=\"og:locale\" content=\"sv_SE\" \/>\n<meta property=\"og:type\" content=\"article\" \/>\n<meta property=\"og:title\" content=\"Priser\" \/>\n<meta property=\"og:description\" content=\"LeadDesk \u00e4r ett prisv\u00e4rt alternativ som passar sig efter alla f\u00f6retagsbehov. S\u00e5 varf\u00f6r inte ge det ett f\u00f6rs\u00f6k och testa gratisversionen i 30 dagar.\" \/>\n<meta property=\"og:url\" content=\"https:\/\/leaddesk.com\/sv\/software\/pricing-2\/\" \/>\n<meta property=\"og:site_name\" content=\"LeadDesk\" \/>\n<meta property=\"article:publisher\" content=\"https:\/\/www.facebook.com\/leaddesk\/\" \/>\n<meta property=\"article:modified_time\" content=\"2026-03-06T13:26:10+00:00\" \/>\n<meta property=\"og:image\" content=\"https:\/\/leaddesk.com\/wp-content\/uploads\/2023\/01\/LeadDesk-Pricing.png\" \/>\n\t<meta property=\"og:image:width\" content=\"1201\" \/>\n\t<meta property=\"og:image:height\" content=\"629\" \/>\n\t<meta property=\"og:image:type\" content=\"image\/png\" \/>\n<meta name=\"twitter:card\" content=\"summary_large_image\" \/>\n<meta name=\"twitter:site\" content=\"@leaddesk\" \/>\n<meta name=\"twitter:label1\" content=\"Ber\u00e4knad l\u00e4stid\" \/>\n\t<meta name=\"twitter:data1\" content=\"2 minuter\" \/>\n<script type=\"application\/ld+json\" class=\"yoast-schema-graph\">{\"@context\":\"https:\/\/schema.org\",\"@graph\":[{\"@type\":\"WebPage\",\"@id\":\"https:\/\/leaddesk.com\/sv\/software\/pricing-2\/\",\"url\":\"https:\/\/leaddesk.com\/sv\/software\/pricing-2\/\",\"name\":\"Priser \u2013 LeadDesk\",\"isPartOf\":{\"@id\":\"https:\/\/leaddesk.com\/sv\/#website\"},\"primaryImageOfPage\":{\"@id\":\"https:\/\/leaddesk.com\/sv\/software\/pricing-2\/#primaryimage\"},\"image\":{\"@id\":\"https:\/\/leaddesk.com\/sv\/software\/pricing-2\/#primaryimage\"},\"thumbnailUrl\":\"https:\/\/leaddesk.com\/wp-content\/uploads\/2023\/01\/LeadDesk-Pricing.png\",\"datePublished\":\"2019-01-04T13:47:45+00:00\",\"dateModified\":\"2026-03-06T13:26:10+00:00\",\"description\":\"LeadDesk \u00e4r ett prisv\u00e4rt alternativ som passar sig efter alla f\u00f6retagsbehov. S\u00e5 varf\u00f6r inte ge det ett f\u00f6rs\u00f6k och testa gratisversionen i 30 dagar.\",\"breadcrumb\":{\"@id\":\"https:\/\/leaddesk.com\/sv\/software\/pricing-2\/#breadcrumb\"},\"inLanguage\":\"sv-SE\",\"potentialAction\":[{\"@type\":\"ReadAction\",\"target\":[\"https:\/\/leaddesk.com\/sv\/software\/pricing-2\/\"]}]},{\"@type\":\"ImageObject\",\"inLanguage\":\"sv-SE\",\"@id\":\"https:\/\/leaddesk.com\/sv\/software\/pricing-2\/#primaryimage\",\"url\":\"https:\/\/leaddesk.com\/wp-content\/uploads\/2023\/01\/LeadDesk-Pricing.png\",\"contentUrl\":\"https:\/\/leaddesk.com\/wp-content\/uploads\/2023\/01\/LeadDesk-Pricing.png\",\"width\":1201,\"height\":629},{\"@type\":\"BreadcrumbList\",\"@id\":\"https:\/\/leaddesk.com\/sv\/software\/pricing-2\/#breadcrumb\",\"itemListElement\":[{\"@type\":\"ListItem\",\"position\":1,\"name\":\"Home\",\"item\":\"https:\/\/leaddesk.com\/sv\/\"},{\"@type\":\"ListItem\",\"position\":2,\"name\":\"Produkter\",\"item\":\"https:\/\/leaddesk.com\/sv\/software\/\"},{\"@type\":\"ListItem\",\"position\":3,\"name\":\"Priser\"}]},{\"@type\":\"WebSite\",\"@id\":\"https:\/\/leaddesk.com\/sv\/#website\",\"url\":\"https:\/\/leaddesk.com\/sv\/\",\"name\":\"LeadDesk\",\"description\":\"Contact Center Software for Sales and Customer Service\",\"publisher\":{\"@id\":\"https:\/\/leaddesk.com\/sv\/#organization\"},\"potentialAction\":[{\"@type\":\"SearchAction\",\"target\":{\"@type\":\"EntryPoint\",\"urlTemplate\":\"https:\/\/leaddesk.com\/sv\/?s={search_term_string}\"},\"query-input\":\"required name=search_term_string\"}],\"inLanguage\":\"sv-SE\"},{\"@type\":\"Organization\",\"@id\":\"https:\/\/leaddesk.com\/sv\/#organization\",\"name\":\"LeadDesk\",\"url\":\"https:\/\/leaddesk.com\/sv\/\",\"logo\":{\"@type\":\"ImageObject\",\"inLanguage\":\"sv-SE\",\"@id\":\"https:\/\/leaddesk.com\/sv\/#\/schema\/logo\/image\/\",\"url\":\"https:\/\/leaddesk.com\/wp-content\/uploads\/2023\/07\/leaddesk_symbol_leaddesk_blue.png\",\"contentUrl\":\"https:\/\/leaddesk.com\/wp-content\/uploads\/2023\/07\/leaddesk_symbol_leaddesk_blue.png\",\"width\":2400,\"height\":2400,\"caption\":\"LeadDesk\"},\"image\":{\"@id\":\"https:\/\/leaddesk.com\/sv\/#\/schema\/logo\/image\/\"},\"sameAs\":[\"https:\/\/www.facebook.com\/leaddesk\/\",\"https:\/\/x.com\/leaddesk\",\"https:\/\/www.instagram.com\/leaddesk\/\",\"https:\/\/linkedin.com\/company\/2365022\/\",\"https:\/\/www.youtube.com\/channel\/UCjB4SgGKs2xz80H4cQH95qw\"]}]}<\/script>\n<!-- \/ Yoast SEO Premium plugin. -->","yoast_head_json":{"title":"Priser \u2013 LeadDesk","description":"LeadDesk \u00e4r ett prisv\u00e4rt alternativ som passar sig efter alla f\u00f6retagsbehov. S\u00e5 varf\u00f6r inte ge det ett f\u00f6rs\u00f6k och testa gratisversionen i 30 dagar.","robots":{"index":"index","follow":"follow","max-snippet":"max-snippet:-1","max-image-preview":"max-image-preview:large","max-video-preview":"max-video-preview:-1"},"canonical":"https:\/\/leaddesk.com\/sv\/software\/pricing-2\/","og_locale":"sv_SE","og_type":"article","og_title":"Priser","og_description":"LeadDesk \u00e4r ett prisv\u00e4rt alternativ som passar sig efter alla f\u00f6retagsbehov. S\u00e5 varf\u00f6r inte ge det ett f\u00f6rs\u00f6k och testa gratisversionen i 30 dagar.","og_url":"https:\/\/leaddesk.com\/sv\/software\/pricing-2\/","og_site_name":"LeadDesk","article_publisher":"https:\/\/www.facebook.com\/leaddesk\/","article_modified_time":"2026-03-06T13:26:10+00:00","og_image":[{"width":1201,"height":629,"url":"https:\/\/leaddesk.com\/wp-content\/uploads\/2023\/01\/LeadDesk-Pricing.png","type":"image\/png"}],"twitter_card":"summary_large_image","twitter_site":"@leaddesk","twitter_misc":{"Ber\u00e4knad l\u00e4stid":"2 minuter"},"schema":{"@context":"https:\/\/schema.org","@graph":[{"@type":"WebPage","@id":"https:\/\/leaddesk.com\/sv\/software\/pricing-2\/","url":"https:\/\/leaddesk.com\/sv\/software\/pricing-2\/","name":"Priser \u2013 LeadDesk","isPartOf":{"@id":"https:\/\/leaddesk.com\/sv\/#website"},"primaryImageOfPage":{"@id":"https:\/\/leaddesk.com\/sv\/software\/pricing-2\/#primaryimage"},"image":{"@id":"https:\/\/leaddesk.com\/sv\/software\/pricing-2\/#primaryimage"},"thumbnailUrl":"https:\/\/leaddesk.com\/wp-content\/uploads\/2023\/01\/LeadDesk-Pricing.png","datePublished":"2019-01-04T13:47:45+00:00","dateModified":"2026-03-06T13:26:10+00:00","description":"LeadDesk \u00e4r ett prisv\u00e4rt alternativ som passar sig efter alla f\u00f6retagsbehov. S\u00e5 varf\u00f6r inte ge det ett f\u00f6rs\u00f6k och testa gratisversionen i 30 dagar.","breadcrumb":{"@id":"https:\/\/leaddesk.com\/sv\/software\/pricing-2\/#breadcrumb"},"inLanguage":"sv-SE","potentialAction":[{"@type":"ReadAction","target":["https:\/\/leaddesk.com\/sv\/software\/pricing-2\/"]}]},{"@type":"ImageObject","inLanguage":"sv-SE","@id":"https:\/\/leaddesk.com\/sv\/software\/pricing-2\/#primaryimage","url":"https:\/\/leaddesk.com\/wp-content\/uploads\/2023\/01\/LeadDesk-Pricing.png","contentUrl":"https:\/\/leaddesk.com\/wp-content\/uploads\/2023\/01\/LeadDesk-Pricing.png","width":1201,"height":629},{"@type":"BreadcrumbList","@id":"https:\/\/leaddesk.com\/sv\/software\/pricing-2\/#breadcrumb","itemListElement":[{"@type":"ListItem","position":1,"name":"Home","item":"https:\/\/leaddesk.com\/sv\/"},{"@type":"ListItem","position":2,"name":"Produkter","item":"https:\/\/leaddesk.com\/sv\/software\/"},{"@type":"ListItem","position":3,"name":"Priser"}]},{"@type":"WebSite","@id":"https:\/\/leaddesk.com\/sv\/#website","url":"https:\/\/leaddesk.com\/sv\/","name":"LeadDesk","description":"Contact Center Software for Sales and Customer Service","publisher":{"@id":"https:\/\/leaddesk.com\/sv\/#organization"},"potentialAction":[{"@type":"SearchAction","target":{"@type":"EntryPoint","urlTemplate":"https:\/\/leaddesk.com\/sv\/?s={search_term_string}"},"query-input":"required name=search_term_string"}],"inLanguage":"sv-SE"},{"@type":"Organization","@id":"https:\/\/leaddesk.com\/sv\/#organization","name":"LeadDesk","url":"https:\/\/leaddesk.com\/sv\/","logo":{"@type":"ImageObject","inLanguage":"sv-SE","@id":"https:\/\/leaddesk.com\/sv\/#\/schema\/logo\/image\/","url":"https:\/\/leaddesk.com\/wp-content\/uploads\/2023\/07\/leaddesk_symbol_leaddesk_blue.png","contentUrl":"https:\/\/leaddesk.com\/wp-content\/uploads\/2023\/07\/leaddesk_symbol_leaddesk_blue.png","width":2400,"height":2400,"caption":"LeadDesk"},"image":{"@id":"https:\/\/leaddesk.com\/sv\/#\/schema\/logo\/image\/"},"sameAs":["https:\/\/www.facebook.com\/leaddesk\/","https:\/\/x.com\/leaddesk","https:\/\/www.instagram.com\/leaddesk\/","https:\/\/linkedin.com\/company\/2365022\/","https:\/\/www.youtube.com\/channel\/UCjB4SgGKs2xz80H4cQH95qw"]}]}},"_links":{"self":[{"href":"https:\/\/leaddesk.com\/sv\/wp-json\/wp\/v2\/pages\/44944"}],"collection":[{"href":"https:\/\/leaddesk.com\/sv\/wp-json\/wp\/v2\/pages"}],"about":[{"href":"https:\/\/leaddesk.com\/sv\/wp-json\/wp\/v2\/types\/page"}],"author":[{"embeddable":true,"href":"https:\/\/leaddesk.com\/sv\/wp-json\/wp\/v2\/users\/15"}],"replies":[{"embeddable":true,"href":"https:\/\/leaddesk.com\/sv\/wp-json\/wp\/v2\/comments?post=44944"}],"version-history":[{"count":7,"href":"https:\/\/leaddesk.com\/sv\/wp-json\/wp\/v2\/pages\/44944\/revisions"}],"predecessor-version":[{"id":58085,"href":"https:\/\/leaddesk.com\/sv\/wp-json\/wp\/v2\/pages\/44944\/revisions\/58085"}],"up":[{"embeddable":true,"href":"https:\/\/leaddesk.com\/sv\/wp-json\/wp\/v2\/pages\/44636"}],"wp:featuredmedia":[{"embeddable":true,"href":"https:\/\/leaddesk.com\/sv\/wp-json\/wp\/v2\/media\/50908"}],"wp:attachment":[{"href":"https:\/\/leaddesk.com\/sv\/wp-json\/wp\/v2\/media?parent=44944"}],"curies":[{"name":"wp","href":"https:\/\/api.w.org\/{rel}","templated":true}]}}