{"id":45026,"date":"2023-03-20T10:50:36","date_gmt":"2023-03-20T09:50:36","guid":{"rendered":"https:\/\/leaddesk.com\/people\/"},"modified":"2023-07-17T13:51:07","modified_gmt":"2023-07-17T12:51:07","slug":"people","status":"publish","type":"page","link":"https:\/\/leaddesk.com\/sv\/people\/","title":{"rendered":"Medarbetare"},"content":{"rendered":"","protected":false},"excerpt":{"rendered":"","protected":false},"author":15,"featured_media":0,"parent":0,"menu_order":315,"comment_status":"closed","ping_status":"closed","template":"page-blocks-en.php","meta":{"content-type":"","footnotes":""},"acf":[],"yoast_head":"<!-- This site is optimized with the Yoast SEO Premium plugin v22.5 (Yoast SEO v22.5) - https:\/\/yoast.com\/wordpress\/plugins\/seo\/ -->\n<title>Medarbetare och lediga tj\u00e4nster \u2013 LeadDesk Sverige<\/title>\n<meta name=\"description\" content=\"Brinner du f\u00f6r f\u00f6rs\u00e4ljning, kundtj\u00e4nst eller SaaS? I s\u00e5 fall kan vi ha ett jobb \u00e5t dig.\" \/>\n<meta name=\"robots\" content=\"index, follow, max-snippet:-1, max-image-preview:large, max-video-preview:-1\" \/>\n<link rel=\"canonical\" href=\"https:\/\/leaddesk.com\/sv\/people\/\" \/>\n<meta property=\"og:locale\" content=\"sv_SE\" \/>\n<meta property=\"og:type\" content=\"article\" \/>\n<meta property=\"og:title\" content=\"Medarbetare\" \/>\n<meta property=\"og:description\" content=\"Brinner du f\u00f6r f\u00f6rs\u00e4ljning, kundtj\u00e4nst eller SaaS? I s\u00e5 fall kan vi ha ett jobb \u00e5t dig.\" \/>\n<meta property=\"og:url\" content=\"https:\/\/leaddesk.com\/sv\/people\/\" \/>\n<meta property=\"og:site_name\" content=\"LeadDesk\" \/>\n<meta property=\"article:publisher\" content=\"https:\/\/www.facebook.com\/leaddesk\/\" \/>\n<meta property=\"article:modified_time\" content=\"2023-07-17T12:51:07+00:00\" \/>\n<meta property=\"og:image\" content=\"https:\/\/leaddesk.com\/wp-content\/uploads\/2023\/01\/LeadDesk-Careers.png\" \/>\n\t<meta property=\"og:image:width\" content=\"1201\" \/>\n\t<meta property=\"og:image:height\" content=\"629\" \/>\n\t<meta property=\"og:image:type\" content=\"image\/png\" \/>\n<meta name=\"twitter:card\" content=\"summary_large_image\" \/>\n<meta name=\"twitter:site\" content=\"@leaddesk\" \/>\n<script type=\"application\/ld+json\" class=\"yoast-schema-graph\">{\"@context\":\"https:\/\/schema.org\",\"@graph\":[{\"@type\":\"WebPage\",\"@id\":\"https:\/\/leaddesk.com\/sv\/people\/\",\"url\":\"https:\/\/leaddesk.com\/sv\/people\/\",\"name\":\"Medarbetare och lediga tj\u00e4nster \u2013 LeadDesk Sverige\",\"isPartOf\":{\"@id\":\"https:\/\/leaddesk.com\/sv\/#website\"},\"datePublished\":\"2023-03-20T09:50:36+00:00\",\"dateModified\":\"2023-07-17T12:51:07+00:00\",\"description\":\"Brinner du f\u00f6r f\u00f6rs\u00e4ljning, kundtj\u00e4nst eller SaaS? I s\u00e5 fall kan vi ha ett jobb \u00e5t dig.\",\"breadcrumb\":{\"@id\":\"https:\/\/leaddesk.com\/sv\/people\/#breadcrumb\"},\"inLanguage\":\"sv-SE\",\"potentialAction\":[{\"@type\":\"ReadAction\",\"target\":[\"https:\/\/leaddesk.com\/sv\/people\/\"]}]},{\"@type\":\"BreadcrumbList\",\"@id\":\"https:\/\/leaddesk.com\/sv\/people\/#breadcrumb\",\"itemListElement\":[{\"@type\":\"ListItem\",\"position\":1,\"name\":\"Home\",\"item\":\"https:\/\/leaddesk.com\/sv\/\"},{\"@type\":\"ListItem\",\"position\":2,\"name\":\"Medarbetare\"}]},{\"@type\":\"WebSite\",\"@id\":\"https:\/\/leaddesk.com\/sv\/#website\",\"url\":\"https:\/\/leaddesk.com\/sv\/\",\"name\":\"LeadDesk\",\"description\":\"Contact Center Software for Sales and Customer Service\",\"publisher\":{\"@id\":\"https:\/\/leaddesk.com\/sv\/#organization\"},\"potentialAction\":[{\"@type\":\"SearchAction\",\"target\":{\"@type\":\"EntryPoint\",\"urlTemplate\":\"https:\/\/leaddesk.com\/sv\/?s={search_term_string}\"},\"query-input\":\"required name=search_term_string\"}],\"inLanguage\":\"sv-SE\"},{\"@type\":\"Organization\",\"@id\":\"https:\/\/leaddesk.com\/sv\/#organization\",\"name\":\"LeadDesk\",\"url\":\"https:\/\/leaddesk.com\/sv\/\",\"logo\":{\"@type\":\"ImageObject\",\"inLanguage\":\"sv-SE\",\"@id\":\"https:\/\/leaddesk.com\/sv\/#\/schema\/logo\/image\/\",\"url\":\"https:\/\/leaddesk.com\/wp-content\/uploads\/2023\/07\/leaddesk_symbol_leaddesk_blue.png\",\"contentUrl\":\"https:\/\/leaddesk.com\/wp-content\/uploads\/2023\/07\/leaddesk_symbol_leaddesk_blue.png\",\"width\":2400,\"height\":2400,\"caption\":\"LeadDesk\"},\"image\":{\"@id\":\"https:\/\/leaddesk.com\/sv\/#\/schema\/logo\/image\/\"},\"sameAs\":[\"https:\/\/www.facebook.com\/leaddesk\/\",\"https:\/\/x.com\/leaddesk\",\"https:\/\/www.instagram.com\/leaddesk\/\",\"https:\/\/linkedin.com\/company\/2365022\/\",\"https:\/\/www.youtube.com\/channel\/UCjB4SgGKs2xz80H4cQH95qw\"]}]}<\/script>\n<!-- \/ Yoast SEO Premium plugin. -->","yoast_head_json":{"title":"Medarbetare och lediga tj\u00e4nster \u2013 LeadDesk Sverige","description":"Brinner du f\u00f6r f\u00f6rs\u00e4ljning, kundtj\u00e4nst eller SaaS? I s\u00e5 fall kan vi ha ett jobb \u00e5t dig.","robots":{"index":"index","follow":"follow","max-snippet":"max-snippet:-1","max-image-preview":"max-image-preview:large","max-video-preview":"max-video-preview:-1"},"canonical":"https:\/\/leaddesk.com\/sv\/people\/","og_locale":"sv_SE","og_type":"article","og_title":"Medarbetare","og_description":"Brinner du f\u00f6r f\u00f6rs\u00e4ljning, kundtj\u00e4nst eller SaaS? I s\u00e5 fall kan vi ha ett jobb \u00e5t dig.","og_url":"https:\/\/leaddesk.com\/sv\/people\/","og_site_name":"LeadDesk","article_publisher":"https:\/\/www.facebook.com\/leaddesk\/","article_modified_time":"2023-07-17T12:51:07+00:00","og_image":[{"width":1201,"height":629,"url":"https:\/\/leaddesk.com\/wp-content\/uploads\/2023\/01\/LeadDesk-Careers.png","type":"image\/png"}],"twitter_card":"summary_large_image","twitter_site":"@leaddesk","schema":{"@context":"https:\/\/schema.org","@graph":[{"@type":"WebPage","@id":"https:\/\/leaddesk.com\/sv\/people\/","url":"https:\/\/leaddesk.com\/sv\/people\/","name":"Medarbetare och lediga tj\u00e4nster \u2013 LeadDesk Sverige","isPartOf":{"@id":"https:\/\/leaddesk.com\/sv\/#website"},"datePublished":"2023-03-20T09:50:36+00:00","dateModified":"2023-07-17T12:51:07+00:00","description":"Brinner du f\u00f6r f\u00f6rs\u00e4ljning, kundtj\u00e4nst eller SaaS? I s\u00e5 fall kan vi ha ett jobb \u00e5t dig.","breadcrumb":{"@id":"https:\/\/leaddesk.com\/sv\/people\/#breadcrumb"},"inLanguage":"sv-SE","potentialAction":[{"@type":"ReadAction","target":["https:\/\/leaddesk.com\/sv\/people\/"]}]},{"@type":"BreadcrumbList","@id":"https:\/\/leaddesk.com\/sv\/people\/#breadcrumb","itemListElement":[{"@type":"ListItem","position":1,"name":"Home","item":"https:\/\/leaddesk.com\/sv\/"},{"@type":"ListItem","position":2,"name":"Medarbetare"}]},{"@type":"WebSite","@id":"https:\/\/leaddesk.com\/sv\/#website","url":"https:\/\/leaddesk.com\/sv\/","name":"LeadDesk","description":"Contact Center Software for Sales and Customer Service","publisher":{"@id":"https:\/\/leaddesk.com\/sv\/#organization"},"potentialAction":[{"@type":"SearchAction","target":{"@type":"EntryPoint","urlTemplate":"https:\/\/leaddesk.com\/sv\/?s={search_term_string}"},"query-input":"required name=search_term_string"}],"inLanguage":"sv-SE"},{"@type":"Organization","@id":"https:\/\/leaddesk.com\/sv\/#organization","name":"LeadDesk","url":"https:\/\/leaddesk.com\/sv\/","logo":{"@type":"ImageObject","inLanguage":"sv-SE","@id":"https:\/\/leaddesk.com\/sv\/#\/schema\/logo\/image\/","url":"https:\/\/leaddesk.com\/wp-content\/uploads\/2023\/07\/leaddesk_symbol_leaddesk_blue.png","contentUrl":"https:\/\/leaddesk.com\/wp-content\/uploads\/2023\/07\/leaddesk_symbol_leaddesk_blue.png","width":2400,"height":2400,"caption":"LeadDesk"},"image":{"@id":"https:\/\/leaddesk.com\/sv\/#\/schema\/logo\/image\/"},"sameAs":["https:\/\/www.facebook.com\/leaddesk\/","https:\/\/x.com\/leaddesk","https:\/\/www.instagram.com\/leaddesk\/","https:\/\/linkedin.com\/company\/2365022\/","https:\/\/www.youtube.com\/channel\/UCjB4SgGKs2xz80H4cQH95qw"]}]}},"_links":{"self":[{"href":"https:\/\/leaddesk.com\/sv\/wp-json\/wp\/v2\/pages\/45026"}],"collection":[{"href":"https:\/\/leaddesk.com\/sv\/wp-json\/wp\/v2\/pages"}],"about":[{"href":"https:\/\/leaddesk.com\/sv\/wp-json\/wp\/v2\/types\/page"}],"author":[{"embeddable":true,"href":"https:\/\/leaddesk.com\/sv\/wp-json\/wp\/v2\/users\/15"}],"replies":[{"embeddable":true,"href":"https:\/\/leaddesk.com\/sv\/wp-json\/wp\/v2\/comments?post=45026"}],"version-history":[{"count":1,"href":"https:\/\/leaddesk.com\/sv\/wp-json\/wp\/v2\/pages\/45026\/revisions"}],"predecessor-version":[{"id":53435,"href":"https:\/\/leaddesk.com\/sv\/wp-json\/wp\/v2\/pages\/45026\/revisions\/53435"}],"wp:attachment":[{"href":"https:\/\/leaddesk.com\/sv\/wp-json\/wp\/v2\/media?parent=45026"}],"curies":[{"name":"wp","href":"https:\/\/api.w.org\/{rel}","templated":true}]}}