{"id":45087,"date":"2017-05-03T09:22:32","date_gmt":"2017-05-03T06:22:32","guid":{"rendered":"https:\/\/leaddesk.com\/try-leaddesk-for-30-days-totally-free\/"},"modified":"2023-07-12T12:14:47","modified_gmt":"2023-07-12T11:14:47","slug":"prova-gratis","status":"publish","type":"page","link":"https:\/\/leaddesk.com\/sv\/prova-gratis\/","title":{"rendered":"Prova LeadDesk i 30 dagar. Helt gratis."},"content":{"rendered":"<p>[et_pb_section bb_built=&#8221;1&#8243; fullwidth=&#8221;off&#8221; specialty=&#8221;off&#8221; _builder_version=&#8221;3.0.90&#8243; custom_margin=&#8221;0px||0px|&#8221; custom_padding=&#8221;0px||0px|&#8221; background_color=&#8221;rgba(17,187,238,0)&#8221; custom_padding_tablet=&#8221;50px|0|50px|0&#8243; custom_padding_last_edited=&#8221;on|desktop&#8221;][et_pb_row _builder_version=&#8221;3.0.90&#8243; custom_margin=&#8221;||0px|&#8221; custom_padding=&#8221;||0px|&#8221;][et_pb_column type=&#8221;1_3&#8243;][et_pb_image _builder_version=&#8221;3.0.90&#8243; src=&#8221;https:\/\/leaddesk.com\/wp-content\/uploads\/2019\/01\/logo_trial-1.png&#8221; show_in_lightbox=&#8221;off&#8221; url_new_window=&#8221;off&#8221; use_overlay=&#8221;off&#8221; always_center_on_mobile=&#8221;on&#8221; force_fullwidth=&#8221;off&#8221; show_bottom_space=&#8221;on&#8221; \/][\/et_pb_column][et_pb_column type=&#8221;2_3&#8243;][et_pb_text background_layout=&#8221;light&#8221; use_border_color=&#8221;off&#8221; text_font=&#8221;Roboto|on||on|&#8221; text_font_size=&#8221;38&#8243; text_line_height=&#8221;1.9em&#8221; module_alignment=&#8221;left&#8221; background_position=&#8221;top_left&#8221; background_repeat=&#8221;repeat&#8221; background_size=&#8221;initial&#8221; _builder_version=&#8221;3.0.90&#8243; border_color_all=&#8221;#ffffff&#8221; custom_margin=&#8221;50px||0px|&#8221; custom_padding=&#8221;||0px|&#8221; text_font_size_phone=&#8221;20&#8243; text_font_size_last_edited=&#8221;on|phone&#8221;]<\/p>\n<p><span style=\"color: #432eea;\">START YOUR\u00a0<\/span><span style=\"color: #246df6;\">30-DAY FREE TRIAL<\/span><\/p>\n<p>[\/et_pb_text][\/et_pb_column][\/et_pb_row][\/et_pb_section][et_pb_section bb_built=&#8221;1&#8243; admin_label=&#8221;section&#8221; parallax=&#8221;on&#8221; parallax_method=&#8221;off&#8221; disabled=&#8221;off&#8221; disabled_on=&#8221;off|off|&#8221; background_color=&#8221;#432eea&#8221; custom_css_main_element=&#8221;background-position: right;&#8221; custom_padding_tablet=&#8221;50px|0|50px|0&#8243; custom_padding_last_edited=&#8221;on|desktop&#8221; _builder_version=&#8221;3.0.90&#8243;][et_pb_row use_custom_gutter=&#8221;on&#8221; padding_mobile=&#8221;off&#8221; parallax_method=&#8221;off&#8221; parallax_method_1=&#8221;off&#8221; parallax_method_2=&#8221;off&#8221; column_padding_mobile=&#8221;on&#8221; gutter_width=&#8221;2&#8243; custom_margin=&#8221;0px|||&#8221; background_color_2=&#8221;rgba(255,255,255,0)&#8221; custom_width_percent=&#8221;90%&#8221; custom_css_main_1=&#8221;margin-top:-100px;||z-index:1;&#8221; background_position=&#8221;top_left&#8221; background_repeat=&#8221;repeat&#8221; background_size=&#8221;initial&#8221; _builder_version=&#8221;3.0.90&#8243; custom_css_main_2=&#8221;z-index:0;&#8221;][et_pb_column type=&#8221;1_3&#8243;][et_pb_text admin_label=&#8221;FORM PLACE&#8221; background_layout=&#8221;light&#8221; background_color=&#8221;#ffffff&#8221; use_border_color=&#8221;off&#8221; disabled=&#8221;off&#8221; disabled_on=&#8221;off||&#8221; custom_padding=&#8221;30px|20px|30px|20px&#8221; custom_margin=&#8221;0px||0px|&#8221; custom_css_main_element=&#8221;border-bottom: 6px solid #246df6;||border-bottom-left-radius: 50px;||border-bottom-right-radius: 50px;&#8221; module_class=&#8221;free-trial-div&#8221; custom_padding_phone=&#8221;10px|10px|10px|10px&#8221; custom_padding_last_edited=&#8221;on|desktop&#8221; module_alignment=&#8221;left&#8221; background_position=&#8221;top_left&#8221; background_repeat=&#8221;repeat&#8221; background_size=&#8221;initial&#8221; _builder_version=&#8221;3.0.90&#8243; border_color_all=&#8221;#ffffff&#8221;]<\/p>\n<p>[gravityform id=&#8221;24&#8243; title=&#8221;false&#8221; description=&#8221;false&#8221; tabindex=&#8221;1&#8243;]<\/p>\n<p>[\/et_pb_text][\/et_pb_column][et_pb_column type=&#8221;2_3&#8243;][et_pb_image src=&#8221;https:\/\/leaddesk.com\/wp-content\/uploads\/2019\/01\/App_screenshot_blue-1-1.jpg&#8221; alt=&#8221;LeadDesk free trial&#8221; show_in_lightbox=&#8221;off&#8221; url_new_window=&#8221;off&#8221; use_overlay=&#8221;off&#8221; align=&#8221;center&#8221; force_fullwidth=&#8221;off&#8221; always_center_on_mobile=&#8221;on&#8221; use_border_color=&#8221;off&#8221; custom_margin=&#8221;||40px|&#8221; disabled=&#8221;off&#8221; disabled_on=&#8221;on|on|&#8221; show_bottom_space=&#8221;on&#8221; _builder_version=&#8221;3.0.90&#8243; \/][et_pb_text background_layout=&#8221;light&#8221; text_orientation=&#8221;right&#8221; text_font_size=&#8221;42&#8243; use_border_color=&#8221;off&#8221; border_color=&#8221;#ffffff&#8221; border_style=&#8221;solid&#8221; custom_padding=&#8221;0px|||&#8221; text_font=&#8221;Roboto|on||on|&#8221; custom_margin=&#8221;0px||0px|&#8221; max_width=&#8221;95%&#8221; text_line_height=&#8221;1.6em&#8221; disabled=&#8221;off&#8221; disabled_on=&#8221;on|on|&#8221; background_position=&#8221;top_left&#8221; background_repeat=&#8221;repeat&#8221; background_size=&#8221;initial&#8221;]<\/p>\n<p><img loading=\"lazy\" decoding=\"async\" style=\"padding: 10px;\" src=\"https:\/\/leaddesk.com\/wp-content\/uploads\/2016\/11\/Trusted_by.png\" alt=\"\" width=\"80\" height=\"80\" \/><img loading=\"lazy\" decoding=\"async\" style=\"padding: 10px;\" src=\"https:\/\/leaddesk.com\/wp-content\/uploads\/2016\/05\/viasat_logo_white_300px-300x150.png\" alt=\"\" width=\"120\" height=\"60\" \/><img loading=\"lazy\" decoding=\"async\" style=\"padding: 10px;\" src=\"https:\/\/leaddesk.com\/wp-content\/uploads\/2018\/04\/VOLVO_small.png\" alt=\"\" width=\"80\" height=\"80\" \/><img loading=\"lazy\" decoding=\"async\" style=\"padding: 10px;\" src=\"https:\/\/leaddesk.com\/wp-content\/uploads\/2016\/05\/Manpower_white.png\" alt=\"\" width=\"107\" height=\"60\" \/><\/p>\n<p>[\/et_pb_text][\/et_pb_column][\/et_pb_row][\/et_pb_section][et_pb_section bb_built=&#8221;1&#8243; fullwidth=&#8221;off&#8221; specialty=&#8221;off&#8221; background_color=&#8221;#432eea&#8221; parallax_method=&#8221;off&#8221; custom_padding_tablet=&#8221;50px|0|50px|0&#8243; custom_padding_last_edited=&#8221;on|desktop&#8221; _builder_version=&#8221;3.0.90&#8243;][et_pb_row make_fullwidth=&#8221;on&#8221; padding_mobile=&#8221;off&#8221; background_color=&#8221;#1e156a&#8221; parallax_method=&#8221;off&#8221; parallax_method_1=&#8221;off&#8221; column_padding_mobile=&#8221;on&#8221; background_position=&#8221;top_left&#8221; background_repeat=&#8221;repeat&#8221; background_size=&#8221;initial&#8221; _builder_version=&#8221;3.0.90&#8243;][et_pb_column type=&#8221;4_4&#8243;][et_pb_text background_layout=&#8221;dark&#8221; text_font_size=&#8221;36&#8243; use_border_color=&#8221;off&#8221; text_font_size_phone=&#8221;16&#8243; text_font_size_last_edited=&#8221;on|phone&#8221; background_position=&#8221;top_left&#8221; background_repeat=&#8221;repeat&#8221; background_size=&#8221;initial&#8221; module_alignment=&#8221;center&#8221; _builder_version=&#8221;3.0.90&#8243;]<\/p>\n<p style=\"text-align: center;\">Questions? Call us at <a href=\"tel:+442038080414\">+44 2038080414<\/a><\/p>\n<p>[\/et_pb_text][\/et_pb_column][\/et_pb_row][\/et_pb_section][et_pb_section bb_built=&#8221;1&#8243; fullwidth=&#8221;off&#8221; specialty=&#8221;off&#8221; parallax=&#8221;on&#8221; parallax_method=&#8221;off&#8221; custom_css_main_element=&#8221;border-bottom: 20px solid #0067c4;&#8221; custom_padding_tablet=&#8221;50px|0|50px|0&#8243; custom_padding_last_edited=&#8221;on|desktop&#8221; _builder_version=&#8221;3.0.90&#8243; disabled=&#8221;off&#8221; disabled_on=&#8221;on||&#8221; background_color=&#8221;#ffffff&#8221;][et_pb_row _builder_version=&#8221;3.0.90&#8243;][et_pb_column type=&#8221;1_2&#8243;][et_pb_image src=&#8221;https:\/\/leaddesk.com\/wp-content\/uploads\/2018\/05\/LD_pic-new_freetria-v1l.png&#8221; show_in_lightbox=&#8221;off&#8221; url_new_window=&#8221;off&#8221; use_overlay=&#8221;off&#8221; align=&#8221;left&#8221; force_fullwidth=&#8221;off&#8221; always_center_on_mobile=&#8221;on&#8221; use_border_color=&#8221;off&#8221; show_bottom_space=&#8221;on&#8221; _builder_version=&#8221;3.0.90&#8243; \/][\/et_pb_column][et_pb_column type=&#8221;1_2&#8243;][et_pb_text admin_label=&#8221;DESKTOP&#8221; background_layout=&#8221;light&#8221; use_border_color=&#8221;off&#8221; text_font=&#8221;Roboto|on||on|&#8221; text_font_size=&#8221;38&#8243; text_line_height=&#8221;1.9em&#8221; module_alignment=&#8221;left&#8221; background_position=&#8221;top_left&#8221; background_repeat=&#8221;repeat&#8221; background_size=&#8221;initial&#8221; _builder_version=&#8221;3.0.90&#8243; border_color_all=&#8221;#ffffff&#8221;]<\/p>\n<p><span style=\"color: #0067c4;\">Try LeadDesk, <\/span><span style=\"color: #0abbef;\">risk-free<\/span><\/p>\n<p>[\/et_pb_text][et_pb_text background_layout=&#8221;light&#8221; use_border_color=&#8221;off&#8221; text_font=&#8221;Roboto||||&#8221; text_font_size=&#8221;17&#8243; custom_padding=&#8221;|||20px&#8221; text_line_height=&#8221;2em&#8221; text_text_color=&#8221;#4c4c4c&#8221; module_alignment=&#8221;left&#8221; background_position=&#8221;top_left&#8221; background_repeat=&#8221;repeat&#8221; background_size=&#8221;initial&#8221; _builder_version=&#8221;3.0.90&#8243; text_font_size_last_edited=&#8221;on|&#8221;]<\/p>\n<p><img decoding=\"async\" style=\"margin-bottom: -20px; margin-right: 30px;\" src=\"https:\/\/leaddesk.com\/wp-content\/uploads\/2016\/11\/LeadDesk_cloudbased.png\" \/>100 % cloud-based.<\/p>\n<p><img decoding=\"async\" style=\"margin-bottom: -20px; margin-right: 30px;\" src=\"https:\/\/leaddesk.com\/wp-content\/uploads\/2016\/11\/LeadDesk_interface.png\" \/>User-friendly interface.<\/p>\n<p><img decoding=\"async\" style=\"margin-bottom: -20px; margin-right: 30px;\" src=\"https:\/\/leaddesk.com\/wp-content\/uploads\/2016\/11\/LeadDesk_dialer.png\" \/>Efficient dialers modes.<\/p>\n<p><img decoding=\"async\" style=\"margin-bottom: -20px; margin-right: 30px;\" src=\"https:\/\/leaddesk.com\/wp-content\/uploads\/2016\/11\/LeadDesk_blending.png\" \/>Inbound call blending.<\/p>\n<p><img decoding=\"async\" style=\"margin-bottom: -20px; margin-right: 30px;\" src=\"https:\/\/leaddesk.com\/wp-content\/uploads\/2016\/11\/LeadDesk_reporting.png\" \/>Advanced reporting.<\/p>\n<p><img decoding=\"async\" style=\"margin-bottom: -20px; margin-right: 30px;\" src=\"https:\/\/leaddesk.com\/wp-content\/uploads\/2016\/11\/data_security.png\" \/>Secure and compliant.<\/p>\n<p>[\/et_pb_text][\/et_pb_column][\/et_pb_row][\/et_pb_section][et_pb_section bb_built=&#8221;1&#8243; admin_label=&#8221;MOBILE&#8221; fullwidth=&#8221;off&#8221; specialty=&#8221;off&#8221; background_image=&#8221;https:\/\/leaddesk.com\/wp-content\/uploads\/2018\/04\/bg_new_freetrial_blue_gespeogelt.png&#8221; background_color=&#8221;#ffffff&#8221; parallax=&#8221;on&#8221; parallax_method=&#8221;off&#8221; custom_css_main_element=&#8221;border-bottom: 20px solid #0067c4;&#8221; custom_padding_tablet=&#8221;50px|0|50px|0&#8243; custom_padding_last_edited=&#8221;on|desktop&#8221; _builder_version=&#8221;3.0.90&#8243; disabled=&#8221;off&#8221; disabled_on=&#8221;|on|on&#8221;][et_pb_row _builder_version=&#8221;3.0.90&#8243; background_color_2=&#8221;rgba(255,255,255,0.8)&#8221;][et_pb_column type=&#8221;4_4&#8243;][et_pb_image admin_label=&#8221;MOBILE Image&#8221; src=&#8221;https:\/\/leaddesk.com\/wp-content\/uploads\/2018\/05\/LD_pic-new_freetria-v1l.png&#8221; show_in_lightbox=&#8221;off&#8221; url_new_window=&#8221;off&#8221; use_overlay=&#8221;off&#8221; align=&#8221;left&#8221; force_fullwidth=&#8221;off&#8221; always_center_on_mobile=&#8221;on&#8221; use_border_color=&#8221;off&#8221; show_bottom_space=&#8221;on&#8221; _builder_version=&#8221;3.0.90&#8243; \/][\/et_pb_column][\/et_pb_row][et_pb_row _builder_version=&#8221;3.0.90&#8243; background_color=&#8221;rgba(255,255,255,0.8)&#8221; make_fullwidth=&#8221;on&#8221;][et_pb_column type=&#8221;4_4&#8243;][et_pb_text admin_label=&#8221;MOBILE&#8221; background_layout=&#8221;light&#8221; use_border_color=&#8221;off&#8221; text_font=&#8221;Roboto|on||on|&#8221; text_font_size=&#8221;38&#8243; text_line_height=&#8221;1.9em&#8221; module_alignment=&#8221;left&#8221; background_position=&#8221;top_left&#8221; background_repeat=&#8221;repeat&#8221; background_size=&#8221;initial&#8221; _builder_version=&#8221;3.0.90&#8243; border_color_all=&#8221;#ffffff&#8221;]<\/p>\n<p style=\"text-align: center;\"><span style=\"color: #0067c4;\">Try LeadDesk, <\/span><span style=\"color: #0abbef;\">risk-free<\/span><\/p>\n<p>[\/et_pb_text][et_pb_text background_layout=&#8221;light&#8221; use_border_color=&#8221;off&#8221; text_font=&#8221;Roboto||||&#8221; text_font_size=&#8221;17&#8243; custom_padding=&#8221;|||20px&#8221; text_line_height=&#8221;2em&#8221; text_text_color=&#8221;#4c4c4c&#8221; module_alignment=&#8221;left&#8221; background_position=&#8221;top_left&#8221; background_repeat=&#8221;repeat&#8221; background_size=&#8221;initial&#8221; _builder_version=&#8221;3.0.90&#8243; text_font_size_last_edited=&#8221;on|&#8221;]<\/p>\n<p><img decoding=\"async\" style=\"margin-bottom: -20px; margin-right: 30px;\" src=\"https:\/\/leaddesk.com\/wp-content\/uploads\/2016\/11\/LeadDesk_cloudbased.png\" \/>100 % cloud-based.<\/p>\n<p><img decoding=\"async\" style=\"margin-bottom: -20px; margin-right: 30px;\" src=\"https:\/\/leaddesk.com\/wp-content\/uploads\/2016\/11\/LeadDesk_interface.png\" \/>User-friendly interface.<\/p>\n<p><img decoding=\"async\" style=\"margin-bottom: -20px; margin-right: 30px;\" src=\"https:\/\/leaddesk.com\/wp-content\/uploads\/2016\/11\/LeadDesk_dialer.png\" \/>Efficient dialers modes.<\/p>\n<p><img decoding=\"async\" style=\"margin-bottom: -20px; margin-right: 30px;\" src=\"https:\/\/leaddesk.com\/wp-content\/uploads\/2016\/11\/LeadDesk_blending.png\" \/>Inbound call blending.<\/p>\n<p><img decoding=\"async\" style=\"margin-bottom: -20px; margin-right: 30px;\" src=\"https:\/\/leaddesk.com\/wp-content\/uploads\/2016\/11\/LeadDesk_reporting.png\" \/>Advanced reporting.<\/p>\n<p><img decoding=\"async\" style=\"margin-bottom: -20px; margin-right: 30px;\" src=\"https:\/\/leaddesk.com\/wp-content\/uploads\/2016\/11\/data_security.png\" \/>Secure and compliant.<\/p>\n<p>[\/et_pb_text][\/et_pb_column][\/et_pb_row][\/et_pb_section]<\/p>\n","protected":false},"excerpt":{"rendered":"<p>[et_pb_section bb_built=&#8221;1&#8243; fullwidth=&#8221;off&#8221; specialty=&#8221;off&#8221; _builder_version=&#8221;3.0.90&#8243; custom_margin=&#8221;0px||0px|&#8221; custom_padding=&#8221;0px||0px|&#8221; background_color=&#8221;rgba(17,187,238,0)&#8221; custom_padding_tablet=&#8221;50px|0|50px|0&#8243; custom_padding_last_edited=&#8221;on|desktop&#8221;][et_pb_row _builder_version=&#8221;3.0.90&#8243; custom_margin=&#8221;||0px|&#8221; custom_padding=&#8221;||0px|&#8221;][et_pb_column type=&#8221;1_3&#8243;][et_pb_image _builder_version=&#8221;3.0.90&#8243; src=&#8221;https:\/\/leaddesk.com\/wp-content\/uploads\/2019\/01\/logo_trial-1.png&#8221; show_in_lightbox=&#8221;off&#8221; url_new_window=&#8221;off&#8221; use_overlay=&#8221;off&#8221; always_center_on_mobile=&#8221;on&#8221;&#8230;<\/p>\n","protected":false},"author":15,"featured_media":39120,"parent":0,"menu_order":339,"comment_status":"closed","ping_status":"closed","template":"page-blocks-en.php","meta":{"content-type":"","footnotes":""},"acf":[],"yoast_head":"<!-- This site is optimized with the Yoast SEO Premium plugin v22.5 (Yoast SEO v22.5) - https:\/\/yoast.com\/wordpress\/plugins\/seo\/ -->\n<title>Call center software \u2013 Prova gratis \u2013 LeadDesk<\/title>\n<meta name=\"description\" content=\"B\u00e4sta s\u00e4ttet att se om LeadDesk passar din verksamhet \u00e4r att prova sj\u00e4lv! Prova LeadDesk i 30 dagar. Helt gratis.\" \/>\n<meta name=\"robots\" content=\"index, follow, max-snippet:-1, max-image-preview:large, max-video-preview:-1\" \/>\n<link rel=\"canonical\" href=\"https:\/\/leaddesk.com\/sv\/prova-gratis\/\" \/>\n<meta property=\"og:locale\" content=\"sv_SE\" \/>\n<meta property=\"og:type\" content=\"article\" \/>\n<meta property=\"og:title\" content=\"Prova LeadDesk i 30 dagar. Helt gratis.\" \/>\n<meta property=\"og:description\" content=\"B\u00e4sta s\u00e4ttet att se om LeadDesk passar din verksamhet \u00e4r att prova sj\u00e4lv! Prova LeadDesk i 30 dagar. Helt gratis.\" \/>\n<meta property=\"og:url\" content=\"https:\/\/leaddesk.com\/sv\/prova-gratis\/\" \/>\n<meta property=\"og:site_name\" content=\"LeadDesk\" \/>\n<meta property=\"article:publisher\" content=\"https:\/\/www.facebook.com\/leaddesk\/\" \/>\n<meta property=\"article:modified_time\" content=\"2023-07-12T11:14:47+00:00\" \/>\n<meta property=\"og:image\" content=\"https:\/\/leaddesk.com\/wp-content\/uploads\/2019\/11\/Placeholder.jpg\" \/>\n\t<meta property=\"og:image:width\" content=\"600\" \/>\n\t<meta property=\"og:image:height\" content=\"300\" \/>\n\t<meta property=\"og:image:type\" content=\"image\/jpeg\" \/>\n<meta name=\"twitter:card\" content=\"summary_large_image\" \/>\n<meta name=\"twitter:site\" content=\"@leaddesk\" \/>\n<meta name=\"twitter:label1\" content=\"Ber\u00e4knad l\u00e4stid\" \/>\n\t<meta name=\"twitter:data1\" content=\"5 minuter\" \/>\n<script type=\"application\/ld+json\" class=\"yoast-schema-graph\">{\"@context\":\"https:\/\/schema.org\",\"@graph\":[{\"@type\":\"WebPage\",\"@id\":\"https:\/\/leaddesk.com\/sv\/prova-gratis\/\",\"url\":\"https:\/\/leaddesk.com\/sv\/prova-gratis\/\",\"name\":\"Call center software \u2013 Prova gratis \u2013 LeadDesk\",\"isPartOf\":{\"@id\":\"https:\/\/leaddesk.com\/sv\/#website\"},\"primaryImageOfPage\":{\"@id\":\"https:\/\/leaddesk.com\/sv\/prova-gratis\/#primaryimage\"},\"image\":{\"@id\":\"https:\/\/leaddesk.com\/sv\/prova-gratis\/#primaryimage\"},\"thumbnailUrl\":\"https:\/\/leaddesk.com\/wp-content\/uploads\/2019\/11\/Placeholder.jpg\",\"datePublished\":\"2017-05-03T06:22:32+00:00\",\"dateModified\":\"2023-07-12T11:14:47+00:00\",\"description\":\"B\u00e4sta s\u00e4ttet att se om LeadDesk passar din verksamhet \u00e4r att prova sj\u00e4lv! Prova LeadDesk i 30 dagar. Helt gratis.\",\"breadcrumb\":{\"@id\":\"https:\/\/leaddesk.com\/sv\/prova-gratis\/#breadcrumb\"},\"inLanguage\":\"sv-SE\",\"potentialAction\":[{\"@type\":\"ReadAction\",\"target\":[\"https:\/\/leaddesk.com\/sv\/prova-gratis\/\"]}]},{\"@type\":\"ImageObject\",\"inLanguage\":\"sv-SE\",\"@id\":\"https:\/\/leaddesk.com\/sv\/prova-gratis\/#primaryimage\",\"url\":\"https:\/\/leaddesk.com\/wp-content\/uploads\/2019\/11\/Placeholder.jpg\",\"contentUrl\":\"https:\/\/leaddesk.com\/wp-content\/uploads\/2019\/11\/Placeholder.jpg\",\"width\":600,\"height\":300},{\"@type\":\"BreadcrumbList\",\"@id\":\"https:\/\/leaddesk.com\/sv\/prova-gratis\/#breadcrumb\",\"itemListElement\":[{\"@type\":\"ListItem\",\"position\":1,\"name\":\"Home\",\"item\":\"https:\/\/leaddesk.com\/sv\/\"},{\"@type\":\"ListItem\",\"position\":2,\"name\":\"Prova LeadDesk i 30 dagar. Helt gratis.\"}]},{\"@type\":\"WebSite\",\"@id\":\"https:\/\/leaddesk.com\/sv\/#website\",\"url\":\"https:\/\/leaddesk.com\/sv\/\",\"name\":\"LeadDesk\",\"description\":\"Contact Center Software for Sales and Customer Service\",\"publisher\":{\"@id\":\"https:\/\/leaddesk.com\/sv\/#organization\"},\"potentialAction\":[{\"@type\":\"SearchAction\",\"target\":{\"@type\":\"EntryPoint\",\"urlTemplate\":\"https:\/\/leaddesk.com\/sv\/?s={search_term_string}\"},\"query-input\":\"required name=search_term_string\"}],\"inLanguage\":\"sv-SE\"},{\"@type\":\"Organization\",\"@id\":\"https:\/\/leaddesk.com\/sv\/#organization\",\"name\":\"LeadDesk\",\"url\":\"https:\/\/leaddesk.com\/sv\/\",\"logo\":{\"@type\":\"ImageObject\",\"inLanguage\":\"sv-SE\",\"@id\":\"https:\/\/leaddesk.com\/sv\/#\/schema\/logo\/image\/\",\"url\":\"https:\/\/leaddesk.com\/wp-content\/uploads\/2023\/07\/leaddesk_symbol_leaddesk_blue.png\",\"contentUrl\":\"https:\/\/leaddesk.com\/wp-content\/uploads\/2023\/07\/leaddesk_symbol_leaddesk_blue.png\",\"width\":2400,\"height\":2400,\"caption\":\"LeadDesk\"},\"image\":{\"@id\":\"https:\/\/leaddesk.com\/sv\/#\/schema\/logo\/image\/\"},\"sameAs\":[\"https:\/\/www.facebook.com\/leaddesk\/\",\"https:\/\/x.com\/leaddesk\",\"https:\/\/www.instagram.com\/leaddesk\/\",\"https:\/\/linkedin.com\/company\/2365022\/\",\"https:\/\/www.youtube.com\/channel\/UCjB4SgGKs2xz80H4cQH95qw\"]}]}<\/script>\n<!-- \/ Yoast SEO Premium plugin. -->","yoast_head_json":{"title":"Call center software \u2013 Prova gratis \u2013 LeadDesk","description":"B\u00e4sta s\u00e4ttet att se om LeadDesk passar din verksamhet \u00e4r att prova sj\u00e4lv! Prova LeadDesk i 30 dagar. Helt gratis.","robots":{"index":"index","follow":"follow","max-snippet":"max-snippet:-1","max-image-preview":"max-image-preview:large","max-video-preview":"max-video-preview:-1"},"canonical":"https:\/\/leaddesk.com\/sv\/prova-gratis\/","og_locale":"sv_SE","og_type":"article","og_title":"Prova LeadDesk i 30 dagar. Helt gratis.","og_description":"B\u00e4sta s\u00e4ttet att se om LeadDesk passar din verksamhet \u00e4r att prova sj\u00e4lv! Prova LeadDesk i 30 dagar. Helt gratis.","og_url":"https:\/\/leaddesk.com\/sv\/prova-gratis\/","og_site_name":"LeadDesk","article_publisher":"https:\/\/www.facebook.com\/leaddesk\/","article_modified_time":"2023-07-12T11:14:47+00:00","og_image":[{"width":600,"height":300,"url":"https:\/\/leaddesk.com\/wp-content\/uploads\/2019\/11\/Placeholder.jpg","type":"image\/jpeg"}],"twitter_card":"summary_large_image","twitter_site":"@leaddesk","twitter_misc":{"Ber\u00e4knad l\u00e4stid":"5 minuter"},"schema":{"@context":"https:\/\/schema.org","@graph":[{"@type":"WebPage","@id":"https:\/\/leaddesk.com\/sv\/prova-gratis\/","url":"https:\/\/leaddesk.com\/sv\/prova-gratis\/","name":"Call center software \u2013 Prova gratis \u2013 LeadDesk","isPartOf":{"@id":"https:\/\/leaddesk.com\/sv\/#website"},"primaryImageOfPage":{"@id":"https:\/\/leaddesk.com\/sv\/prova-gratis\/#primaryimage"},"image":{"@id":"https:\/\/leaddesk.com\/sv\/prova-gratis\/#primaryimage"},"thumbnailUrl":"https:\/\/leaddesk.com\/wp-content\/uploads\/2019\/11\/Placeholder.jpg","datePublished":"2017-05-03T06:22:32+00:00","dateModified":"2023-07-12T11:14:47+00:00","description":"B\u00e4sta s\u00e4ttet att se om LeadDesk passar din verksamhet \u00e4r att prova sj\u00e4lv! Prova LeadDesk i 30 dagar. Helt gratis.","breadcrumb":{"@id":"https:\/\/leaddesk.com\/sv\/prova-gratis\/#breadcrumb"},"inLanguage":"sv-SE","potentialAction":[{"@type":"ReadAction","target":["https:\/\/leaddesk.com\/sv\/prova-gratis\/"]}]},{"@type":"ImageObject","inLanguage":"sv-SE","@id":"https:\/\/leaddesk.com\/sv\/prova-gratis\/#primaryimage","url":"https:\/\/leaddesk.com\/wp-content\/uploads\/2019\/11\/Placeholder.jpg","contentUrl":"https:\/\/leaddesk.com\/wp-content\/uploads\/2019\/11\/Placeholder.jpg","width":600,"height":300},{"@type":"BreadcrumbList","@id":"https:\/\/leaddesk.com\/sv\/prova-gratis\/#breadcrumb","itemListElement":[{"@type":"ListItem","position":1,"name":"Home","item":"https:\/\/leaddesk.com\/sv\/"},{"@type":"ListItem","position":2,"name":"Prova LeadDesk i 30 dagar. Helt gratis."}]},{"@type":"WebSite","@id":"https:\/\/leaddesk.com\/sv\/#website","url":"https:\/\/leaddesk.com\/sv\/","name":"LeadDesk","description":"Contact Center Software for Sales and Customer Service","publisher":{"@id":"https:\/\/leaddesk.com\/sv\/#organization"},"potentialAction":[{"@type":"SearchAction","target":{"@type":"EntryPoint","urlTemplate":"https:\/\/leaddesk.com\/sv\/?s={search_term_string}"},"query-input":"required name=search_term_string"}],"inLanguage":"sv-SE"},{"@type":"Organization","@id":"https:\/\/leaddesk.com\/sv\/#organization","name":"LeadDesk","url":"https:\/\/leaddesk.com\/sv\/","logo":{"@type":"ImageObject","inLanguage":"sv-SE","@id":"https:\/\/leaddesk.com\/sv\/#\/schema\/logo\/image\/","url":"https:\/\/leaddesk.com\/wp-content\/uploads\/2023\/07\/leaddesk_symbol_leaddesk_blue.png","contentUrl":"https:\/\/leaddesk.com\/wp-content\/uploads\/2023\/07\/leaddesk_symbol_leaddesk_blue.png","width":2400,"height":2400,"caption":"LeadDesk"},"image":{"@id":"https:\/\/leaddesk.com\/sv\/#\/schema\/logo\/image\/"},"sameAs":["https:\/\/www.facebook.com\/leaddesk\/","https:\/\/x.com\/leaddesk","https:\/\/www.instagram.com\/leaddesk\/","https:\/\/linkedin.com\/company\/2365022\/","https:\/\/www.youtube.com\/channel\/UCjB4SgGKs2xz80H4cQH95qw"]}]}},"_links":{"self":[{"href":"https:\/\/leaddesk.com\/sv\/wp-json\/wp\/v2\/pages\/45087"}],"collection":[{"href":"https:\/\/leaddesk.com\/sv\/wp-json\/wp\/v2\/pages"}],"about":[{"href":"https:\/\/leaddesk.com\/sv\/wp-json\/wp\/v2\/types\/page"}],"author":[{"embeddable":true,"href":"https:\/\/leaddesk.com\/sv\/wp-json\/wp\/v2\/users\/15"}],"replies":[{"embeddable":true,"href":"https:\/\/leaddesk.com\/sv\/wp-json\/wp\/v2\/comments?post=45087"}],"version-history":[{"count":0,"href":"https:\/\/leaddesk.com\/sv\/wp-json\/wp\/v2\/pages\/45087\/revisions"}],"wp:featuredmedia":[{"embeddable":true,"href":"https:\/\/leaddesk.com\/sv\/wp-json\/wp\/v2\/media\/39120"}],"wp:attachment":[{"href":"https:\/\/leaddesk.com\/sv\/wp-json\/wp\/v2\/media?parent=45087"}],"curies":[{"name":"wp","href":"https:\/\/api.w.org\/{rel}","templated":true}]}}