{"id":49011,"date":"2022-03-07T11:12:50","date_gmt":"2022-03-07T10:12:50","guid":{"rendered":"https:\/\/leaddesk.com\/leaddesk-all-dialers-explained\/"},"modified":"2023-07-12T12:08:07","modified_gmt":"2023-07-12T11:08:07","slug":"dialers","status":"publish","type":"page","link":"https:\/\/leaddesk.com\/sv\/dialers\/","title":{"rendered":"Demo Booking All Dialers LP"},"content":{"rendered":"","protected":false},"excerpt":{"rendered":"","protected":false},"author":32,"featured_media":51468,"parent":0,"menu_order":129,"comment_status":"closed","ping_status":"closed","template":"template-landing-page-en.php","meta":{"content-type":"","footnotes":""},"acf":[],"yoast_head":"<!-- This site is optimized with the Yoast SEO Premium plugin v22.5 (Yoast SEO v22.5) - https:\/\/yoast.com\/wordpress\/plugins\/seo\/ -->\n<title>Automatisk uppringning - LeadDesk<\/title>\n<meta name=\"description\" content=\"Med LeadDesks automatiska och prediktiva uppringningsl\u00e4gen kan dina s\u00e4ljare g\u00e5 fr\u00e5n 40 till 120 samtal per dag.\" \/>\n<meta name=\"robots\" content=\"index, nofollow, max-snippet:-1, max-video-preview:-1, noimageindex, noarchive\" \/>\n<link rel=\"canonical\" href=\"https:\/\/leaddesk.com\/sv\/dialers\/\" \/>\n<meta property=\"og:locale\" content=\"sv_SE\" \/>\n<meta property=\"og:type\" content=\"article\" \/>\n<meta property=\"og:title\" content=\"Demo Booking All Dialers LP\" \/>\n<meta property=\"og:description\" content=\"Med LeadDesks automatiska och prediktiva uppringningsl\u00e4gen kan dina s\u00e4ljare g\u00e5 fr\u00e5n 40 till 120 samtal per dag.\" \/>\n<meta property=\"og:url\" content=\"https:\/\/leaddesk.com\/sv\/dialers\/\" \/>\n<meta property=\"og:site_name\" content=\"LeadDesk\" \/>\n<meta property=\"article:publisher\" content=\"https:\/\/www.facebook.com\/leaddesk\/\" \/>\n<meta property=\"article:modified_time\" content=\"2023-07-12T11:08:07+00:00\" \/>\n<meta property=\"og:image\" content=\"https:\/\/leaddesk.com\/wp-content\/uploads\/2023\/02\/LeadDesk-dialer-modes-explained.png\" \/>\n\t<meta property=\"og:image:width\" content=\"1201\" \/>\n\t<meta property=\"og:image:height\" content=\"629\" \/>\n\t<meta property=\"og:image:type\" content=\"image\/png\" \/>\n<meta name=\"twitter:card\" content=\"summary_large_image\" \/>\n<meta name=\"twitter:site\" content=\"@leaddesk\" \/>\n<script type=\"application\/ld+json\" class=\"yoast-schema-graph\">{\"@context\":\"https:\/\/schema.org\",\"@graph\":[{\"@type\":\"WebPage\",\"@id\":\"https:\/\/leaddesk.com\/sv\/dialers\/\",\"url\":\"https:\/\/leaddesk.com\/sv\/dialers\/\",\"name\":\"Automatisk uppringning - LeadDesk\",\"isPartOf\":{\"@id\":\"https:\/\/leaddesk.com\/sv\/#website\"},\"primaryImageOfPage\":{\"@id\":\"https:\/\/leaddesk.com\/sv\/dialers\/#primaryimage\"},\"image\":{\"@id\":\"https:\/\/leaddesk.com\/sv\/dialers\/#primaryimage\"},\"thumbnailUrl\":\"https:\/\/leaddesk.com\/wp-content\/uploads\/2023\/02\/LeadDesk-dialer-modes-explained.png\",\"datePublished\":\"2022-03-07T10:12:50+00:00\",\"dateModified\":\"2023-07-12T11:08:07+00:00\",\"description\":\"Med LeadDesks automatiska och prediktiva uppringningsl\u00e4gen kan dina s\u00e4ljare g\u00e5 fr\u00e5n 40 till 120 samtal per dag.\",\"breadcrumb\":{\"@id\":\"https:\/\/leaddesk.com\/sv\/dialers\/#breadcrumb\"},\"inLanguage\":\"sv-SE\",\"potentialAction\":[{\"@type\":\"ReadAction\",\"target\":[\"https:\/\/leaddesk.com\/sv\/dialers\/\"]}]},{\"@type\":\"ImageObject\",\"inLanguage\":\"sv-SE\",\"@id\":\"https:\/\/leaddesk.com\/sv\/dialers\/#primaryimage\",\"url\":\"https:\/\/leaddesk.com\/wp-content\/uploads\/2023\/02\/LeadDesk-dialer-modes-explained.png\",\"contentUrl\":\"https:\/\/leaddesk.com\/wp-content\/uploads\/2023\/02\/LeadDesk-dialer-modes-explained.png\",\"width\":1201,\"height\":629},{\"@type\":\"BreadcrumbList\",\"@id\":\"https:\/\/leaddesk.com\/sv\/dialers\/#breadcrumb\",\"itemListElement\":[{\"@type\":\"ListItem\",\"position\":1,\"name\":\"Home\",\"item\":\"https:\/\/leaddesk.com\/sv\/\"},{\"@type\":\"ListItem\",\"position\":2,\"name\":\"Demo Booking All Dialers LP\"}]},{\"@type\":\"WebSite\",\"@id\":\"https:\/\/leaddesk.com\/sv\/#website\",\"url\":\"https:\/\/leaddesk.com\/sv\/\",\"name\":\"LeadDesk\",\"description\":\"Contact Center Software for Sales and Customer Service\",\"publisher\":{\"@id\":\"https:\/\/leaddesk.com\/sv\/#organization\"},\"potentialAction\":[{\"@type\":\"SearchAction\",\"target\":{\"@type\":\"EntryPoint\",\"urlTemplate\":\"https:\/\/leaddesk.com\/sv\/?s={search_term_string}\"},\"query-input\":\"required name=search_term_string\"}],\"inLanguage\":\"sv-SE\"},{\"@type\":\"Organization\",\"@id\":\"https:\/\/leaddesk.com\/sv\/#organization\",\"name\":\"LeadDesk\",\"url\":\"https:\/\/leaddesk.com\/sv\/\",\"logo\":{\"@type\":\"ImageObject\",\"inLanguage\":\"sv-SE\",\"@id\":\"https:\/\/leaddesk.com\/sv\/#\/schema\/logo\/image\/\",\"url\":\"https:\/\/leaddesk.com\/wp-content\/uploads\/2023\/07\/leaddesk_symbol_leaddesk_blue.png\",\"contentUrl\":\"https:\/\/leaddesk.com\/wp-content\/uploads\/2023\/07\/leaddesk_symbol_leaddesk_blue.png\",\"width\":2400,\"height\":2400,\"caption\":\"LeadDesk\"},\"image\":{\"@id\":\"https:\/\/leaddesk.com\/sv\/#\/schema\/logo\/image\/\"},\"sameAs\":[\"https:\/\/www.facebook.com\/leaddesk\/\",\"https:\/\/x.com\/leaddesk\",\"https:\/\/www.instagram.com\/leaddesk\/\",\"https:\/\/linkedin.com\/company\/2365022\/\",\"https:\/\/www.youtube.com\/channel\/UCjB4SgGKs2xz80H4cQH95qw\"]}]}<\/script>\n<!-- \/ Yoast SEO Premium plugin. -->","yoast_head_json":{"title":"Automatisk uppringning - LeadDesk","description":"Med LeadDesks automatiska och prediktiva uppringningsl\u00e4gen kan dina s\u00e4ljare g\u00e5 fr\u00e5n 40 till 120 samtal per dag.","robots":{"index":"index","follow":"nofollow","max-snippet":"max-snippet:-1","max-video-preview":"max-video-preview:-1","imageindex":"noimageindex","archive":"noarchive"},"canonical":"https:\/\/leaddesk.com\/sv\/dialers\/","og_locale":"sv_SE","og_type":"article","og_title":"Demo Booking All Dialers LP","og_description":"Med LeadDesks automatiska och prediktiva uppringningsl\u00e4gen kan dina s\u00e4ljare g\u00e5 fr\u00e5n 40 till 120 samtal per dag.","og_url":"https:\/\/leaddesk.com\/sv\/dialers\/","og_site_name":"LeadDesk","article_publisher":"https:\/\/www.facebook.com\/leaddesk\/","article_modified_time":"2023-07-12T11:08:07+00:00","og_image":[{"width":1201,"height":629,"url":"https:\/\/leaddesk.com\/wp-content\/uploads\/2023\/02\/LeadDesk-dialer-modes-explained.png","type":"image\/png"}],"twitter_card":"summary_large_image","twitter_site":"@leaddesk","schema":{"@context":"https:\/\/schema.org","@graph":[{"@type":"WebPage","@id":"https:\/\/leaddesk.com\/sv\/dialers\/","url":"https:\/\/leaddesk.com\/sv\/dialers\/","name":"Automatisk uppringning - LeadDesk","isPartOf":{"@id":"https:\/\/leaddesk.com\/sv\/#website"},"primaryImageOfPage":{"@id":"https:\/\/leaddesk.com\/sv\/dialers\/#primaryimage"},"image":{"@id":"https:\/\/leaddesk.com\/sv\/dialers\/#primaryimage"},"thumbnailUrl":"https:\/\/leaddesk.com\/wp-content\/uploads\/2023\/02\/LeadDesk-dialer-modes-explained.png","datePublished":"2022-03-07T10:12:50+00:00","dateModified":"2023-07-12T11:08:07+00:00","description":"Med LeadDesks automatiska och prediktiva uppringningsl\u00e4gen kan dina s\u00e4ljare g\u00e5 fr\u00e5n 40 till 120 samtal per dag.","breadcrumb":{"@id":"https:\/\/leaddesk.com\/sv\/dialers\/#breadcrumb"},"inLanguage":"sv-SE","potentialAction":[{"@type":"ReadAction","target":["https:\/\/leaddesk.com\/sv\/dialers\/"]}]},{"@type":"ImageObject","inLanguage":"sv-SE","@id":"https:\/\/leaddesk.com\/sv\/dialers\/#primaryimage","url":"https:\/\/leaddesk.com\/wp-content\/uploads\/2023\/02\/LeadDesk-dialer-modes-explained.png","contentUrl":"https:\/\/leaddesk.com\/wp-content\/uploads\/2023\/02\/LeadDesk-dialer-modes-explained.png","width":1201,"height":629},{"@type":"BreadcrumbList","@id":"https:\/\/leaddesk.com\/sv\/dialers\/#breadcrumb","itemListElement":[{"@type":"ListItem","position":1,"name":"Home","item":"https:\/\/leaddesk.com\/sv\/"},{"@type":"ListItem","position":2,"name":"Demo Booking All Dialers LP"}]},{"@type":"WebSite","@id":"https:\/\/leaddesk.com\/sv\/#website","url":"https:\/\/leaddesk.com\/sv\/","name":"LeadDesk","description":"Contact Center Software for Sales and Customer Service","publisher":{"@id":"https:\/\/leaddesk.com\/sv\/#organization"},"potentialAction":[{"@type":"SearchAction","target":{"@type":"EntryPoint","urlTemplate":"https:\/\/leaddesk.com\/sv\/?s={search_term_string}"},"query-input":"required name=search_term_string"}],"inLanguage":"sv-SE"},{"@type":"Organization","@id":"https:\/\/leaddesk.com\/sv\/#organization","name":"LeadDesk","url":"https:\/\/leaddesk.com\/sv\/","logo":{"@type":"ImageObject","inLanguage":"sv-SE","@id":"https:\/\/leaddesk.com\/sv\/#\/schema\/logo\/image\/","url":"https:\/\/leaddesk.com\/wp-content\/uploads\/2023\/07\/leaddesk_symbol_leaddesk_blue.png","contentUrl":"https:\/\/leaddesk.com\/wp-content\/uploads\/2023\/07\/leaddesk_symbol_leaddesk_blue.png","width":2400,"height":2400,"caption":"LeadDesk"},"image":{"@id":"https:\/\/leaddesk.com\/sv\/#\/schema\/logo\/image\/"},"sameAs":["https:\/\/www.facebook.com\/leaddesk\/","https:\/\/x.com\/leaddesk","https:\/\/www.instagram.com\/leaddesk\/","https:\/\/linkedin.com\/company\/2365022\/","https:\/\/www.youtube.com\/channel\/UCjB4SgGKs2xz80H4cQH95qw"]}]}},"_links":{"self":[{"href":"https:\/\/leaddesk.com\/sv\/wp-json\/wp\/v2\/pages\/49011"}],"collection":[{"href":"https:\/\/leaddesk.com\/sv\/wp-json\/wp\/v2\/pages"}],"about":[{"href":"https:\/\/leaddesk.com\/sv\/wp-json\/wp\/v2\/types\/page"}],"author":[{"embeddable":true,"href":"https:\/\/leaddesk.com\/sv\/wp-json\/wp\/v2\/users\/32"}],"replies":[{"embeddable":true,"href":"https:\/\/leaddesk.com\/sv\/wp-json\/wp\/v2\/comments?post=49011"}],"version-history":[{"count":0,"href":"https:\/\/leaddesk.com\/sv\/wp-json\/wp\/v2\/pages\/49011\/revisions"}],"wp:featuredmedia":[{"embeddable":true,"href":"https:\/\/leaddesk.com\/sv\/wp-json\/wp\/v2\/media\/51468"}],"wp:attachment":[{"href":"https:\/\/leaddesk.com\/sv\/wp-json\/wp\/v2\/media?parent=49011"}],"curies":[{"name":"wp","href":"https:\/\/api.w.org\/{rel}","templated":true}]}}