{"id":52465,"date":"2025-06-24T10:00:37","date_gmt":"2025-06-24T07:00:37","guid":{"rendered":"https:\/\/leaddesk.com\/sjukvard\/"},"modified":"2025-06-26T18:10:17","modified_gmt":"2025-06-26T15:10:17","slug":"sjukvard","status":"publish","type":"page","link":"https:\/\/leaddesk.com\/sv\/sjukvard\/","title":{"rendered":"H\u00e4lso- och sjukv\u00e5rd"},"content":{"rendered":"","protected":false},"excerpt":{"rendered":"","protected":false},"author":32,"featured_media":50727,"parent":0,"menu_order":166,"comment_status":"closed","ping_status":"closed","template":"page-blocks-en.php","meta":{"content-type":"","footnotes":""},"acf":[],"yoast_head":"<!-- This site is optimized with the Yoast SEO Premium plugin v22.5 (Yoast SEO v22.5) - https:\/\/yoast.com\/wordpress\/plugins\/seo\/ -->\n<title>Programvara f\u00f6r \u00e5teruppringning av kontaktcenter inom h\u00e4lso- och sjukv\u00e5rden - LeadDesk<\/title>\n<meta name=\"description\" content=\"LeadDesks programvara f\u00f6r \u00e5teruppringning av kontaktcenter f\u00f6r h\u00e4lso- och sjukv\u00e5rd s\u00e4kerst\u00e4ller att patienterna \u00e5terupprings i tid och ger s\u00e4ker, GDPR-kompatibel kommunikation.\" \/>\n<meta name=\"robots\" content=\"index, follow, max-snippet:-1, max-image-preview:large, max-video-preview:-1\" \/>\n<link rel=\"canonical\" href=\"https:\/\/leaddesk.com\/sv\/sjukvard\/\" \/>\n<meta property=\"og:locale\" content=\"sv_SE\" \/>\n<meta property=\"og:type\" content=\"article\" \/>\n<meta property=\"og:title\" content=\"Callback-programvara f\u00f6r kontaktcenter inom h\u00e4lso- och sjukv\u00e5rden - LeadDesk\" \/>\n<meta property=\"og:description\" content=\"Tr\u00f6tt p\u00e5 missade patientsamtal? LeadDesks programvara f\u00f6r \u00e5teruppringning hj\u00e4lper ditt kontaktcenter f\u00f6r h\u00e4lso- och sjukv\u00e5rd att leverera \u00e5teruppringning av patienter i r\u00e4tt tid och s\u00e4ker kommunikation, samtidigt som du uppr\u00e4tth\u00e5ller full GDPR-efterlevnad.\" \/>\n<meta property=\"og:url\" content=\"https:\/\/leaddesk.com\/sv\/sjukvard\/\" \/>\n<meta property=\"og:site_name\" content=\"LeadDesk\" \/>\n<meta property=\"article:publisher\" content=\"https:\/\/www.facebook.com\/leaddesk\/\" \/>\n<meta property=\"article:modified_time\" content=\"2025-06-26T15:10:17+00:00\" \/>\n<meta property=\"og:image\" content=\"https:\/\/leaddesk.com\/wp-content\/uploads\/2023\/01\/LeadDesk-for-Healthcare-sector.png\" \/>\n\t<meta property=\"og:image:width\" content=\"1200\" \/>\n\t<meta property=\"og:image:height\" content=\"628\" \/>\n\t<meta property=\"og:image:type\" content=\"image\/png\" \/>\n<meta name=\"twitter:card\" content=\"summary_large_image\" \/>\n<meta name=\"twitter:title\" content=\"H\u00e4lso- och sjukv\u00e5rd\" \/>\n<meta name=\"twitter:site\" content=\"@leaddesk\" \/>\n<script type=\"application\/ld+json\" class=\"yoast-schema-graph\">{\"@context\":\"https:\/\/schema.org\",\"@graph\":[{\"@type\":\"WebPage\",\"@id\":\"https:\/\/leaddesk.com\/sv\/sjukvard\/\",\"url\":\"https:\/\/leaddesk.com\/sv\/sjukvard\/\",\"name\":\"Programvara f\u00f6r \u00e5teruppringning av kontaktcenter inom h\u00e4lso- och sjukv\u00e5rden - LeadDesk\",\"isPartOf\":{\"@id\":\"https:\/\/leaddesk.com\/sv\/#website\"},\"primaryImageOfPage\":{\"@id\":\"https:\/\/leaddesk.com\/sv\/sjukvard\/#primaryimage\"},\"image\":{\"@id\":\"https:\/\/leaddesk.com\/sv\/sjukvard\/#primaryimage\"},\"thumbnailUrl\":\"https:\/\/leaddesk.com\/wp-content\/uploads\/2023\/01\/LeadDesk-for-Healthcare-sector.png\",\"datePublished\":\"2025-06-24T07:00:37+00:00\",\"dateModified\":\"2025-06-26T15:10:17+00:00\",\"description\":\"LeadDesks programvara f\u00f6r \u00e5teruppringning av kontaktcenter f\u00f6r h\u00e4lso- och sjukv\u00e5rd s\u00e4kerst\u00e4ller att patienterna \u00e5terupprings i tid och ger s\u00e4ker, GDPR-kompatibel kommunikation.\",\"breadcrumb\":{\"@id\":\"https:\/\/leaddesk.com\/sv\/sjukvard\/#breadcrumb\"},\"inLanguage\":\"sv-SE\",\"potentialAction\":[{\"@type\":\"ReadAction\",\"target\":[\"https:\/\/leaddesk.com\/sv\/sjukvard\/\"]}]},{\"@type\":\"ImageObject\",\"inLanguage\":\"sv-SE\",\"@id\":\"https:\/\/leaddesk.com\/sv\/sjukvard\/#primaryimage\",\"url\":\"https:\/\/leaddesk.com\/wp-content\/uploads\/2023\/01\/LeadDesk-for-Healthcare-sector.png\",\"contentUrl\":\"https:\/\/leaddesk.com\/wp-content\/uploads\/2023\/01\/LeadDesk-for-Healthcare-sector.png\",\"width\":1200,\"height\":628},{\"@type\":\"BreadcrumbList\",\"@id\":\"https:\/\/leaddesk.com\/sv\/sjukvard\/#breadcrumb\",\"itemListElement\":[{\"@type\":\"ListItem\",\"position\":1,\"name\":\"Home\",\"item\":\"https:\/\/leaddesk.com\/sv\/\"},{\"@type\":\"ListItem\",\"position\":2,\"name\":\"H\u00e4lso- och sjukv\u00e5rd\"}]},{\"@type\":\"WebSite\",\"@id\":\"https:\/\/leaddesk.com\/sv\/#website\",\"url\":\"https:\/\/leaddesk.com\/sv\/\",\"name\":\"LeadDesk\",\"description\":\"Contact Center Software for Sales and Customer Service\",\"publisher\":{\"@id\":\"https:\/\/leaddesk.com\/sv\/#organization\"},\"potentialAction\":[{\"@type\":\"SearchAction\",\"target\":{\"@type\":\"EntryPoint\",\"urlTemplate\":\"https:\/\/leaddesk.com\/sv\/?s={search_term_string}\"},\"query-input\":\"required name=search_term_string\"}],\"inLanguage\":\"sv-SE\"},{\"@type\":\"Organization\",\"@id\":\"https:\/\/leaddesk.com\/sv\/#organization\",\"name\":\"LeadDesk\",\"url\":\"https:\/\/leaddesk.com\/sv\/\",\"logo\":{\"@type\":\"ImageObject\",\"inLanguage\":\"sv-SE\",\"@id\":\"https:\/\/leaddesk.com\/sv\/#\/schema\/logo\/image\/\",\"url\":\"https:\/\/leaddesk.com\/wp-content\/uploads\/2023\/07\/leaddesk_symbol_leaddesk_blue.png\",\"contentUrl\":\"https:\/\/leaddesk.com\/wp-content\/uploads\/2023\/07\/leaddesk_symbol_leaddesk_blue.png\",\"width\":2400,\"height\":2400,\"caption\":\"LeadDesk\"},\"image\":{\"@id\":\"https:\/\/leaddesk.com\/sv\/#\/schema\/logo\/image\/\"},\"sameAs\":[\"https:\/\/www.facebook.com\/leaddesk\/\",\"https:\/\/x.com\/leaddesk\",\"https:\/\/www.instagram.com\/leaddesk\/\",\"https:\/\/linkedin.com\/company\/2365022\/\",\"https:\/\/www.youtube.com\/channel\/UCjB4SgGKs2xz80H4cQH95qw\"]}]}<\/script>\n<!-- \/ Yoast SEO Premium plugin. -->","yoast_head_json":{"title":"Programvara f\u00f6r \u00e5teruppringning av kontaktcenter inom h\u00e4lso- och sjukv\u00e5rden - LeadDesk","description":"LeadDesks programvara f\u00f6r \u00e5teruppringning av kontaktcenter f\u00f6r h\u00e4lso- och sjukv\u00e5rd s\u00e4kerst\u00e4ller att patienterna \u00e5terupprings i tid och ger s\u00e4ker, GDPR-kompatibel kommunikation.","robots":{"index":"index","follow":"follow","max-snippet":"max-snippet:-1","max-image-preview":"max-image-preview:large","max-video-preview":"max-video-preview:-1"},"canonical":"https:\/\/leaddesk.com\/sv\/sjukvard\/","og_locale":"sv_SE","og_type":"article","og_title":"Callback-programvara f\u00f6r kontaktcenter inom h\u00e4lso- och sjukv\u00e5rden - LeadDesk","og_description":"Tr\u00f6tt p\u00e5 missade patientsamtal? LeadDesks programvara f\u00f6r \u00e5teruppringning hj\u00e4lper ditt kontaktcenter f\u00f6r h\u00e4lso- och sjukv\u00e5rd att leverera \u00e5teruppringning av patienter i r\u00e4tt tid och s\u00e4ker kommunikation, samtidigt som du uppr\u00e4tth\u00e5ller full GDPR-efterlevnad.","og_url":"https:\/\/leaddesk.com\/sv\/sjukvard\/","og_site_name":"LeadDesk","article_publisher":"https:\/\/www.facebook.com\/leaddesk\/","article_modified_time":"2025-06-26T15:10:17+00:00","og_image":[{"width":1200,"height":628,"url":"https:\/\/leaddesk.com\/wp-content\/uploads\/2023\/01\/LeadDesk-for-Healthcare-sector.png","type":"image\/png"}],"twitter_card":"summary_large_image","twitter_title":"H\u00e4lso- och sjukv\u00e5rd","twitter_site":"@leaddesk","schema":{"@context":"https:\/\/schema.org","@graph":[{"@type":"WebPage","@id":"https:\/\/leaddesk.com\/sv\/sjukvard\/","url":"https:\/\/leaddesk.com\/sv\/sjukvard\/","name":"Programvara f\u00f6r \u00e5teruppringning av kontaktcenter inom h\u00e4lso- och sjukv\u00e5rden - LeadDesk","isPartOf":{"@id":"https:\/\/leaddesk.com\/sv\/#website"},"primaryImageOfPage":{"@id":"https:\/\/leaddesk.com\/sv\/sjukvard\/#primaryimage"},"image":{"@id":"https:\/\/leaddesk.com\/sv\/sjukvard\/#primaryimage"},"thumbnailUrl":"https:\/\/leaddesk.com\/wp-content\/uploads\/2023\/01\/LeadDesk-for-Healthcare-sector.png","datePublished":"2025-06-24T07:00:37+00:00","dateModified":"2025-06-26T15:10:17+00:00","description":"LeadDesks programvara f\u00f6r \u00e5teruppringning av kontaktcenter f\u00f6r h\u00e4lso- och sjukv\u00e5rd s\u00e4kerst\u00e4ller att patienterna \u00e5terupprings i tid och ger s\u00e4ker, GDPR-kompatibel kommunikation.","breadcrumb":{"@id":"https:\/\/leaddesk.com\/sv\/sjukvard\/#breadcrumb"},"inLanguage":"sv-SE","potentialAction":[{"@type":"ReadAction","target":["https:\/\/leaddesk.com\/sv\/sjukvard\/"]}]},{"@type":"ImageObject","inLanguage":"sv-SE","@id":"https:\/\/leaddesk.com\/sv\/sjukvard\/#primaryimage","url":"https:\/\/leaddesk.com\/wp-content\/uploads\/2023\/01\/LeadDesk-for-Healthcare-sector.png","contentUrl":"https:\/\/leaddesk.com\/wp-content\/uploads\/2023\/01\/LeadDesk-for-Healthcare-sector.png","width":1200,"height":628},{"@type":"BreadcrumbList","@id":"https:\/\/leaddesk.com\/sv\/sjukvard\/#breadcrumb","itemListElement":[{"@type":"ListItem","position":1,"name":"Home","item":"https:\/\/leaddesk.com\/sv\/"},{"@type":"ListItem","position":2,"name":"H\u00e4lso- och sjukv\u00e5rd"}]},{"@type":"WebSite","@id":"https:\/\/leaddesk.com\/sv\/#website","url":"https:\/\/leaddesk.com\/sv\/","name":"LeadDesk","description":"Contact Center Software for Sales and Customer Service","publisher":{"@id":"https:\/\/leaddesk.com\/sv\/#organization"},"potentialAction":[{"@type":"SearchAction","target":{"@type":"EntryPoint","urlTemplate":"https:\/\/leaddesk.com\/sv\/?s={search_term_string}"},"query-input":"required name=search_term_string"}],"inLanguage":"sv-SE"},{"@type":"Organization","@id":"https:\/\/leaddesk.com\/sv\/#organization","name":"LeadDesk","url":"https:\/\/leaddesk.com\/sv\/","logo":{"@type":"ImageObject","inLanguage":"sv-SE","@id":"https:\/\/leaddesk.com\/sv\/#\/schema\/logo\/image\/","url":"https:\/\/leaddesk.com\/wp-content\/uploads\/2023\/07\/leaddesk_symbol_leaddesk_blue.png","contentUrl":"https:\/\/leaddesk.com\/wp-content\/uploads\/2023\/07\/leaddesk_symbol_leaddesk_blue.png","width":2400,"height":2400,"caption":"LeadDesk"},"image":{"@id":"https:\/\/leaddesk.com\/sv\/#\/schema\/logo\/image\/"},"sameAs":["https:\/\/www.facebook.com\/leaddesk\/","https:\/\/x.com\/leaddesk","https:\/\/www.instagram.com\/leaddesk\/","https:\/\/linkedin.com\/company\/2365022\/","https:\/\/www.youtube.com\/channel\/UCjB4SgGKs2xz80H4cQH95qw"]}]}},"_links":{"self":[{"href":"https:\/\/leaddesk.com\/sv\/wp-json\/wp\/v2\/pages\/52465"}],"collection":[{"href":"https:\/\/leaddesk.com\/sv\/wp-json\/wp\/v2\/pages"}],"about":[{"href":"https:\/\/leaddesk.com\/sv\/wp-json\/wp\/v2\/types\/page"}],"author":[{"embeddable":true,"href":"https:\/\/leaddesk.com\/sv\/wp-json\/wp\/v2\/users\/32"}],"replies":[{"embeddable":true,"href":"https:\/\/leaddesk.com\/sv\/wp-json\/wp\/v2\/comments?post=52465"}],"version-history":[{"count":1,"href":"https:\/\/leaddesk.com\/sv\/wp-json\/wp\/v2\/pages\/52465\/revisions"}],"predecessor-version":[{"id":57614,"href":"https:\/\/leaddesk.com\/sv\/wp-json\/wp\/v2\/pages\/52465\/revisions\/57614"}],"wp:featuredmedia":[{"embeddable":true,"href":"https:\/\/leaddesk.com\/sv\/wp-json\/wp\/v2\/media\/50727"}],"wp:attachment":[{"href":"https:\/\/leaddesk.com\/sv\/wp-json\/wp\/v2\/media?parent=52465"}],"curies":[{"name":"wp","href":"https:\/\/api.w.org\/{rel}","templated":true}]}}