{"id":52470,"date":"2022-03-30T09:35:20","date_gmt":"2022-03-30T06:35:20","guid":{"rendered":"https:\/\/leaddesk.com\/sma-och-medelstora\/"},"modified":"2023-04-27T13:50:39","modified_gmt":"2023-04-27T12:50:39","slug":"sma-och-medelstora","status":"publish","type":"page","link":"https:\/\/leaddesk.com\/sv\/sma-och-medelstora\/","title":{"rendered":"Sm\u00e5 och medelstora"},"content":{"rendered":"","protected":false},"excerpt":{"rendered":"","protected":false},"author":15,"featured_media":50717,"parent":0,"menu_order":124,"comment_status":"closed","ping_status":"closed","template":"page-blocks-en.php","meta":{"content-type":"","footnotes":""},"acf":[],"yoast_head":"<!-- This site is optimized with the Yoast SEO Premium plugin v22.5 (Yoast SEO v22.5) - https:\/\/yoast.com\/wordpress\/plugins\/seo\/ -->\n<title>Kontaktcenterl\u00f6sning f\u00f6r sm\u00e5 och medelstora f\u00f6retag \u2013 LeadDesk<\/title>\n<meta name=\"description\" content=\"Kontaktcenterl\u00f6sningar f\u00f6r sm\u00e5 och medelstora f\u00f6retag fr\u00e5n LeadDesk. Skalbar, p\u00e5litlig och molnbaserad l\u00f6sning f\u00f6r alla samtals- och kommunikationsbehov.\" \/>\n<meta name=\"robots\" content=\"index, follow, max-snippet:-1, max-image-preview:large, max-video-preview:-1\" \/>\n<link rel=\"canonical\" href=\"https:\/\/leaddesk.com\/sv\/sma-och-medelstora\/\" \/>\n<meta property=\"og:locale\" content=\"sv_SE\" \/>\n<meta property=\"og:type\" content=\"article\" \/>\n<meta property=\"og:title\" content=\"L\u00f6sning f\u00f6r inkommande och utg\u00e5ende kommunikation f\u00f6r moderna storf\u00f6retag\" \/>\n<meta property=\"og:description\" content=\"L\u00f6sning f\u00f6r outboundf\u00f6rs\u00e4ljning och flerkanalig kundtj\u00e4nst f\u00f6r kr\u00e4vande samtals- och kommunikationsbehov.\" \/>\n<meta property=\"og:url\" content=\"https:\/\/leaddesk.com\/sv\/sma-och-medelstora\/\" \/>\n<meta property=\"og:site_name\" content=\"LeadDesk\" \/>\n<meta property=\"article:publisher\" content=\"https:\/\/www.facebook.com\/leaddesk\/\" \/>\n<meta property=\"article:modified_time\" content=\"2023-04-27T12:50:39+00:00\" \/>\n<meta property=\"og:image\" content=\"https:\/\/leaddesk.com\/wp-content\/uploads\/2023\/01\/LeadDesk-for-small-and-medium-companies.png\" \/>\n\t<meta property=\"og:image:width\" content=\"1200\" \/>\n\t<meta property=\"og:image:height\" content=\"628\" \/>\n\t<meta property=\"og:image:type\" content=\"image\/png\" \/>\n<meta name=\"twitter:card\" content=\"summary_large_image\" \/>\n<meta name=\"twitter:title\" content=\"Sm\u00e5 och medelstora\" \/>\n<meta name=\"twitter:site\" content=\"@leaddesk\" \/>\n<script type=\"application\/ld+json\" class=\"yoast-schema-graph\">{\"@context\":\"https:\/\/schema.org\",\"@graph\":[{\"@type\":\"WebPage\",\"@id\":\"https:\/\/leaddesk.com\/sv\/sma-och-medelstora\/\",\"url\":\"https:\/\/leaddesk.com\/sv\/sma-och-medelstora\/\",\"name\":\"Kontaktcenterl\u00f6sning f\u00f6r sm\u00e5 och medelstora f\u00f6retag \u2013 LeadDesk\",\"isPartOf\":{\"@id\":\"https:\/\/leaddesk.com\/sv\/#website\"},\"primaryImageOfPage\":{\"@id\":\"https:\/\/leaddesk.com\/sv\/sma-och-medelstora\/#primaryimage\"},\"image\":{\"@id\":\"https:\/\/leaddesk.com\/sv\/sma-och-medelstora\/#primaryimage\"},\"thumbnailUrl\":\"https:\/\/leaddesk.com\/wp-content\/uploads\/2023\/01\/LeadDesk-for-small-and-medium-companies.png\",\"datePublished\":\"2022-03-30T06:35:20+00:00\",\"dateModified\":\"2023-04-27T12:50:39+00:00\",\"description\":\"Kontaktcenterl\u00f6sningar f\u00f6r sm\u00e5 och medelstora f\u00f6retag fr\u00e5n LeadDesk. Skalbar, p\u00e5litlig och molnbaserad l\u00f6sning f\u00f6r alla samtals- och kommunikationsbehov.\",\"breadcrumb\":{\"@id\":\"https:\/\/leaddesk.com\/sv\/sma-och-medelstora\/#breadcrumb\"},\"inLanguage\":\"sv-SE\",\"potentialAction\":[{\"@type\":\"ReadAction\",\"target\":[\"https:\/\/leaddesk.com\/sv\/sma-och-medelstora\/\"]}]},{\"@type\":\"ImageObject\",\"inLanguage\":\"sv-SE\",\"@id\":\"https:\/\/leaddesk.com\/sv\/sma-och-medelstora\/#primaryimage\",\"url\":\"https:\/\/leaddesk.com\/wp-content\/uploads\/2023\/01\/LeadDesk-for-small-and-medium-companies.png\",\"contentUrl\":\"https:\/\/leaddesk.com\/wp-content\/uploads\/2023\/01\/LeadDesk-for-small-and-medium-companies.png\",\"width\":1200,\"height\":628},{\"@type\":\"BreadcrumbList\",\"@id\":\"https:\/\/leaddesk.com\/sv\/sma-och-medelstora\/#breadcrumb\",\"itemListElement\":[{\"@type\":\"ListItem\",\"position\":1,\"name\":\"Home\",\"item\":\"https:\/\/leaddesk.com\/sv\/\"},{\"@type\":\"ListItem\",\"position\":2,\"name\":\"Sm\u00e5 och medelstora\"}]},{\"@type\":\"WebSite\",\"@id\":\"https:\/\/leaddesk.com\/sv\/#website\",\"url\":\"https:\/\/leaddesk.com\/sv\/\",\"name\":\"LeadDesk\",\"description\":\"Contact Center Software for Sales and Customer Service\",\"publisher\":{\"@id\":\"https:\/\/leaddesk.com\/sv\/#organization\"},\"potentialAction\":[{\"@type\":\"SearchAction\",\"target\":{\"@type\":\"EntryPoint\",\"urlTemplate\":\"https:\/\/leaddesk.com\/sv\/?s={search_term_string}\"},\"query-input\":\"required name=search_term_string\"}],\"inLanguage\":\"sv-SE\"},{\"@type\":\"Organization\",\"@id\":\"https:\/\/leaddesk.com\/sv\/#organization\",\"name\":\"LeadDesk\",\"url\":\"https:\/\/leaddesk.com\/sv\/\",\"logo\":{\"@type\":\"ImageObject\",\"inLanguage\":\"sv-SE\",\"@id\":\"https:\/\/leaddesk.com\/sv\/#\/schema\/logo\/image\/\",\"url\":\"https:\/\/leaddesk.com\/wp-content\/uploads\/2023\/07\/leaddesk_symbol_leaddesk_blue.png\",\"contentUrl\":\"https:\/\/leaddesk.com\/wp-content\/uploads\/2023\/07\/leaddesk_symbol_leaddesk_blue.png\",\"width\":2400,\"height\":2400,\"caption\":\"LeadDesk\"},\"image\":{\"@id\":\"https:\/\/leaddesk.com\/sv\/#\/schema\/logo\/image\/\"},\"sameAs\":[\"https:\/\/www.facebook.com\/leaddesk\/\",\"https:\/\/x.com\/leaddesk\",\"https:\/\/www.instagram.com\/leaddesk\/\",\"https:\/\/linkedin.com\/company\/2365022\/\",\"https:\/\/www.youtube.com\/channel\/UCjB4SgGKs2xz80H4cQH95qw\"]}]}<\/script>\n<!-- \/ Yoast SEO Premium plugin. -->","yoast_head_json":{"title":"Kontaktcenterl\u00f6sning f\u00f6r sm\u00e5 och medelstora f\u00f6retag \u2013 LeadDesk","description":"Kontaktcenterl\u00f6sningar f\u00f6r sm\u00e5 och medelstora f\u00f6retag fr\u00e5n LeadDesk. Skalbar, p\u00e5litlig och molnbaserad l\u00f6sning f\u00f6r alla samtals- och kommunikationsbehov.","robots":{"index":"index","follow":"follow","max-snippet":"max-snippet:-1","max-image-preview":"max-image-preview:large","max-video-preview":"max-video-preview:-1"},"canonical":"https:\/\/leaddesk.com\/sv\/sma-och-medelstora\/","og_locale":"sv_SE","og_type":"article","og_title":"L\u00f6sning f\u00f6r inkommande och utg\u00e5ende kommunikation f\u00f6r moderna storf\u00f6retag","og_description":"L\u00f6sning f\u00f6r outboundf\u00f6rs\u00e4ljning och flerkanalig kundtj\u00e4nst f\u00f6r kr\u00e4vande samtals- och kommunikationsbehov.","og_url":"https:\/\/leaddesk.com\/sv\/sma-och-medelstora\/","og_site_name":"LeadDesk","article_publisher":"https:\/\/www.facebook.com\/leaddesk\/","article_modified_time":"2023-04-27T12:50:39+00:00","og_image":[{"width":1200,"height":628,"url":"https:\/\/leaddesk.com\/wp-content\/uploads\/2023\/01\/LeadDesk-for-small-and-medium-companies.png","type":"image\/png"}],"twitter_card":"summary_large_image","twitter_title":"Sm\u00e5 och medelstora","twitter_site":"@leaddesk","schema":{"@context":"https:\/\/schema.org","@graph":[{"@type":"WebPage","@id":"https:\/\/leaddesk.com\/sv\/sma-och-medelstora\/","url":"https:\/\/leaddesk.com\/sv\/sma-och-medelstora\/","name":"Kontaktcenterl\u00f6sning f\u00f6r sm\u00e5 och medelstora f\u00f6retag \u2013 LeadDesk","isPartOf":{"@id":"https:\/\/leaddesk.com\/sv\/#website"},"primaryImageOfPage":{"@id":"https:\/\/leaddesk.com\/sv\/sma-och-medelstora\/#primaryimage"},"image":{"@id":"https:\/\/leaddesk.com\/sv\/sma-och-medelstora\/#primaryimage"},"thumbnailUrl":"https:\/\/leaddesk.com\/wp-content\/uploads\/2023\/01\/LeadDesk-for-small-and-medium-companies.png","datePublished":"2022-03-30T06:35:20+00:00","dateModified":"2023-04-27T12:50:39+00:00","description":"Kontaktcenterl\u00f6sningar f\u00f6r sm\u00e5 och medelstora f\u00f6retag fr\u00e5n LeadDesk. Skalbar, p\u00e5litlig och molnbaserad l\u00f6sning f\u00f6r alla samtals- och kommunikationsbehov.","breadcrumb":{"@id":"https:\/\/leaddesk.com\/sv\/sma-och-medelstora\/#breadcrumb"},"inLanguage":"sv-SE","potentialAction":[{"@type":"ReadAction","target":["https:\/\/leaddesk.com\/sv\/sma-och-medelstora\/"]}]},{"@type":"ImageObject","inLanguage":"sv-SE","@id":"https:\/\/leaddesk.com\/sv\/sma-och-medelstora\/#primaryimage","url":"https:\/\/leaddesk.com\/wp-content\/uploads\/2023\/01\/LeadDesk-for-small-and-medium-companies.png","contentUrl":"https:\/\/leaddesk.com\/wp-content\/uploads\/2023\/01\/LeadDesk-for-small-and-medium-companies.png","width":1200,"height":628},{"@type":"BreadcrumbList","@id":"https:\/\/leaddesk.com\/sv\/sma-och-medelstora\/#breadcrumb","itemListElement":[{"@type":"ListItem","position":1,"name":"Home","item":"https:\/\/leaddesk.com\/sv\/"},{"@type":"ListItem","position":2,"name":"Sm\u00e5 och medelstora"}]},{"@type":"WebSite","@id":"https:\/\/leaddesk.com\/sv\/#website","url":"https:\/\/leaddesk.com\/sv\/","name":"LeadDesk","description":"Contact Center Software for Sales and Customer Service","publisher":{"@id":"https:\/\/leaddesk.com\/sv\/#organization"},"potentialAction":[{"@type":"SearchAction","target":{"@type":"EntryPoint","urlTemplate":"https:\/\/leaddesk.com\/sv\/?s={search_term_string}"},"query-input":"required name=search_term_string"}],"inLanguage":"sv-SE"},{"@type":"Organization","@id":"https:\/\/leaddesk.com\/sv\/#organization","name":"LeadDesk","url":"https:\/\/leaddesk.com\/sv\/","logo":{"@type":"ImageObject","inLanguage":"sv-SE","@id":"https:\/\/leaddesk.com\/sv\/#\/schema\/logo\/image\/","url":"https:\/\/leaddesk.com\/wp-content\/uploads\/2023\/07\/leaddesk_symbol_leaddesk_blue.png","contentUrl":"https:\/\/leaddesk.com\/wp-content\/uploads\/2023\/07\/leaddesk_symbol_leaddesk_blue.png","width":2400,"height":2400,"caption":"LeadDesk"},"image":{"@id":"https:\/\/leaddesk.com\/sv\/#\/schema\/logo\/image\/"},"sameAs":["https:\/\/www.facebook.com\/leaddesk\/","https:\/\/x.com\/leaddesk","https:\/\/www.instagram.com\/leaddesk\/","https:\/\/linkedin.com\/company\/2365022\/","https:\/\/www.youtube.com\/channel\/UCjB4SgGKs2xz80H4cQH95qw"]}]}},"_links":{"self":[{"href":"https:\/\/leaddesk.com\/sv\/wp-json\/wp\/v2\/pages\/52470"}],"collection":[{"href":"https:\/\/leaddesk.com\/sv\/wp-json\/wp\/v2\/pages"}],"about":[{"href":"https:\/\/leaddesk.com\/sv\/wp-json\/wp\/v2\/types\/page"}],"author":[{"embeddable":true,"href":"https:\/\/leaddesk.com\/sv\/wp-json\/wp\/v2\/users\/15"}],"replies":[{"embeddable":true,"href":"https:\/\/leaddesk.com\/sv\/wp-json\/wp\/v2\/comments?post=52470"}],"version-history":[{"count":0,"href":"https:\/\/leaddesk.com\/sv\/wp-json\/wp\/v2\/pages\/52470\/revisions"}],"wp:featuredmedia":[{"embeddable":true,"href":"https:\/\/leaddesk.com\/sv\/wp-json\/wp\/v2\/media\/50717"}],"wp:attachment":[{"href":"https:\/\/leaddesk.com\/sv\/wp-json\/wp\/v2\/media?parent=52470"}],"curies":[{"name":"wp","href":"https:\/\/api.w.org\/{rel}","templated":true}]}}