{"id":52472,"date":"2022-04-26T11:44:37","date_gmt":"2022-04-26T08:44:37","guid":{"rendered":"https:\/\/leaddesk.com\/offentlig-sektor\/"},"modified":"2025-06-23T17:11:10","modified_gmt":"2025-06-23T14:11:10","slug":"offentlig-sektor","status":"publish","type":"page","link":"https:\/\/leaddesk.com\/sv\/offentlig-sektor\/","title":{"rendered":"Offentlig sektor"},"content":{"rendered":"","protected":false},"excerpt":{"rendered":"","protected":false},"author":32,"featured_media":50737,"parent":0,"menu_order":112,"comment_status":"closed","ping_status":"closed","template":"page-blocks-en.php","meta":{"content-type":"","footnotes":""},"acf":[],"yoast_head":"<!-- This site is optimized with the Yoast SEO Premium plugin v22.5 (Yoast SEO v22.5) - https:\/\/yoast.com\/wordpress\/plugins\/seo\/ -->\n<title>Kontaktcenter f\u00f6r organisationer inom den offentliga sektorn - LeadDesk<\/title>\n<meta name=\"description\" content=\"K\u00e4mpar du med samtalsk\u00f6er och \u00f6verfl\u00f6d? H\u00e4r \u00e4r ditt verktyg f\u00f6r utg\u00e5ende f\u00f6rs\u00e4ljning och kundservice inom den offentliga sektorn - LeadDesk.\" \/>\n<meta name=\"robots\" content=\"index, follow, max-snippet:-1, max-image-preview:large, max-video-preview:-1\" \/>\n<link rel=\"canonical\" href=\"https:\/\/leaddesk.com\/sv\/offentlig-sektor\/\" \/>\n<meta property=\"og:locale\" content=\"sv_SE\" \/>\n<meta property=\"og:type\" content=\"article\" \/>\n<meta property=\"og:title\" content=\"Offentlig sektor\" \/>\n<meta property=\"og:description\" content=\"K\u00e4mpar du med samtalsk\u00f6er och \u00f6verfl\u00f6d? H\u00e4r \u00e4r ditt verktyg f\u00f6r utg\u00e5ende f\u00f6rs\u00e4ljning och kundservice inom den offentliga sektorn - LeadDesk.\" \/>\n<meta property=\"og:url\" content=\"https:\/\/leaddesk.com\/sv\/offentlig-sektor\/\" \/>\n<meta property=\"og:site_name\" content=\"LeadDesk\" \/>\n<meta property=\"article:publisher\" content=\"https:\/\/www.facebook.com\/leaddesk\/\" \/>\n<meta property=\"article:modified_time\" content=\"2025-06-23T14:11:10+00:00\" \/>\n<meta property=\"og:image\" content=\"https:\/\/leaddesk.com\/wp-content\/uploads\/2023\/01\/LeadDesk-for-Public-sector.png\" \/>\n\t<meta property=\"og:image:width\" content=\"1200\" \/>\n\t<meta property=\"og:image:height\" content=\"628\" \/>\n\t<meta property=\"og:image:type\" content=\"image\/png\" \/>\n<meta name=\"twitter:card\" content=\"summary_large_image\" \/>\n<meta name=\"twitter:site\" content=\"@leaddesk\" \/>\n<script type=\"application\/ld+json\" class=\"yoast-schema-graph\">{\"@context\":\"https:\/\/schema.org\",\"@graph\":[{\"@type\":\"WebPage\",\"@id\":\"https:\/\/leaddesk.com\/sv\/offentlig-sektor\/\",\"url\":\"https:\/\/leaddesk.com\/sv\/offentlig-sektor\/\",\"name\":\"Kontaktcenter f\u00f6r organisationer inom den offentliga sektorn - LeadDesk\",\"isPartOf\":{\"@id\":\"https:\/\/leaddesk.com\/sv\/#website\"},\"primaryImageOfPage\":{\"@id\":\"https:\/\/leaddesk.com\/sv\/offentlig-sektor\/#primaryimage\"},\"image\":{\"@id\":\"https:\/\/leaddesk.com\/sv\/offentlig-sektor\/#primaryimage\"},\"thumbnailUrl\":\"https:\/\/leaddesk.com\/wp-content\/uploads\/2023\/01\/LeadDesk-for-Public-sector.png\",\"datePublished\":\"2022-04-26T08:44:37+00:00\",\"dateModified\":\"2025-06-23T14:11:10+00:00\",\"description\":\"K\u00e4mpar du med samtalsk\u00f6er och \u00f6verfl\u00f6d? H\u00e4r \u00e4r ditt verktyg f\u00f6r utg\u00e5ende f\u00f6rs\u00e4ljning och kundservice inom den offentliga sektorn - LeadDesk.\",\"breadcrumb\":{\"@id\":\"https:\/\/leaddesk.com\/sv\/offentlig-sektor\/#breadcrumb\"},\"inLanguage\":\"sv-SE\",\"potentialAction\":[{\"@type\":\"ReadAction\",\"target\":[\"https:\/\/leaddesk.com\/sv\/offentlig-sektor\/\"]}]},{\"@type\":\"ImageObject\",\"inLanguage\":\"sv-SE\",\"@id\":\"https:\/\/leaddesk.com\/sv\/offentlig-sektor\/#primaryimage\",\"url\":\"https:\/\/leaddesk.com\/wp-content\/uploads\/2023\/01\/LeadDesk-for-Public-sector.png\",\"contentUrl\":\"https:\/\/leaddesk.com\/wp-content\/uploads\/2023\/01\/LeadDesk-for-Public-sector.png\",\"width\":1200,\"height\":628},{\"@type\":\"BreadcrumbList\",\"@id\":\"https:\/\/leaddesk.com\/sv\/offentlig-sektor\/#breadcrumb\",\"itemListElement\":[{\"@type\":\"ListItem\",\"position\":1,\"name\":\"Home\",\"item\":\"https:\/\/leaddesk.com\/sv\/\"},{\"@type\":\"ListItem\",\"position\":2,\"name\":\"Offentlig sektor\"}]},{\"@type\":\"WebSite\",\"@id\":\"https:\/\/leaddesk.com\/sv\/#website\",\"url\":\"https:\/\/leaddesk.com\/sv\/\",\"name\":\"LeadDesk\",\"description\":\"Contact Center Software for Sales and Customer Service\",\"publisher\":{\"@id\":\"https:\/\/leaddesk.com\/sv\/#organization\"},\"potentialAction\":[{\"@type\":\"SearchAction\",\"target\":{\"@type\":\"EntryPoint\",\"urlTemplate\":\"https:\/\/leaddesk.com\/sv\/?s={search_term_string}\"},\"query-input\":\"required name=search_term_string\"}],\"inLanguage\":\"sv-SE\"},{\"@type\":\"Organization\",\"@id\":\"https:\/\/leaddesk.com\/sv\/#organization\",\"name\":\"LeadDesk\",\"url\":\"https:\/\/leaddesk.com\/sv\/\",\"logo\":{\"@type\":\"ImageObject\",\"inLanguage\":\"sv-SE\",\"@id\":\"https:\/\/leaddesk.com\/sv\/#\/schema\/logo\/image\/\",\"url\":\"https:\/\/leaddesk.com\/wp-content\/uploads\/2023\/07\/leaddesk_symbol_leaddesk_blue.png\",\"contentUrl\":\"https:\/\/leaddesk.com\/wp-content\/uploads\/2023\/07\/leaddesk_symbol_leaddesk_blue.png\",\"width\":2400,\"height\":2400,\"caption\":\"LeadDesk\"},\"image\":{\"@id\":\"https:\/\/leaddesk.com\/sv\/#\/schema\/logo\/image\/\"},\"sameAs\":[\"https:\/\/www.facebook.com\/leaddesk\/\",\"https:\/\/x.com\/leaddesk\",\"https:\/\/www.instagram.com\/leaddesk\/\",\"https:\/\/linkedin.com\/company\/2365022\/\",\"https:\/\/www.youtube.com\/channel\/UCjB4SgGKs2xz80H4cQH95qw\"]}]}<\/script>\n<!-- \/ Yoast SEO Premium plugin. -->","yoast_head_json":{"title":"Kontaktcenter f\u00f6r organisationer inom den offentliga sektorn - LeadDesk","description":"K\u00e4mpar du med samtalsk\u00f6er och \u00f6verfl\u00f6d? H\u00e4r \u00e4r ditt verktyg f\u00f6r utg\u00e5ende f\u00f6rs\u00e4ljning och kundservice inom den offentliga sektorn - LeadDesk.","robots":{"index":"index","follow":"follow","max-snippet":"max-snippet:-1","max-image-preview":"max-image-preview:large","max-video-preview":"max-video-preview:-1"},"canonical":"https:\/\/leaddesk.com\/sv\/offentlig-sektor\/","og_locale":"sv_SE","og_type":"article","og_title":"Offentlig sektor","og_description":"K\u00e4mpar du med samtalsk\u00f6er och \u00f6verfl\u00f6d? H\u00e4r \u00e4r ditt verktyg f\u00f6r utg\u00e5ende f\u00f6rs\u00e4ljning och kundservice inom den offentliga sektorn - LeadDesk.","og_url":"https:\/\/leaddesk.com\/sv\/offentlig-sektor\/","og_site_name":"LeadDesk","article_publisher":"https:\/\/www.facebook.com\/leaddesk\/","article_modified_time":"2025-06-23T14:11:10+00:00","og_image":[{"width":1200,"height":628,"url":"https:\/\/leaddesk.com\/wp-content\/uploads\/2023\/01\/LeadDesk-for-Public-sector.png","type":"image\/png"}],"twitter_card":"summary_large_image","twitter_site":"@leaddesk","schema":{"@context":"https:\/\/schema.org","@graph":[{"@type":"WebPage","@id":"https:\/\/leaddesk.com\/sv\/offentlig-sektor\/","url":"https:\/\/leaddesk.com\/sv\/offentlig-sektor\/","name":"Kontaktcenter f\u00f6r organisationer inom den offentliga sektorn - LeadDesk","isPartOf":{"@id":"https:\/\/leaddesk.com\/sv\/#website"},"primaryImageOfPage":{"@id":"https:\/\/leaddesk.com\/sv\/offentlig-sektor\/#primaryimage"},"image":{"@id":"https:\/\/leaddesk.com\/sv\/offentlig-sektor\/#primaryimage"},"thumbnailUrl":"https:\/\/leaddesk.com\/wp-content\/uploads\/2023\/01\/LeadDesk-for-Public-sector.png","datePublished":"2022-04-26T08:44:37+00:00","dateModified":"2025-06-23T14:11:10+00:00","description":"K\u00e4mpar du med samtalsk\u00f6er och \u00f6verfl\u00f6d? H\u00e4r \u00e4r ditt verktyg f\u00f6r utg\u00e5ende f\u00f6rs\u00e4ljning och kundservice inom den offentliga sektorn - LeadDesk.","breadcrumb":{"@id":"https:\/\/leaddesk.com\/sv\/offentlig-sektor\/#breadcrumb"},"inLanguage":"sv-SE","potentialAction":[{"@type":"ReadAction","target":["https:\/\/leaddesk.com\/sv\/offentlig-sektor\/"]}]},{"@type":"ImageObject","inLanguage":"sv-SE","@id":"https:\/\/leaddesk.com\/sv\/offentlig-sektor\/#primaryimage","url":"https:\/\/leaddesk.com\/wp-content\/uploads\/2023\/01\/LeadDesk-for-Public-sector.png","contentUrl":"https:\/\/leaddesk.com\/wp-content\/uploads\/2023\/01\/LeadDesk-for-Public-sector.png","width":1200,"height":628},{"@type":"BreadcrumbList","@id":"https:\/\/leaddesk.com\/sv\/offentlig-sektor\/#breadcrumb","itemListElement":[{"@type":"ListItem","position":1,"name":"Home","item":"https:\/\/leaddesk.com\/sv\/"},{"@type":"ListItem","position":2,"name":"Offentlig sektor"}]},{"@type":"WebSite","@id":"https:\/\/leaddesk.com\/sv\/#website","url":"https:\/\/leaddesk.com\/sv\/","name":"LeadDesk","description":"Contact Center Software for Sales and Customer Service","publisher":{"@id":"https:\/\/leaddesk.com\/sv\/#organization"},"potentialAction":[{"@type":"SearchAction","target":{"@type":"EntryPoint","urlTemplate":"https:\/\/leaddesk.com\/sv\/?s={search_term_string}"},"query-input":"required name=search_term_string"}],"inLanguage":"sv-SE"},{"@type":"Organization","@id":"https:\/\/leaddesk.com\/sv\/#organization","name":"LeadDesk","url":"https:\/\/leaddesk.com\/sv\/","logo":{"@type":"ImageObject","inLanguage":"sv-SE","@id":"https:\/\/leaddesk.com\/sv\/#\/schema\/logo\/image\/","url":"https:\/\/leaddesk.com\/wp-content\/uploads\/2023\/07\/leaddesk_symbol_leaddesk_blue.png","contentUrl":"https:\/\/leaddesk.com\/wp-content\/uploads\/2023\/07\/leaddesk_symbol_leaddesk_blue.png","width":2400,"height":2400,"caption":"LeadDesk"},"image":{"@id":"https:\/\/leaddesk.com\/sv\/#\/schema\/logo\/image\/"},"sameAs":["https:\/\/www.facebook.com\/leaddesk\/","https:\/\/x.com\/leaddesk","https:\/\/www.instagram.com\/leaddesk\/","https:\/\/linkedin.com\/company\/2365022\/","https:\/\/www.youtube.com\/channel\/UCjB4SgGKs2xz80H4cQH95qw"]}]}},"_links":{"self":[{"href":"https:\/\/leaddesk.com\/sv\/wp-json\/wp\/v2\/pages\/52472"}],"collection":[{"href":"https:\/\/leaddesk.com\/sv\/wp-json\/wp\/v2\/pages"}],"about":[{"href":"https:\/\/leaddesk.com\/sv\/wp-json\/wp\/v2\/types\/page"}],"author":[{"embeddable":true,"href":"https:\/\/leaddesk.com\/sv\/wp-json\/wp\/v2\/users\/32"}],"replies":[{"embeddable":true,"href":"https:\/\/leaddesk.com\/sv\/wp-json\/wp\/v2\/comments?post=52472"}],"version-history":[{"count":1,"href":"https:\/\/leaddesk.com\/sv\/wp-json\/wp\/v2\/pages\/52472\/revisions"}],"predecessor-version":[{"id":57590,"href":"https:\/\/leaddesk.com\/sv\/wp-json\/wp\/v2\/pages\/52472\/revisions\/57590"}],"wp:featuredmedia":[{"embeddable":true,"href":"https:\/\/leaddesk.com\/sv\/wp-json\/wp\/v2\/media\/50737"}],"wp:attachment":[{"href":"https:\/\/leaddesk.com\/sv\/wp-json\/wp\/v2\/media?parent=52472"}],"curies":[{"name":"wp","href":"https:\/\/api.w.org\/{rel}","templated":true}]}}